{"id":9623,"date":"2024-11-03T06:21:50","date_gmt":"2024-11-02T22:21:50","guid":{"rendered":"https:\/\/shop.yipinqian.com\/a-bamboo-with-pixiu-crafted-on-light-green-hue-with-light-lavender-natural-type-a-burmese-jadeite-jewellery-certificate-weighs-23-91-grams-measurement-50-3-20-6-12-8-mm-pendant-318\/"},"modified":"2025-02-24T00:49:49","modified_gmt":"2025-02-23T16:49:49","slug":"a-bamboo-with-pixiu-crafted-on-light-green-hue-with-light-lavender-natural-type-a-burmese-jadeite-jewellery-certificate-weighs-23-91-grams-measurement-50-3-20-6-12-8-mm-pendant-318","status":"publish","type":"product","link":"https:\/\/shop.yipinqian.com\/vi\/san-pham\/a-bamboo-with-pixiu-crafted-on-light-green-hue-with-light-lavender-natural-type-a-burmese-jadeite-jewellery-certificate-weighs-23-91-grams-measurement-50-3-20-6-12-8-mm-pendant-318\/","title":{"rendered":"M\u1ed9t c\u00e2y tre v\u1edbi Pixiu \u0111\u01b0\u1ee3c ch\u1ebf t\u00e1c tr\u00ean t\u00f4ng m\u00e0u xanh l\u00e1 c\u00e2y nh\u1ea1t v\u1edbi gi\u1ea5y ch\u1ee9ng nh\u1eadn trang s\u1ee9c ng\u1ecdc b\u00edch Mi\u1ebfn \u0110i\u1ec7n lo\u1ea1i A t\u1ef1 nhi\u00ean m\u00e0u hoa o\u1ea3i h\u01b0\u01a1ng nh\u1ea1t n\u1eb7ng 23,91 gram, k\u00edch th\u01b0\u1edbc 50,3 * 20,6 * 12,8 mm (m\u1eb7t d\u00e2y chuy\u1ec1n 318)"},"content":{"rendered":"<p>Chi\u1ebfc v\u00f2ng c\u1ed5 ng\u1ecdc b\u00edch tinh x\u1ea3o n\u00e0y c\u00f3 thi\u1ebft k\u1ebf h\u00ecnh Tre v\u1edbi h\u1ecda ti\u1ebft T\u1ef3 H\u01b0u, \u0111\u01b0\u1ee3c ch\u1ebf t\u00e1c tr\u00ean t\u00f4ng m\u00e0u xanh l\u00e1 c\u00e2y nh\u1ea1t v\u1edbi ch\u00fat \u00e1nh hoa o\u1ea3i h\u01b0\u01a1ng nh\u1ea1t, t\u00f4n l\u00ean v\u1ebb \u0111\u1eb9p c\u1ee7a Ng\u1ecdc b\u00edch Mi\u1ebfn \u0110i\u1ec7n t\u1ef1 nhi\u00ean lo\u1ea1i A.<\/p>\n<p><\/p>\n<p>S\u1ed1 ch\u1ee9ng ch\u1ec9: ZS22112101213<\/p>\n<p><img fetchpriority=\"high\" decoding=\"async\" src=\"https:\/\/shop.yipinqian.com\/wp-content\/uploads\/2024\/11\/d22885689e334e55acbdbf855f90cc04tplv-aphluv4xwc-origin-jpeg.jpeg?dr=15568&#038;nonce=69917&#038;refresh_token=44008c01322417bb6cfcb1fbf716c210&#038;from=476444299&#038;idc=my&#038;ps=933b5bde&#038;shcp=9b759fb9&#038;shp=1c65f68b&#038;t=555f072d\" width=\"1080\" height=\"1080\"><\/p>\n<ul>\n<li>\n<strong>C\u00e2n n\u1eb7ng:<\/strong> 23,91 gam<\/li>\n<li>\n<strong>\u0110o l\u01b0\u1eddng:<\/strong> 50,3 * 20,6 * 12,8 mm (k\u00edch th\u01b0\u1edbc m\u1eb7t d\u00e2y chuy\u1ec1n: 318)<\/li>\n<\/ul>\n<p><img decoding=\"async\" src=\"https:\/\/shop.yipinqian.com\/wp-content\/uploads\/2024\/11\/86a8ac77618d4776a14acaa81a9255e1tplv-aphluv4xwc-origin-jpeg.jpeg?dr=15568&#038;nonce=66674&#038;refresh_token=172250f053a17f4686763cd3d76173d5&#038;from=476444299&#038;idc=my&#038;ps=933b5bde&#038;shcp=9b759fb9&#038;shp=1c65f68b&#038;t=555f072d\" width=\"1080\" height=\"1080\"><\/p>\n<p>Chi\u1ebfc v\u00f2ng c\u1ed5 n\u00e0y c\u00f3 k\u00e8m theo gi\u1ea5y ch\u1ee9ng nh\u1eadn x\u00e1c th\u1ef1c v\u00e0 c\u00f3 ngu\u1ed3n g\u1ed1c t\u1eeb Myanmar, n\u01a1i n\u1ed5i ti\u1ebfng v\u1edbi di s\u1ea3n ng\u1ecdc b\u00edch phong ph\u00fa.<\/p>\n<ul>\n<li>\n<strong>Nh\u00e2n d\u1ecbp:<\/strong> Ho\u00e0n h\u1ea3o cho vi\u1ec7c m\u1eb7c h\u00e0ng ng\u00e0y<\/li>\n<li>\n<strong>Lo\u1ea1i ng\u1ecdc b\u00edch:<\/strong> Jadeite ch\u1ea5t l\u01b0\u1ee3ng cao<\/li>\n<li>Ki\u1ec3u v\u00f2ng c\u1ed5: Th\u01b0\u1eddng ng\u00e0y v\u00e0 \u0111a n\u0103ng \u0111\u1ec3 s\u1eed d\u1ee5ng h\u00e0ng ng\u00e0y<\/li>\n<\/ul>\n<p><\/p>\n<p>M\u00f3n \u0111\u1ed3 ph\u00f9 h\u1ee3p cho c\u1ea3 nam v\u00e0 n\u1eef n\u00e0y l\u00e0 bi\u1ec3u t\u01b0\u1ee3ng c\u1ee7a s\u1ee9c m\u1ea1nh, may m\u1eafn v\u00e0 s\u1ef1 b\u1ea3o v\u1ec7 \u2013 kh\u00f4ng ch\u1ec9 l\u00e0 m\u1ed9t ph\u1ee5 ki\u1ec7n th\u1eddi trang m\u00e0 c\u00f2n l\u00e0 s\u1ef1 b\u1ed5 sung \u00fd ngh\u0129a cho b\u1ed9 s\u01b0u t\u1eadp c\u1ee7a b\u1ea1n.<\/p>\n<p><\/p>\n<p><strong>Jadeite t\u1ef1 nhi\u00ean kh\u00f4ng ho\u00e0n h\u1ea3o, ch\u1ec9 l\u00e0 m\u1ed9t l\u1eddi nh\u1eafc nh\u1edf nh\u1eb9 nh\u00e0ng, Jadeite t\u1ef1 nhi\u00ean c\u1ee7a ch\u00fang t\u00f4i, gi\u1ed1ng nh\u01b0 t\u1ea5t c\u1ea3 nh\u1eefng th\u1ee9 \u0111\u1eb9p \u0111\u1ebd trong t\u1ef1 nhi\u00ean, c\u00f3 nh\u1eefng \u0111\u1eb7c \u0111i\u1ec3m v\u00e0 bi\u1ebfn th\u1ec3 \u0111\u1ed9c \u0111\u00e1o. Ch\u00fang t\u00f4i m\u1eddi nh\u1eefng kh\u00e1ch h\u00e0ng c\u00f3 gi\u00e1 tr\u1ecb c\u1ee7a m\u00ecnh \u0111\u00f3n nh\u1eadn nh\u1eefng bi\u1ebfn th\u1ec3 t\u1ef1 nhi\u00ean n\u00e0y. Ch\u00fac b\u1ea1n mua s\u1eafm vui v\u1ebb!<\/strong><\/p>\n<p><\/p>\n<p><strong><u>Kh\u00f4ng c\u00f3 h\u00ecnh \u1ea3nh v\u00e0 c\u1ea3nh quay video n\u00e0o \u0111\u01b0\u1ee3c l\u1ecdc. Ch\u00fang t\u00f4i khuy\u1ebfn kh\u00edch kh\u00e1ch h\u00e0ng c\u1ee7a m\u00ecnh c\u0169ng xem c\u00e1c video \u0111i k\u00e8m \u0111\u1ec3 c\u00f3 c\u00e1i nh\u00ecn to\u00e0n di\u1ec7n h\u01a1n v\u1ec1 s\u1ea3n ph\u1ea9m c\u1ee7a ch\u00fang t\u00f4i<\/u><\/strong><\/p>\n<p><\/p>\n<ul>\n<li>C\u00e1c n\u1ec1n t\u1ea3ng kh\u00e1c nhau ch\u1ec9 c\u00f3 th\u1ec3 xem video th\u00f4ng qua m\u00e1y t\u00ednh \u0111\u1ec3 b\u00e0n<\/li>\n<\/ul>","protected":false},"excerpt":{"rendered":"<p>Chi\u1ebfc v\u00f2ng c\u1ed5 ng\u1ecdc b\u00edch tinh x\u1ea3o n\u00e0y c\u00f3 thi\u1ebft k\u1ebf h\u00ecnh Tre v\u1edbi T\u1ef3 H\u01b0u, \u0111\u01b0\u1ee3c ch\u1ebf t\u00e1c tr\u00ean t\u00f4ng m\u00e0u xanh l\u00e1 c\u00e2y nh\u1ea1t v\u1edbi ch\u00fat \u00e1nh hoa o\u1ea3i h\u01b0\u01a1ng nh\u1ea1t, t\u00f4n l\u00ean v\u1ebb \u0111\u1eb9p c\u1ee7a Ng\u1ecdc b\u00edch Mi\u1ebfn \u0110i\u1ec7n lo\u1ea1i A t\u1ef1 nhi\u00ean. S\u1ed1 ch\u1ee9ng nh\u1eadn: ZS22112101213 Tr\u1ecdng l\u01b0\u1ee3ng: 23,91 gam K\u00edch th\u01b0\u1edbc: 50,3 * 20,6 * 12,8 mm (k\u00edch th\u01b0\u1edbc m\u1eb7t d\u00e2y chuy\u1ec1n: 318) Chi\u1ebfc v\u00f2ng c\u1ed5 \u0111i k\u00e8m v\u1edbi ch\u1ee9ng nh\u1eadn x\u00e1c th\u1ef1c v\u00e0 [\u2026]<\/p>","protected":false},"featured_media":9641,"comment_status":"open","ping_status":"closed","template":"","meta":[],"product_brand":[],"product_cat":[194],"product_tag":[52,65,56,58,73,85,60,61,62],"class_list":{"0":"post-9623","1":"product","2":"type-product","3":"status-publish","4":"has-post-thumbnail","6":"product_cat-value-picks","7":"product_tag-certified","8":"product_tag-high-quality","9":"product_tag-limited-editions","10":"product_tag-new-arrivals","11":"product_tag-pendant","12":"product_tag-pixiu","13":"product_tag-type-a-jadeite","14":"product_tag-unisex","15":"product_tag-yi-pin-qian-exclusive","17":"first","18":"instock","19":"sale","20":"shipping-taxable","21":"purchasable","22":"product-type-simple"},"_links":{"self":[{"href":"https:\/\/shop.yipinqian.com\/vi\/wp-json\/wp\/v2\/product\/9623","targetHints":{"allow":["GET"]}}],"collection":[{"href":"https:\/\/shop.yipinqian.com\/vi\/wp-json\/wp\/v2\/product"}],"about":[{"href":"https:\/\/shop.yipinqian.com\/vi\/wp-json\/wp\/v2\/types\/product"}],"replies":[{"embeddable":true,"href":"https:\/\/shop.yipinqian.com\/vi\/wp-json\/wp\/v2\/comments?post=9623"}],"version-history":[{"count":0,"href":"https:\/\/shop.yipinqian.com\/vi\/wp-json\/wp\/v2\/product\/9623\/revisions"}],"wp:featuredmedia":[{"embeddable":true,"href":"https:\/\/shop.yipinqian.com\/vi\/wp-json\/wp\/v2\/media\/9641"}],"wp:attachment":[{"href":"https:\/\/shop.yipinqian.com\/vi\/wp-json\/wp\/v2\/media?parent=9623"}],"wp:term":[{"taxonomy":"product_brand","embeddable":true,"href":"https:\/\/shop.yipinqian.com\/vi\/wp-json\/wp\/v2\/product_brand?post=9623"},{"taxonomy":"product_cat","embeddable":true,"href":"https:\/\/shop.yipinqian.com\/vi\/wp-json\/wp\/v2\/product_cat?post=9623"},{"taxonomy":"product_tag","embeddable":true,"href":"https:\/\/shop.yipinqian.com\/vi\/wp-json\/wp\/v2\/product_tag?post=9623"}],"curies":[{"name":"wp","href":"https:\/\/api.w.org\/{rel}","templated":true}]}}