{"id":9017,"date":"2024-10-28T20:04:42","date_gmt":"2024-10-28T12:04:42","guid":{"rendered":"https:\/\/shop.yipinqian.com\/product\/high-quality-light-green-hue-with-yellow-patches-natural-type-a-jadeite-jade-crafted-as-the-flying-pixiu-as-pendant-certificate-weighs-85-45-grams-measurement-54-54-6-14-6-mm-pendant312\/"},"modified":"2025-02-24T00:49:49","modified_gmt":"2025-02-23T16:49:49","slug":"high-quality-light-green-hue-with-yellow-patches-natural-type-a-jadeite-jade-crafted-as-the-flying-pixiu-as-pendant-certificate-weighs-85-45-grams-measurement-54-54-6-14-6-mm-pendant312","status":"publish","type":"product","link":"https:\/\/shop.yipinqian.com\/vi\/san-pham\/high-quality-light-green-hue-with-yellow-patches-natural-type-a-jadeite-jade-crafted-as-the-flying-pixiu-as-pendant-certificate-weighs-85-45-grams-measurement-54-54-6-14-6-mm-pendant312\/","title":{"rendered":"M\u00e0u xanh l\u00e1 c\u00e2y nh\u1ea1t ch\u1ea5t l\u01b0\u1ee3ng cao v\u1edbi c\u00e1c m\u1ea3ng v\u00e0ng Jadeite t\u1ef1 nhi\u00ean lo\u1ea1i A \u0111\u01b0\u1ee3c ch\u1ebf t\u00e1c d\u01b0\u1edbi d\u1ea1ng pixiu bay l\u00e0m m\u1eb7t d\u00e2y chuy\u1ec1n, gi\u1ea5y ch\u1ee9ng nh\u1eadn n\u1eb7ng 85,45 gram, k\u00edch th\u01b0\u1edbc 54 * 54,6 * 14,6 mm (m\u1eb7t d\u00e2y chuy\u1ec1n312)"},"content":{"rendered":"<p>N\u00e2ng cao phong c\u00e1ch c\u1ee7a b\u1ea1n v\u1edbi m\u1eb7t d\u00e2y chuy\u1ec1n ng\u1ecdc b\u00edch t\u1ef1 nhi\u00ean lo\u1ea1i A m\u00e0u xanh l\u00e1 c\u00e2y nh\u1ea1t ch\u1ea5t l\u01b0\u1ee3ng cao v\u1edbi c\u00e1c m\u1ea3ng v\u00e0ng n\u00e0y, \u0111\u01b0\u1ee3c ch\u1ebf t\u00e1c theo h\u00ecnh d\u1ea1ng c\u1ee7a m\u1ed9t ch\u00fa pixiu \u0111ang bay.<\/p>\n<p><\/p>\n<p>S\u1ed1 ch\u1ee9ng ch\u1ec9: 911289030030<\/p>\n<p><img fetchpriority=\"high\" decoding=\"async\" src=\"https:\/\/shop.yipinqian.com\/wp-content\/uploads\/2024\/10\/c484a818873e4589a42ffac1ee8ff068tplv-aphluv4xwc-origin-jpeg.jpeg?dr=15568&amp;nonce=50425&amp;refresh_token=5980ba91b6bd6dc99824636eb3321fed&amp;from=476444299&amp;idc=my&amp;ps=933b5bde&amp;shcp=9b759fb9&amp;shp=1c65f68b&amp;t=555f072d\" width=\"1080\" height=\"1080\"><\/p>\n<ul>\n<li>\n<strong>V\u1eadt li\u1ec7u:<\/strong> Ng\u1ecdc b\u00edch lo\u1ea1i A t\u1ef1 nhi\u00ean<\/li>\n<li>\n<strong>M\u00e0u s\u1eafc:<\/strong> Xanh nh\u1ea1t v\u1edbi c\u00e1c m\u1ea3ng v\u00e0ng<\/li>\n<li>\n<strong>C\u00e2n n\u1eb7ng:<\/strong> 85,45 gam<\/li>\n<li>\n<strong>Gi\u1ea5y ch\u1ee9ng nh\u1eadn:<\/strong> \u0110\u00fang<\/li>\n<li>\n<strong>Qu\u1ed1c gia xu\u1ea5t x\u1ee9 \u0111\u01b0\u1ee3c ch\u1ee9ng nh\u1eadn:<\/strong> Mi\u1ebfn \u0110i\u1ec7n<\/li>\n<li>\n<strong>Nh\u00e2n d\u1ecbp:<\/strong>\u0111i\u1ec1m l\u00e0nh<\/li>\n<li>M\u1eb7t d\u00e2y chuy\u1ec1n c\u00f3 k\u00edch th\u01b0\u1edbc 54 * 54,6 * 14,6 mm, l\u00e0 m\u1ed9t t\u00e1c ph\u1ea9m n\u1ed5i b\u1eadt, v\u1eeba thanh l\u1ecbch v\u1eeba \u0111\u1ed9c \u0111\u00e1o.<\/li>\n<li>S\u1ea3n ph\u1ea9m n\u00e0y c\u00f3 thi\u1ebft k\u1ebf Unisex, ph\u00f9 h\u1ee3p cho c\u1ea3 nam v\u00e0 n\u1eef. Ki\u1ec3u d\u00e1ng v\u00f2ng c\u1ed5 l\u00e0 Casual, ho\u00e0n h\u1ea3o \u0111\u1ec3 \u0111eo h\u00e0ng ng\u00e0y ho\u1eb7c nh\u1eefng d\u1ecbp \u0111\u1eb7c bi\u1ec7t. Th\u00eam n\u00e9t b\u00ed \u1ea9n v\u00e0 truy\u1ec1n th\u1ed1ng v\u00e0o b\u1ed9 s\u01b0u t\u1eadp trang s\u1ee9c c\u1ee7a b\u1ea1n v\u1edbi m\u1eb7t d\u00e2y chuy\u1ec1n ng\u1ecdc b\u00edch tuy\u1ec7t \u0111\u1eb9p n\u00e0y.<\/li>\n<\/ul>\n<p><img decoding=\"async\" src=\"https:\/\/shop.yipinqian.com\/wp-content\/uploads\/2024\/10\/157711a86d524723b3aea762bd106a89tplv-aphluv4xwc-origin-jpeg.jpeg?dr=15568&amp;nonce=90723&amp;refresh_token=6b975ff5da69dee0ff807d506214685a&amp;from=476444299&amp;idc=my&amp;ps=933b5bde&amp;shcp=9b759fb9&amp;shp=1c65f68b&amp;t=555f072d\" width=\"1080\" height=\"1080\"><\/p>\n<p><strong>Jadeite t\u1ef1 nhi\u00ean kh\u00f4ng ho\u00e0n h\u1ea3o, ch\u1ec9 l\u00e0 m\u1ed9t l\u1eddi nh\u1eafc nh\u1edf nh\u1eb9 nh\u00e0ng, Jadeite t\u1ef1 nhi\u00ean c\u1ee7a ch\u00fang t\u00f4i, gi\u1ed1ng nh\u01b0 t\u1ea5t c\u1ea3 nh\u1eefng th\u1ee9 \u0111\u1eb9p \u0111\u1ebd trong t\u1ef1 nhi\u00ean, c\u00f3 nh\u1eefng \u0111\u1eb7c \u0111i\u1ec3m v\u00e0 bi\u1ebfn th\u1ec3 \u0111\u1ed9c \u0111\u00e1o. Ch\u00fang t\u00f4i m\u1eddi nh\u1eefng kh\u00e1ch h\u00e0ng c\u00f3 gi\u00e1 tr\u1ecb c\u1ee7a m\u00ecnh \u0111\u00f3n nh\u1eadn nh\u1eefng bi\u1ebfn th\u1ec3 t\u1ef1 nhi\u00ean n\u00e0y. Ch\u00fac b\u1ea1n mua s\u1eafm vui v\u1ebb!<\/strong><\/p>\n<p><\/p>\n<p><strong><u>Kh\u00f4ng c\u00f3 h\u00ecnh \u1ea3nh v\u00e0 c\u1ea3nh quay video n\u00e0o \u0111\u01b0\u1ee3c l\u1ecdc. Ch\u00fang t\u00f4i khuy\u1ebfn kh\u00edch kh\u00e1ch h\u00e0ng c\u1ee7a m\u00ecnh c\u0169ng xem c\u00e1c video \u0111i k\u00e8m \u0111\u1ec3 c\u00f3 c\u00e1i nh\u00ecn to\u00e0n di\u1ec7n h\u01a1n v\u1ec1 s\u1ea3n ph\u1ea9m c\u1ee7a ch\u00fang t\u00f4i<\/u><\/strong><\/p>\n<p><\/p>\n<ul>\n<li>C\u00e1c n\u1ec1n t\u1ea3ng kh\u00e1c nhau ch\u1ec9 c\u00f3 th\u1ec3 xem video th\u00f4ng qua m\u00e1y t\u00ednh \u0111\u1ec3 b\u00e0n<\/li>\n<\/ul>","protected":false},"excerpt":{"rendered":"<p>N\u00e2ng cao phong c\u00e1ch c\u1ee7a b\u1ea1n v\u1edbi m\u1eb7t d\u00e2y chuy\u1ec1n Jadeite Jade t\u1ef1 nhi\u00ean lo\u1ea1i A m\u00e0u xanh l\u00e1 c\u00e2y nh\u1ea1t ch\u1ea5t l\u01b0\u1ee3ng cao tuy\u1ec7t \u0111\u1eb9p n\u00e0y v\u1edbi c\u00e1c m\u1ea3ng v\u00e0ng, \u0111\u01b0\u1ee3c ch\u1ebf t\u00e1c theo h\u00ecnh d\u1ea1ng c\u1ee7a m\u1ed9t ch\u00fa pixiu \u0111ang bay. S\u1ed1 ch\u1ee9ng ch\u1ec9: 911289030030 Ch\u1ea5t li\u1ec7u: Jadeite Jade t\u1ef1 nhi\u00ean lo\u1ea1i A M\u00e0u s\u1eafc: Xanh l\u00e1 c\u00e2y nh\u1ea1t v\u1edbi c\u00e1c m\u1ea3ng v\u00e0ng C\u00e2n n\u1eb7ng: 85,45 gram Ch\u1ee9ng ch\u1ec9: C\u00f3 Ch\u1ee9ng nh\u1eadn Qu\u1ed1c gia xu\u1ea5t x\u1ee9: Myanmar D\u1ecbp: May m\u1eafn [\u2026]<\/p>","protected":false},"featured_media":9155,"comment_status":"open","ping_status":"closed","template":"","meta":[],"product_brand":[],"product_cat":[194],"product_tag":[79,65,55,56,58,73,85,60,61,68,62],"class_list":{"0":"post-9017","1":"product","2":"type-product","3":"status-publish","4":"has-post-thumbnail","6":"product_cat-value-picks","7":"product_tag-green-hue","8":"product_tag-high-quality","9":"product_tag-jadeite","10":"product_tag-limited-editions","11":"product_tag-new-arrivals","12":"product_tag-pendant","13":"product_tag-pixiu","14":"product_tag-type-a-jadeite","15":"product_tag-unisex","16":"product_tag-yellow","17":"product_tag-yi-pin-qian-exclusive","19":"first","20":"instock","21":"sale","22":"shipping-taxable","23":"purchasable","24":"product-type-simple"},"_links":{"self":[{"href":"https:\/\/shop.yipinqian.com\/vi\/wp-json\/wp\/v2\/product\/9017","targetHints":{"allow":["GET"]}}],"collection":[{"href":"https:\/\/shop.yipinqian.com\/vi\/wp-json\/wp\/v2\/product"}],"about":[{"href":"https:\/\/shop.yipinqian.com\/vi\/wp-json\/wp\/v2\/types\/product"}],"replies":[{"embeddable":true,"href":"https:\/\/shop.yipinqian.com\/vi\/wp-json\/wp\/v2\/comments?post=9017"}],"version-history":[{"count":0,"href":"https:\/\/shop.yipinqian.com\/vi\/wp-json\/wp\/v2\/product\/9017\/revisions"}],"wp:featuredmedia":[{"embeddable":true,"href":"https:\/\/shop.yipinqian.com\/vi\/wp-json\/wp\/v2\/media\/9155"}],"wp:attachment":[{"href":"https:\/\/shop.yipinqian.com\/vi\/wp-json\/wp\/v2\/media?parent=9017"}],"wp:term":[{"taxonomy":"product_brand","embeddable":true,"href":"https:\/\/shop.yipinqian.com\/vi\/wp-json\/wp\/v2\/product_brand?post=9017"},{"taxonomy":"product_cat","embeddable":true,"href":"https:\/\/shop.yipinqian.com\/vi\/wp-json\/wp\/v2\/product_cat?post=9017"},{"taxonomy":"product_tag","embeddable":true,"href":"https:\/\/shop.yipinqian.com\/vi\/wp-json\/wp\/v2\/product_tag?post=9017"}],"curies":[{"name":"wp","href":"https:\/\/api.w.org\/{rel}","templated":true}]}}