{"id":9009,"date":"2024-10-28T20:04:35","date_gmt":"2024-10-28T12:04:35","guid":{"rendered":"https:\/\/shop.yipinqian.com\/product\/crafted-with-nothing-symbol-meaning-eveything-is-well-natural-type-a-jadeite-jade-pendant-necklace-qic-labs-approved-certificate-weighs-18-61-grams-measurement-51-7-18-5-7-1-mm-pendant309\/"},"modified":"2025-01-09T01:30:03","modified_gmt":"2025-01-08T17:30:03","slug":"crafted-with-nothing-symbol-meaning-eveything-is-well-natural-type-a-jadeite-jade-pendant-necklace-qic-labs-approved-certificate-weighs-18-61-grams-measurement-51-7-18-5-7-1-mm-pendant309","status":"publish","type":"product","link":"https:\/\/shop.yipinqian.com\/vi\/san-pham\/crafted-with-nothing-symbol-meaning-eveything-is-well-natural-type-a-jadeite-jade-pendant-necklace-qic-labs-approved-certificate-weighs-18-61-grams-measurement-51-7-18-5-7-1-mm-pendant309\/","title":{"rendered":"\u0110\u01b0\u1ee3c ch\u1ebf t\u00e1c v\u1edbi bi\u1ec3u t\u01b0\u1ee3ng Kh\u00f4ng c\u00f3 g\u00ec c\u00f3 ngh\u0129a l\u00e0 m\u1ecdi th\u1ee9 \u0111\u1ec1u T\u1ed1t, D\u00e2y chuy\u1ec1n m\u1eb7t \u0111\u00e1 Jadeite Jadeite t\u1ef1 nhi\u00ean lo\u1ea1i A, ch\u1ee9ng nh\u1eadn \u0111\u01b0\u1ee3c ph\u00f2ng th\u00ed nghi\u1ec7m QIC ch\u1ea5p thu\u1eadn, n\u1eb7ng 18,61 gram, k\u00edch th\u01b0\u1edbc 51,7 * 18,5 * 7,1 mm (m\u1eb7t d\u00e2y chuy\u1ec1n309)"},"content":{"rendered":"<p>M\u1eb7t d\u00e2y chuy\u1ec1n b\u1eb1ng ng\u1ecdc b\u00edch t\u1ef1 nhi\u00ean lo\u1ea1i A tuy\u1ec7t \u0111\u1eb9p n\u00e0y th\u1ef1c s\u1ef1 l\u00e0 m\u1ed9t ki\u1ec7t t\u00e1c, t\u01b0\u1ee3ng tr\u01b0ng cho s\u1ef1 t\u00edch c\u1ef1c v\u00e0 kh\u1ecfe m\u1ea1nh.<\/p>\n<p><\/p>\n<p>S\u1ed1 ch\u1ee9ng nh\u1eadn: LD24010300875<\/p>\n<p><img fetchpriority=\"high\" decoding=\"async\" src=\"https:\/\/shop.yipinqian.com\/wp-content\/uploads\/2024\/10\/cafd963cd6b04fbd868980f636120d24tplv-aphluv4xwc-origin-jpeg.jpeg?dr=15568&#038;nonce=80247&#038;refresh_token=523e90287c9e56ba1507bc15df060d6a&#038;from=476444299&#038;idc=my&#038;ps=933b5bde&#038;shcp=9b759fb9&#038;shp=1c65f68b&#038;t=555f072d\" width=\"1080\" height=\"1080\"><\/p>\n<ul>\n<li>\n<strong>V\u1eadt li\u1ec7u:<\/strong> \u0110\u01b0\u1ee3c ch\u1ebf t\u00e1c b\u1eb1ng lo\u1ea1i Jadeite Jade A ch\u1ea5t l\u01b0\u1ee3ng cao<\/li>\n<li>\n<strong>Gi\u1ea5y ch\u1ee9ng nh\u1eadn:<\/strong> Bao g\u1ed3m ch\u1ee9ng ch\u1ec9 \u0111\u01b0\u1ee3c ph\u00f2ng th\u00ed nghi\u1ec7m QIC ch\u1ea5p thu\u1eadn<\/li>\n<li>\n<strong>C\u00e2n n\u1eb7ng:<\/strong> N\u1eb7ng 18,61 gram<\/li>\n<li>\n<strong>\u0110o l\u01b0\u1eddng:<\/strong> K\u00edch th\u01b0\u1edbc m\u1eb7t d\u00e2y chuy\u1ec1n l\u00e0 51,7 * 18,5 * 7,1 mm (pendant309)<\/li>\n<\/ul>\n<p><img decoding=\"async\" src=\"https:\/\/shop.yipinqian.com\/wp-content\/uploads\/2024\/10\/576d0221dced441d82eff3e7df82674dtplv-aphluv4xwc-origin-jpeg.jpeg?dr=15568&#038;nonce=47810&#038;refresh_token=9693b57f8007101b731abfbd64fbc930&#038;from=476444299&#038;idc=my&#038;ps=933b5bde&#038;shcp=9b759fb9&#038;shp=1c65f68b&#038;t=555f072d\" width=\"1080\" height=\"1080\"><\/p>\n<p>Chi\u1ebfc v\u00f2ng c\u1ed5 tuy\u1ec7t \u0111\u1eb9p n\u00e0y mang l\u1ea1i c\u1ea3m gi\u00e1c thanh th\u1ea3n v\u00e0 thanh l\u1ecbch, ho\u00e0n h\u1ea3o cho b\u1ea5t k\u1ef3 d\u1ecbp may m\u1eafn n\u00e0o.<\/p>\n<ul>\n<li>\n<strong>Lo\u1ea1i ng\u1ecdc b\u00edch:<\/strong>Trang s\u1ee9c ng\u1ecdc b\u00edch lo\u1ea1i A Ki\u1ec3u d\u00e1ng: \u0110\u01b0\u1ee3c s\u1ea3n xu\u1ea5t t\u1ea1i Myanmar, m\u00f3n trang s\u1ee9c ph\u00f9 h\u1ee3p cho c\u1ea3 nam v\u00e0 n\u1eef n\u00e0y l\u00e0 s\u1ef1 b\u1ed5 sung v\u01b0\u1ee3t th\u1eddi gian cho b\u1ea5t k\u1ef3 b\u1ed9 s\u01b0u t\u1eadp n\u00e0o.<\/li>\n<\/ul>\n<p><strong>Jadeite t\u1ef1 nhi\u00ean kh\u00f4ng ho\u00e0n h\u1ea3o, ch\u1ec9 l\u00e0 m\u1ed9t l\u1eddi nh\u1eafc nh\u1edf nh\u1eb9 nh\u00e0ng, Jadeite t\u1ef1 nhi\u00ean c\u1ee7a ch\u00fang t\u00f4i, gi\u1ed1ng nh\u01b0 t\u1ea5t c\u1ea3 nh\u1eefng th\u1ee9 \u0111\u1eb9p \u0111\u1ebd trong t\u1ef1 nhi\u00ean, c\u00f3 nh\u1eefng \u0111\u1eb7c \u0111i\u1ec3m v\u00e0 bi\u1ebfn th\u1ec3 \u0111\u1ed9c \u0111\u00e1o. Ch\u00fang t\u00f4i m\u1eddi nh\u1eefng kh\u00e1ch h\u00e0ng c\u00f3 gi\u00e1 tr\u1ecb c\u1ee7a m\u00ecnh \u0111\u00f3n nh\u1eadn nh\u1eefng bi\u1ebfn th\u1ec3 t\u1ef1 nhi\u00ean n\u00e0y. Ch\u00fac b\u1ea1n mua s\u1eafm vui v\u1ebb!<\/strong><\/p>\n<p><\/p>\n<p><strong><u>Kh\u00f4ng c\u00f3 h\u00ecnh \u1ea3nh v\u00e0 c\u1ea3nh quay video n\u00e0o \u0111\u01b0\u1ee3c l\u1ecdc. Ch\u00fang t\u00f4i khuy\u1ebfn kh\u00edch kh\u00e1ch h\u00e0ng c\u1ee7a m\u00ecnh c\u0169ng xem c\u00e1c video \u0111i k\u00e8m \u0111\u1ec3 c\u00f3 c\u00e1i nh\u00ecn to\u00e0n di\u1ec7n h\u01a1n v\u1ec1 s\u1ea3n ph\u1ea9m c\u1ee7a ch\u00fang t\u00f4i<\/u><\/strong><\/p>\n<p><\/p>\n<ul>\n<li>C\u00e1c n\u1ec1n t\u1ea3ng kh\u00e1c nhau ch\u1ec9 c\u00f3 th\u1ec3 xem video th\u00f4ng qua m\u00e1y t\u00ednh \u0111\u1ec3 b\u00e0n<\/li>\n<\/ul>","protected":false},"excerpt":{"rendered":"<p>D\u00e2y chuy\u1ec1n m\u1eb7t d\u00e2y chuy\u1ec1n b\u1eb1ng ng\u1ecdc b\u00edch Jadeite lo\u1ea1i A t\u1ef1 nhi\u00ean tinh x\u1ea3o n\u00e0y l\u00e0 m\u1ed9t ki\u1ec7t t\u00e1c th\u1ef1c s\u1ef1, t\u01b0\u1ee3ng tr\u01b0ng cho s\u1ef1 t\u00edch c\u1ef1c v\u00e0 kh\u1ecfe m\u1ea1nh. S\u1ed1 ch\u1ee9ng nh\u1eadn: LD24010300875 Ch\u1ea5t li\u1ec7u: \u0110\u01b0\u1ee3c ch\u1ebf t\u00e1c b\u1eb1ng ng\u1ecdc b\u00edch Jadeite lo\u1ea1i A ch\u1ea5t l\u01b0\u1ee3ng cao Ch\u1ee9ng nh\u1eadn: Bao g\u1ed3m ch\u1ee9ng nh\u1eadn \u0111\u01b0\u1ee3c QIC labs ch\u1ea5p thu\u1eadn Tr\u1ecdng l\u01b0\u1ee3ng: N\u1eb7ng 18,61 gam \u0110o l\u01b0\u1eddng: K\u00edch th\u01b0\u1edbc m\u1eb7t d\u00e2y chuy\u1ec1n l\u00e0 51,7 * 18,5 * 7,1 mm (m\u1eb7t d\u00e2y chuy\u1ec1n309) Chi\u1ebfc d\u00e2y chuy\u1ec1n tuy\u1ec7t \u0111\u1eb9p n\u00e0y mang m\u1ed9t c\u1ea3m gi\u00e1c [\u2026]<\/p>","protected":false},"featured_media":9079,"comment_status":"open","ping_status":"closed","template":"","meta":[],"product_brand":[],"product_cat":[83,126,48],"product_tag":[52,65,55,58,73,74,75,60,61,62],"class_list":{"0":"post-9009","1":"product","2":"type-product","3":"status-publish","4":"has-post-thumbnail","6":"product_cat-jade-necklaces-pendants","7":"product_cat-new-arrivals","8":"product_cat-pendants","9":"product_tag-certified","10":"product_tag-high-quality","11":"product_tag-jadeite","12":"product_tag-new-arrivals","13":"product_tag-pendant","14":"product_tag-qic-approved-certificate","15":"product_tag-traditional","16":"product_tag-type-a-jadeite","17":"product_tag-unisex","18":"product_tag-yi-pin-qian-exclusive","20":"first","21":"instock","22":"sale","23":"shipping-taxable","24":"purchasable","25":"product-type-simple"},"_links":{"self":[{"href":"https:\/\/shop.yipinqian.com\/vi\/wp-json\/wp\/v2\/product\/9009","targetHints":{"allow":["GET"]}}],"collection":[{"href":"https:\/\/shop.yipinqian.com\/vi\/wp-json\/wp\/v2\/product"}],"about":[{"href":"https:\/\/shop.yipinqian.com\/vi\/wp-json\/wp\/v2\/types\/product"}],"replies":[{"embeddable":true,"href":"https:\/\/shop.yipinqian.com\/vi\/wp-json\/wp\/v2\/comments?post=9009"}],"version-history":[{"count":0,"href":"https:\/\/shop.yipinqian.com\/vi\/wp-json\/wp\/v2\/product\/9009\/revisions"}],"wp:featuredmedia":[{"embeddable":true,"href":"https:\/\/shop.yipinqian.com\/vi\/wp-json\/wp\/v2\/media\/9079"}],"wp:attachment":[{"href":"https:\/\/shop.yipinqian.com\/vi\/wp-json\/wp\/v2\/media?parent=9009"}],"wp:term":[{"taxonomy":"product_brand","embeddable":true,"href":"https:\/\/shop.yipinqian.com\/vi\/wp-json\/wp\/v2\/product_brand?post=9009"},{"taxonomy":"product_cat","embeddable":true,"href":"https:\/\/shop.yipinqian.com\/vi\/wp-json\/wp\/v2\/product_cat?post=9009"},{"taxonomy":"product_tag","embeddable":true,"href":"https:\/\/shop.yipinqian.com\/vi\/wp-json\/wp\/v2\/product_tag?post=9009"}],"curies":[{"name":"wp","href":"https:\/\/api.w.org\/{rel}","templated":true}]}}