{"id":9006,"date":"2024-10-28T20:04:33","date_gmt":"2024-10-28T12:04:33","guid":{"rendered":"https:\/\/shop.yipinqian.com\/product\/crafted-as-small-cow-with-semi-icy-translucent-quality-natural-type-a-jadeite-jade-as-pendant-necklace-qic-labs-approved-certificate-weighs-7-15-grams-measurement-22-5-13-2-12-mm-pendant308\/"},"modified":"2025-01-09T01:31:07","modified_gmt":"2025-01-08T17:31:07","slug":"crafted-as-small-cow-with-semi-icy-translucent-quality-natural-type-a-jadeite-jade-as-pendant-necklace-qic-labs-approved-certificate-weighs-7-15-grams-measurement-22-5-13-2-12-mm-pendant308","status":"publish","type":"product","link":"https:\/\/shop.yipinqian.com\/vi\/san-pham\/crafted-as-small-cow-with-semi-icy-translucent-quality-natural-type-a-jadeite-jade-as-pendant-necklace-qic-labs-approved-certificate-weighs-7-15-grams-measurement-22-5-13-2-12-mm-pendant308\/","title":{"rendered":"\u0110\u01b0\u1ee3c ch\u1ebf t\u00e1c nh\u01b0 m\u1ed9t ch\u00fa b\u00f2 nh\u1ecf v\u1edbi \u0111\u00e1 Jadeite t\u1ef1 nhi\u00ean lo\u1ea1i A ch\u1ea5t l\u01b0\u1ee3ng b\u00e1n trong m\u1edd b\u00e1n b\u0103ng l\u00e0m m\u1eb7t d\u00e2y chuy\u1ec1n, ch\u1ee9ng ch\u1ec9 \u0111\u01b0\u1ee3c QIC Labs ch\u1ea5p thu\u1eadn n\u1eb7ng 7,15 gram, k\u00edch th\u01b0\u1edbc 22,5 * 13,2 * 12 mm (m\u1eb7t d\u00e2y chuy\u1ec1n308)"},"content":{"rendered":"<p>M\u1eb7t d\u00e2y chuy\u1ec1n h\u00ecnh con b\u00f2 nh\u1ecf n\u00e0y l\u00e0 m\u1ed9t t\u00e1c ph\u1ea9m tuy\u1ec7t \u0111\u1eb9p \u0111\u01b0\u1ee3c ch\u1ebf t\u00e1c t\u1eeb ng\u1ecdc b\u00edch lo\u1ea1i A t\u1ef1 nhi\u00ean ch\u1ea5t l\u01b0\u1ee3ng trong m\u1edd b\u00e1n b\u0103ng.<\/p>\n<p><\/p>\n<p><strong>PS: B\u00f2 tuy nh\u1ecf nh\u01b0ng ch\u1ea5t l\u01b0\u1ee3ng t\u1ed1t, \u0111eo r\u1ea5t th\u00edch, c\u1ed5 kh\u00f4ng b\u1ecb \u0111au.<\/strong><\/p>\n<p><\/p>\n<p>SD24040318940<\/p>\n<p><img fetchpriority=\"high\" decoding=\"async\" src=\"https:\/\/shop.yipinqian.com\/wp-content\/uploads\/2024\/10\/71ceba72bfd3486a8a5153d7059ffdd0tplv-aphluv4xwc-origin-jpeg.jpeg?dr=15568&#038;nonce=25724&#038;refresh_token=b30bf825a35672d7857181f603e5c4f5&#038;from=476444299&#038;idc=my&#038;ps=933b5bde&#038;shcp=9b759fb9&#038;shp=1c65f68b&#038;t=555f072d\" width=\"1080\" height=\"1080\"><\/p>\n<ul>\n<li>\n<strong>C\u00e2n n\u1eb7ng v\u00e0 s\u1ed1 \u0111o:<\/strong> N\u1eb7ng 7,15 gram, m\u1eb7t d\u00e2y chuy\u1ec1n c\u00f3 k\u00edch th\u01b0\u1edbc 22,5 * 13,2 * 12 mm.<\/li>\n<li>\n<strong>Gi\u1ea5y ch\u1ee9ng nh\u1eadn:<\/strong> Gi\u1ea5y ch\u1ee9ng nh\u1eadn \u0111\u01b0\u1ee3c QIC Labs ch\u1ea5p thu\u1eadn \u0111\u1ea3m b\u1ea3o t\u00ednh x\u00e1c th\u1ef1c c\u1ee7a ng\u1ecdc b\u00edch.<\/li>\n<\/ul>\n<p><img decoding=\"async\" src=\"https:\/\/shop.yipinqian.com\/wp-content\/uploads\/2024\/10\/28b300d8df384d24a59cc0be48a32912tplv-aphluv4xwc-origin-jpeg.jpeg?dr=15568&#038;nonce=83694&#038;refresh_token=7b994af5a1138c312ea61cdec1b1afaa&#038;from=476444299&#038;idc=my&#038;ps=933b5bde&#038;shcp=9b759fb9&#038;shp=1c65f68b&#038;t=555f072d\" width=\"1080\" height=\"1080\"><\/p>\n<p>Chi\u1ebfc v\u00f2ng c\u1ed5 \u0111\u1ed9c \u0111\u00e1o n\u00e0y ho\u00e0n h\u1ea3o \u0111\u1ec3 \u0111eo h\u00e0ng ng\u00e0y, ph\u00f9 h\u1ee3p cho c\u1ea3 nam v\u00e0 n\u1eef v\u1edbi thi\u1ebft k\u1ebf unisex. Ng\u1ecdc b\u00edch \u0111\u01b0\u1ee3c s\u1eed d\u1ee5ng trong t\u00e1c ph\u1ea9m n\u00e0y c\u00f3 ngu\u1ed3n g\u1ed1c t\u1eeb Myanmar, n\u1ed5i ti\u1ebfng v\u1edbi lo\u1ea1i ng\u1ecdc b\u00edch ch\u1ea5t l\u01b0\u1ee3ng cao.<\/p>\n<ul>\n<li>\n<strong>Lo\u1ea1i ng\u1ecdc b\u00edch:<\/strong> M\u1eb7t d\u00e2y chuy\u1ec1n n\u00e0y c\u00f3 \u0111\u00e1 Jadeite t\u1ef1 nhi\u00ean lo\u1ea1i A, \u0111\u01b0\u1ee3c \u0111\u00e1nh gi\u00e1 cao v\u1ec1 v\u1ebb \u0111\u1eb9p v\u00e0 \u0111\u1ed9 b\u1ec1n.<\/li>\n<li>\n<strong>Ki\u1ec3u v\u00f2ng c\u1ed5:<\/strong> Ki\u1ec3u d\u00e1ng gi\u1ea3n d\u1ecb c\u1ee7a chi\u1ebfc v\u00f2ng c\u1ed5 n\u00e0y gi\u00fap b\u1ea1n c\u00f3 th\u1ec3 s\u1eed d\u1ee5ng linh ho\u1ea1t trong nhi\u1ec1u d\u1ecbp v\u00e0 trang ph\u1ee5c kh\u00e1c nhau.<\/li>\n<\/ul>","protected":false},"excerpt":{"rendered":"<p>D\u00e2y chuy\u1ec1n m\u1eb7t d\u00e2y chuy\u1ec1n h\u00ecnh con b\u00f2 nh\u1ecf n\u00e0y l\u00e0 m\u1ed9t t\u00e1c ph\u1ea9m tuy\u1ec7t \u0111\u1eb9p \u0111\u01b0\u1ee3c ch\u1ebf t\u00e1c t\u1eeb \u0111\u00e1 Jadeite Jade lo\u1ea1i A t\u1ef1 nhi\u00ean ch\u1ea5t l\u01b0\u1ee3ng trong m\u1edd b\u00e1n b\u0103ng. PS: Con b\u00f2 nh\u1ecf, nh\u01b0ng ch\u1ea5t l\u01b0\u1ee3ng t\u1ed1t v\u00e0 r\u1ea5t th\u00edch h\u1ee3p \u0111\u1ec3 \u0111eo, c\u1ed5 s\u1ebd kh\u00f4ng b\u1ecb \u0111au. SD24040318940 Tr\u1ecdng l\u01b0\u1ee3ng v\u00e0 s\u1ed1 \u0111o: N\u1eb7ng 7,15 gam, m\u1eb7t d\u00e2y chuy\u1ec1n c\u00f3 k\u00edch th\u01b0\u1edbc 22,5 * 13,2 * 12 mm. Gi\u1ea5y ch\u1ee9ng nh\u1eadn: QIC [\u2026]<\/p>","protected":false},"featured_media":9066,"comment_status":"open","ping_status":"closed","template":"","meta":[],"product_brand":[],"product_cat":[83,126,48],"product_tag":[52,141,65,55,58,73,60,61,62],"class_list":{"0":"post-9006","1":"product","2":"type-product","3":"status-publish","4":"has-post-thumbnail","6":"product_cat-jade-necklaces-pendants","7":"product_cat-new-arrivals","8":"product_cat-pendants","9":"product_tag-certified","10":"product_tag-cow","11":"product_tag-high-quality","12":"product_tag-jadeite","13":"product_tag-new-arrivals","14":"product_tag-pendant","15":"product_tag-type-a-jadeite","16":"product_tag-unisex","17":"product_tag-yi-pin-qian-exclusive","19":"first","20":"instock","21":"sale","22":"shipping-taxable","23":"purchasable","24":"product-type-simple"},"_links":{"self":[{"href":"https:\/\/shop.yipinqian.com\/vi\/wp-json\/wp\/v2\/product\/9006","targetHints":{"allow":["GET"]}}],"collection":[{"href":"https:\/\/shop.yipinqian.com\/vi\/wp-json\/wp\/v2\/product"}],"about":[{"href":"https:\/\/shop.yipinqian.com\/vi\/wp-json\/wp\/v2\/types\/product"}],"replies":[{"embeddable":true,"href":"https:\/\/shop.yipinqian.com\/vi\/wp-json\/wp\/v2\/comments?post=9006"}],"version-history":[{"count":0,"href":"https:\/\/shop.yipinqian.com\/vi\/wp-json\/wp\/v2\/product\/9006\/revisions"}],"wp:featuredmedia":[{"embeddable":true,"href":"https:\/\/shop.yipinqian.com\/vi\/wp-json\/wp\/v2\/media\/9066"}],"wp:attachment":[{"href":"https:\/\/shop.yipinqian.com\/vi\/wp-json\/wp\/v2\/media?parent=9006"}],"wp:term":[{"taxonomy":"product_brand","embeddable":true,"href":"https:\/\/shop.yipinqian.com\/vi\/wp-json\/wp\/v2\/product_brand?post=9006"},{"taxonomy":"product_cat","embeddable":true,"href":"https:\/\/shop.yipinqian.com\/vi\/wp-json\/wp\/v2\/product_cat?post=9006"},{"taxonomy":"product_tag","embeddable":true,"href":"https:\/\/shop.yipinqian.com\/vi\/wp-json\/wp\/v2\/product_tag?post=9006"}],"curies":[{"name":"wp","href":"https:\/\/api.w.org\/{rel}","templated":true}]}}