{"id":8997,"date":"2024-10-28T20:04:28","date_gmt":"2024-10-28T12:04:28","guid":{"rendered":"https:\/\/shop.yipinqian.com\/product\/58-77-mm-light-lavender-black-wuji-peace-bangle-natural-type-a-jadeite-jade-certificate-weighs-57-84-grams-width-13-9-mm-thickness-7-5-mm-bangle15\/"},"modified":"2025-02-24T00:49:49","modified_gmt":"2025-02-23T16:49:49","slug":"58-77-mm-light-lavender-black-wuji-peace-bangle-natural-type-a-jadeite-jade-certificate-weighs-57-84-grams-width-13-9-mm-thickness-7-5-mm-bangle15","status":"publish","type":"product","link":"https:\/\/shop.yipinqian.com\/vi\/san-pham\/58-77-mm-light-lavender-black-wuji-peace-bangle-natural-type-a-jadeite-jade-certificate-weighs-57-84-grams-width-13-9-mm-thickness-7-5-mm-bangle15\/","title":{"rendered":"V\u00f2ng tay h\u00f2a b\u00ecnh Wuji m\u00e0u \u0111en, m\u00e0u hoa o\u1ea3i h\u01b0\u01a1ng nh\u1ea1t 58,77 mm, ng\u1ecdc b\u00edch t\u1ef1 nhi\u00ean lo\u1ea1i A, gi\u1ea5y ch\u1ee9ng nh\u1eadn n\u1eb7ng 57,84 gram, Chi\u1ec1u r\u1ed9ng: 13,9 mm, \u0110\u1ed9 d\u00e0y: 7,5 mm (v\u00f2ng tay15)"},"content":{"rendered":"<p>Chi\u1ebfc v\u00f2ng tay tinh x\u1ea3o n\u00e0y c\u00f3 thi\u1ebft k\u1ebf v\u00f2ng tay Wuji Peace m\u00e0u hoa o\u1ea3i h\u01b0\u01a1ng nh\u1ea1t v\u00e0 \u0111en 58,77 mm, \u0111\u01b0\u1ee3c ch\u1ebf t\u00e1c t\u1eeb ng\u1ecdc b\u00edch Jadeite t\u1ef1 nhi\u00ean lo\u1ea1i A.<\/p>\n<p>S\u1ed1 ch\u1ee9ng ch\u1ec9: GD2011H014800<\/p>\n<ul>\n<li>\n<strong>Tr\u1ecdng l\u01b0\u1ee3ng v\u00e0 k\u00edch th\u01b0\u1edbc:<\/strong> N\u1eb7ng 57,84 gram, chi\u1ebfc v\u00f2ng tay n\u00e0y c\u00f3 chi\u1ec1u r\u1ed9ng 13,9 mm v\u00e0 \u0111\u1ed9 d\u00e0y 7,5 mm. K\u00edch th\u01b0\u1edbc: 58,77 mm<\/li>\n<li><strong>Thu\u1ed9c t\u00ednh s\u1ea3n ph\u1ea9m:<\/strong><\/li>\n<\/ul>\n<p><img fetchpriority=\"high\" decoding=\"async\" src=\"https:\/\/shop.yipinqian.com\/wp-content\/uploads\/2024\/10\/f99d368ae4584ce49eb52c476835fd82tplv-aphluv4xwc-origin-jpeg.jpeg?dr=15568&#038;nonce=81914&#038;refresh_token=6db907a672306ca530a8006442120a5c&#038;from=476444299&#038;idc=my&#038;ps=933b5bde&#038;shcp=9b759fb9&#038;shp=1c65f68b&#038;t=555f072d\" width=\"526\" height=\"362\"><br \/><img decoding=\"async\" src=\"https:\/\/shop.yipinqian.com\/wp-content\/uploads\/2024\/10\/0b100c0ce9844d98a272636a3996cfaftplv-aphluv4xwc-origin-jpeg.jpeg?dr=15568&#038;nonce=26612&#038;refresh_token=749bfbe682ce014d52e8f2b597a89cfd&#038;from=476444299&#038;idc=my&#038;ps=933b5bde&#038;shcp=9b759fb9&#038;shp=1c65f68b&#038;t=555f072d\" width=\"1080\" height=\"1080\"><br \/><img decoding=\"async\" src=\"https:\/\/shop.yipinqian.com\/wp-content\/uploads\/2024\/10\/792141f31ea645d085a2725445123d6etplv-aphluv4xwc-origin-jpeg.jpeg?dr=15568&#038;nonce=37406&#038;refresh_token=ae085c6edce881022fb5ef2cafc55aa5&#038;from=476444299&#038;idc=my&#038;ps=933b5bde&#038;shcp=9b759fb9&#038;shp=1c65f68b&#038;t=555f072d\" width=\"1080\" height=\"1080\"><\/p>\n<p>Chi\u1ebfc v\u00f2ng tay \u0111i k\u00e8m v\u1edbi gi\u1ea5y ch\u1ee9ng nh\u1eadn x\u00e1c nh\u1eadn t\u00ednh x\u00e1c th\u1ef1c c\u1ee7a n\u00f3. Qu\u1ed1c gia xu\u1ea5t x\u1ee9 c\u1ee7a s\u1ea3n ph\u1ea9m tuy\u1ec7t \u0111\u1eb9p n\u00e0y l\u00e0 Myanmar, ph\u00f9 h\u1ee3p \u0111\u1ec3 \u0111eo h\u00e0ng ng\u00e0y v\u00ec n\u00f3 \u0111\u01b0\u1ee3c thi\u1ebft k\u1ebf nh\u01b0 m\u1ed9t ph\u1ee5 ki\u1ec7n d\u00e0nh cho c\u1ea3 nam v\u00e0 n\u1eef v\u00e0 kh\u00f4ng c\u00f3 ch\u1ebf \u0111\u1ed9 b\u1ea3o h\u00e0nh.<\/p>\n<p><\/p>\n<p><strong>Jadeite t\u1ef1 nhi\u00ean kh\u00f4ng ho\u00e0n h\u1ea3o, ch\u1ec9 l\u00e0 m\u1ed9t l\u1eddi nh\u1eafc nh\u1edf nh\u1eb9 nh\u00e0ng, Jadeite t\u1ef1 nhi\u00ean c\u1ee7a ch\u00fang t\u00f4i, gi\u1ed1ng nh\u01b0 t\u1ea5t c\u1ea3 nh\u1eefng th\u1ee9 \u0111\u1eb9p \u0111\u1ebd trong t\u1ef1 nhi\u00ean, c\u00f3 nh\u1eefng \u0111\u1eb7c \u0111i\u1ec3m v\u00e0 bi\u1ebfn th\u1ec3 \u0111\u1ed9c \u0111\u00e1o. Ch\u00fang t\u00f4i m\u1eddi nh\u1eefng kh\u00e1ch h\u00e0ng c\u00f3 gi\u00e1 tr\u1ecb c\u1ee7a m\u00ecnh \u0111\u00f3n nh\u1eadn nh\u1eefng bi\u1ebfn th\u1ec3 t\u1ef1 nhi\u00ean n\u00e0y. Ch\u00fac b\u1ea1n mua s\u1eafm vui v\u1ebb!<\/strong><\/p>\n<p><\/p>\n<p><strong><u>Kh\u00f4ng c\u00f3 h\u00ecnh \u1ea3nh v\u00e0 c\u1ea3nh quay video n\u00e0o \u0111\u01b0\u1ee3c l\u1ecdc. Ch\u00fang t\u00f4i khuy\u1ebfn kh\u00edch kh\u00e1ch h\u00e0ng c\u1ee7a m\u00ecnh c\u0169ng xem c\u00e1c video \u0111i k\u00e8m \u0111\u1ec3 c\u00f3 c\u00e1i nh\u00ecn to\u00e0n di\u1ec7n h\u01a1n v\u1ec1 s\u1ea3n ph\u1ea9m c\u1ee7a ch\u00fang t\u00f4i<\/u><\/strong><\/p>\n<p><\/p>\n<ul>\n<li>C\u00e1c n\u1ec1n t\u1ea3ng kh\u00e1c nhau ch\u1ec9 c\u00f3 th\u1ec3 xem video th\u00f4ng qua m\u00e1y t\u00ednh \u0111\u1ec3 b\u00e0n<\/li>\n<\/ul>","protected":false},"excerpt":{"rendered":"<p>Chi\u1ebfc v\u00f2ng tay tinh x\u1ea3o n\u00e0y c\u00f3 thi\u1ebft k\u1ebf V\u00f2ng tay H\u00f2a b\u00ecnh Wuji \u0110en v\u00e0 Hoa o\u1ea3i h\u01b0\u01a1ng nh\u1ea1t 58,77 mm, \u0111\u01b0\u1ee3c ch\u1ebf t\u00e1c t\u1eeb Ng\u1ecdc b\u00edch Jadeite lo\u1ea1i A t\u1ef1 nhi\u00ean. S\u1ed1 ch\u1ee9ng nh\u1eadn: GD2011H014800 Tr\u1ecdng l\u01b0\u1ee3ng v\u00e0 K\u00edch th\u01b0\u1edbc: N\u1eb7ng 57,84 gram, chi\u1ebfc v\u00f2ng tay n\u00e0y c\u00f3 chi\u1ec1u r\u1ed9ng 13,9 mm v\u00e0 \u0111\u1ed9 d\u00e0y 7,5 mm. K\u00edch th\u01b0\u1edbc: 58,77 mm Thu\u1ed9c t\u00ednh s\u1ea3n ph\u1ea9m: Chi\u1ebfc v\u00f2ng tay \u0111i k\u00e8m v\u1edbi [\u2026]<\/p>","protected":false},"featured_media":9008,"comment_status":"open","ping_status":"closed","template":"","meta":[],"product_brand":[],"product_cat":[194],"product_tag":[86,140,102,52,65,55,108,58,113,75,60,61,62],"class_list":{"0":"post-8997","1":"product","2":"type-product","3":"status-publish","4":"has-post-thumbnail","6":"product_cat-value-picks","7":"product_tag-bangle","8":"product_tag-black-wuji","9":"product_tag-bracelet","10":"product_tag-certified","11":"product_tag-high-quality","12":"product_tag-jadeite","13":"product_tag-light-lavender","14":"product_tag-new-arrivals","15":"product_tag-peace-bangle","16":"product_tag-traditional","17":"product_tag-type-a-jadeite","18":"product_tag-unisex","19":"product_tag-yi-pin-qian-exclusive","21":"first","22":"instock","23":"sale","24":"shipping-taxable","25":"purchasable","26":"product-type-simple"},"_links":{"self":[{"href":"https:\/\/shop.yipinqian.com\/vi\/wp-json\/wp\/v2\/product\/8997","targetHints":{"allow":["GET"]}}],"collection":[{"href":"https:\/\/shop.yipinqian.com\/vi\/wp-json\/wp\/v2\/product"}],"about":[{"href":"https:\/\/shop.yipinqian.com\/vi\/wp-json\/wp\/v2\/types\/product"}],"replies":[{"embeddable":true,"href":"https:\/\/shop.yipinqian.com\/vi\/wp-json\/wp\/v2\/comments?post=8997"}],"version-history":[{"count":0,"href":"https:\/\/shop.yipinqian.com\/vi\/wp-json\/wp\/v2\/product\/8997\/revisions"}],"wp:featuredmedia":[{"embeddable":true,"href":"https:\/\/shop.yipinqian.com\/vi\/wp-json\/wp\/v2\/media\/9008"}],"wp:attachment":[{"href":"https:\/\/shop.yipinqian.com\/vi\/wp-json\/wp\/v2\/media?parent=8997"}],"wp:term":[{"taxonomy":"product_brand","embeddable":true,"href":"https:\/\/shop.yipinqian.com\/vi\/wp-json\/wp\/v2\/product_brand?post=8997"},{"taxonomy":"product_cat","embeddable":true,"href":"https:\/\/shop.yipinqian.com\/vi\/wp-json\/wp\/v2\/product_cat?post=8997"},{"taxonomy":"product_tag","embeddable":true,"href":"https:\/\/shop.yipinqian.com\/vi\/wp-json\/wp\/v2\/product_tag?post=8997"}],"curies":[{"name":"wp","href":"https:\/\/api.w.org\/{rel}","templated":true}]}}