{"id":8962,"date":"2024-10-28T20:03:19","date_gmt":"2024-10-28T12:03:19","guid":{"rendered":"https:\/\/shop.yipinqian.com\/product\/53-5-mm-light-green-with-brown-patch-quality-burma-natural-type-a-jadeite-jade-crafted-as-peace-bangle-certificate-weighs-50-76-grams-width-13-mm-thickness-7-6-mm-bangle16\/"},"modified":"2025-01-26T00:00:48","modified_gmt":"2025-01-25T16:00:48","slug":"53-5-mm-light-green-with-brown-patch-quality-burma-natural-type-a-jadeite-jade-crafted-as-peace-bangle-certificate-weighs-50-76-grams-width-13-mm-thickness-7-6-mm-bangle16","status":"publish","type":"product","link":"https:\/\/shop.yipinqian.com\/vi\/san-pham\/53-5-mm-light-green-with-brown-patch-quality-burma-natural-type-a-jadeite-jade-crafted-as-peace-bangle-certificate-weighs-50-76-grams-width-13-mm-thickness-7-6-mm-bangle16\/","title":{"rendered":"53,5 mm Xanh l\u00e1 c\u00e2y nh\u1ea1t v\u1edbi m\u1ea3ng n\u00e2u Ch\u1ea5t l\u01b0\u1ee3ng Ng\u1ecdc b\u00edch t\u1ef1 nhi\u00ean lo\u1ea1i A c\u1ee7a Mi\u1ebfn \u0110i\u1ec7n \u0111\u01b0\u1ee3c ch\u1ebf t\u00e1c th\u00e0nh V\u00f2ng tay h\u00f2a b\u00ecnh, gi\u1ea5y ch\u1ee9ng nh\u1eadn n\u1eb7ng 50,76 gram, Chi\u1ec1u r\u1ed9ng: 13 mm \u0110\u1ed9 d\u00e0y: 7,6 mm (v\u00f2ng tay16)"},"content":{"rendered":"<p>V\u00f2ng tay ng\u1ecdc b\u00edch h\u00f2a b\u00ecnh t\u1ef1 nhi\u00ean lo\u1ea1i A c\u1ee7a Mi\u1ebfn \u0110i\u1ec7n m\u00e0u xanh l\u00e1 c\u00e2y nh\u1ea1t v\u1edbi m\u1ea3ng n\u00e2u k\u00edch th\u01b0\u1edbc 53,5 mm n\u00e0y l\u00e0 m\u1ed9t ph\u1ee5 ki\u1ec7n tuy\u1ec7t \u0111\u1eb9p \u0111\u1ec3 \u0111eo h\u00e0ng ng\u00e0y.<\/p>\n<p><img fetchpriority=\"high\" decoding=\"async\" src=\"https:\/\/shop.yipinqian.com\/wp-content\/uploads\/2024\/10\/f6f26c1bb42547438edc388f1d27d78atplv-aphluv4xwc-origin-jpeg.jpeg?dr=15568&#038;nonce=43413&#038;refresh_token=4328647e38270977f295ad4d91e5a601&#038;from=476444299&#038;idc=my&#038;ps=933b5bde&#038;shcp=9b759fb9&#038;shp=1c65f68b&#038;t=555f072d\" width=\"526\" height=\"362\"><\/p>\n<p>S\u1ed1 ch\u1ee9ng ch\u1ec9: GD2110H002973<\/p>\n<p><img decoding=\"async\" src=\"https:\/\/shop.yipinqian.com\/wp-content\/uploads\/2024\/10\/545161e044d04ac0a2e0f55dfc0b3c46tplv-aphluv4xwc-origin-jpeg.jpeg?dr=15568&#038;nonce=96430&#038;refresh_token=a2ec0cf7049ec7cc2940264b9cadaa0e&#038;from=476444299&#038;idc=my&#038;ps=933b5bde&#038;shcp=9b759fb9&#038;shp=1c65f68b&#038;t=555f072d\" width=\"1080\" height=\"1080\"><\/p>\n<ul>\n<li>\u0110\u01b0\u1ee3c ch\u1ebf t\u00e1c b\u1eb1ng Ng\u1ecdc b\u00edch lo\u1ea1i A ch\u00ednh h\u00e3ng<\/li>\n<li>N\u1eb7ng 50,76 gram<\/li>\n<li>Chi\u1ec1u r\u1ed9ng: 13 mm, \u0110\u1ed9 d\u00e0y: 7,6 mm (bangle16)<\/li>\n<\/ul>\n<p><img decoding=\"async\" src=\"https:\/\/shop.yipinqian.com\/wp-content\/uploads\/2024\/10\/043a65da8f34416fb1821cb27c1f691atplv-aphluv4xwc-origin-jpeg.jpeg?dr=15568&#038;nonce=65905&#038;refresh_token=3c7150fc51a41617356aa5255ba0cd90&#038;from=476444299&#038;idc=my&#038;ps=933b5bde&#038;shcp=9b759fb9&#038;shp=1c65f68b&#038;t=555f072d\" width=\"1080\" height=\"1080\"><\/p>\n<p>C\u00f3 ngu\u1ed3n g\u1ed1c t\u1eeb Myanmar, chi\u1ebfc v\u00f2ng tay n\u00e0y to\u00e1t l\u00ean v\u1ebb thanh l\u1ecbch v\u00e0 phong c\u00e1ch, ho\u00e0n h\u1ea3o cho ng\u01b0\u1eddi ph\u1ee5 n\u1eef \u0111eo.<\/p>\n<ul>\n<li>\u0110i k\u00e8m v\u1edbi Gi\u1ea5y ch\u1ee9ng nh\u1eadn x\u00e1c th\u1ef1c<\/li>\n<li>V\u00f2ng \u0111eo tay d\u1ea1ng v\u00f2ng \u0111\u1ea3m b\u1ea3o v\u1eeba v\u1eb7n v\u00e0 tho\u1ea3i m\u00e1i<\/li>\n<\/ul>","protected":false},"excerpt":{"rendered":"<p>V\u00f2ng tay h\u00f2a b\u00ecnh b\u1eb1ng ng\u1ecdc b\u00edch Jadeite t\u1ef1 nhi\u00ean lo\u1ea1i A m\u00e0u xanh l\u00e1 c\u00e2y nh\u1ea1t 53,5 mm c\u1ee7a Burma n\u00e0y l\u00e0 m\u1ed9t ph\u1ee5 ki\u1ec7n tuy\u1ec7t \u0111\u1eb9p \u0111\u1ec3 \u0111eo h\u00e0ng ng\u00e0y. S\u1ed1 ch\u1ee9ng nh\u1eadn: GD2110H002973 \u0110\u01b0\u1ee3c ch\u1ebf t\u00e1c b\u1eb1ng ng\u1ecdc b\u00edch Jadeite lo\u1ea1i A ch\u00ednh h\u00e3ng N\u1eb7ng 50,76 gram Chi\u1ec1u r\u1ed9ng: 13 mm, \u0110\u1ed9 d\u00e0y: 7,6 mm (bangle16) C\u00f3 ngu\u1ed3n g\u1ed1c t\u1eeb Myanmar, chi\u1ebfc v\u00f2ng tay n\u00e0y to\u00e1t l\u00ean v\u1ebb thanh l\u1ecbch v\u00e0 phong c\u00e1ch, ho\u00e0n h\u1ea3o cho [\u2026]<\/p>","protected":false},"featured_media":8988,"comment_status":"open","ping_status":"closed","template":"","meta":[],"product_brand":[],"product_cat":[121,87,126],"product_tag":[86,102,139,52,65,55,82,58,113,75,60],"class_list":{"0":"post-8962","1":"product","2":"type-product","3":"status-publish","4":"has-post-thumbnail","6":"product_cat-bracelets-bangles","7":"product_cat-jade-bracelets-anklets","8":"product_cat-new-arrivals","9":"product_tag-bangle","10":"product_tag-bracelet","11":"product_tag-brown","12":"product_tag-certified","13":"product_tag-high-quality","14":"product_tag-jadeite","15":"product_tag-light-green","16":"product_tag-new-arrivals","17":"product_tag-peace-bangle","18":"product_tag-traditional","19":"product_tag-type-a-jadeite","21":"first","22":"instock","23":"sale","24":"shipping-taxable","25":"purchasable","26":"product-type-simple"},"_links":{"self":[{"href":"https:\/\/shop.yipinqian.com\/vi\/wp-json\/wp\/v2\/product\/8962","targetHints":{"allow":["GET"]}}],"collection":[{"href":"https:\/\/shop.yipinqian.com\/vi\/wp-json\/wp\/v2\/product"}],"about":[{"href":"https:\/\/shop.yipinqian.com\/vi\/wp-json\/wp\/v2\/types\/product"}],"replies":[{"embeddable":true,"href":"https:\/\/shop.yipinqian.com\/vi\/wp-json\/wp\/v2\/comments?post=8962"}],"version-history":[{"count":0,"href":"https:\/\/shop.yipinqian.com\/vi\/wp-json\/wp\/v2\/product\/8962\/revisions"}],"wp:featuredmedia":[{"embeddable":true,"href":"https:\/\/shop.yipinqian.com\/vi\/wp-json\/wp\/v2\/media\/8988"}],"wp:attachment":[{"href":"https:\/\/shop.yipinqian.com\/vi\/wp-json\/wp\/v2\/media?parent=8962"}],"wp:term":[{"taxonomy":"product_brand","embeddable":true,"href":"https:\/\/shop.yipinqian.com\/vi\/wp-json\/wp\/v2\/product_brand?post=8962"},{"taxonomy":"product_cat","embeddable":true,"href":"https:\/\/shop.yipinqian.com\/vi\/wp-json\/wp\/v2\/product_cat?post=8962"},{"taxonomy":"product_tag","embeddable":true,"href":"https:\/\/shop.yipinqian.com\/vi\/wp-json\/wp\/v2\/product_tag?post=8962"}],"curies":[{"name":"wp","href":"https:\/\/api.w.org\/{rel}","templated":true}]}}