{"id":8961,"date":"2024-10-28T20:03:19","date_gmt":"2024-10-28T12:03:19","guid":{"rendered":"https:\/\/shop.yipinqian.com\/product\/18mm-ring-size-natural-type-a-jadeite-jade-crafted-as-ring-qic-labs-approved-certificate-weighs-5-09-grams-measurement-6-5-3-8-mm-ring13\/"},"modified":"2025-01-26T00:00:48","modified_gmt":"2025-01-25T16:00:48","slug":"18mm-ring-size-natural-type-a-jadeite-jade-crafted-as-ring-qic-labs-approved-certificate-weighs-5-09-grams-measurement-6-5-3-8-mm-ring13","status":"publish","type":"product","link":"https:\/\/shop.yipinqian.com\/vi\/san-pham\/18mm-ring-size-natural-type-a-jadeite-jade-crafted-as-ring-qic-labs-approved-certificate-weighs-5-09-grams-measurement-6-5-3-8-mm-ring13\/","title":{"rendered":"K\u00edch th\u01b0\u1edbc nh\u1eabn 18mm Ng\u1ecdc b\u00edch lo\u1ea1i A t\u1ef1 nhi\u00ean \u0111\u01b0\u1ee3c ch\u1ebf t\u00e1c th\u00e0nh nh\u1eabn, ch\u1ee9ng nh\u1eadn \u0111\u01b0\u1ee3c ph\u00f2ng th\u00ed nghi\u1ec7m QIC ch\u1ea5p thu\u1eadn n\u1eb7ng 5,09 gram, k\u00edch th\u01b0\u1edbc 6,5 * 3,8 mm (ring13)"},"content":{"rendered":"<p>Chi\u1ebfc nh\u1eabn 18mm tinh x\u1ea3o n\u00e0y c\u00f3 Jadeite Jade lo\u1ea1i A t\u1ef1 nhi\u00ean, \u0111\u01b0\u1ee3c ch\u1ebf t\u00e1c t\u1ec9 m\u1ec9 \u0111\u1ebfn m\u1ee9c ho\u00e0n h\u1ea3o. Chi\u1ebfc nh\u1eabn \u0111\u01b0\u1ee3c trang tr\u00ed b\u1eb1ng ch\u1ee9ng nh\u1eadn \u0111\u01b0\u1ee3c ph\u00f2ng th\u00ed nghi\u1ec7m QIC ch\u1ea5p thu\u1eadn, \u0111\u1ea3m b\u1ea3o t\u00ednh x\u00e1c th\u1ef1c v\u00e0 ch\u1ea5t l\u01b0\u1ee3ng.<\/p>\n<p><\/p>\n<p>S\u1ed1 ch\u1ee9ng ch\u1ec9: 5524030202721<\/p>\n<p><img fetchpriority=\"high\" decoding=\"async\" src=\"https:\/\/shop.yipinqian.com\/wp-content\/uploads\/2024\/10\/e0f93da937a546e09314ae77cbfcef21tplv-aphluv4xwc-origin-jpeg.jpeg?dr=15568&#038;nonce=944&#038;refresh_token=1b7b960e7e94ce655f2a87cb10b16c0d&#038;from=476444299&#038;idc=my&#038;ps=933b5bde&#038;shcp=9b759fb9&#038;shp=1c65f68b&#038;t=555f072d\" width=\"1080\" height=\"1080\"><\/p>\n<ul>\n<li>\n<strong>C\u00e2n n\u1eb7ng:<\/strong> 5,09 gam<\/li>\n<li>\n<strong>\u0110o l\u01b0\u1eddng:<\/strong> 6,5 * 3,8 mm (v\u00f2ng13)<\/li>\n<\/ul>\n<p><img decoding=\"async\" src=\"https:\/\/shop.yipinqian.com\/wp-content\/uploads\/2024\/10\/0f4a3bb505444e15840108a8c3d8f274tplv-aphluv4xwc-origin-jpeg.jpeg?dr=15568&#038;nonce=7758&#038;refresh_token=502222741a2e827f1a4a2d48fb9e12b4&#038;from=476444299&#038;idc=my&#038;ps=933b5bde&#038;shcp=9b759fb9&#038;shp=1c65f68b&#038;t=555f072d\" width=\"1080\" height=\"1080\"><\/p>\n<p>Chi\u1ebfc nh\u1eabn ng\u1ecdc b\u00edch tuy\u1ec7t \u0111\u1eb9p n\u00e0y l\u00e0 m\u1ed9t m\u00f3n \u0111\u1ed3 v\u01b0\u1ee3t th\u1eddi gian, to\u00e1t l\u00ean v\u1ebb thanh l\u1ecbch v\u00e0 tinh t\u1ebf, r\u1ea5t ph\u00f9 h\u1ee3p \u0111\u1ec3 \u0111eo h\u00e0ng ng\u00e0y.<\/p>\n<ul>\n<li>\n<strong>Gi\u1ea5y ch\u1ee9ng nh\u1eadn:<\/strong> \u0110\u00fang<\/li>\n<li>\n<strong>N\u01b0\u1edbc xu\u1ea5t x\u1ee9:<\/strong> Mi\u1ebfn \u0110i\u1ec7n<\/li>\n<li>\u1ed0c<strong>Th\u1eddi \u0111i\u1ec3m: H\u00e0ng ng\u00e0y D\u00e0nh cho: Unisex Lo\u1ea1i ng\u1ecdc b\u00edch: Jadeite Lo\u1ea1i b\u1ea3o h\u00e0nh: Kh\u00f4ng Kh\u00e1m ph\u00e1 v\u1ebb \u0111\u1eb9p v\u00e0 s\u1ef1 b\u00ed \u1ea9n c\u1ee7a ng\u1ecdc b\u00edch v\u1edbi chi\u1ebfc nh\u1eabn tinh x\u1ea3o n\u00e0y, chi\u1ebfc nh\u1eabn s\u1ebd tr\u1edf th\u00e0nh \u0111i\u1ec3m nh\u1ea5n trong b\u1ea5t k\u1ef3 d\u1ecbp n\u00e0o.<\/strong>\n<\/li>\n<\/ul>\n<p><strong>Jadeite t\u1ef1 nhi\u00ean kh\u00f4ng ho\u00e0n h\u1ea3o, ch\u1ec9 l\u00e0 m\u1ed9t l\u1eddi nh\u1eafc nh\u1edf nh\u1eb9 nh\u00e0ng, Jadeite t\u1ef1 nhi\u00ean c\u1ee7a ch\u00fang t\u00f4i, gi\u1ed1ng nh\u01b0 t\u1ea5t c\u1ea3 nh\u1eefng th\u1ee9 \u0111\u1eb9p \u0111\u1ebd trong t\u1ef1 nhi\u00ean, c\u00f3 nh\u1eefng \u0111\u1eb7c \u0111i\u1ec3m v\u00e0 bi\u1ebfn th\u1ec3 \u0111\u1ed9c \u0111\u00e1o. Ch\u00fang t\u00f4i m\u1eddi nh\u1eefng kh\u00e1ch h\u00e0ng c\u00f3 gi\u00e1 tr\u1ecb c\u1ee7a m\u00ecnh \u0111\u00f3n nh\u1eadn nh\u1eefng bi\u1ebfn th\u1ec3 t\u1ef1 nhi\u00ean n\u00e0y. Ch\u00fac b\u1ea1n mua s\u1eafm vui v\u1ebb!<\/strong><\/p>\n<p><\/p>\n<p><strong><u>Kh\u00f4ng c\u00f3 h\u00ecnh \u1ea3nh v\u00e0 c\u1ea3nh quay video n\u00e0o \u0111\u01b0\u1ee3c l\u1ecdc. Ch\u00fang t\u00f4i khuy\u1ebfn kh\u00edch kh\u00e1ch h\u00e0ng c\u1ee7a m\u00ecnh c\u0169ng xem c\u00e1c video \u0111i k\u00e8m \u0111\u1ec3 c\u00f3 c\u00e1i nh\u00ecn to\u00e0n di\u1ec7n h\u01a1n v\u1ec1 s\u1ea3n ph\u1ea9m c\u1ee7a ch\u00fang t\u00f4i<\/u><\/strong><\/p>\n<p><\/p>\n<ul>\n<li>C\u00e1c n\u1ec1n t\u1ea3ng kh\u00e1c nhau ch\u1ec9 c\u00f3 th\u1ec3 xem video th\u00f4ng qua m\u00e1y t\u00ednh \u0111\u1ec3 b\u00e0n<\/li>\n<\/ul>","protected":false},"excerpt":{"rendered":"<p>Chi\u1ebfc nh\u1eabn 18mm tinh x\u1ea3o n\u00e0y c\u00f3 Ng\u1ecdc b\u00edch lo\u1ea1i A t\u1ef1 nhi\u00ean, \u0111\u01b0\u1ee3c ch\u1ebf t\u00e1c t\u1ec9 m\u1ec9 \u0111\u1ebfn m\u1ee9c ho\u00e0n h\u1ea3o. Chi\u1ebfc nh\u1eabn \u0111\u01b0\u1ee3c trang tr\u00ed b\u1eb1ng ch\u1ee9ng nh\u1eadn \u0111\u01b0\u1ee3c ph\u00f2ng th\u00ed nghi\u1ec7m QIC ch\u1ea5p thu\u1eadn, \u0111\u1ea3m b\u1ea3o t\u00ednh x\u00e1c th\u1ef1c v\u00e0 ch\u1ea5t l\u01b0\u1ee3ng. S\u1ed1 ch\u1ee9ng nh\u1eadn: 5524030202721 Tr\u1ecdng l\u01b0\u1ee3ng: 5,09 gam K\u00edch th\u01b0\u1edbc: 6,5 * 3,8 mm (ring13) Chi\u1ebfc nh\u1eabn ng\u1ecdc b\u00edch tuy\u1ec7t \u0111\u1eb9p n\u00e0y l\u00e0 m\u1ed9t t\u00e1c ph\u1ea9m v\u01b0\u1ee3t th\u1eddi gian to\u00e1t l\u00ean v\u1ebb thanh l\u1ecbch v\u00e0 tinh t\u1ebf, khi\u1ebfn n\u00f3 tr\u1edf th\u00e0nh [\u2026]<\/p>","protected":false},"featured_media":8972,"comment_status":"open","ping_status":"closed","template":"","meta":[],"product_brand":[],"product_cat":[80,122,126],"product_tag":[52,65,66,55,58,74,71,60,61,62],"class_list":{"0":"post-8961","1":"product","2":"type-product","3":"status-publish","4":"has-post-thumbnail","6":"product_cat-jade-rings","7":"product_cat-jadeite-rings","8":"product_cat-new-arrivals","9":"product_tag-certified","10":"product_tag-high-quality","11":"product_tag-jade-ring","12":"product_tag-jadeite","13":"product_tag-new-arrivals","14":"product_tag-qic-approved-certificate","15":"product_tag-ring","16":"product_tag-type-a-jadeite","17":"product_tag-unisex","18":"product_tag-yi-pin-qian-exclusive","20":"first","21":"instock","22":"sale","23":"shipping-taxable","24":"purchasable","25":"product-type-simple"},"_links":{"self":[{"href":"https:\/\/shop.yipinqian.com\/vi\/wp-json\/wp\/v2\/product\/8961","targetHints":{"allow":["GET"]}}],"collection":[{"href":"https:\/\/shop.yipinqian.com\/vi\/wp-json\/wp\/v2\/product"}],"about":[{"href":"https:\/\/shop.yipinqian.com\/vi\/wp-json\/wp\/v2\/types\/product"}],"replies":[{"embeddable":true,"href":"https:\/\/shop.yipinqian.com\/vi\/wp-json\/wp\/v2\/comments?post=8961"}],"version-history":[{"count":0,"href":"https:\/\/shop.yipinqian.com\/vi\/wp-json\/wp\/v2\/product\/8961\/revisions"}],"wp:featuredmedia":[{"embeddable":true,"href":"https:\/\/shop.yipinqian.com\/vi\/wp-json\/wp\/v2\/media\/8972"}],"wp:attachment":[{"href":"https:\/\/shop.yipinqian.com\/vi\/wp-json\/wp\/v2\/media?parent=8961"}],"wp:term":[{"taxonomy":"product_brand","embeddable":true,"href":"https:\/\/shop.yipinqian.com\/vi\/wp-json\/wp\/v2\/product_brand?post=8961"},{"taxonomy":"product_cat","embeddable":true,"href":"https:\/\/shop.yipinqian.com\/vi\/wp-json\/wp\/v2\/product_cat?post=8961"},{"taxonomy":"product_tag","embeddable":true,"href":"https:\/\/shop.yipinqian.com\/vi\/wp-json\/wp\/v2\/product_tag?post=8961"}],"curies":[{"name":"wp","href":"https:\/\/api.w.org\/{rel}","templated":true}]}}