{"id":1885,"date":"2024-10-24T23:23:26","date_gmt":"2024-10-24T15:23:26","guid":{"rendered":"https:\/\/shop.yipinqian.com\/product\/yellow-pixiu-natural-type-a-jadeite-ring-set-with-18k-gold-and-diamonds-with-ngi-gemstone-report-weighs-2-89-grams-16-10-9-36-3-81-mm-internal-diameter-finger-size-15-6mm-18k-gold-tested-using-x-ray-f\/"},"modified":"2025-07-17T11:18:31","modified_gmt":"2025-07-17T03:18:31","slug":"yellow-pixiu-natural-type-a-jadeite-ring-set-with-18k-gold-and-diamonds-with-ngi-gemstone-report-weighs-2-89-grams-16-10-9-36-3-81-mm-internal-diameter-finger-size-15-6mm-18k-gold-tested-using-x-ray-f","status":"publish","type":"product","link":"https:\/\/shop.yipinqian.com\/vi\/san-pham\/yellow-pixiu-natural-type-a-jadeite-ring-set-with-18k-gold-and-diamonds-with-ngi-gemstone-report-weighs-2-89-grams-16-10-9-36-3-81-mm-internal-diameter-finger-size-15-6mm-18k-gold-tested-using-x-ray-f\/","title":{"rendered":"Nh\u1eabn ng\u1ecdc b\u00edch Pixiu t\u1ef1 nhi\u00ean lo\u1ea1i A m\u00e0u v\u00e0ng \u0111\u01b0\u1ee3c \u0111\u00ednh v\u00e0ng 18k v\u00e0 kim c\u01b0\u01a1ng c\u00f3 b\u00e1o c\u00e1o \u0111\u00e1 qu\u00fd NGI n\u1eb7ng 2,89 gram, 16,10 * 9,36 * 3,81 mm (\u0110\u01b0\u1eddng k\u00ednh trong k\u00edch th\u01b0\u1edbc ng\u00f3n tay = 15,6mm), v\u00e0ng 18k \u0111\u01b0\u1ee3c ki\u1ec3m tra b\u1eb1ng ph\u01b0\u01a1ng ph\u00e1p hu\u1ef3nh quang tia X (18kring9)"},"content":{"rendered":"<h2>Yellow Pixiu Natural Type A Jadeite ring<br \/>\n<iframe title=\"Yellow Pixiu Natural Type A Jadeite ring\" src=\"https:\/\/youtube.com\/embed\/mTsjMkDmXSQ\/\" width=\"330\" height=\"300\"><\/iframe><br \/>\nChi\u1ebfc nh\u1eabn ng\u1ecdc b\u00edch Pixiu t\u1ef1 nhi\u00ean lo\u1ea1i A m\u00e0u v\u00e0ng n\u00e0y l\u00e0 m\u1ed9t m\u00f3n \u0111\u1ed3 trang s\u1ee9c tuy\u1ec7t \u0111\u1eb9p k\u1ebft h\u1ee3p v\u1ebb \u0111\u1eb9p c\u1ee7a v\u1eadt li\u1ec7u qu\u00fd v\u1edbi s\u1ef1 thanh l\u1ecbch c\u1ee7a thi\u1ebft k\u1ebf.<\/h2>\n<p><strong>S\u1ed1 li\u1ec7u b\u00e1o c\u00e1o c\u1ee7a NGI:<\/strong> 63837059<br \/>\n<strong>Kim c\u01b0\u01a1ng:<\/strong> 16 * 0,003, 2 * 0,006 = 0,06 carat<br \/>\n<strong>1<\/strong><strong><strong>C\u00e2n v\u00e0ng 8k<\/strong>:<\/strong> 1,9 gam<br \/>\n<strong>Ng\u1ecdc b\u00edch:<\/strong> 0,97 gam<\/p>\n<ul>\n<li><strong>Jadeite t\u1ef1 nhi\u00ean lo\u1ea1i A:<\/strong> Chi\u1ebfc nh\u1eabn c\u00f3 vi\u00ean \u0111\u00e1 Jadeite t\u1ef1 nhi\u00ean lo\u1ea1i A qu\u00fd hi\u1ebfm v\u00e0 c\u00f3 gi\u00e1 tr\u1ecb. Lo\u1ea1i \u0111\u00e1 qu\u00fd n\u00e0y \u0111\u01b0\u1ee3c bi\u1ebft \u0111\u1ebfn v\u1edbi m\u00e0u xanh l\u00e1 c\u00e2y s\u1ed1ng \u0111\u1ed9ng \u0111\u1ed9c \u0111\u00e1o v\u00e0 \u0111\u1ed9 b\u1ec1n \u0111\u00e1ng ch\u00fa \u00fd.<\/li>\n<li><strong>V\u00e0ng 18k v\u00e0 Kim c\u01b0\u01a1ng:<\/strong> Chi\u1ebfc nh\u1eabn \u0111\u01b0\u1ee3c n\u1ea1m v\u00e0ng 18k, \u0111\u00ednh kim c\u01b0\u01a1ng, c\u00e0ng l\u00e0m t\u0103ng th\u00eam v\u1ebb l\u1ea5p l\u00e1nh cho m\u00f3n \u0111\u1ed3 tinh x\u1ea3o n\u00e0y.<\/li>\n<li><strong>Gi\u1ea5y ch\u1ee9ng nh\u1eadn bao g\u1ed3m:<\/strong> Khi mua h\u00e0ng, b\u1ea1n s\u1ebd nh\u1eadn \u0111\u01b0\u1ee3c b\u00e1o c\u00e1o c\u1ee7a NGI Gemstone, \u0111\u1ea3m b\u1ea3o t\u00ednh x\u00e1c th\u1ef1c v\u00e0 ch\u1ea5t l\u01b0\u1ee3ng c\u1ee7a \u0111\u00e1 ng\u1ecdc b\u00edch.<\/li>\n<\/ul>\n<p><img fetchpriority=\"high\" decoding=\"async\" class=\"alignnone\" src=\"https:\/\/shop.yipinqian.com\/wp-content\/uploads\/2024\/10\/fa4d70c87d176a0dd57f3ed01ab0b6e7-1.jpg?from=476444299\" alt=\"Yellow Pixiu Natural Type A Jadeite ring\" width=\"1080\" height=\"1080\" \/><\/p>\n<ul>\n<li>\u0110\u01b0\u1eddng k\u00ednh b\u00ean trong K\u00edch th\u01b0\u1edbc ng\u00f3n tay = 15,6 mm<\/li>\n<\/ul>\n<p>Chi\u1ebfc nh\u1eabn ng\u1ecdc b\u00edch Pixiu t\u1ef1 nhi\u00ean lo\u1ea1i A m\u00e0u v\u00e0ng n\u00e0y n\u1eb7ng 2,89 gam, c\u00f3 k\u00edch th\u01b0\u1edbc 16,10 x 9,36 x 3,81 mm; \u0111\u01b0\u1ee3c thi\u1ebft k\u1ebf \u0111\u1ec3 v\u1eeba v\u1eb7n v\u1edbi m\u1ecdi k\u00edch c\u1ee1 ng\u00f3n tay cho m\u1ecdi d\u1ecbp!<\/p>\n<ul>\n<li><strong>S\u1ea3n xu\u1ea5t t\u1ea1i Myanmar:<\/strong>Tay ngh\u1ec1 th\u1ee7 c\u00f4ng tinh x\u1ea3o \u0111\u1eb1ng sau m\u00f3n \u0111\u1ed3 trang s\u1ee9c n\u00e0y \u0111\u1ebfn t\u1eeb Myanmar - \u0111\u1ea5t n\u01b0\u1edbc n\u1ed5i ti\u1ebfng s\u1ea3n xu\u1ea5t m\u1ed9t s\u1ed1 lo\u1ea1i \u0111\u00e1 ng\u1ecdc b\u00edch t\u1ed1t nh\u1ea5t th\u1ebf gi\u1edbi!<\/li>\n<\/ul>\n<p>Chi\u1ebfc nh\u1eabn tuy\u1ec7t \u0111\u1eb9p n\u00e0y l\u00e0 l\u1ef1a ch\u1ecdn tuy\u1ec7t v\u1eddi \u0111\u1ec3 l\u00e0m qu\u00e0 k\u1ef7 ni\u1ec7m ho\u1eb7c cho b\u1ea5t k\u1ef3 d\u1ecbp \u0111\u1eb7c bi\u1ec7t n\u00e0o! N\u00f3 \u0111\u01b0\u1ee3c thi\u1ebft k\u1ebf d\u00e0nh ri\u00eang cho nh\u1eefng ng\u01b0\u1eddi ph\u1ee5 n\u1eef y\u00eau th\u00edch \u0111\u1ed3 trang s\u1ee9c xa x\u1ec9 \u0111\u01b0\u1ee3c l\u00e0m t\u1eeb nh\u1eefng v\u1eadt li\u1ec7u ch\u1ea5t l\u01b0\u1ee3ng cao nh\u01b0 V\u00e0ng &amp; Kim c\u01b0\u01a1ng \u2013 khi\u1ebfn n\u00f3 kh\u00f4ng ch\u1ec9 \u0111\u1eb9p l\u00e2u b\u1ec1n m\u00e0 c\u00f2n c\u00f3 gi\u00e1 tr\u1ecb n\u1eefa!<\/p>\n<p>Yi Pin Qian \u2013 Nh\u00e0 bu\u00f4n \u0111\u00e1 qu\u00fd v\u00e0 kim lo\u1ea1i qu\u00fd t\u1ea1i Singapore \u2013 S\u1ed1 gi\u1ea5y ph\u00e9p PS20190000031<\/p>\n<p>*T\u1ea5t c\u1ea3 c\u00e1c lo\u1ea1i Jadeite \u0111\u01b0\u1ee3c mua t\u1eeb Yi Pin Qian t\u1ea1i Singapore, kh\u00e1ch h\u00e0ng c\u00f3 th\u1ec3 \u0111\u1eb7t l\u1ecbch \u0111\u00e1nh b\u00f3ng ho\u1eb7c s\u1eeda ch\u1eefa nh\u1ecf do x\u1eed l\u00fd sai c\u00e1ch \u2013 c\u00f3 t\u00ednh ph\u00ed v\u00e0 ch\u1ec9 d\u00e0nh cho kh\u00e1ch h\u00e0ng c\u1ee7a Yi Pin Qian t\u1ea1i Singapore*<\/p>\n<ul>\n<li><\/li>\n<\/ul>\n<p>NGI (C\u00f4ng ty \u0110\u00e1 qu\u00fd Nan Yang)<\/p>\n<p>ho\u1eb7c ch\u1ee9ng ch\u1ec9 n\u01b0\u1edbc ngo\u00e0i (Yi Pin Qian ch\u1ec9 s\u1eed d\u1ee5ng ch\u1ee9ng ch\u1ec9 x\u00e1c th\u1ef1c t\u1eeb c\u00e1c ph\u00f2ng th\u00ed nghi\u1ec7m \u1edf n\u01b0\u1edbc ngo\u00e0i v\u00e0 c\u0169ng ki\u1ec3m so\u00e1t ch\u1ea5t l\u01b0\u1ee3ng m\u1ecdi s\u1ea3n ph\u1ea9m c\u1ee7a ch\u00fang t\u00f4i tr\u01b0\u1edbc khi \u0111\u01b0a ch\u00fang ra b\u00e1n t\u1ea1i Singapore)<\/p>\n<p>M\u1ed7i s\u1ea3n ph\u1ea9m tr\u00ean TikTok s\u1ebd c\u00f3 lo\u1ea1i ch\u1ee9ng ch\u1ec9 \u0111\u01b0\u1ee3c cung c\u1ea5p \u0111\u01b0\u1ee3c ch\u1ec9 \u0111\u1ecbnh trong ph\u1ea7n m\u00f4 t\u1ea3. \u0110\u1ed1i v\u1edbi b\u1ea5t k\u1ef3 kh\u00e1ch h\u00e0ng n\u00e0o mu\u1ed1n g\u1eedi \u0111\u01a1n h\u00e0ng c\u1ee7a m\u00ecnh \u0111\u1ebfn NGI Singapore, s\u1ebd c\u00f3 th\u1eddi gian ch\u1edd giao h\u00e0ng \u01b0\u1edbc t\u00ednh kho\u1ea3ng 4 tu\u1ea7n \u0111\u1ec3 nh\u1eadn \u0111\u01b0\u1ee3c \u0111\u01a1n h\u00e0ng c\u1ee7a b\u1ea1n. Y\u00eau c\u1ea7u b\u00e1o c\u00e1o v\u1ec1 \u0111\u00e1 qu\u00fd NGI c\u1ea7n \u0111\u01b0\u1ee3c th\u1ef1c hi\u1ec7n b\u1eb1ng c\u00e1ch nh\u1eafn tin cho c\u1eeda h\u00e0ng Yi Pin Qian TikTok. C\u1ea3m \u01a1n b\u1ea1n, ch\u00fang t\u00f4i s\u1ebd \u00e1p d\u1ee5ng th\u00eam ph\u00ed.<\/p>","protected":false},"excerpt":{"rendered":"<h2>Yellow Pixiu Natural Type A Jadeite ring<\/h2>\n<p><img decoding=\"async\" class=\"aligncenter size-medium wp-image-22231\" src=\"https:\/\/shop.yipinqian.com\/wp-content\/uploads\/2024\/10\/WhatsApp-Image-2024-05-09-at-16.44.57_f39d3e06-300x300.jpg\" alt=\"Yellow Pixiu Natural Type A Jadeite ring\" width=\"300\" height=\"300\" srcset=\"https:\/\/shop.yipinqian.com\/wp-content\/uploads\/2024\/10\/WhatsApp-Image-2024-05-09-at-16.44.57_f39d3e06-300x300.jpg 300w, https:\/\/shop.yipinqian.com\/wp-content\/uploads\/2024\/10\/WhatsApp-Image-2024-05-09-at-16.44.57_f39d3e06-1024x1024.jpg 1024w, https:\/\/shop.yipinqian.com\/wp-content\/uploads\/2024\/10\/WhatsApp-Image-2024-05-09-at-16.44.57_f39d3e06-150x150.jpg 150w, https:\/\/shop.yipinqian.com\/wp-content\/uploads\/2024\/10\/WhatsApp-Image-2024-05-09-at-16.44.57_f39d3e06-768x768.jpg 768w, https:\/\/shop.yipinqian.com\/wp-content\/uploads\/2024\/10\/WhatsApp-Image-2024-05-09-at-16.44.57_f39d3e06-12x12.jpg 12w, https:\/\/shop.yipinqian.com\/wp-content\/uploads\/2024\/10\/WhatsApp-Image-2024-05-09-at-16.44.57_f39d3e06-500x500.jpg 500w, https:\/\/shop.yipinqian.com\/wp-content\/uploads\/2024\/10\/WhatsApp-Image-2024-05-09-at-16.44.57_f39d3e06-100x100.jpg 100w, https:\/\/shop.yipinqian.com\/wp-content\/uploads\/2024\/10\/WhatsApp-Image-2024-05-09-at-16.44.57_f39d3e06.jpg 1080w\" sizes=\"(max-width: 300px) 100vw, 300px\" \/><\/p>","protected":false},"featured_media":2052,"comment_status":"open","ping_status":"closed","template":"","meta":[],"product_brand":[],"product_cat":[195],"product_tag":[],"class_list":{"0":"post-1885","1":"product","2":"type-product","3":"status-publish","4":"has-post-thumbnail","6":"product_cat-heirloom-grade","8":"first","9":"instock","10":"sale","11":"sold-individually","12":"shipping-taxable","13":"purchasable","14":"product-type-simple"},"_links":{"self":[{"href":"https:\/\/shop.yipinqian.com\/vi\/wp-json\/wp\/v2\/product\/1885","targetHints":{"allow":["GET"]}}],"collection":[{"href":"https:\/\/shop.yipinqian.com\/vi\/wp-json\/wp\/v2\/product"}],"about":[{"href":"https:\/\/shop.yipinqian.com\/vi\/wp-json\/wp\/v2\/types\/product"}],"replies":[{"embeddable":true,"href":"https:\/\/shop.yipinqian.com\/vi\/wp-json\/wp\/v2\/comments?post=1885"}],"version-history":[{"count":0,"href":"https:\/\/shop.yipinqian.com\/vi\/wp-json\/wp\/v2\/product\/1885\/revisions"}],"wp:featuredmedia":[{"embeddable":true,"href":"https:\/\/shop.yipinqian.com\/vi\/wp-json\/wp\/v2\/media\/2052"}],"wp:attachment":[{"href":"https:\/\/shop.yipinqian.com\/vi\/wp-json\/wp\/v2\/media?parent=1885"}],"wp:term":[{"taxonomy":"product_brand","embeddable":true,"href":"https:\/\/shop.yipinqian.com\/vi\/wp-json\/wp\/v2\/product_brand?post=1885"},{"taxonomy":"product_cat","embeddable":true,"href":"https:\/\/shop.yipinqian.com\/vi\/wp-json\/wp\/v2\/product_cat?post=1885"},{"taxonomy":"product_tag","embeddable":true,"href":"https:\/\/shop.yipinqian.com\/vi\/wp-json\/wp\/v2\/product_tag?post=1885"}],"curies":[{"name":"wp","href":"https:\/\/api.w.org\/{rel}","templated":true}]}}