{"id":1884,"date":"2024-10-24T23:23:25","date_gmt":"2024-10-24T15:23:25","guid":{"rendered":"https:\/\/shop.yipinqian.com\/product\/yellow-natural-type-a-jadeite-pendant-carved-as-fish-with-certificate-weigh-28-33-grams-55-50-2-7-mm-meaning-many-sons-and-many-blessings-full-of-children-and-grandchildren-and-life-is-harmonious-and\/"},"modified":"2025-02-17T00:04:19","modified_gmt":"2025-02-16T16:04:19","slug":"yellow-natural-type-a-jadeite-pendant-carved-as-fish-with-certificate-weigh-28-33-grams-55-50-2-7-mm-meaning-many-sons-and-many-blessings-full-of-children-and-grandchildren-and-life-is-harmonious-and","status":"publish","type":"product","link":"https:\/\/shop.yipinqian.com\/vi\/san-pham\/yellow-natural-type-a-jadeite-pendant-carved-as-fish-with-certificate-weigh-28-33-grams-55-50-2-7-mm-meaning-many-sons-and-many-blessings-full-of-children-and-grandchildren-and-life-is-harmonious-and\/","title":{"rendered":"M\u1eb7t d\u00e2y chuy\u1ec1n ng\u1ecdc b\u00edch t\u1ef1 nhi\u00ean m\u00e0u v\u00e0ng lo\u1ea1i A kh\u1eafc h\u00ecnh con c\u00e1 k\u00e8m gi\u1ea5y ch\u1ee9ng nh\u1eadn n\u1eb7ng 28,33 gram, k\u00edch th\u01b0\u1edbc 55 * 50,2 * 7 mm, \u00fd ngh\u0129a Nhi\u1ec1u con trai, nhi\u1ec1u ph\u00fac l\u00e0nh, con ch\u00e1u sum v\u1ea7y, cu\u1ed9c s\u1ed1ng h\u00f2a thu\u1eadn, su\u00f4n s\u1ebb, kh\u00f4ng lo toan, bu\u1ed3n phi\u1ec1n (m\u1eb7t d\u00e2y chuy\u1ec1n77)"},"content":{"rendered":"<ul>\n<li>M\u1eb7t d\u00e2y chuy\u1ec1n ng\u1ecdc b\u00edch t\u1ef1 nhi\u00ean lo\u1ea1i A m\u00e0u v\u00e0ng n\u00e0y th\u1ef1c s\u1ef1 l\u00e0 m\u1ed9t t\u00e1c ph\u1ea9m ngh\u1ec7 thu\u1eadt, \u0111\u01b0\u1ee3c ch\u1ea1m kh\u1eafc h\u00ecnh con c\u00e1 v\u00e0 n\u1eb7ng 28,33 gram, v\u1edbi k\u00edch th\u01b0\u1edbc 55 * 50,2 * 7 mm.<\/li>\n<\/ul>\n<ul>\n<li>S\u1ea3n ph\u1ea9m c\u00f3 k\u00e8m theo gi\u1ea5y ch\u1ee9ng nh\u1eadn x\u00e1c nh\u1eadn t\u00ednh x\u00e1c th\u1ef1c.<\/li>\n<\/ul>\n<p><strong>S\u1ed1 ch\u1ee9ng ch\u1ec9: GD2110H018515<\/strong><\/p>\n<ul>\n<li>Ng\u01b0\u1eddi ta tin r\u1eb1ng m\u1eb7t d\u00e2y chuy\u1ec1n n\u00e0y s\u1ebd mang l\u1ea1i may m\u1eafn cho ng\u01b0\u1eddi \u0111eo v\u00ec n\u00f3 t\u01b0\u1ee3ng tr\u01b0ng cho \u201cNhi\u1ec1u con trai, nhi\u1ec1u ph\u01b0\u1edbc l\u00e0nh, con ch\u00e1u sum v\u1ea7y\u201d c\u0169ng nh\u01b0 \u201cCu\u1ed9c s\u1ed1ng h\u00f2a thu\u1eadn, su\u00f4n s\u1ebb, kh\u00f4ng c\u00f2n lo l\u1eafng, bu\u1ed3n phi\u1ec1n\u201d.<\/li>\n<\/ul>\n<p><img fetchpriority=\"high\" decoding=\"async\" height=\"1080\" src=\"https:\/\/shop.yipinqian.com\/wp-content\/uploads\/2024\/10\/93675bf5c1fcfe47bb987fb113f4a129-1.jpg?from=476444299\" width=\"1080\"><\/p>\n<ul>\n<li>\u0110i\u1ec1u n\u00e0y l\u00e0m cho n\u00f3 tr\u1edf th\u00e0nh ph\u1ee5 ki\u1ec7n l\u00fd t\u01b0\u1edfng \u0111\u1ec3 \u0111eo h\u00e0ng ng\u00e0y. M\u1eb7t d\u00e2y chuy\u1ec1n unisex n\u00e0y \u0111\u01b0\u1ee3c ch\u1ebf t\u00e1c b\u1eb1ng Jadeite mang l\u1ea1i cho n\u00f3 v\u1ebb thanh l\u1ecbch.<\/li>\n<\/ul>\n<ul>\n<li>Ki\u1ec3u v\u00f2ng c\u1ed5 n\u00e0y c\u00f3 th\u1ec3 \u0111\u01b0\u1ee3c m\u00f4 t\u1ea3 t\u1ed1t nh\u1ea5t l\u00e0 gi\u1ea3n d\u1ecb nh\u01b0ng c\u00f3 th\u1ec3 ph\u00f9 h\u1ee3p v\u1edbi b\u1ea5t k\u1ef3 trang ph\u1ee5c n\u00e0o m\u00e0 kh\u00f4ng qu\u00e1 l\u00f2e lo\u1eb9t hay qu\u00e1 n\u1ed5i b\u1eadt.<\/li>\n<\/ul>\n<ul>\n<li>N\u1ebfu b\u1ea1n \u0111ang t\u00ecm ki\u1ebfm m\u1ed9t ph\u1ee5 ki\u1ec7n gi\u00fap t\u0103ng th\u00eam n\u00e9t quy\u1ebfn r\u0169 cho trang ph\u1ee5c c\u1ee7a m\u00ecnh \u0111\u1ed3ng th\u1eddi mang l\u1ea1i may m\u1eafn th\u00ec M\u1eb7t d\u00e2y chuy\u1ec1n ng\u1ecdc b\u00edch t\u1ef1 nhi\u00ean m\u00e0u v\u00e0ng lo\u1ea1i A \u0111\u01b0\u1ee3c ch\u1ea1m kh\u1eafc h\u00ecnh con c\u00e1 n\u00e0y c\u00f3 th\u1ec3 l\u00e0 th\u1ee9 b\u1ea1n c\u1ea7n!<\/li>\n<\/ul>\n<p>Yi Pin Qian \u2013 Nh\u00e0 bu\u00f4n \u0111\u00e1 qu\u00fd v\u00e0 kim lo\u1ea1i qu\u00fd t\u1ea1i Singapore \u2013 S\u1ed1 gi\u1ea5y ph\u00e9p PS20190000031<\/p>\n<p>*T\u1ea5t c\u1ea3 c\u00e1c lo\u1ea1i Jadeite \u0111\u01b0\u1ee3c mua t\u1eeb Yi Pin Qian t\u1ea1i Singapore, kh\u00e1ch h\u00e0ng c\u00f3 th\u1ec3 \u0111\u1eb7t l\u1ecbch \u0111\u00e1nh b\u00f3ng ho\u1eb7c s\u1eeda ch\u1eefa nh\u1ecf do x\u1eed l\u00fd sai c\u00e1ch \u2013 c\u00f3 t\u00ednh ph\u00ed v\u00e0 ch\u1ec9 d\u00e0nh cho kh\u00e1ch h\u00e0ng c\u1ee7a Yi Pin Qian t\u1ea1i Singapore*<\/p>\n<p><strong>**C\u00e1c lo\u1ea1i ch\u1ee9ng ch\u1ec9**<\/strong><\/p>\n<p><strong>NGI (C\u00f4ng ty \u0110\u00e1 qu\u00fd Nan Yang)<\/strong><\/p>\n<p>ho\u1eb7c <strong>Ch\u1ee9ng ch\u1ec9 n\u01b0\u1edbc ngo\u00e0i <\/strong>(Yi Pin Qian ch\u1ec9 s\u1eed d\u1ee5ng c\u00e1c ch\u1ee9ng ch\u1ec9 x\u00e1c th\u1ef1c t\u1eeb c\u00e1c ph\u00f2ng th\u00ed nghi\u1ec7m \u1edf n\u01b0\u1edbc ngo\u00e0i v\u00e0 ki\u1ec3m so\u00e1t ch\u1ea5t l\u01b0\u1ee3ng m\u1ecdi s\u1ea3n ph\u1ea9m c\u1ee7a ch\u00fang t\u00f4i tr\u01b0\u1edbc khi \u0111\u01b0a ch\u00fang ra b\u00e1n t\u1ea1i Singapore)<\/p>\n<p>M\u1ed7i s\u1ea3n ph\u1ea9m tr\u00ean TikTok s\u1ebd c\u00f3 lo\u1ea1i ch\u1ee9ng ch\u1ec9 \u0111\u01b0\u1ee3c cung c\u1ea5p \u0111\u01b0\u1ee3c n\u00eau trong ph\u1ea7n m\u00f4 t\u1ea3. \u0110\u1ed1i v\u1edbi b\u1ea5t k\u1ef3 kh\u00e1ch h\u00e0ng n\u00e0o mu\u1ed1n g\u1eedi \u0111\u01a1n h\u00e0ng c\u1ee7a m\u00ecnh \u0111\u1ebfn NGI Singapore, s\u1ebd c\u00f3 th\u1eddi gian ch\u1edd giao h\u00e0ng \u01b0\u1edbc t\u00ednh kho\u1ea3ng 4 tu\u1ea7n \u0111\u1ec3 nh\u1eadn \u0111\u01b0\u1ee3c \u0111\u01a1n h\u00e0ng c\u1ee7a b\u1ea1n. <strong>Y\u00eau c\u1ea7u b\u00e1o c\u00e1o v\u1ec1 NGI Gemstone c\u1ea7n \u0111\u01b0\u1ee3c th\u1ef1c hi\u1ec7n b\u1eb1ng c\u00e1ch nh\u1eafn tin \u0111\u1ebfn c\u1eeda h\u00e0ng TikTok Yi Pin Qian.<\/strong> C\u1ea3m \u01a1n, <strong><u>\u00e1p d\u1ee5ng th\u00eam ph\u00ed<\/u><\/strong>.<\/p>\n<p><strong>Jadeite t\u1ef1 nhi\u00ean kh\u00f4ng ho\u00e0n h\u1ea3o, ch\u1ec9 l\u00e0 m\u1ed9t l\u1eddi nh\u1eafc nh\u1edf nh\u1eb9 nh\u00e0ng, Jadeite t\u1ef1 nhi\u00ean c\u1ee7a ch\u00fang t\u00f4i, gi\u1ed1ng nh\u01b0 t\u1ea5t c\u1ea3 nh\u1eefng th\u1ee9 \u0111\u1eb9p \u0111\u1ebd trong t\u1ef1 nhi\u00ean, c\u00f3 nh\u1eefng \u0111\u1eb7c \u0111i\u1ec3m v\u00e0 bi\u1ebfn th\u1ec3 \u0111\u1ed9c \u0111\u00e1o. Ch\u00fang t\u00f4i m\u1eddi nh\u1eefng kh\u00e1ch h\u00e0ng c\u00f3 gi\u00e1 tr\u1ecb c\u1ee7a m\u00ecnh \u0111\u00f3n nh\u1eadn nh\u1eefng bi\u1ebfn th\u1ec3 t\u1ef1 nhi\u00ean n\u00e0y. Ch\u00fac b\u1ea1n mua s\u1eafm vui v\u1ebb!<\/strong><\/p>\n<p><strong><u>Kh\u00f4ng c\u00f3 h\u00ecnh \u1ea3nh v\u00e0 c\u1ea3nh quay video n\u00e0o \u0111\u01b0\u1ee3c l\u1ecdc. Ch\u00fang t\u00f4i khuy\u1ebfn kh\u00edch kh\u00e1ch h\u00e0ng c\u1ee7a m\u00ecnh c\u0169ng xem c\u00e1c video \u0111i k\u00e8m \u0111\u1ec3 c\u00f3 c\u00e1i nh\u00ecn to\u00e0n di\u1ec7n h\u01a1n v\u1ec1 s\u1ea3n ph\u1ea9m c\u1ee7a ch\u00fang t\u00f4i<\/u><\/strong><\/p>","protected":false},"excerpt":{"rendered":"<p>This Yellow Natural Type A Jadeite Pendant is truly a work of art, carved in the shape of a fish and weighing 28.33 grams, with dimensions of 55 * 50.2 * 7 mm. It comes with a certificate which confirms its authenticity. Certificate numbers: GD2110H018515 The pendant is believed to bring good luck to the [&hellip;]<\/p>","protected":false},"featured_media":1929,"comment_status":"open","ping_status":"closed","template":"","meta":[],"product_brand":[],"product_cat":[48],"product_tag":[],"class_list":{"0":"post-1884","1":"product","2":"type-product","3":"status-publish","4":"has-post-thumbnail","6":"product_cat-pendants","8":"first","9":"instock","10":"sale","11":"shipping-taxable","12":"purchasable","13":"product-type-simple"},"_links":{"self":[{"href":"https:\/\/shop.yipinqian.com\/vi\/wp-json\/wp\/v2\/product\/1884","targetHints":{"allow":["GET"]}}],"collection":[{"href":"https:\/\/shop.yipinqian.com\/vi\/wp-json\/wp\/v2\/product"}],"about":[{"href":"https:\/\/shop.yipinqian.com\/vi\/wp-json\/wp\/v2\/types\/product"}],"replies":[{"embeddable":true,"href":"https:\/\/shop.yipinqian.com\/vi\/wp-json\/wp\/v2\/comments?post=1884"}],"version-history":[{"count":0,"href":"https:\/\/shop.yipinqian.com\/vi\/wp-json\/wp\/v2\/product\/1884\/revisions"}],"wp:featuredmedia":[{"embeddable":true,"href":"https:\/\/shop.yipinqian.com\/vi\/wp-json\/wp\/v2\/media\/1929"}],"wp:attachment":[{"href":"https:\/\/shop.yipinqian.com\/vi\/wp-json\/wp\/v2\/media?parent=1884"}],"wp:term":[{"taxonomy":"product_brand","embeddable":true,"href":"https:\/\/shop.yipinqian.com\/vi\/wp-json\/wp\/v2\/product_brand?post=1884"},{"taxonomy":"product_cat","embeddable":true,"href":"https:\/\/shop.yipinqian.com\/vi\/wp-json\/wp\/v2\/product_cat?post=1884"},{"taxonomy":"product_tag","embeddable":true,"href":"https:\/\/shop.yipinqian.com\/vi\/wp-json\/wp\/v2\/product_tag?post=1884"}],"curies":[{"name":"wp","href":"https:\/\/api.w.org\/{rel}","templated":true}]}}