{"id":1882,"date":"2024-10-24T23:23:23","date_gmt":"2024-10-24T15:23:23","guid":{"rendered":"https:\/\/shop.yipinqian.com\/product\/yellow-natural-type-a-jadeite-jade-pendant-crafted-as-dragon-turtle-set-on-18k-gold-with-diamond-certificate-weigh-6-69-grams-measurement-33-8-17-7-11-6-mm-18kp16\/"},"modified":"2025-02-17T00:04:19","modified_gmt":"2025-02-16T16:04:19","slug":"yellow-natural-type-a-jadeite-jade-pendant-crafted-as-dragon-turtle-set-on-18k-gold-with-diamond-certificate-weigh-6-69-grams-measurement-33-8-17-7-11-6-mm-18kp16","status":"publish","type":"product","link":"https:\/\/shop.yipinqian.com\/vi\/san-pham\/yellow-natural-type-a-jadeite-jade-pendant-crafted-as-dragon-turtle-set-on-18k-gold-with-diamond-certificate-weigh-6-69-grams-measurement-33-8-17-7-11-6-mm-18kp16\/","title":{"rendered":"M\u1eb7t d\u00e2y chuy\u1ec1n ng\u1ecdc b\u00edch t\u1ef1 nhi\u00ean m\u00e0u v\u00e0ng lo\u1ea1i A \u0111\u01b0\u1ee3c ch\u1ebf t\u00e1c th\u00e0nh h\u00ecnh con r\u00f9a r\u1ed3ng tr\u00ean v\u00e0ng 18k c\u00f3 g\u1eafn kim c\u01b0\u01a1ng, gi\u1ea5y ch\u1ee9ng nh\u1eadn n\u1eb7ng 6,69 gram, k\u00edch th\u01b0\u1edbc 33,8 * 17,7 * 11,6 mm (18kp16)"},"content":{"rendered":"<p>M\u1eb7t d\u00e2y chuy\u1ec1n ng\u1ecdc b\u00edch t\u1ef1 nhi\u00ean m\u00e0u v\u00e0ng lo\u1ea1i A tuy\u1ec7t \u0111\u1eb9p n\u00e0y l\u00e0 m\u1ed9t m\u00f3n \u0111\u1ed3 kh\u00f4ng th\u1ec3 thi\u1ebfu trong b\u1ed9 s\u01b0u t\u1eadp trang s\u1ee9c c\u1ee7a b\u1ea1n. \u0110\u01b0\u1ee3c ch\u1ebf t\u00e1c nh\u01b0 R\u00f9a r\u1ed3ng v\u00e0 g\u1eafn tr\u00ean v\u00e0ng 18k v\u1edbi kim c\u01b0\u01a1ng, m\u1eb7t d\u00e2y chuy\u1ec1n n\u00e0y l\u00e0 m\u1ed9t ki\u1ec7t t\u00e1c th\u1ef1c s\u1ef1 s\u1ebd mang \u0111\u1ebfn s\u1ef1 thanh l\u1ecbch v\u00e0 phong c\u00e1ch cho b\u1ea5t k\u1ef3 trang ph\u1ee5c n\u00e0o.<\/p>\n<p>\u00a0<\/p>\n<p><strong>S\u1ed1 ch\u1ee9ng ch\u1ec9: ZSJ12209021962<\/strong><\/p>\n<p>\u00a0<\/p>\n<p><strong>Ng\u1ecdc b\u00edch R\u00f9a R\u1ed3ng: 26.2 *<em> 17 *<\/em> 8,3mm<\/strong><\/p>\n<p><strong>V\u00e0ng 18k Tr\u1ecdng l\u01b0\u1ee3ng: 1,65 gram<\/strong><\/p>\n<p><strong>Kim c\u01b0\u01a1ng: 1 * 0,06 = 0,06 carat<\/strong><\/p>\n<p>\u00a0<\/p>\n<ul>\n<li>\n<strong>Ch\u1ea5t l\u01b0\u1ee3ng cao:<\/strong> \u0110\u01b0\u1ee3c l\u00e0m t\u1eeb ng\u1ecdc b\u00edch t\u1ef1 nhi\u00ean lo\u1ea1i A, m\u1eb7t d\u00e2y chuy\u1ec1n n\u00e0y c\u00f3 ch\u1ea5t l\u01b0\u1ee3ng cao nh\u1ea5t.<\/li>\n<li>\n<strong>Thi\u1ebft k\u1ebf \u0111\u1ed9c \u0111\u00e1o:<\/strong> \u0110\u01b0\u1ee3c ch\u1ebf t\u00e1c theo h\u00ecnh \u1ea3nh R\u1ed3ng R\u00f9a, m\u1eb7t d\u00e2y chuy\u1ec1n n\u00e0y c\u00f3 thi\u1ebft k\u1ebf b\u1eaft m\u1eaft t\u01b0\u1ee3ng tr\u01b0ng cho s\u1ef1 tr\u01b0\u1eddng th\u1ecd v\u00e0 may m\u1eafn.<\/li>\n<li>\n<strong>V\u1eadt li\u1ec7u cao c\u1ea5p:<\/strong> \u0110\u01b0\u1ee3c ch\u1ebf t\u00e1c tr\u00ean ch\u1ea5t li\u1ec7u v\u00e0ng 18k \u0111\u00ednh kim c\u01b0\u01a1ng, chi\u1ebfc v\u00f2ng c\u1ed5 n\u00e0y mang \u0111\u1ebfn n\u00e9t tinh t\u1ebf v\u00e0 sang tr\u1ecdng.<\/li>\n<\/ul>\n<p>V\u1edbi tr\u1ecdng l\u01b0\u1ee3ng 6,69 gram v\u00e0 k\u00edch th\u01b0\u1edbc 33,8 * 17,7 * 11,6 mm (18kp16), chi\u1ebfc v\u00f2ng c\u1ed5 n\u00e0y ho\u00e0n h\u1ea3o cho c\u1ea3 nam v\u00e0 n\u1eef y\u00eau th\u00edch ph\u1ee5 ki\u1ec7n trang s\u1ee9c phong c\u00e1ch gi\u1ea3n d\u1ecb.\u00a0<\/p>\n<ul>\n<li>\n<strong>Gi\u1ea5y ch\u1ee9ng nh\u1eadn bao g\u1ed3m:<\/strong>S\u1ea3n ph\u1ea9m n\u00e0y c\u00f3 gi\u1ea5y ch\u1ee9ng nh\u1eadn t\u1eeb Myanmar \u0111\u1ea3m b\u1ea3o t\u00ednh x\u00e1c th\u1ef1c c\u1ee7a n\u00f3<\/li>\n<\/ul>\n<p>H\u00e3y th\u00eam n\u00e9t quy\u1ebfn r\u0169 v\u00e0o b\u1ed9 s\u01b0u t\u1eadp phong c\u00e1ch th\u01b0\u1eddng ng\u00e0y c\u1ee7a b\u1ea1n b\u1eb1ng c\u00e1ch s\u1edf h\u1eefu m\u1ed9t chi\u1ebfc ngay h\u00f4m nay!<\/p>\n<p>\u00a0<\/p>\n<p>Yi Pin Qian \u2013 Nh\u00e0 bu\u00f4n \u0111\u00e1 qu\u00fd v\u00e0 kim lo\u1ea1i qu\u00fd t\u1ea1i Singapore \u2013 S\u1ed1 gi\u1ea5y ph\u00e9p PS20190000031<\/p>\n<p>\u00a0<\/p>\n<p>*T\u1ea5t c\u1ea3 c\u00e1c lo\u1ea1i Jadeite \u0111\u01b0\u1ee3c mua t\u1eeb Yi Pin Qian t\u1ea1i Singapore, kh\u00e1ch h\u00e0ng c\u00f3 th\u1ec3 \u0111\u1eb7t l\u1ecbch \u0111\u00e1nh b\u00f3ng ho\u1eb7c s\u1eeda ch\u1eefa nh\u1ecf do x\u1eed l\u00fd sai c\u00e1ch \u2013 c\u00f3 t\u00ednh ph\u00ed v\u00e0 ch\u1ec9 d\u00e0nh cho kh\u00e1ch h\u00e0ng c\u1ee7a Yi Pin Qian t\u1ea1i Singapore*<\/p>\n<p>\u00a0<\/p>\n<p><strong>**C\u00e1c lo\u1ea1i ch\u1ee9ng ch\u1ec9**<\/strong><\/p>\n<p>\u00a0<\/p>\n<p><strong>NGI (C\u00f4ng ty \u0110\u00e1 qu\u00fd Nan Yang)<\/strong><\/p>\n<p>ho\u1eb7c <strong>Ch\u1ee9ng ch\u1ec9 n\u01b0\u1edbc ngo\u00e0i <\/strong>(Yi Pin Qian ch\u1ec9 s\u1eed d\u1ee5ng c\u00e1c ch\u1ee9ng ch\u1ec9 x\u00e1c th\u1ef1c t\u1eeb c\u00e1c ph\u00f2ng th\u00ed nghi\u1ec7m \u1edf n\u01b0\u1edbc ngo\u00e0i v\u00e0 ki\u1ec3m so\u00e1t ch\u1ea5t l\u01b0\u1ee3ng m\u1ecdi s\u1ea3n ph\u1ea9m c\u1ee7a ch\u00fang t\u00f4i tr\u01b0\u1edbc khi \u0111\u01b0a ch\u00fang ra b\u00e1n t\u1ea1i Singapore)<\/p>\n<p>\u00a0<\/p>\n<p>M\u1ed7i s\u1ea3n ph\u1ea9m tr\u00ean TikTok s\u1ebd c\u00f3 lo\u1ea1i ch\u1ee9ng ch\u1ec9 \u0111\u01b0\u1ee3c cung c\u1ea5p \u0111\u01b0\u1ee3c n\u00eau trong ph\u1ea7n m\u00f4 t\u1ea3. \u0110\u1ed1i v\u1edbi b\u1ea5t k\u1ef3 kh\u00e1ch h\u00e0ng n\u00e0o mu\u1ed1n g\u1eedi \u0111\u01a1n h\u00e0ng c\u1ee7a m\u00ecnh \u0111\u1ebfn NGI Singapore, s\u1ebd c\u00f3 th\u1eddi gian ch\u1edd giao h\u00e0ng \u01b0\u1edbc t\u00ednh kho\u1ea3ng 4 tu\u1ea7n \u0111\u1ec3 nh\u1eadn \u0111\u01b0\u1ee3c \u0111\u01a1n h\u00e0ng c\u1ee7a b\u1ea1n. <strong>Y\u00eau c\u1ea7u b\u00e1o c\u00e1o v\u1ec1 NGI Gemstone c\u1ea7n \u0111\u01b0\u1ee3c th\u1ef1c hi\u1ec7n b\u1eb1ng c\u00e1ch nh\u1eafn tin \u0111\u1ebfn c\u1eeda h\u00e0ng TikTok Yi Pin Qian.<\/strong> C\u1ea3m \u01a1n, <strong><u>\u00e1p d\u1ee5ng th\u00eam ph\u00ed<\/u><\/strong>.<\/p>\n<p>\u00a0<\/p>\n<p><strong>Jadeite t\u1ef1 nhi\u00ean kh\u00f4ng ho\u00e0n h\u1ea3o, ch\u1ec9 l\u00e0 m\u1ed9t l\u1eddi nh\u1eafc nh\u1edf nh\u1eb9 nh\u00e0ng, Jadeite t\u1ef1 nhi\u00ean c\u1ee7a ch\u00fang t\u00f4i, gi\u1ed1ng nh\u01b0 t\u1ea5t c\u1ea3 nh\u1eefng th\u1ee9 \u0111\u1eb9p \u0111\u1ebd trong t\u1ef1 nhi\u00ean, c\u00f3 nh\u1eefng \u0111\u1eb7c \u0111i\u1ec3m v\u00e0 bi\u1ebfn th\u1ec3 \u0111\u1ed9c \u0111\u00e1o. Ch\u00fang t\u00f4i m\u1eddi nh\u1eefng kh\u00e1ch h\u00e0ng c\u00f3 gi\u00e1 tr\u1ecb c\u1ee7a m\u00ecnh \u0111\u00f3n nh\u1eadn nh\u1eefng bi\u1ebfn th\u1ec3 t\u1ef1 nhi\u00ean n\u00e0y. Ch\u00fac b\u1ea1n mua s\u1eafm vui v\u1ebb!<\/strong><\/p>\n<p>\u00a0<\/p>\n<p><strong><u>Kh\u00f4ng c\u00f3 h\u00ecnh \u1ea3nh v\u00e0 c\u1ea3nh quay video n\u00e0o \u0111\u01b0\u1ee3c l\u1ecdc. Ch\u00fang t\u00f4i khuy\u1ebfn kh\u00edch kh\u00e1ch h\u00e0ng c\u1ee7a m\u00ecnh c\u0169ng xem c\u00e1c video \u0111i k\u00e8m \u0111\u1ec3 c\u00f3 c\u00e1i nh\u00ecn to\u00e0n di\u1ec7n h\u01a1n v\u1ec1 s\u1ea3n ph\u1ea9m c\u1ee7a ch\u00fang t\u00f4i<\/u><\/strong><\/p>","protected":false},"excerpt":{"rendered":"<p>M\u1eb7t d\u00e2y chuy\u1ec1n ng\u1ecdc b\u00edch Jadeite lo\u1ea1i A t\u1ef1 nhi\u00ean m\u00e0u v\u00e0ng tuy\u1ec7t \u0111\u1eb9p n\u00e0y l\u00e0 m\u1ed9t m\u00f3n \u0111\u1ed3 kh\u00f4ng th\u1ec3 thi\u1ebfu trong b\u1ed9 s\u01b0u t\u1eadp trang s\u1ee9c c\u1ee7a b\u1ea1n. \u0110\u01b0\u1ee3c ch\u1ebf t\u00e1c nh\u01b0 R\u00f9a r\u1ed3ng v\u00e0 g\u1eafn tr\u00ean v\u00e0ng 18k v\u1edbi kim c\u01b0\u01a1ng, m\u1eb7t d\u00e2y chuy\u1ec1n n\u00e0y l\u00e0 m\u1ed9t ki\u1ec7t t\u00e1c th\u1ef1c s\u1ef1 s\u1ebd mang \u0111\u1ebfn s\u1ef1 thanh l\u1ecbch v\u00e0 phong c\u00e1ch cho b\u1ea5t k\u1ef3 trang ph\u1ee5c n\u00e0o. S\u1ed1 ch\u1ee9ng ch\u1ec9: ZSJ12209021962 Ng\u1ecdc b\u00edch Jadeite R\u00f9a r\u1ed3ng: 26,2 * 17 * [\u2026]<\/p>","protected":false},"featured_media":8727,"comment_status":"open","ping_status":"closed","template":"","meta":[],"product_brand":[],"product_cat":[120,48],"product_tag":[],"class_list":{"0":"post-1882","1":"product","2":"type-product","3":"status-publish","4":"has-post-thumbnail","6":"product_cat-18k-gold-setting-pendants","7":"product_cat-pendants","9":"first","10":"instock","11":"sale","12":"shipping-taxable","13":"purchasable","14":"product-type-simple"},"_links":{"self":[{"href":"https:\/\/shop.yipinqian.com\/vi\/wp-json\/wp\/v2\/product\/1882","targetHints":{"allow":["GET"]}}],"collection":[{"href":"https:\/\/shop.yipinqian.com\/vi\/wp-json\/wp\/v2\/product"}],"about":[{"href":"https:\/\/shop.yipinqian.com\/vi\/wp-json\/wp\/v2\/types\/product"}],"replies":[{"embeddable":true,"href":"https:\/\/shop.yipinqian.com\/vi\/wp-json\/wp\/v2\/comments?post=1882"}],"version-history":[{"count":0,"href":"https:\/\/shop.yipinqian.com\/vi\/wp-json\/wp\/v2\/product\/1882\/revisions"}],"wp:featuredmedia":[{"embeddable":true,"href":"https:\/\/shop.yipinqian.com\/vi\/wp-json\/wp\/v2\/media\/8727"}],"wp:attachment":[{"href":"https:\/\/shop.yipinqian.com\/vi\/wp-json\/wp\/v2\/media?parent=1882"}],"wp:term":[{"taxonomy":"product_brand","embeddable":true,"href":"https:\/\/shop.yipinqian.com\/vi\/wp-json\/wp\/v2\/product_brand?post=1882"},{"taxonomy":"product_cat","embeddable":true,"href":"https:\/\/shop.yipinqian.com\/vi\/wp-json\/wp\/v2\/product_cat?post=1882"},{"taxonomy":"product_tag","embeddable":true,"href":"https:\/\/shop.yipinqian.com\/vi\/wp-json\/wp\/v2\/product_tag?post=1882"}],"curies":[{"name":"wp","href":"https:\/\/api.w.org\/{rel}","templated":true}]}}