{"id":1880,"date":"2024-10-24T23:23:22","date_gmt":"2024-10-24T15:23:22","guid":{"rendered":"https:\/\/shop.yipinqian.com\/product\/yellow-icy-translucent-natural-type-a-jadeite-jade-crafted-with-shape-of-ginseng-as-pendant-set-with-18k-gold-clasp-certificate-weighs-4-85-grams-18kp39\/"},"modified":"2025-02-24T00:49:49","modified_gmt":"2025-02-23T16:49:49","slug":"yellow-icy-translucent-natural-type-a-jadeite-jade-crafted-with-shape-of-ginseng-as-pendant-set-with-18k-gold-clasp-certificate-weighs-4-85-grams-18kp39","status":"publish","type":"product","link":"https:\/\/shop.yipinqian.com\/vi\/san-pham\/yellow-icy-translucent-natural-type-a-jadeite-jade-crafted-with-shape-of-ginseng-as-pendant-set-with-18k-gold-clasp-certificate-weighs-4-85-grams-18kp39\/","title":{"rendered":"Ng\u1ecdc b\u00edch t\u1ef1 nhi\u00ean lo\u1ea1i A m\u00e0u v\u00e0ng b\u0103ng gi\u00e1 trong m\u1edd \u0111\u01b0\u1ee3c ch\u1ebf t\u00e1c v\u1edbi h\u00ecnh d\u1ea1ng c\u1ee7a nh\u00e2n s\u00e2m l\u00e0m m\u1eb7t d\u00e2y chuy\u1ec1n, g\u1eafn m\u00f3c kh\u00f3a b\u1eb1ng v\u00e0ng 18k, gi\u1ea5y ch\u1ee9ng nh\u1eadn n\u1eb7ng 4,85 gram (18kp39)"},"content":{"rendered":"<p>M\u1eb7t d\u00e2y chuy\u1ec1n ng\u1ecdc b\u00edch t\u1ef1 nhi\u00ean lo\u1ea1i A m\u00e0u v\u00e0ng b\u0103ng gi\u00e1 n\u00e0y l\u00e0 m\u1ed9t m\u00f3n \u0111\u1ed3 trang s\u1ee9c tuy\u1ec7t \u0111\u1eb9p \u0111\u01b0\u1ee3c ch\u1ebf t\u00e1c theo h\u00ecnh d\u1ea1ng c\u1ee7a m\u1ed9t c\u00e2y nh\u00e2n s\u00e2m v\u00e0 \u0111\u01b0\u1ee3c g\u1eafn v\u1edbi m\u00f3c c\u00e0i b\u1eb1ng v\u00e0ng 18k thanh l\u1ecbch.<\/p>\n<p data-pm-slice=\"1 1 []\">K\u00edch th\u01b0\u1edbc ng\u1ecdc b\u00edch: 34,6 *<em> 14.5 *<\/em> 5,9mm<\/p>\n<p>S\u1ed1 ch\u1ee9ng ch\u1ec9: GD2111H018855<\/p>\n<p>Kh\u00f3a v\u00e0ng 18k: 0,33 gram<\/p>\n<p>Kim c\u01b0\u01a1ng: 0,003 carat<\/p>\n<ul>\n<li>\u0110\u00e3 bao g\u1ed3m ch\u1ee9ng ch\u1ec9<\/li>\n<li>N\u1eb7ng 4,85 gram<\/li>\n<\/ul>\n<p>\u0110\u00e1 ng\u1ecdc b\u00edch jadeite \u0111\u01b0\u1ee3c s\u1eed d\u1ee5ng trong m\u1eb7t d\u00e2y chuy\u1ec1n n\u00e0y c\u00f3 ch\u1ea5t l\u01b0\u1ee3ng cao, c\u00f3 ngu\u1ed3n g\u1ed1c t\u1eeb Myanmar v\u00e0 t\u1ecfa ra m\u00e0u v\u00e0ng b\u0103ng gi\u00e1 trong m\u1edd tuy\u1ec7t \u0111\u1eb9p.<\/p>\n<ul>\n<li>C\u00f3 ch\u1ee9ng ch\u1ec9: C\u00f3<\/li>\n<li>V\u1eadt li\u1ec7u th\u1ee9 c\u1ea5p: Kim c\u01b0\u01a1ng<\/li>\n<li>V\u1eadt li\u1ec7u c\u00e0i \u0111\u1eb7t: V\u00e0ng PT\/Carat<\/li>\n<li>D\u1ecbp s\u1eed d\u1ee5ng: M\u1eb7c h\u00e0ng ng\u00e0y<\/li>\n<\/ul>\n<p>Ki\u1ec3u v\u00f2ng c\u1ed5 n\u00e0y ho\u00e0n h\u1ea3o cho trang ph\u1ee5c th\u01b0\u1eddng ng\u00e0y, t\u0103ng th\u00eam n\u00e9t thanh l\u1ecbch cho trang ph\u1ee5c h\u00e0ng ng\u00e0y c\u1ee7a b\u1ea1n.<\/p>\n<p>\u00a0<\/p>\n<p><strong>Jadeite t\u1ef1 nhi\u00ean kh\u00f4ng ho\u00e0n h\u1ea3o, ch\u1ec9 l\u00e0 m\u1ed9t l\u1eddi nh\u1eafc nh\u1edf nh\u1eb9 nh\u00e0ng, Jadeite t\u1ef1 nhi\u00ean c\u1ee7a ch\u00fang t\u00f4i, gi\u1ed1ng nh\u01b0 t\u1ea5t c\u1ea3 nh\u1eefng th\u1ee9 \u0111\u1eb9p \u0111\u1ebd trong t\u1ef1 nhi\u00ean, c\u00f3 nh\u1eefng \u0111\u1eb7c \u0111i\u1ec3m v\u00e0 bi\u1ebfn th\u1ec3 \u0111\u1ed9c \u0111\u00e1o. Ch\u00fang t\u00f4i m\u1eddi nh\u1eefng kh\u00e1ch h\u00e0ng c\u00f3 gi\u00e1 tr\u1ecb c\u1ee7a m\u00ecnh \u0111\u00f3n nh\u1eadn nh\u1eefng bi\u1ebfn th\u1ec3 t\u1ef1 nhi\u00ean n\u00e0y. Ch\u00fac b\u1ea1n mua s\u1eafm vui v\u1ebb!<\/strong><\/p>\n<p>\u00a0<\/p>\n<p><strong><u>Kh\u00f4ng c\u00f3 h\u00ecnh \u1ea3nh v\u00e0 c\u1ea3nh quay video n\u00e0o \u0111\u01b0\u1ee3c l\u1ecdc. Ch\u00fang t\u00f4i khuy\u1ebfn kh\u00edch kh\u00e1ch h\u00e0ng c\u1ee7a m\u00ecnh c\u0169ng xem c\u00e1c video \u0111i k\u00e8m \u0111\u1ec3 c\u00f3 c\u00e1i nh\u00ecn to\u00e0n di\u1ec7n h\u01a1n v\u1ec1 s\u1ea3n ph\u1ea9m c\u1ee7a ch\u00fang t\u00f4i<\/u><\/strong><\/p>","protected":false},"excerpt":{"rendered":"<p>M\u1eb7t d\u00e2y chuy\u1ec1n ng\u1ecdc b\u00edch t\u1ef1 nhi\u00ean lo\u1ea1i A m\u00e0u v\u00e0ng b\u0103ng gi\u00e1 n\u00e0y l\u00e0 m\u1ed9t m\u00f3n \u0111\u1ed3 trang s\u1ee9c tuy\u1ec7t \u0111\u1eb9p \u0111\u01b0\u1ee3c ch\u1ebf t\u00e1c theo h\u00ecnh d\u1ea1ng c\u1ee7a m\u1ed9t c\u00e2y nh\u00e2n s\u00e2m v\u00e0 \u0111\u01b0\u1ee3c g\u1eafn m\u1ed9t m\u00f3c c\u00e0i b\u1eb1ng v\u00e0ng 18k thanh l\u1ecbch. K\u00edch th\u01b0\u1edbc ng\u1ecdc b\u00edch: 34,6 * 14,5 * 5,9 mm S\u1ed1 ch\u1ee9ng nh\u1eadn: GD2111H018855 M\u00f3c c\u00e0i b\u1eb1ng v\u00e0ng 18k: 0,33 gram Kim c\u01b0\u01a1ng: 0,003 carat C\u00f3 k\u00e8m ch\u1ee9ng nh\u1eadn N\u1eb7ng 4,85 gram [\u2026]<\/p>","protected":false},"featured_media":8706,"comment_status":"open","ping_status":"closed","template":"","meta":[],"product_brand":[],"product_cat":[194],"product_tag":[],"class_list":{"0":"post-1880","1":"product","2":"type-product","3":"status-publish","4":"has-post-thumbnail","6":"product_cat-value-picks","8":"first","9":"instock","10":"sale","11":"shipping-taxable","12":"purchasable","13":"product-type-simple"},"_links":{"self":[{"href":"https:\/\/shop.yipinqian.com\/vi\/wp-json\/wp\/v2\/product\/1880","targetHints":{"allow":["GET"]}}],"collection":[{"href":"https:\/\/shop.yipinqian.com\/vi\/wp-json\/wp\/v2\/product"}],"about":[{"href":"https:\/\/shop.yipinqian.com\/vi\/wp-json\/wp\/v2\/types\/product"}],"replies":[{"embeddable":true,"href":"https:\/\/shop.yipinqian.com\/vi\/wp-json\/wp\/v2\/comments?post=1880"}],"version-history":[{"count":0,"href":"https:\/\/shop.yipinqian.com\/vi\/wp-json\/wp\/v2\/product\/1880\/revisions"}],"wp:featuredmedia":[{"embeddable":true,"href":"https:\/\/shop.yipinqian.com\/vi\/wp-json\/wp\/v2\/media\/8706"}],"wp:attachment":[{"href":"https:\/\/shop.yipinqian.com\/vi\/wp-json\/wp\/v2\/media?parent=1880"}],"wp:term":[{"taxonomy":"product_brand","embeddable":true,"href":"https:\/\/shop.yipinqian.com\/vi\/wp-json\/wp\/v2\/product_brand?post=1880"},{"taxonomy":"product_cat","embeddable":true,"href":"https:\/\/shop.yipinqian.com\/vi\/wp-json\/wp\/v2\/product_cat?post=1880"},{"taxonomy":"product_tag","embeddable":true,"href":"https:\/\/shop.yipinqian.com\/vi\/wp-json\/wp\/v2\/product_tag?post=1880"}],"curies":[{"name":"wp","href":"https:\/\/api.w.org\/{rel}","templated":true}]}}