{"id":1874,"date":"2024-10-24T23:23:19","date_gmt":"2024-10-24T15:23:19","guid":{"rendered":"https:\/\/shop.yipinqian.com\/product\/yellow-and-purple-with-some-spreads-of-red-patches-natural-type-a-jadeite-pendant-necklace-crafted-with-double-pixiu-coin-and-bat-boosting-your-luck-money-and-blessing-certificate-included-weigh-41-87\/"},"modified":"2025-02-17T00:04:19","modified_gmt":"2025-02-16T16:04:19","slug":"yellow-and-purple-with-some-spreads-of-red-patches-natural-type-a-jadeite-pendant-necklace-crafted-with-double-pixiu-coin-and-bat-boosting-your-luck-money-and-blessing-certificate-included-weigh-41-87","status":"publish","type":"product","link":"https:\/\/shop.yipinqian.com\/vi\/san-pham\/yellow-and-purple-with-some-spreads-of-red-patches-natural-type-a-jadeite-pendant-necklace-crafted-with-double-pixiu-coin-and-bat-boosting-your-luck-money-and-blessing-certificate-included-weigh-41-87\/","title":{"rendered":"D\u00e2y chuy\u1ec1n m\u1eb7t d\u00e2y chuy\u1ec1n b\u1eb1ng \u0111\u00e1 Jadeite t\u1ef1 nhi\u00ean lo\u1ea1i A m\u00e0u v\u00e0ng v\u00e0 t\u00edm v\u1edbi m\u1ed9t s\u1ed1 m\u1ea3ng m\u00e0u \u0111\u1ecf \u0111\u01b0\u1ee3c ch\u1ebf t\u00e1c v\u1edbi \u0111\u00f4i pixiu, \u0111\u1ed3ng xu v\u00e0 con d\u01a1i gi\u00fap t\u0103ng may m\u1eafn, ti\u1ec1n b\u1ea1c v\u00e0 ph\u01b0\u1edbc l\u00e0nh cho b\u1ea1n, c\u00f3 k\u00e8m gi\u1ea5y ch\u1ee9ng nh\u1eadn n\u1eb7ng 41,87 gram, 45 * 44,9 * 13 mm"},"content":{"rendered":"<p>N\u00e2ng cao v\u1eadn may, s\u1ef1 gi\u00e0u c\u00f3 v\u00e0 ph\u01b0\u1edbc l\u00e0nh c\u1ee7a b\u1ea1n v\u1edbi M\u1eb7t d\u00e2y chuy\u1ec1n Jadeite t\u1ef1 nhi\u00ean m\u00e0u v\u00e0ng v\u00e0 hoa o\u1ea3i h\u01b0\u01a1ng lo\u1ea1i A n\u00e0y. \u0110\u01b0\u1ee3c ch\u1ebf t\u00e1c v\u1edbi c\u00e1c chi ti\u1ebft ph\u1ee9c t\u1ea1p, m\u1eb7t d\u00e2y chuy\u1ec1n n\u00e0y c\u00f3 h\u00ecnh pixiu \u0111\u00f4i, \u0111\u1ed3ng xu v\u00e0 con d\u01a1i t\u01b0\u1ee3ng tr\u01b0ng cho s\u1ef1 may m\u1eafn. C\u00e1c m\u1ea3ng m\u00e0u \u0111\u1ecf t\u1ea1o th\u00eam \u0111i\u1ec3m nh\u1ea5n m\u00e0u s\u1eafc cho thi\u1ebft k\u1ebf \u0111\u1ed9c \u0111\u00e1o c\u1ee7a m\u1eb7t d\u00e2y chuy\u1ec1n.<\/p>\n<ul>\n<li>T\u0103ng c\u01b0\u1eddng may m\u1eafn: Thi\u1ebft k\u1ebf pixiu k\u00e9p tr\u00ean m\u1eb7t d\u00e2y chuy\u1ec1n mang l\u1ea1i may m\u1eafn cho cu\u1ed9c s\u1ed1ng c\u1ee7a b\u1ea1n.<\/li>\n<li>T\u0103ng t\u00e0i l\u1ed9c: Bi\u1ec3u t\u01b0\u1ee3ng \u0111\u1ed3ng ti\u1ec1n tr\u00ean m\u1eb7t d\u00e2y chuy\u1ec1n \u0111\u01b0\u1ee3c cho l\u00e0 c\u00f3 th\u1ec3 thu h\u00fat t\u00e0i l\u1ed9c v\u00e0 th\u1ecbnh v\u01b0\u1ee3ng.<\/li>\n<li>Ph\u01b0\u1edbc l\u00e0nh: Bi\u1ec3u t\u01b0\u1ee3ng con d\u01a1i tr\u00ean ng\u1ecdc b\u00edch g\u1eafn li\u1ec1n v\u1edbi ph\u01b0\u1edbc l\u00e0nh t\u1eeb thi\u00ean \u0111\u01b0\u1eddng<\/li>\n<\/ul>\n<p><strong>S\u1ed1 ch\u1ee9ng ch\u1ec9: GD2110H010761<\/strong><\/p>\n<p><img fetchpriority=\"high\" decoding=\"async\" height=\"1080\" src=\"https:\/\/shop.yipinqian.com\/wp-content\/uploads\/2024\/10\/cfdc29f0476e4c899b3af5886e542dc3.jpg?from=476444299\" width=\"1080\"><\/p>\n<p>N\u1eb7ng 41,87 gram, \u0111o \u1edf 45 *<em> 44.9 *<\/em> 13 mm, chi\u1ebfc v\u00f2ng c\u1ed5 unisex n\u00e0y c\u00f3 gi\u1ea5y ch\u1ee9ng nh\u1eadn x\u00e1c th\u1ef1c \u0111i k\u00e8m x\u00e1c nh\u1eadn r\u1eb1ng n\u00f3 \u0111\u01b0\u1ee3c l\u00e0m t\u1eeb Jadeite lo\u1ea1i A t\u1ef1 nhi\u00ean c\u00f3 ngu\u1ed3n g\u1ed1c t\u1eeb Myanmar. Phong c\u00e1ch gi\u1ea3n d\u1ecb c\u1ee7a n\u00f3 l\u00e0m cho n\u00f3 ho\u00e0n h\u1ea3o \u0111\u1ec3 \u0111eo h\u00e0ng ng\u00e0y ho\u1eb7c \u0111\u1ec3 th\u00eam n\u00e9t thanh l\u1ecbch cho b\u1ea5t k\u1ef3 trang ph\u1ee5c n\u00e0o.<\/p>\n<p>D\u00e2y chuy\u1ec1n m\u1eb7t d\u00e2y chuy\u1ec1n b\u1eb1ng \u0111\u00e1 Jadeite t\u1ef1 nhi\u00ean lo\u1ea1i A m\u00e0u v\u00e0ng v\u00e0 t\u00edm v\u1edbi m\u1ed9t s\u1ed1 m\u1ea3ng m\u00e0u \u0111\u1ecf \u0111\u01b0\u1ee3c ch\u1ebf t\u00e1c v\u1edbi \u0111\u00f4i pixiu, \u0111\u1ed3ng xu v\u00e0 con d\u01a1i gi\u00fap t\u0103ng may m\u1eafn, ti\u1ec1n b\u1ea1c v\u00e0 ph\u01b0\u1edbc l\u00e0nh cho b\u1ea1n, c\u00f3 k\u00e8m gi\u1ea5y ch\u1ee9ng nh\u1eadn n\u1eb7ng 41,87 gram, 45 * 44,9 * 13 mm<\/p>","protected":false},"excerpt":{"rendered":"<p>N\u00e2ng cao v\u1eadn may, s\u1ef1 gi\u00e0u c\u00f3 v\u00e0 ph\u01b0\u1edbc l\u00e0nh c\u1ee7a b\u1ea1n v\u1edbi M\u1eb7t d\u00e2y chuy\u1ec1n b\u1eb1ng \u0111\u00e1 Jadeite t\u1ef1 nhi\u00ean m\u00e0u v\u00e0ng v\u00e0 hoa o\u1ea3i h\u01b0\u01a1ng lo\u1ea1i A n\u00e0y. \u0110\u01b0\u1ee3c ch\u1ebf t\u00e1c v\u1edbi c\u00e1c chi ti\u1ebft ph\u1ee9c t\u1ea1p, m\u1eb7t d\u00e2y chuy\u1ec1n n\u00e0y c\u00f3 h\u00ecnh pixiu \u0111\u00f4i, \u0111\u1ed3ng xu v\u00e0 con d\u01a1i t\u01b0\u1ee3ng tr\u01b0ng cho s\u1ef1 may m\u1eafn. C\u00e1c m\u1ea3ng m\u00e0u \u0111\u1ecf t\u1ea1o th\u00eam \u0111i\u1ec3m nh\u1ea5n m\u00e0u s\u1eafc cho thi\u1ebft k\u1ebf \u0111\u1ed9c \u0111\u00e1o c\u1ee7a m\u1eb7t d\u00e2y chuy\u1ec1n. T\u0103ng c\u01b0\u1eddng may m\u1eafn: Thi\u1ebft k\u1ebf pixiu \u0111\u00f4i tr\u00ean m\u1eb7t d\u00e2y chuy\u1ec1n [\u2026]<\/p>","protected":false},"featured_media":8664,"comment_status":"open","ping_status":"closed","template":"","meta":[],"product_brand":[],"product_cat":[48],"product_tag":[],"class_list":{"0":"post-1874","1":"product","2":"type-product","3":"status-publish","4":"has-post-thumbnail","6":"product_cat-pendants","8":"first","9":"instock","10":"sale","11":"shipping-taxable","12":"purchasable","13":"product-type-simple"},"_links":{"self":[{"href":"https:\/\/shop.yipinqian.com\/vi\/wp-json\/wp\/v2\/product\/1874","targetHints":{"allow":["GET"]}}],"collection":[{"href":"https:\/\/shop.yipinqian.com\/vi\/wp-json\/wp\/v2\/product"}],"about":[{"href":"https:\/\/shop.yipinqian.com\/vi\/wp-json\/wp\/v2\/types\/product"}],"replies":[{"embeddable":true,"href":"https:\/\/shop.yipinqian.com\/vi\/wp-json\/wp\/v2\/comments?post=1874"}],"version-history":[{"count":0,"href":"https:\/\/shop.yipinqian.com\/vi\/wp-json\/wp\/v2\/product\/1874\/revisions"}],"wp:featuredmedia":[{"embeddable":true,"href":"https:\/\/shop.yipinqian.com\/vi\/wp-json\/wp\/v2\/media\/8664"}],"wp:attachment":[{"href":"https:\/\/shop.yipinqian.com\/vi\/wp-json\/wp\/v2\/media?parent=1874"}],"wp:term":[{"taxonomy":"product_brand","embeddable":true,"href":"https:\/\/shop.yipinqian.com\/vi\/wp-json\/wp\/v2\/product_brand?post=1874"},{"taxonomy":"product_cat","embeddable":true,"href":"https:\/\/shop.yipinqian.com\/vi\/wp-json\/wp\/v2\/product_cat?post=1874"},{"taxonomy":"product_tag","embeddable":true,"href":"https:\/\/shop.yipinqian.com\/vi\/wp-json\/wp\/v2\/product_tag?post=1874"}],"curies":[{"name":"wp","href":"https:\/\/api.w.org\/{rel}","templated":true}]}}