{"id":1872,"date":"2024-10-24T23:23:18","date_gmt":"2024-10-24T15:23:18","guid":{"rendered":"https:\/\/shop.yipinqian.com\/product\/with-green-and-light-green-ginseng-ruyi-natural-type-a-jadeite-pendant-come-with-certificate-weight-40-59-grams-72-30-24-80-20-mm-meaning-auspicious-representing-good-luck-happiness-joy-and-wealth-boo\/"},"modified":"2025-02-17T00:04:19","modified_gmt":"2025-02-16T16:04:19","slug":"with-green-and-light-green-ginseng-ruyi-natural-type-a-jadeite-pendant-come-with-certificate-weight-40-59-grams-72-30-24-80-20-mm-meaning-auspicious-representing-good-luck-happiness-joy-and-wealth-boo","status":"publish","type":"product","link":"https:\/\/shop.yipinqian.com\/vi\/san-pham\/with-green-and-light-green-ginseng-ruyi-natural-type-a-jadeite-pendant-come-with-certificate-weight-40-59-grams-72-30-24-80-20-mm-meaning-auspicious-representing-good-luck-happiness-joy-and-wealth-boo\/","title":{"rendered":"M\u1eb7t d\u00e2y chuy\u1ec1n ng\u1ecdc b\u00edch t\u1ef1 nhi\u00ean Ruyi lo\u1ea1i A nh\u00e2n s\u00e2m xanh l\u00e1 c\u00e2y v\u00e0 xanh nh\u1ea1t c\u00f3 k\u00e8m gi\u1ea5y ch\u1ee9ng nh\u1eadn tr\u1ecdng l\u01b0\u1ee3ng 40,59 gram, k\u00edch th\u01b0\u1edbc 72,30 * 24,80 * 20 mm mang \u00fd ngh\u0129a c\u00e1t t\u01b0\u1eddng, t\u01b0\u1ee3ng tr\u01b0ng cho may m\u1eafn, h\u1ea1nh ph\u00fac, ni\u1ec1m vui v\u00e0 s\u1ef1 gi\u00e0u c\u00f3 gi\u00fap b\u1ea1n \u0111eo n\u00f3 (m\u1eb7t d\u00e2y chuy\u1ec1n97)"},"content":{"rendered":"<p>M\u1eb7t d\u00e2y chuy\u1ec1n ng\u1ecdc b\u00edch Ginseng Ruyi t\u1ef1 nhi\u00ean lo\u1ea1i A tuy\u1ec7t \u0111\u1eb9p n\u00e0y c\u00f3 m\u00e0u xanh l\u00e1 c\u00e2y v\u00e0 xanh l\u00e1 c\u00e2y nh\u1ea1t tuy\u1ec7t \u0111\u1eb9p, n\u1eb7ng 40,59 gram v\u00e0 k\u00edch th\u01b0\u1edbc 72,30 * 24,80 * 20 mm, l\u00e0 ph\u1ee5 ki\u1ec7n ho\u00e0n h\u1ea3o mang l\u1ea1i may m\u1eafn, h\u1ea1nh ph\u00fac, ni\u1ec1m vui v\u00e0 s\u1ef1 gi\u00e0u c\u00f3 v\u00e0o cu\u1ed9c s\u1ed1ng c\u1ee7a b\u1ea1n.<\/p>\n<ul>\n<li>\u00dd NGH\u0128A C\u1ea6N THI\u1ec6N: Bi\u1ec3u t\u01b0\u1ee3ng Ruyi tr\u00ean m\u1eb7t d\u00e2y chuy\u1ec1n ng\u1ecdc b\u00edch n\u00e0y t\u01b0\u1ee3ng tr\u01b0ng cho s\u1ef1 may m\u1eafn v\u00e0 \u0111\u01b0\u1ee3c cho l\u00e0 mang l\u1ea1i may m\u1eafn.<\/li>\n<li>\u0110\u00c1 JADEITE T\u1ef0 NHI\u00caN: \u0110\u01b0\u1ee3c l\u00e0m t\u1eeb \u0111\u00e1 Jadeite lo\u1ea1i A t\u1ef1 nhi\u00ean t\u1eeb Myanmar.<\/li>\n<li>PHONG C\u00c1CH TH\u01af\u1edcNG NG\u00c0Y: Ki\u1ec3u v\u00f2ng c\u1ed5 c\u1ee7a m\u00f3n \u0111\u1ed3 n\u00e0y r\u1ea5t th\u01b0\u1eddng ng\u00e0y, khi\u1ebfn n\u00f3 tr\u1edf th\u00e0nh ph\u1ee5 ki\u1ec7n \u0111a n\u0103ng \u0111\u1ec3 \u0111eo h\u00e0ng ng\u00e0y.<\/li>\n<\/ul>\n<p><strong>S\u1ed1 ch\u1ee9ng ch\u1ec9: ZGDTF001036<\/strong><\/p>\n<p><img fetchpriority=\"high\" decoding=\"async\" height=\"1080\" src=\"https:\/\/shop.yipinqian.com\/wp-content\/uploads\/2024\/10\/298b6189aa04856afce52aaf35509258.jpg?from=476444299\" width=\"1080\"><img decoding=\"async\" height=\"1080\" src=\"https:\/\/shop.yipinqian.com\/wp-content\/uploads\/2024\/10\/5fdecdca4ee1676b59e68a7e094d2144.jpg?from=476444299\" width=\"1080\"><\/p>\n<p>M\u1eb7t d\u00e2y chuy\u1ec1n n\u00e0y c\u0169ng \u0111i k\u00e8m v\u1edbi m\u1ed9t gi\u1ea5y ch\u1ee9ng nh\u1eadn x\u00e1c th\u1ef1c \u0111\u1ec3 b\u1ea1n c\u00f3 th\u1ec3 ch\u1eafc ch\u1eafn r\u1eb1ng m\u00ecnh \u0111ang nh\u1eadn \u0111\u01b0\u1ee3c m\u1ed9t m\u00f3n \u0111\u1ed3 trang s\u1ee9c ng\u1ecdc b\u00edch ch\u00ednh h\u00e3ng. Thi\u1ebft k\u1ebf n\u00e0y d\u00e0nh cho c\u1ea3 nam v\u00e0 n\u1eef n\u00ean c\u0169ng l\u00e0 m\u1ed9t l\u1ef1a ch\u1ecdn qu\u00e0 t\u1eb7ng tuy\u1ec7t v\u1eddi. Th\u00eam ch\u00fat may m\u1eafn cho cu\u1ed9c s\u1ed1ng c\u1ee7a b\u1ea1n v\u1edbi m\u1eb7t d\u00e2y chuy\u1ec1n Ng\u1ecdc b\u00edch t\u1ef1 nhi\u00ean lo\u1ea1i A Ginseng Ruyi tuy\u1ec7t \u0111\u1eb9p n\u00e0y!<\/p>\n<p>\u00a0<\/p>\n<p>Yi Pin Qian \u2013 Nh\u00e0 bu\u00f4n \u0111\u00e1 qu\u00fd v\u00e0 kim lo\u1ea1i qu\u00fd t\u1ea1i Singapore \u2013 S\u1ed1 gi\u1ea5y ph\u00e9p PS20190000031<\/p>\n<p>\u00a0<\/p>\n<p>*T\u1ea5t c\u1ea3 c\u00e1c lo\u1ea1i Jadeite \u0111\u01b0\u1ee3c mua t\u1eeb Yi Pin Qian t\u1ea1i Singapore, kh\u00e1ch h\u00e0ng c\u00f3 th\u1ec3 \u0111\u1eb7t l\u1ecbch \u0111\u00e1nh b\u00f3ng ho\u1eb7c s\u1eeda ch\u1eefa nh\u1ecf do x\u1eed l\u00fd sai c\u00e1ch \u2013 c\u00f3 t\u00ednh ph\u00ed v\u00e0 ch\u1ec9 d\u00e0nh cho kh\u00e1ch h\u00e0ng c\u1ee7a Yi Pin Qian t\u1ea1i Singapore*<\/p>\n<p>\u00a0<\/p>\n<p><strong>**C\u00e1c lo\u1ea1i ch\u1ee9ng ch\u1ec9**<\/strong><\/p>\n<p>\u00a0<\/p>\n<p><strong>NGI (C\u00f4ng ty \u0110\u00e1 qu\u00fd Nan Yang)<\/strong><\/p>\n<p>ho\u1eb7c <strong>Ch\u1ee9ng ch\u1ec9 n\u01b0\u1edbc ngo\u00e0i <\/strong>(Yi Pin Qian ch\u1ec9 s\u1eed d\u1ee5ng c\u00e1c ch\u1ee9ng ch\u1ec9 x\u00e1c th\u1ef1c t\u1eeb c\u00e1c ph\u00f2ng th\u00ed nghi\u1ec7m \u1edf n\u01b0\u1edbc ngo\u00e0i v\u00e0 ki\u1ec3m so\u00e1t ch\u1ea5t l\u01b0\u1ee3ng m\u1ecdi s\u1ea3n ph\u1ea9m c\u1ee7a ch\u00fang t\u00f4i tr\u01b0\u1edbc khi \u0111\u01b0a ch\u00fang ra b\u00e1n t\u1ea1i Singapore)<\/p>\n<p>\u00a0<\/p>\n<p>M\u1ed7i s\u1ea3n ph\u1ea9m tr\u00ean TikTok s\u1ebd c\u00f3 lo\u1ea1i ch\u1ee9ng ch\u1ec9 \u0111\u01b0\u1ee3c cung c\u1ea5p \u0111\u01b0\u1ee3c n\u00eau trong ph\u1ea7n m\u00f4 t\u1ea3. \u0110\u1ed1i v\u1edbi b\u1ea5t k\u1ef3 kh\u00e1ch h\u00e0ng n\u00e0o mu\u1ed1n g\u1eedi \u0111\u01a1n h\u00e0ng c\u1ee7a m\u00ecnh \u0111\u1ebfn NGI Singapore, s\u1ebd c\u00f3 th\u1eddi gian ch\u1edd giao h\u00e0ng \u01b0\u1edbc t\u00ednh kho\u1ea3ng 4 tu\u1ea7n \u0111\u1ec3 nh\u1eadn \u0111\u01b0\u1ee3c \u0111\u01a1n h\u00e0ng c\u1ee7a b\u1ea1n. <strong>Y\u00eau c\u1ea7u b\u00e1o c\u00e1o v\u1ec1 NGI Gemstone c\u1ea7n \u0111\u01b0\u1ee3c th\u1ef1c hi\u1ec7n b\u1eb1ng c\u00e1ch nh\u1eafn tin \u0111\u1ebfn c\u1eeda h\u00e0ng TikTok Yi Pin Qian.<\/strong> C\u1ea3m \u01a1n, <strong><u>\u00e1p d\u1ee5ng th\u00eam ph\u00ed<\/u><\/strong>.<\/p>","protected":false},"excerpt":{"rendered":"<p>M\u1eb7t d\u00e2y chuy\u1ec1n ng\u1ecdc b\u00edch Ginseng Ruyi Natural Type A tuy\u1ec7t \u0111\u1eb9p n\u00e0y c\u00f3 m\u00e0u xanh l\u00e1 c\u00e2y v\u00e0 xanh l\u00e1 c\u00e2y nh\u1ea1t tuy\u1ec7t \u0111\u1eb9p, n\u1eb7ng 40,59 gram v\u00e0 k\u00edch th\u01b0\u1edbc 72,30 * 24,80 * 20 mm, l\u00e0 ph\u1ee5 ki\u1ec7n ho\u00e0n h\u1ea3o mang l\u1ea1i may m\u1eafn, h\u1ea1nh ph\u00fac, ni\u1ec1m vui v\u00e0 s\u1ef1 gi\u00e0u c\u00f3 v\u00e0o cu\u1ed9c s\u1ed1ng c\u1ee7a b\u1ea1n. \u00dd NGH\u0128A C\u1ea6N THI\u1ec6N: Bi\u1ec3u t\u01b0\u1ee3ng Ruyi tr\u00ean m\u1eb7t d\u00e2y chuy\u1ec1n ng\u1ecdc b\u00edch n\u00e0y t\u01b0\u1ee3ng tr\u01b0ng cho s\u1ef1 may m\u1eafn v\u00e0 [\u2026]<\/p>","protected":false},"featured_media":8644,"comment_status":"open","ping_status":"closed","template":"","meta":[],"product_brand":[],"product_cat":[48],"product_tag":[],"class_list":{"0":"post-1872","1":"product","2":"type-product","3":"status-publish","4":"has-post-thumbnail","6":"product_cat-pendants","8":"first","9":"instock","10":"sale","11":"shipping-taxable","12":"purchasable","13":"product-type-simple"},"_links":{"self":[{"href":"https:\/\/shop.yipinqian.com\/vi\/wp-json\/wp\/v2\/product\/1872","targetHints":{"allow":["GET"]}}],"collection":[{"href":"https:\/\/shop.yipinqian.com\/vi\/wp-json\/wp\/v2\/product"}],"about":[{"href":"https:\/\/shop.yipinqian.com\/vi\/wp-json\/wp\/v2\/types\/product"}],"replies":[{"embeddable":true,"href":"https:\/\/shop.yipinqian.com\/vi\/wp-json\/wp\/v2\/comments?post=1872"}],"version-history":[{"count":0,"href":"https:\/\/shop.yipinqian.com\/vi\/wp-json\/wp\/v2\/product\/1872\/revisions"}],"wp:featuredmedia":[{"embeddable":true,"href":"https:\/\/shop.yipinqian.com\/vi\/wp-json\/wp\/v2\/media\/8644"}],"wp:attachment":[{"href":"https:\/\/shop.yipinqian.com\/vi\/wp-json\/wp\/v2\/media?parent=1872"}],"wp:term":[{"taxonomy":"product_brand","embeddable":true,"href":"https:\/\/shop.yipinqian.com\/vi\/wp-json\/wp\/v2\/product_brand?post=1872"},{"taxonomy":"product_cat","embeddable":true,"href":"https:\/\/shop.yipinqian.com\/vi\/wp-json\/wp\/v2\/product_cat?post=1872"},{"taxonomy":"product_tag","embeddable":true,"href":"https:\/\/shop.yipinqian.com\/vi\/wp-json\/wp\/v2\/product_tag?post=1872"}],"curies":[{"name":"wp","href":"https:\/\/api.w.org\/{rel}","templated":true}]}}