{"id":1871,"date":"2024-10-24T23:23:17","date_gmt":"2024-10-24T15:23:17","guid":{"rendered":"https:\/\/shop.yipinqian.com\/product\/white-moonlight-bangle-light-lavender-natural-type-a-jadeite-jade-crafted-as-peace-bracelet-bangle-certificate-weigh-57-02-grams-measurement-12-8-7-9-mm-size-55-8-mm-bangle2-2-4\/"},"modified":"2025-02-24T01:17:24","modified_gmt":"2025-02-23T17:17:24","slug":"white-moonlight-bangle-light-lavender-natural-type-a-jadeite-jade-crafted-as-peace-bracelet-bangle-certificate-weigh-57-02-grams-measurement-12-8-7-9-mm-size-55-8-mm-bangle2-2-4","status":"publish","type":"product","link":"https:\/\/shop.yipinqian.com\/vi\/san-pham\/white-moonlight-bangle-light-lavender-natural-type-a-jadeite-jade-crafted-as-peace-bracelet-bangle-certificate-weigh-57-02-grams-measurement-12-8-7-9-mm-size-55-8-mm-bangle2-2-4\/","title":{"rendered":"V\u00f2ng tay ng\u1ecdc b\u00edch White Moonlight Light Lavender Natural lo\u1ea1i A \u0111\u01b0\u1ee3c ch\u1ebf t\u00e1c th\u00e0nh V\u00f2ng tay h\u00f2a b\u00ecnh, ch\u1ee9ng nh\u1eadn n\u1eb7ng 57,02 gram, k\u00edch th\u01b0\u1edbc 12,8 * 7,9 mm, K\u00edch th\u01b0\u1edbc: 55,8 mm (V\u00f2ng tay2) #2\/4"},"content":{"rendered":"","protected":false},"excerpt":{"rendered":"","protected":false},"featured_media":8626,"comment_status":"open","ping_status":"closed","template":"","meta":[],"product_brand":[],"product_cat":[195],"product_tag":[],"class_list":{"0":"post-1871","1":"product","2":"type-product","3":"status-publish","4":"has-post-thumbnail","6":"product_cat-heirloom-grade","8":"first","9":"instock","10":"sale","11":"shipping-taxable","12":"purchasable","13":"product-type-simple"},"_links":{"self":[{"href":"https:\/\/shop.yipinqian.com\/vi\/wp-json\/wp\/v2\/product\/1871","targetHints":{"allow":["GET"]}}],"collection":[{"href":"https:\/\/shop.yipinqian.com\/vi\/wp-json\/wp\/v2\/product"}],"about":[{"href":"https:\/\/shop.yipinqian.com\/vi\/wp-json\/wp\/v2\/types\/product"}],"replies":[{"embeddable":true,"href":"https:\/\/shop.yipinqian.com\/vi\/wp-json\/wp\/v2\/comments?post=1871"}],"version-history":[{"count":0,"href":"https:\/\/shop.yipinqian.com\/vi\/wp-json\/wp\/v2\/product\/1871\/revisions"}],"wp:featuredmedia":[{"embeddable":true,"href":"https:\/\/shop.yipinqian.com\/vi\/wp-json\/wp\/v2\/media\/8626"}],"wp:attachment":[{"href":"https:\/\/shop.yipinqian.com\/vi\/wp-json\/wp\/v2\/media?parent=1871"}],"wp:term":[{"taxonomy":"product_brand","embeddable":true,"href":"https:\/\/shop.yipinqian.com\/vi\/wp-json\/wp\/v2\/product_brand?post=1871"},{"taxonomy":"product_cat","embeddable":true,"href":"https:\/\/shop.yipinqian.com\/vi\/wp-json\/wp\/v2\/product_cat?post=1871"},{"taxonomy":"product_tag","embeddable":true,"href":"https:\/\/shop.yipinqian.com\/vi\/wp-json\/wp\/v2\/product_tag?post=1871"}],"curies":[{"name":"wp","href":"https:\/\/api.w.org\/{rel}","templated":true}]}}