{"id":1868,"date":"2024-10-24T23:23:15","date_gmt":"2024-10-24T15:23:15","guid":{"rendered":"https:\/\/shop.yipinqian.com\/product\/very-unique-yellow-and-green-patches-natural-type-a-jadeite-jade-crafted-as-pixiu-for-jade-display-or-hand-held-piece-with-certificate-weigh-74-61-grams-measurement-57-30-3-31-8-mm-hand6\/"},"modified":"2025-02-24T00:49:49","modified_gmt":"2025-02-23T16:49:49","slug":"very-unique-yellow-and-green-patches-natural-type-a-jadeite-jade-crafted-as-pixiu-for-jade-display-or-hand-held-piece-with-certificate-weigh-74-61-grams-measurement-57-30-3-31-8-mm-hand6","status":"publish","type":"product","link":"https:\/\/shop.yipinqian.com\/vi\/san-pham\/very-unique-yellow-and-green-patches-natural-type-a-jadeite-jade-crafted-as-pixiu-for-jade-display-or-hand-held-piece-with-certificate-weigh-74-61-grams-measurement-57-30-3-31-8-mm-hand6\/","title":{"rendered":"Nh\u1eefng m\u1ea3ng m\u00e0u v\u00e0ng v\u00e0 xanh l\u00e1 c\u00e2y r\u1ea5t \u0111\u1ed9c \u0111\u00e1o, lo\u1ea1i A Jadeite t\u1ef1 nhi\u00ean, \u0111\u01b0\u1ee3c ch\u1ebf t\u00e1c th\u00e0nh Pixiu \u0111\u1ec3 tr\u01b0ng b\u00e0y ho\u1eb7c l\u00e0m \u0111\u1ed3 c\u1ea7m tay c\u00f3 ch\u1ee9ng nh\u1eadn, n\u1eb7ng 74,61 gram, k\u00edch th\u01b0\u1edbc 57 * 30,3 * 31,8 mm (hand6)"},"content":{"rendered":"<p>N\u00e2ng t\u1ea7m phong c\u00e1ch trang tr\u00ed nh\u00e0 b\u1ea1n v\u1edbi vi\u00ean ng\u1ecdc b\u00edch Pixiu t\u1ef1 nhi\u00ean lo\u1ea1i A m\u00e0u v\u00e0ng v\u00e0 xanh l\u00e1 c\u00e2y \u0111\u1ed9c \u0111\u00e1o n\u00e0y. M\u00f3n \u0111\u1ed3 tinh x\u1ea3o n\u00e0y c\u00f3 th\u1ec3 \u0111\u01b0\u1ee3c tr\u01b0ng b\u00e0y ho\u1eb7c c\u1ea7m tr\u00ean tay v\u00e0 ch\u1eafc ch\u1eafn s\u1ebd g\u00e2y \u1ea5n t\u01b0\u1ee3ng.<\/p>\n<p><\/p>\n<p>S\u1ed1 ch\u1ee9ng ch\u1ec9: GD2201H011080<\/p>\n<ul>\n<li>\n<strong>Jadeite t\u1ef1 nhi\u00ean lo\u1ea1i A:<\/strong> \u0110\u01b0\u1ee3c ch\u1ebf t\u00e1c t\u1eeb \u0111\u00e1 ng\u1ecdc b\u00edch lo\u1ea1i A t\u1ef1 nhi\u00ean ch\u1ea5t l\u01b0\u1ee3ng cao, t\u00e1c ph\u1ea9m n\u00e0y kh\u00f4ng ch\u1ec9 \u0111\u1eb9p m\u1eaft m\u00e0 c\u00f2n b\u1ec1n.<\/li>\n<li>\n<strong>C\u00f3 ch\u1ee9ng ch\u1ec9:<\/strong> T\u1ef3 h\u01b0u ng\u1ecdc b\u00edch n\u00e0y c\u00f3 k\u00e8m gi\u1ea5y ch\u1ee9ng nh\u1eadn x\u00e1c th\u1ef1c, \u0111\u1ea3m b\u1ea3o ch\u1ea5t l\u01b0\u1ee3ng v\u00e0 ngu\u1ed3n g\u1ed1c.<\/li>\n<li>\n<strong>Trang tr\u00ed b\u1eb1ng ng\u1ecdc b\u00edch:<\/strong> Ho\u00e0n h\u1ea3o \u0111\u1ec3 l\u00e0m v\u1eadt trang tr\u00ed nh\u00e0 c\u1eeda, T\u1ef3 H\u01b0u b\u1eb1ng ng\u1ecdc b\u00edch n\u00e0y s\u1ebd mang \u0111\u1ebfn n\u00e9t thanh l\u1ecbch cho b\u1ea5t k\u1ef3 kh\u00f4ng gian n\u00e0o.<\/li>\n<\/ul>\n<p>V\u1edbi tr\u1ecdng l\u01b0\u1ee3ng 74,61 gram v\u00e0 k\u00edch th\u01b0\u1edbc 57 * 30,3 * 31,8 mm (hand6), m\u00f3n ph\u1ee5 ki\u1ec7n trang s\u1ee9c \u0111\u1ed9c \u0111\u00e1o n\u00e0y \u0111\u01b0\u1ee3c ch\u1ebf t\u00e1c t\u1ec9 m\u1ec9 \u0111\u1ebfn t\u1eebng chi ti\u1ebft, r\u1ea5t l\u00fd t\u01b0\u1edfng \u0111\u1ec3 tr\u01b0ng b\u00e0y ho\u1eb7c l\u00e0m v\u1eadt ph\u1ea9m c\u1ea7m tay mang l\u1ea1i may m\u1eafn.<\/p>\n<p>C\u00f3 ngu\u1ed3n g\u1ed1c t\u1eeb Myanmar, Ng\u1ecdc b\u00edch t\u1ef1 nhi\u00ean lo\u1ea1i A Yellow and Green Patches \u0111\u01b0\u1ee3c c\u00e1c nh\u00e0 s\u01b0u t\u1eadp s\u0103n \u0111\u00f3n r\u1ea5t nhi\u1ec1u v\u00ec \u0111\u1ed9 qu\u00fd hi\u1ebfm c\u1ee7a n\u00f3.<\/p>\n<p>Mang v\u1ebb \u0111\u1eb9p c\u1ee7a ng\u1ecdc b\u00edch t\u1ef1 nhi\u00ean v\u00e0o ng\u00f4i nh\u00e0 ho\u1eb7c v\u0103n ph\u00f2ng c\u1ee7a b\u1ea1n ngay h\u00f4m nay!<\/p>\n<p><\/p>\n<p><strong>Jadeite t\u1ef1 nhi\u00ean kh\u00f4ng ho\u00e0n h\u1ea3o, ch\u1ec9 l\u00e0 m\u1ed9t l\u1eddi nh\u1eafc nh\u1edf nh\u1eb9 nh\u00e0ng, Jadeite t\u1ef1 nhi\u00ean c\u1ee7a ch\u00fang t\u00f4i, gi\u1ed1ng nh\u01b0 t\u1ea5t c\u1ea3 nh\u1eefng th\u1ee9 \u0111\u1eb9p \u0111\u1ebd trong t\u1ef1 nhi\u00ean, c\u00f3 nh\u1eefng \u0111\u1eb7c \u0111i\u1ec3m v\u00e0 bi\u1ebfn th\u1ec3 \u0111\u1ed9c \u0111\u00e1o. Ch\u00fang t\u00f4i m\u1eddi nh\u1eefng kh\u00e1ch h\u00e0ng c\u00f3 gi\u00e1 tr\u1ecb c\u1ee7a m\u00ecnh \u0111\u00f3n nh\u1eadn nh\u1eefng bi\u1ebfn th\u1ec3 t\u1ef1 nhi\u00ean n\u00e0y. Ch\u00fac b\u1ea1n mua s\u1eafm vui v\u1ebb!<\/strong><\/p>\n<p><\/p>\n<p><strong><u>Kh\u00f4ng c\u00f3 h\u00ecnh \u1ea3nh v\u00e0 c\u1ea3nh quay video n\u00e0o \u0111\u01b0\u1ee3c l\u1ecdc. Ch\u00fang t\u00f4i khuy\u1ebfn kh\u00edch kh\u00e1ch h\u00e0ng c\u1ee7a m\u00ecnh c\u0169ng xem c\u00e1c video \u0111i k\u00e8m \u0111\u1ec3 c\u00f3 c\u00e1i nh\u00ecn to\u00e0n di\u1ec7n h\u01a1n v\u1ec1 s\u1ea3n ph\u1ea9m c\u1ee7a ch\u00fang t\u00f4i<\/u><\/strong><\/p>\n<p><\/p>\n<p>.<\/p>","protected":false},"excerpt":{"rendered":"<p>Elevate your home decor with this Very Unique Yellow and Green Patches Natural Type A Jadeite Jade Pixiu. This exquisite piece can be displayed or held in hand and is sure to impress. Certificate numbers: GD2201H011080 Natural Type A Jadeite: Crafted from high-quality natural Type A jadeite, this piece is not only visually stunning but [&hellip;]<\/p>","protected":false},"featured_media":8610,"comment_status":"open","ping_status":"closed","template":"","meta":[],"product_brand":[],"product_cat":[194],"product_tag":[],"class_list":{"0":"post-1868","1":"product","2":"type-product","3":"status-publish","4":"has-post-thumbnail","6":"product_cat-value-picks","8":"first","9":"instock","10":"sale","11":"shipping-taxable","12":"purchasable","13":"product-type-simple"},"_links":{"self":[{"href":"https:\/\/shop.yipinqian.com\/vi\/wp-json\/wp\/v2\/product\/1868","targetHints":{"allow":["GET"]}}],"collection":[{"href":"https:\/\/shop.yipinqian.com\/vi\/wp-json\/wp\/v2\/product"}],"about":[{"href":"https:\/\/shop.yipinqian.com\/vi\/wp-json\/wp\/v2\/types\/product"}],"replies":[{"embeddable":true,"href":"https:\/\/shop.yipinqian.com\/vi\/wp-json\/wp\/v2\/comments?post=1868"}],"version-history":[{"count":0,"href":"https:\/\/shop.yipinqian.com\/vi\/wp-json\/wp\/v2\/product\/1868\/revisions"}],"wp:featuredmedia":[{"embeddable":true,"href":"https:\/\/shop.yipinqian.com\/vi\/wp-json\/wp\/v2\/media\/8610"}],"wp:attachment":[{"href":"https:\/\/shop.yipinqian.com\/vi\/wp-json\/wp\/v2\/media?parent=1868"}],"wp:term":[{"taxonomy":"product_brand","embeddable":true,"href":"https:\/\/shop.yipinqian.com\/vi\/wp-json\/wp\/v2\/product_brand?post=1868"},{"taxonomy":"product_cat","embeddable":true,"href":"https:\/\/shop.yipinqian.com\/vi\/wp-json\/wp\/v2\/product_cat?post=1868"},{"taxonomy":"product_tag","embeddable":true,"href":"https:\/\/shop.yipinqian.com\/vi\/wp-json\/wp\/v2\/product_tag?post=1868"}],"curies":[{"name":"wp","href":"https:\/\/api.w.org\/{rel}","templated":true}]}}