{"id":1865,"date":"2024-10-24T23:23:14","date_gmt":"2024-10-24T15:23:14","guid":{"rendered":"https:\/\/shop.yipinqian.com\/product\/very-unique-and-rare-light-purple-with-yellow-natural-type-a-jadeite-pendant-crafted-with-waterfall-moutain-houses-and-coconut-trees-symbols-of-money-power-of-life-extend-upwards-with-certificate-weig\/"},"modified":"2025-02-17T00:04:19","modified_gmt":"2025-02-16T16:04:19","slug":"very-unique-and-rare-light-purple-with-yellow-natural-type-a-jadeite-pendant-crafted-with-waterfall-moutain-houses-and-coconut-trees-symbols-of-money-power-of-life-extend-upwards-with-certificate-weig","status":"publish","type":"product","link":"https:\/\/shop.yipinqian.com\/vi\/san-pham\/very-unique-and-rare-light-purple-with-yellow-natural-type-a-jadeite-pendant-crafted-with-waterfall-moutain-houses-and-coconut-trees-symbols-of-money-power-of-life-extend-upwards-with-certificate-weig\/","title":{"rendered":"M\u1eb7t d\u00e2y chuy\u1ec1n ng\u1ecdc b\u00edch lo\u1ea1i A m\u00e0u t\u00edm nh\u1ea1t v\u1edbi v\u00e0ng t\u1ef1 nhi\u00ean c\u1ef1c k\u1ef3 \u0111\u1ed9c \u0111\u00e1o v\u00e0 hi\u1ebfm c\u00f3 \u0111\u01b0\u1ee3c ch\u1ebf t\u00e1c v\u1edbi th\u00e1c n\u01b0\u1edbc, n\u00fai, nh\u00e0 c\u1eeda v\u00e0 c\u00e2y d\u1eeba, bi\u1ec3u t\u01b0\u1ee3ng c\u1ee7a ti\u1ec1n b\u1ea1c, s\u1ee9c m\u1ea1nh c\u1ee7a cu\u1ed9c s\u1ed1ng, M\u1edf r\u1ed9ng l\u00ean tr\u00ean v\u1edbi gi\u1ea5y ch\u1ee9ng nh\u1eadn n\u1eb7ng 31,55 gram, 49 * 32,3 * 13,5 mm, (m\u1eb7t d\u00e2y chuy\u1ec1n70)"},"content":{"rendered":"<p>M\u1eb7t d\u00e2y chuy\u1ec1n Jadeite m\u00e0u t\u00edm nh\u1ea1t v\u1edbi v\u00e0ng t\u1ef1 nhi\u00ean lo\u1ea1i A c\u1ef1c k\u1ef3 \u0111\u1ed9c \u0111\u00e1o v\u00e0 hi\u1ebfm n\u00e0y l\u00e0 m\u1ed9t ki\u1ec7t t\u00e1c c\u1ee7a ph\u1ee5 ki\u1ec7n trang s\u1ee9c. M\u1eb7t d\u00e2y chuy\u1ec1n \u0111\u01b0\u1ee3c ch\u1ebf t\u00e1c v\u1edbi c\u00e1c bi\u1ec3u t\u01b0\u1ee3ng \u0111\u1eb9p c\u1ee7a ti\u1ec1n b\u1ea1c, s\u1ee9c m\u1ea1nh c\u1ee7a cu\u1ed9c s\u1ed1ng nh\u01b0 th\u00e1c n\u01b0\u1edbc, n\u00fai, nh\u00e0 c\u1eeda v\u00e0 c\u00e2y d\u1eeba.<\/p>\n<ul>\n<li>\n<strong>Thi\u1ebft k\u1ebf tuy\u1ec7t \u0111\u1eb9p:<\/strong> M\u1eb7t d\u00e2y chuy\u1ec1n n\u00e0y c\u00f3 thi\u1ebft k\u1ebf \u0111\u1ed9c \u0111\u00e1o t\u00f4n l\u00ean v\u1ebb \u0111\u1eb9p t\u1ef1 nhi\u00ean c\u1ee7a \u0111\u00e1 ng\u1ecdc b\u00edch.<\/li>\n<li>\n<strong>Ch\u1ea5t l\u01b0\u1ee3ng cao c\u1ea5p:<\/strong> \u0110\u01b0\u1ee3c l\u00e0m t\u1eeb \u0111\u00e1 ng\u1ecdc b\u00edch lo\u1ea1i A qu\u00fd hi\u1ebfm, n\u1eb7ng 31,55 gram v\u00e0 c\u00f3 k\u00edch th\u01b0\u1edbc 49 * 32,3 * 13,5 mm.<\/li>\n<li>\n<strong>X\u00e1c th\u1ef1c \u0111\u01b0\u1ee3c ch\u1ee9ng nh\u1eadn:<\/strong> M\u1eb7t d\u00e2y chuy\u1ec1n n\u00e0y c\u00f3 k\u00e8m theo gi\u1ea5y ch\u1ee9ng nh\u1eadn ch\u1ee9ng minh t\u00ednh x\u00e1c th\u1ef1c v\u00e0 ch\u1ea5t l\u01b0\u1ee3ng c\u1ee7a s\u1ea3n ph\u1ea9m.<\/li>\n<\/ul>\n<p><strong>S\u1ed1 ch\u1ee9ng ch\u1ec9: ZGDTD082831<\/strong><\/p>\n<p><img fetchpriority=\"high\" decoding=\"async\" height=\"1080\" src=\"https:\/\/shop.yipinqian.com\/wp-content\/uploads\/2024\/10\/6c0a5e2c66cdd5aa63b7e584776ff134.jpg?from=476444299\" width=\"1080\"><br \/><img decoding=\"async\" height=\"1080\" src=\"https:\/\/shop.yipinqian.com\/wp-content\/uploads\/2024\/10\/2c417655dfd33c962fd938883073766c.jpg?from=476444299\" width=\"1080\"><\/p>\n<p>M\u00e0u t\u00edm nh\u1ea1t \u0111\u1eb9p m\u1eaft c\u00f9ng v\u1edbi s\u1eafc v\u00e0ng l\u00e0m cho s\u1ea3n ph\u1ea9m n\u00e0y n\u1ed5i b\u1eadt so v\u1edbi c\u00e1c lo\u1ea1i m\u1eb7t d\u00e2y chuy\u1ec1n kh\u00e1c trong danh m\u1ee5c n\u00e0y. S\u1ea3n ph\u1ea9m ho\u00e0n h\u1ea3o \u0111\u1ec3 \u0111eo h\u00e0ng ng\u00e0y cho c\u1ea3 nam v\u00e0 n\u1eef, nh\u1eefng ng\u01b0\u1eddi \u0111\u00e1nh gi\u00e1 cao c\u00e1c ph\u1ee5 ki\u1ec7n phong th\u1ee7y t\u1ed1t.<\/p>\n<ul>\n<li>\n<strong>Phong c\u00e1ch gi\u1ea3n d\u1ecb:<\/strong>Ki\u1ec3u v\u00f2ng c\u1ed5 n\u00e0y ph\u00f9 h\u1ee3p v\u1edbi b\u1ed1i c\u1ea3nh gi\u1ea3n d\u1ecb m\u00e0 kh\u00f4ng qu\u00e1 ph\u00f4 tr\u01b0\u01a1ng hay l\u00f2e lo\u1eb9t<\/li>\n<\/ul>\n<p>Ngu\u1ed3n g\u1ed1c qu\u1ed1c gia c\u1ee7a s\u1ea3n ph\u1ea9m n\u00e0y l\u00e0 Myanmar, \u0111i\u1ec1u n\u00e0y l\u00e0m t\u0103ng th\u00eam gi\u00e1 tr\u1ecb c\u1ee7a s\u1ea3n ph\u1ea9m v\u00ec n\u00f3 \u0111\u1ebfn t\u1eeb m\u1ed9t trong nh\u1eefng ngu\u1ed3n cung c\u1ea5p \u0111\u00e1 jadeite ch\u1ea5t l\u01b0\u1ee3ng cao h\u00e0ng \u0111\u1ea7u th\u1ebf gi\u1edbi hi\u1ec7n nay. Xin l\u01b0u \u00fd r\u1eb1ng m\u1eb7c d\u00f9 s\u1ea3n ph\u1ea9m n\u00e0y kh\u00f4ng \u0111i k\u00e8m lo\u1ea1i b\u1ea3o h\u00e0nh, nh\u01b0ng ch\u1eafc ch\u1eafn s\u1ea3n ph\u1ea9m s\u1ebd s\u1eed d\u1ee5ng \u0111\u01b0\u1ee3c nhi\u1ec1u n\u0103m n\u1ebfu b\u1ea1n c\u1ea5t gi\u1eef c\u1ea9n th\u1eadn sau khi s\u1eed d\u1ee5ng \u0111\u1ec3 tr\u00e1nh hao m\u00f2n ho\u1eb7c h\u01b0 h\u1ecfng theo th\u1eddi gian.<\/p>\n<p>\u00a0<\/p>\n<p>Yi Pin Qian \u2013 Nh\u00e0 bu\u00f4n \u0111\u00e1 qu\u00fd v\u00e0 kim lo\u1ea1i qu\u00fd t\u1ea1i Singapore \u2013 S\u1ed1 gi\u1ea5y ph\u00e9p PS20190000031<\/p>\n<p>\u00a0<\/p>\n<p>*T\u1ea5t c\u1ea3 c\u00e1c lo\u1ea1i Jadeite \u0111\u01b0\u1ee3c mua t\u1eeb Yi Pin Qian t\u1ea1i Singapore, kh\u00e1ch h\u00e0ng c\u00f3 th\u1ec3 \u0111\u1eb7t l\u1ecbch \u0111\u00e1nh b\u00f3ng ho\u1eb7c s\u1eeda ch\u1eefa nh\u1ecf do x\u1eed l\u00fd sai c\u00e1ch \u2013 c\u00f3 t\u00ednh ph\u00ed v\u00e0 ch\u1ec9 d\u00e0nh cho kh\u00e1ch h\u00e0ng c\u1ee7a Yi Pin Qian t\u1ea1i Singapore*<\/p>\n<p>\u00a0<\/p>\n<p><strong>**C\u00e1c lo\u1ea1i ch\u1ee9ng ch\u1ec9**<\/strong><\/p>\n<p>\u00a0<\/p>\n<p><strong>NGI (C\u00f4ng ty \u0110\u00e1 qu\u00fd Nan Yang)<\/strong><\/p>\n<p>ho\u1eb7c <strong>Ch\u1ee9ng ch\u1ec9 n\u01b0\u1edbc ngo\u00e0i <\/strong>(Yi Pin Qian ch\u1ec9 s\u1eed d\u1ee5ng c\u00e1c ch\u1ee9ng ch\u1ec9 x\u00e1c th\u1ef1c t\u1eeb c\u00e1c ph\u00f2ng th\u00ed nghi\u1ec7m \u1edf n\u01b0\u1edbc ngo\u00e0i v\u00e0 ki\u1ec3m so\u00e1t ch\u1ea5t l\u01b0\u1ee3ng m\u1ecdi s\u1ea3n ph\u1ea9m c\u1ee7a ch\u00fang t\u00f4i tr\u01b0\u1edbc khi \u0111\u01b0a ch\u00fang ra b\u00e1n t\u1ea1i Singapore)<\/p>\n<p>\u00a0<\/p>\n<p>M\u1ed7i s\u1ea3n ph\u1ea9m tr\u00ean TikTok s\u1ebd c\u00f3 lo\u1ea1i ch\u1ee9ng ch\u1ec9 \u0111\u01b0\u1ee3c cung c\u1ea5p \u0111\u01b0\u1ee3c n\u00eau trong ph\u1ea7n m\u00f4 t\u1ea3. \u0110\u1ed1i v\u1edbi b\u1ea5t k\u1ef3 kh\u00e1ch h\u00e0ng n\u00e0o mu\u1ed1n g\u1eedi \u0111\u01a1n h\u00e0ng c\u1ee7a m\u00ecnh \u0111\u1ebfn NGI Singapore, s\u1ebd c\u00f3 th\u1eddi gian ch\u1edd giao h\u00e0ng \u01b0\u1edbc t\u00ednh kho\u1ea3ng 4 tu\u1ea7n \u0111\u1ec3 nh\u1eadn \u0111\u01b0\u1ee3c \u0111\u01a1n h\u00e0ng c\u1ee7a b\u1ea1n. <strong>Y\u00eau c\u1ea7u b\u00e1o c\u00e1o v\u1ec1 NGI Gemstone c\u1ea7n \u0111\u01b0\u1ee3c th\u1ef1c hi\u1ec7n b\u1eb1ng c\u00e1ch nh\u1eafn tin \u0111\u1ebfn c\u1eeda h\u00e0ng TikTok Yi Pin Qian.<\/strong> C\u1ea3m \u01a1n, <strong><u>\u00e1p d\u1ee5ng th\u00eam ph\u00ed<\/u><\/strong>.<\/p>\n<p>\u00a0<\/p>\n<p><strong>Jadeite t\u1ef1 nhi\u00ean kh\u00f4ng ho\u00e0n h\u1ea3o, ch\u1ec9 l\u00e0 m\u1ed9t l\u1eddi nh\u1eafc nh\u1edf nh\u1eb9 nh\u00e0ng, Jadeite t\u1ef1 nhi\u00ean c\u1ee7a ch\u00fang t\u00f4i, gi\u1ed1ng nh\u01b0 t\u1ea5t c\u1ea3 nh\u1eefng th\u1ee9 \u0111\u1eb9p \u0111\u1ebd trong t\u1ef1 nhi\u00ean, c\u00f3 nh\u1eefng \u0111\u1eb7c \u0111i\u1ec3m v\u00e0 bi\u1ebfn th\u1ec3 \u0111\u1ed9c \u0111\u00e1o. Ch\u00fang t\u00f4i m\u1eddi nh\u1eefng kh\u00e1ch h\u00e0ng c\u00f3 gi\u00e1 tr\u1ecb c\u1ee7a m\u00ecnh \u0111\u00f3n nh\u1eadn nh\u1eefng bi\u1ebfn th\u1ec3 t\u1ef1 nhi\u00ean n\u00e0y. Ch\u00fac b\u1ea1n mua s\u1eafm vui v\u1ebb!<\/strong><\/p>\n<p>\u00a0<\/p>\n<p><strong><u>Kh\u00f4ng c\u00f3 h\u00ecnh \u1ea3nh v\u00e0 c\u1ea3nh quay video n\u00e0o \u0111\u01b0\u1ee3c l\u1ecdc. Ch\u00fang t\u00f4i khuy\u1ebfn kh\u00edch kh\u00e1ch h\u00e0ng c\u1ee7a m\u00ecnh c\u0169ng xem c\u00e1c video \u0111i k\u00e8m \u0111\u1ec3 c\u00f3 c\u00e1i nh\u00ecn to\u00e0n di\u1ec7n h\u01a1n v\u1ec1 s\u1ea3n ph\u1ea9m c\u1ee7a ch\u00fang t\u00f4i<\/u><\/strong><\/p>\n<p>\u00a0<\/p>","protected":false},"excerpt":{"rendered":"<p>M\u1eb7t d\u00e2y chuy\u1ec1n Jadeite m\u00e0u t\u00edm nh\u1ea1t v\u1edbi v\u00e0ng t\u1ef1 nhi\u00ean lo\u1ea1i A c\u1ef1c k\u1ef3 \u0111\u1ed9c \u0111\u00e1o v\u00e0 hi\u1ebfm n\u00e0y l\u00e0 m\u1ed9t ki\u1ec7t t\u00e1c c\u1ee7a ph\u1ee5 ki\u1ec7n trang s\u1ee9c. M\u1eb7t d\u00e2y chuy\u1ec1n \u0111\u01b0\u1ee3c ch\u1ebf t\u00e1c v\u1edbi c\u00e1c bi\u1ec3u t\u01b0\u1ee3ng \u0111\u1eb9p c\u1ee7a ti\u1ec1n b\u1ea1c, s\u1ee9c m\u1ea1nh c\u1ee7a cu\u1ed9c s\u1ed1ng nh\u01b0 th\u00e1c n\u01b0\u1edbc, n\u00fai, nh\u00e0 c\u1eeda v\u00e0 c\u00e2y d\u1eeba. Thi\u1ebft k\u1ebf tuy\u1ec7t \u0111\u1eb9p: M\u1eb7t d\u00e2y chuy\u1ec1n n\u00e0y c\u00f3 thi\u1ebft k\u1ebf \u0111\u1ed9c \u0111\u00e1o th\u1ec3 hi\u1ec7n v\u1ebb \u0111\u1eb9p t\u1ef1 nhi\u00ean c\u1ee7a jadeite [\u2026]<\/p>","protected":false},"featured_media":8583,"comment_status":"open","ping_status":"closed","template":"","meta":[],"product_brand":[],"product_cat":[48],"product_tag":[],"class_list":{"0":"post-1865","1":"product","2":"type-product","3":"status-publish","4":"has-post-thumbnail","6":"product_cat-pendants","8":"first","9":"instock","10":"sale","11":"shipping-taxable","12":"purchasable","13":"product-type-simple"},"_links":{"self":[{"href":"https:\/\/shop.yipinqian.com\/vi\/wp-json\/wp\/v2\/product\/1865","targetHints":{"allow":["GET"]}}],"collection":[{"href":"https:\/\/shop.yipinqian.com\/vi\/wp-json\/wp\/v2\/product"}],"about":[{"href":"https:\/\/shop.yipinqian.com\/vi\/wp-json\/wp\/v2\/types\/product"}],"replies":[{"embeddable":true,"href":"https:\/\/shop.yipinqian.com\/vi\/wp-json\/wp\/v2\/comments?post=1865"}],"version-history":[{"count":0,"href":"https:\/\/shop.yipinqian.com\/vi\/wp-json\/wp\/v2\/product\/1865\/revisions"}],"wp:featuredmedia":[{"embeddable":true,"href":"https:\/\/shop.yipinqian.com\/vi\/wp-json\/wp\/v2\/media\/8583"}],"wp:attachment":[{"href":"https:\/\/shop.yipinqian.com\/vi\/wp-json\/wp\/v2\/media?parent=1865"}],"wp:term":[{"taxonomy":"product_brand","embeddable":true,"href":"https:\/\/shop.yipinqian.com\/vi\/wp-json\/wp\/v2\/product_brand?post=1865"},{"taxonomy":"product_cat","embeddable":true,"href":"https:\/\/shop.yipinqian.com\/vi\/wp-json\/wp\/v2\/product_cat?post=1865"},{"taxonomy":"product_tag","embeddable":true,"href":"https:\/\/shop.yipinqian.com\/vi\/wp-json\/wp\/v2\/product_tag?post=1865"}],"curies":[{"name":"wp","href":"https:\/\/api.w.org\/{rel}","templated":true}]}}