{"id":1864,"date":"2024-10-24T23:23:13","date_gmt":"2024-10-24T15:23:13","guid":{"rendered":"https:\/\/shop.yipinqian.com\/product\/very-rare-semi-icy-light-green-patches-natural-type-a-jadeite-jade-crafted-with-elephant-as-pendant-certificate-weighs-8-63-grams-measurement-33-19-1-8-8-mm-pendant244\/"},"modified":"2025-02-24T00:49:49","modified_gmt":"2025-02-23T16:49:49","slug":"very-rare-semi-icy-light-green-patches-natural-type-a-jadeite-jade-crafted-with-elephant-as-pendant-certificate-weighs-8-63-grams-measurement-33-19-1-8-8-mm-pendant244","status":"publish","type":"product","link":"https:\/\/shop.yipinqian.com\/vi\/san-pham\/very-rare-semi-icy-light-green-patches-natural-type-a-jadeite-jade-crafted-with-elephant-as-pendant-certificate-weighs-8-63-grams-measurement-33-19-1-8-8-mm-pendant244\/","title":{"rendered":"M\u1ea3nh ng\u1ecdc b\u00edch xanh nh\u1ea1t b\u00e1n b\u0103ng gi\u00e1 c\u1ef1c hi\u1ebfm t\u1ef1 nhi\u00ean lo\u1ea1i A \u0111\u01b0\u1ee3c ch\u1ebf t\u00e1c v\u1edbi m\u1eb7t d\u00e2y chuy\u1ec1n h\u00ecnh voi, gi\u1ea5y ch\u1ee9ng nh\u1eadn n\u1eb7ng 8,63 gram, k\u00edch th\u01b0\u1edbc 33 * 19,1 * 8,8 mm (m\u1eb7t d\u00e2y chuy\u1ec1n244)"},"content":{"rendered":"<p>Chi\u1ebfc v\u00f2ng c\u1ed5 ng\u1ecdc b\u00edch t\u1ef1 nhi\u00ean lo\u1ea1i A m\u00e0u xanh l\u00e1 c\u00e2y nh\u1ea1t b\u00e1n b\u0103ng gi\u00e1 c\u1ef1c hi\u1ebfm n\u00e0y c\u00f3 m\u1eb7t d\u00e2y chuy\u1ec1n h\u00ecnh con voi tinh x\u1ea3o, khi\u1ebfn n\u00f3 tr\u1edf th\u00e0nh m\u1ed9t ph\u1ee5 ki\u1ec7n \u0111\u1ed9c \u0111\u00e1o v\u00e0 b\u1eaft m\u1eaft.<\/p>\n<p><\/p>\n<p>S\u1ed1 ch\u1ee9ng ch\u1ec9: 920660004887<\/p>\n<p><\/p>\n<p>*- B\u1ed9 s\u01b0u t\u1eadp c\u1ed5 n\u00e0y t\u1eeb YPQ l\u00e0 th\u1ee9 m\u00e0 m\u1ed9t nh\u00e0 s\u01b0u t\u1eadp ng\u1ecdc b\u00edch kh\u00f4ng mu\u1ed1n b\u1ecf l\u1ee1, h\u00e3y mua ngay tr\u01b0\u1edbc khi n\u00f3 bi\u1ebfn m\u1ea5t m\u00e3i m\u00e3i!<\/p>\n<ul>\n<li>V\u1edbi tr\u1ecdng l\u01b0\u1ee3ng 8,63 gram, m\u1eb7t d\u00e2y chuy\u1ec1n c\u00f3 k\u00edch th\u01b0\u1edbc 33 * 19,1 * 8,8 mm.<\/li>\n<\/ul>\n<p>\u0110\u01b0\u1ee3c l\u00e0m th\u1ee7 c\u00f4ng v\u1edbi \u0111\u1ed9 ch\u00ednh x\u00e1c cao, chi\u1ebfc v\u00f2ng c\u1ed5 ng\u1ecdc b\u00edch n\u00e0y l\u00e0 m\u1ed9t m\u00f3n \u0111\u1ed3 trang s\u1ee9c tuy\u1ec7t \u0111\u1eb9p n\u1ed5i b\u1eadt v\u1edbi thi\u1ebft k\u1ebf ph\u1ee9c t\u1ea1p v\u00e0 m\u00e0u ng\u1ecdc b\u00edch qu\u00fd hi\u1ebfm.<\/p>\n<ul>\n<li>Chi\u1ebfc v\u00f2ng c\u1ed5 c\u00f3 k\u00e8m theo gi\u1ea5y ch\u1ee9ng nh\u1eadn x\u00e1c th\u1ef1c.<\/li>\n<\/ul>\n<p>C\u00f3 ngu\u1ed3n g\u1ed1c t\u1eeb Myanmar, s\u1ea3n ph\u1ea9m n\u00e0y ho\u00e0n h\u1ea3o \u0111\u1ec3 m\u1eb7c h\u00e0ng ng\u00e0y v\u00e0 t\u1ea1o \u0111i\u1ec3m nh\u1ea5n thanh l\u1ecbch cho b\u1ea5t k\u1ef3 trang ph\u1ee5c n\u00e0o. Thi\u1ebft k\u1ebf unisex ph\u00f9 h\u1ee3p v\u1edbi b\u1ea5t k\u1ef3 ai mu\u1ed1n t\u1ea1o n\u00ean phong c\u00e1ch v\u1edbi s\u1ef1 thanh l\u1ecbch gi\u1ea3n d\u1ecb.<\/p>\n<p><\/p>\n<p><strong>Jadeite t\u1ef1 nhi\u00ean kh\u00f4ng ho\u00e0n h\u1ea3o, ch\u1ec9 l\u00e0 m\u1ed9t l\u1eddi nh\u1eafc nh\u1edf nh\u1eb9 nh\u00e0ng, Jadeite t\u1ef1 nhi\u00ean c\u1ee7a ch\u00fang t\u00f4i, gi\u1ed1ng nh\u01b0 t\u1ea5t c\u1ea3 nh\u1eefng th\u1ee9 \u0111\u1eb9p \u0111\u1ebd trong t\u1ef1 nhi\u00ean, c\u00f3 nh\u1eefng \u0111\u1eb7c \u0111i\u1ec3m v\u00e0 bi\u1ebfn th\u1ec3 \u0111\u1ed9c \u0111\u00e1o. Ch\u00fang t\u00f4i m\u1eddi nh\u1eefng kh\u00e1ch h\u00e0ng c\u00f3 gi\u00e1 tr\u1ecb c\u1ee7a m\u00ecnh \u0111\u00f3n nh\u1eadn nh\u1eefng bi\u1ebfn th\u1ec3 t\u1ef1 nhi\u00ean n\u00e0y. Ch\u00fac b\u1ea1n mua s\u1eafm vui v\u1ebb!<\/strong><\/p>\n<p><\/p>\n<p><strong><u>Kh\u00f4ng c\u00f3 h\u00ecnh \u1ea3nh v\u00e0 c\u1ea3nh quay video n\u00e0o \u0111\u01b0\u1ee3c l\u1ecdc. Ch\u00fang t\u00f4i khuy\u1ebfn kh\u00edch kh\u00e1ch h\u00e0ng c\u1ee7a m\u00ecnh c\u0169ng xem c\u00e1c video \u0111i k\u00e8m \u0111\u1ec3 c\u00f3 c\u00e1i nh\u00ecn to\u00e0n di\u1ec7n h\u01a1n v\u1ec1 s\u1ea3n ph\u1ea9m c\u1ee7a ch\u00fang t\u00f4i<\/u><\/strong><\/p>","protected":false},"excerpt":{"rendered":"<p>This Very Rare Semi Icy Light Green Patches Natural Type A Jadeite Jade necklace features an exquisite Elephant pendant, making it a unique and eye-catching accessory. Certificate numbers: 920660004887 *- This old collection from YPQ is something a jadeite&#8217;s collector doesn&#8217;t really want to miss, buy now before it is gone forever! Weighing 8.63 grams, [&hellip;]<\/p>","protected":false},"featured_media":8563,"comment_status":"open","ping_status":"closed","template":"","meta":[],"product_brand":[],"product_cat":[194],"product_tag":[],"class_list":{"0":"post-1864","1":"product","2":"type-product","3":"status-publish","4":"has-post-thumbnail","6":"product_cat-value-picks","8":"first","9":"instock","10":"sale","11":"shipping-taxable","12":"purchasable","13":"product-type-simple"},"_links":{"self":[{"href":"https:\/\/shop.yipinqian.com\/vi\/wp-json\/wp\/v2\/product\/1864","targetHints":{"allow":["GET"]}}],"collection":[{"href":"https:\/\/shop.yipinqian.com\/vi\/wp-json\/wp\/v2\/product"}],"about":[{"href":"https:\/\/shop.yipinqian.com\/vi\/wp-json\/wp\/v2\/types\/product"}],"replies":[{"embeddable":true,"href":"https:\/\/shop.yipinqian.com\/vi\/wp-json\/wp\/v2\/comments?post=1864"}],"version-history":[{"count":0,"href":"https:\/\/shop.yipinqian.com\/vi\/wp-json\/wp\/v2\/product\/1864\/revisions"}],"wp:featuredmedia":[{"embeddable":true,"href":"https:\/\/shop.yipinqian.com\/vi\/wp-json\/wp\/v2\/media\/8563"}],"wp:attachment":[{"href":"https:\/\/shop.yipinqian.com\/vi\/wp-json\/wp\/v2\/media?parent=1864"}],"wp:term":[{"taxonomy":"product_brand","embeddable":true,"href":"https:\/\/shop.yipinqian.com\/vi\/wp-json\/wp\/v2\/product_brand?post=1864"},{"taxonomy":"product_cat","embeddable":true,"href":"https:\/\/shop.yipinqian.com\/vi\/wp-json\/wp\/v2\/product_cat?post=1864"},{"taxonomy":"product_tag","embeddable":true,"href":"https:\/\/shop.yipinqian.com\/vi\/wp-json\/wp\/v2\/product_tag?post=1864"}],"curies":[{"name":"wp","href":"https:\/\/api.w.org\/{rel}","templated":true}]}}