{"id":1857,"date":"2024-10-24T23:23:09","date_gmt":"2024-10-24T15:23:09","guid":{"rendered":"https:\/\/shop.yipinqian.com\/product\/very-rare-old-mine-myanmar-natural-type-a-jadeite-pendant-carved-as-du-mu-with-a-weigh-at-181-11-grams-measurements-at-55-55-158-6-96-mm-translucent-near-colorless-with-patches-of-green-and-deep-green\/"},"modified":"2025-07-03T23:27:02","modified_gmt":"2025-07-03T15:27:02","slug":"very-rare-old-mine-myanmar-natural-type-a-jadeite-pendant-carved-as-du-mu-with-a-weigh-at-181-11-grams-measurements-at-55-55-158-6-96-mm-translucent-near-colorless-with-patches-of-green-and-deep-green","status":"publish","type":"product","link":"https:\/\/shop.yipinqian.com\/vi\/san-pham\/very-rare-old-mine-myanmar-natural-type-a-jadeite-pendant-carved-as-du-mu-with-a-weigh-at-181-11-grams-measurements-at-55-55-158-6-96-mm-translucent-near-colorless-with-patches-of-green-and-deep-green\/","title":{"rendered":"M\u1eb7t d\u00e2y chuy\u1ec1n ng\u1ecdc b\u00edch t\u1ef1 nhi\u00ean lo\u1ea1i A c\u1ee7a Myanmar Old Mine r\u1ea5t hi\u1ebfm \u0111\u01b0\u1ee3c ch\u1ea1m kh\u1eafc h\u00ecnh Du Mu v\u1edbi tr\u1ecdng l\u01b0\u1ee3ng 181,11 gram, k\u00edch th\u01b0\u1edbc 55 * 55,158 * 6,96 mm \u2013 Trong m\u1edd g\u1ea7n nh\u01b0 kh\u00f4ng m\u00e0u v\u1edbi c\u00e1c m\u1ea3ng m\u00e0u xanh l\u00e1 c\u00e2y v\u00e0 xanh l\u00e1 c\u00e2y \u0111\u1eadm c\u00f3 \u0111\u1ed9 trong m\u1edd t\u1ed1t (m\u1eb7t d\u00e2y chuy\u1ec1n153)"},"content":{"rendered":"<h2>Myanmar Natural Type A Jadeite<\/h2>\n<p><iframe title=\"Myanmar Natural Type A Jadeite\" src=\"https:\/\/youtube.com\/embed\/N8qqgx_UuFY\/\" width=\"330\" height=\"300\"><\/iframe><br \/>\nM\u1eb7t d\u00e2y chuy\u1ec1n ng\u1ecdc b\u00edch lo\u1ea1i A Myanmar t\u1ef1 nhi\u00ean c\u1ef1c hi\u1ebfm n\u00e0y l\u00e0 m\u1ed9t ki\u1ec7t t\u00e1c th\u1ef1c s\u1ef1 c\u1ee7a v\u00f2ng c\u1ed5 v\u00e0 m\u1eb7t d\u00e2y chuy\u1ec1n \u0111\u00e1 b\u00e1n qu\u00fd s\u1ebd l\u00e0m say \u0111\u1eafm tr\u00e1i tim b\u1ea1n ngay t\u1eeb c\u00e1i nh\u00ecn \u0111\u1ea7u ti\u00ean.<\/p>\n<p><strong>S\u1ed1 b\u00e1o c\u00e1o NGI: 63837042<\/strong><\/p>\n<ul>\n<li><strong>\u0110\u1ed9c nh\u1ea5t v\u00f4 nh\u1ecb: <\/strong>M\u1eb7t d\u00e2y chuy\u1ec1n n\u00e0y \u0111\u01b0\u1ee3c ch\u1ebf t\u00e1c t\u1eeb \u0111\u00e1 ng\u1ecdc b\u00edch lo\u1ea1i A t\u1ef1 nhi\u00ean v\u1edbi h\u1ecda ti\u1ebft Du Mu \u0111\u1ed9c \u0111\u00e1o, khi\u1ebfn n\u00f3 tr\u1edf th\u00e0nh m\u1ed9t m\u00f3n \u0111\u1ed3 trang s\u1ee9c \u0111\u1eb7c bi\u1ec7t cho b\u1ea5t k\u1ef3 b\u1ed9 s\u01b0u t\u1eadp trang s\u1ee9c n\u00e0o.<\/li>\n<li><strong>V\u1ebb \u0111\u1eb9p trong su\u1ed1t: <\/strong>V\u1edbi k\u00edch th\u01b0\u1edbc 55 * 55,158 * 6,96 mm, m\u1eb7t d\u00e2y chuy\u1ec1n c\u00f3 ph\u1ea7n th\u00e2n trong su\u1ed1t g\u1ea7n nh\u01b0 kh\u00f4ng m\u00e0u tinh t\u1ebf v\u1edbi c\u00e1c m\u1ea3ng m\u00e0u xanh l\u00e1 c\u00e2y v\u00e0 xanh l\u00e1 c\u00e2y \u0111\u1eadm, mang \u0111\u1ebfn cho n\u00f3 v\u1ebb ngo\u00e0i huy\u1ec1n b\u00ed v\u00e0 thanh l\u1ecbch.<\/li>\n<\/ul>\n<p><img fetchpriority=\"high\" decoding=\"async\" class=\"alignnone\" src=\"https:\/\/shop.yipinqian.com\/wp-content\/uploads\/2024\/10\/b48f808fe2168dea98ee2ceae9e3917f.jpg?from=476444299\" alt=\"Myanmar Natural Type A Jadeite\" width=\"1080\" height=\"1080\" \/><\/p>\n<ul>\n<li><strong>Ki\u1ec3u v\u00f2ng c\u1ed5 thanh l\u1ecbch: <\/strong>Ki\u1ec3u d\u00e1ng v\u00f2ng c\u1ed5 t\u00f4n l\u00ean v\u1ebb \u0111\u1eb9p ch\u1ea1m kh\u1eafc tinh x\u1ea3o m\u1ed9t c\u00e1ch ho\u00e0n h\u1ea3o, khi\u1ebfn m\u00f3n \u0111\u1ed3 n\u00e0y tr\u1edf n\u00ean ho\u00e0n h\u1ea3o cho b\u1ea5t k\u1ef3 d\u1ecbp n\u00e0o c\u1ea7n ch\u00fat thanh l\u1ecbch - d\u00f9 l\u00e0 \u0111eo h\u00e0ng ng\u00e0y hay nh\u1eefng d\u1ecbp \u0111\u1eb7c bi\u1ec7t.<\/li>\n<\/ul>\n<p>M\u1eb7t d\u00e2y chuy\u1ec1n ng\u1ecdc b\u00edch n\u00e0y \u0111i k\u00e8m v\u1edbi m\u1ed9t ch\u1ee9ng ch\u1ec9 \u0111\u1ec3 \u0111\u1ea3m b\u1ea3o t\u00ednh x\u00e1c th\u1ef1c c\u1ee7a n\u00f3 - m\u1ed9t minh ch\u1ee9ng cho ch\u1ea5t l\u01b0\u1ee3ng c\u0169ng nh\u01b0 s\u1ef1 ch\u0103m ch\u00fat trong qu\u00e1 tr\u00ecnh ch\u1ebf t\u00e1c t\u00e1c ph\u1ea9m qu\u00fd gi\u00e1 n\u00e0y. Lo\u1ea1i b\u1ea3o h\u00e0nh c\u00f3 th\u1ec3 kh\u00f4ng \u00e1p d\u1ee5ng; tuy nhi\u00ean, v\u1edbi \u0111\u1ed9 b\u1ec1n v\u00e0 s\u1ee9c h\u1ea5p d\u1eabn v\u01b0\u1ee3t th\u1eddi gian, s\u1ea3n ph\u1ea9m n\u00e0y l\u00fd t\u01b0\u1edfng \u0111\u1ec3 \u0111eo h\u00e0ng ng\u00e0y cho c\u1ea3 nam v\u00e0 n\u1eef.<\/p>\n<p>Yi Pin Qian \u2013 Nh\u00e0 bu\u00f4n \u0111\u00e1 qu\u00fd v\u00e0 kim lo\u1ea1i qu\u00fd t\u1ea1i Singapore \u2013 S\u1ed1 gi\u1ea5y ph\u00e9p PS20190000031<\/p>\n<p>*T\u1ea5t c\u1ea3 c\u00e1c lo\u1ea1i Jadeite \u0111\u01b0\u1ee3c mua t\u1eeb Yi Pin Qian t\u1ea1i Singapore, kh\u00e1ch h\u00e0ng c\u00f3 th\u1ec3 \u0111\u1eb7t l\u1ecbch \u0111\u00e1nh b\u00f3ng ho\u1eb7c s\u1eeda ch\u1eefa nh\u1ecf do x\u1eed l\u00fd sai c\u00e1ch \u2013 c\u00f3 t\u00ednh ph\u00ed v\u00e0 ch\u1ec9 d\u00e0nh cho kh\u00e1ch h\u00e0ng c\u1ee7a Yi Pin Qian t\u1ea1i Singapore*<\/p>\n<p>&nbsp;<\/p>\n<ul>\n<li><\/li>\n<\/ul>\n<p>NGI (Vi\u1ec7n \u0110\u00e1 qu\u00fd Nan Yang)<\/p>\n<p>ho\u1eb7c ch\u1ee9ng ch\u1ec9 n\u01b0\u1edbc ngo\u00e0i (Yi Pin Qian ch\u1ec9 s\u1eed d\u1ee5ng ch\u1ee9ng ch\u1ec9 x\u00e1c th\u1ef1c t\u1eeb c\u00e1c ph\u00f2ng th\u00ed nghi\u1ec7m \u1edf n\u01b0\u1edbc ngo\u00e0i v\u00e0 c\u0169ng ki\u1ec3m so\u00e1t ch\u1ea5t l\u01b0\u1ee3ng m\u1ecdi s\u1ea3n ph\u1ea9m c\u1ee7a ch\u00fang t\u00f4i tr\u01b0\u1edbc khi \u0111\u01b0a ch\u00fang ra b\u00e1n t\u1ea1i Singapore)<\/p>\n<p>M\u1ed7i s\u1ea3n ph\u1ea9m tr\u00ean TikTok s\u1ebd c\u00f3 lo\u1ea1i ch\u1ee9ng ch\u1ec9 \u0111\u01b0\u1ee3c cung c\u1ea5p \u0111\u01b0\u1ee3c ch\u1ec9 \u0111\u1ecbnh trong ph\u1ea7n m\u00f4 t\u1ea3. \u0110\u1ed1i v\u1edbi b\u1ea5t k\u1ef3 kh\u00e1ch h\u00e0ng n\u00e0o mu\u1ed1n g\u1eedi \u0111\u01a1n h\u00e0ng c\u1ee7a m\u00ecnh \u0111\u1ebfn NGI Singapore, s\u1ebd c\u00f3 th\u1eddi gian ch\u1edd giao h\u00e0ng \u01b0\u1edbc t\u00ednh kho\u1ea3ng 4 tu\u1ea7n \u0111\u1ec3 nh\u1eadn \u0111\u01b0\u1ee3c \u0111\u01a1n h\u00e0ng c\u1ee7a b\u1ea1n. Y\u00eau c\u1ea7u b\u00e1o c\u00e1o v\u1ec1 \u0111\u00e1 qu\u00fd NGI c\u1ea7n \u0111\u01b0\u1ee3c th\u1ef1c hi\u1ec7n b\u1eb1ng c\u00e1ch nh\u1eafn tin cho c\u1eeda h\u00e0ng Yi Pin Qian TikTok. C\u1ea3m \u01a1n b\u1ea1n, ch\u00fang t\u00f4i s\u1ebd \u00e1p d\u1ee5ng th\u00eam ph\u00ed.<\/p>","protected":false},"excerpt":{"rendered":"<h2>Myanmar Natural Type A Jadeite<\/h2>\n<p><img decoding=\"async\" class=\"aligncenter size-medium wp-image-22165\" src=\"https:\/\/shop.yipinqian.com\/wp-content\/uploads\/2024\/10\/WhatsApp-Image-2024-05-08-at-15.50.14_b53e92b3-300x300.jpg\" alt=\"Myanmar Natural Type A Jadeite\" width=\"300\" height=\"300\" srcset=\"https:\/\/shop.yipinqian.com\/wp-content\/uploads\/2024\/10\/WhatsApp-Image-2024-05-08-at-15.50.14_b53e92b3-300x300.jpg 300w, https:\/\/shop.yipinqian.com\/wp-content\/uploads\/2024\/10\/WhatsApp-Image-2024-05-08-at-15.50.14_b53e92b3-1024x1024.jpg 1024w, https:\/\/shop.yipinqian.com\/wp-content\/uploads\/2024\/10\/WhatsApp-Image-2024-05-08-at-15.50.14_b53e92b3-150x150.jpg 150w, https:\/\/shop.yipinqian.com\/wp-content\/uploads\/2024\/10\/WhatsApp-Image-2024-05-08-at-15.50.14_b53e92b3-768x768.jpg 768w, https:\/\/shop.yipinqian.com\/wp-content\/uploads\/2024\/10\/WhatsApp-Image-2024-05-08-at-15.50.14_b53e92b3-12x12.jpg 12w, https:\/\/shop.yipinqian.com\/wp-content\/uploads\/2024\/10\/WhatsApp-Image-2024-05-08-at-15.50.14_b53e92b3-500x500.jpg 500w, https:\/\/shop.yipinqian.com\/wp-content\/uploads\/2024\/10\/WhatsApp-Image-2024-05-08-at-15.50.14_b53e92b3-100x100.jpg 100w, https:\/\/shop.yipinqian.com\/wp-content\/uploads\/2024\/10\/WhatsApp-Image-2024-05-08-at-15.50.14_b53e92b3.jpg 1080w\" sizes=\"(max-width: 300px) 100vw, 300px\" \/><\/p>","protected":false},"featured_media":8506,"comment_status":"open","ping_status":"closed","template":"","meta":[],"product_brand":[],"product_cat":[196],"product_tag":[],"class_list":{"0":"post-1857","1":"product","2":"type-product","3":"status-publish","4":"has-post-thumbnail","6":"product_cat-vault-collection","8":"first","9":"instock","10":"sale","11":"shipping-taxable","12":"purchasable","13":"product-type-simple"},"_links":{"self":[{"href":"https:\/\/shop.yipinqian.com\/vi\/wp-json\/wp\/v2\/product\/1857","targetHints":{"allow":["GET"]}}],"collection":[{"href":"https:\/\/shop.yipinqian.com\/vi\/wp-json\/wp\/v2\/product"}],"about":[{"href":"https:\/\/shop.yipinqian.com\/vi\/wp-json\/wp\/v2\/types\/product"}],"replies":[{"embeddable":true,"href":"https:\/\/shop.yipinqian.com\/vi\/wp-json\/wp\/v2\/comments?post=1857"}],"version-history":[{"count":0,"href":"https:\/\/shop.yipinqian.com\/vi\/wp-json\/wp\/v2\/product\/1857\/revisions"}],"wp:featuredmedia":[{"embeddable":true,"href":"https:\/\/shop.yipinqian.com\/vi\/wp-json\/wp\/v2\/media\/8506"}],"wp:attachment":[{"href":"https:\/\/shop.yipinqian.com\/vi\/wp-json\/wp\/v2\/media?parent=1857"}],"wp:term":[{"taxonomy":"product_brand","embeddable":true,"href":"https:\/\/shop.yipinqian.com\/vi\/wp-json\/wp\/v2\/product_brand?post=1857"},{"taxonomy":"product_cat","embeddable":true,"href":"https:\/\/shop.yipinqian.com\/vi\/wp-json\/wp\/v2\/product_cat?post=1857"},{"taxonomy":"product_tag","embeddable":true,"href":"https:\/\/shop.yipinqian.com\/vi\/wp-json\/wp\/v2\/product_tag?post=1857"}],"curies":[{"name":"wp","href":"https:\/\/api.w.org\/{rel}","templated":true}]}}