{"id":1853,"date":"2024-10-24T23:23:06","date_gmt":"2024-10-24T15:23:06","guid":{"rendered":"https:\/\/shop.yipinqian.com\/product\/very-rare-lemon-yellow-patch-natural-type-a-jadeite-jade-crafted-as-peace-bangle-certificate-weighs-58-76-grams-measurement-15-3-7-1-56-4-mm-bangle9\/"},"modified":"2025-02-24T01:17:25","modified_gmt":"2025-02-23T17:17:25","slug":"very-rare-lemon-yellow-patch-natural-type-a-jadeite-jade-crafted-as-peace-bangle-certificate-weighs-58-76-grams-measurement-15-3-7-1-56-4-mm-bangle9","status":"publish","type":"product","link":"https:\/\/shop.yipinqian.com\/vi\/san-pham\/very-rare-lemon-yellow-patch-natural-type-a-jadeite-jade-crafted-as-peace-bangle-certificate-weighs-58-76-grams-measurement-15-3-7-1-56-4-mm-bangle9\/","title":{"rendered":"Ng\u1ecdc b\u00edch t\u1ef1 nhi\u00ean lo\u1ea1i A m\u00e0u v\u00e0ng chanh r\u1ea5t hi\u1ebfm \u0111\u01b0\u1ee3c ch\u1ebf t\u00e1c th\u00e0nh v\u00f2ng tay h\u00f2a b\u00ecnh, gi\u1ea5y ch\u1ee9ng nh\u1eadn n\u1eb7ng 58,76 gram, k\u00edch th\u01b0\u1edbc 15,3 * 7,1 * 56,4 mm (v\u00f2ng tay9)"},"content":{"rendered":"<p>V\u00f2ng tay ng\u1ecdc b\u00edch Peace t\u1ef1 nhi\u00ean lo\u1ea1i A m\u00e0u v\u00e0ng chanh c\u1ef1c hi\u1ebfm n\u00e0y l\u00e0 m\u1ed9t m\u00f3n \u0111\u1ed3 trang s\u1ee9c tuy\u1ec7t \u0111\u1eb9p to\u00e1t l\u00ean v\u1ebb thanh l\u1ecbch v\u00e0 tinh t\u1ebf.<\/p>\n<p>*** Chi\u1ec1u r\u1ed9ng v\u00e0 \u0111\u1ed9 d\u00e0y l\u00e0 hai trong s\u1ed1 nh\u1eefng y\u1ebfu t\u1ed1 quan tr\u1ecdng gi\u1ed1ng nh\u01b0 M\u1eb7t d\u00e2y chuy\u1ec1n ho\u1eb7c b\u1ea5t k\u1ef3 Ph\u1ee5 ki\u1ec7n n\u00e0o kh\u00e1c cho Jadeite v\u00ec hai y\u1ebfu t\u1ed1 n\u00e0y c\u0169ng quy\u1ebft \u0111\u1ecbnh ph\u1ea1m vi gi\u00e1 ***<\/p>\n<p>S\u1ed1 ch\u1ee9ng ch\u1ec9: 920870006529<\/p>\n<p>V\u00f2ng \u0111eo tay K\u00edch th\u01b0\u1edbc b\u00ean trong: 56,4 mm<\/p>\n<p>Chi\u1ec1u r\u1ed9ng: 15,3 mm<\/p>\n<p>\u0110\u1ed9 d\u00e0y: 7.1 mm<\/p>\n<p><img fetchpriority=\"high\" decoding=\"async\" height=\"1080\" src=\"https:\/\/shop.yipinqian.com\/wp-content\/uploads\/2024\/10\/4e356d9607325bda55a17c916850a235.jpg?from=476444299\" width=\"1080\"><\/p>\n<ul>\n<li>\n<strong>Thi\u1ebft k\u1ebf tinh t\u1ebf:<\/strong> \u0110\u01b0\u1ee3c ch\u1ebf t\u00e1c t\u1ec9 m\u1ec9 v\u00e0 c\u1ea9n th\u1eadn, chi\u1ebfc v\u00f2ng tay t\u00f4n l\u00ean v\u1ebb \u0111\u1eb9p c\u1ee7a ng\u1ecdc b\u00edch t\u1ef1 nhi\u00ean v\u1edbi nh\u1eefng m\u1ea3ng m\u00e0u v\u00e0ng chanh \u0111\u1ed9c \u0111\u00e1o.<\/li>\n<li>\n<strong>Ch\u1ea5t l\u01b0\u1ee3ng cao c\u1ea5p:<\/strong> \u0110\u01b0\u1ee3c l\u00e0m t\u1eeb ng\u1ecdc b\u00edch Jadeite lo\u1ea1i A, chi\u1ebfc v\u00f2ng tay n\u00e0y kh\u00f4ng ch\u1ec9 \u0111\u1eb9p m\u00e0 c\u00f2n b\u1ec1n, \u0111\u1ea3m b\u1ea3o \u0111eo l\u00e2u d\u00e0i.<\/li>\n<li>\n<strong>Gi\u1ea5y ch\u1ee9ng nh\u1eadn bao g\u1ed3m:<\/strong> \u0110i k\u00e8m v\u1edbi gi\u1ea5y ch\u1ee9ng nh\u1eadn x\u00e1c minh t\u00ednh x\u00e1c th\u1ef1c v\u00e0 ch\u1ea5t l\u01b0\u1ee3ng c\u1ee7a lo\u1ea1i ng\u1ecdc \u0111\u01b0\u1ee3c s\u1eed d\u1ee5ng trong t\u00e1c ph\u1ea9m n\u00e0y.<\/li>\n<\/ul>\n<p>V\u1edbi tr\u1ecdng l\u01b0\u1ee3ng 58,76 gram v\u00e0 k\u00edch th\u01b0\u1edbc 15,3 * 7,1 * 56,4 mm (bangle8), chi\u1ebfc v\u00f2ng tay n\u00e0y l\u00e0 m\u1ed9t ph\u00e1t hi\u1ec7n hi\u1ebfm c\u00f3 gi\u00fap t\u0103ng th\u00eam n\u00e9t sang tr\u1ecdng cho b\u1ea5t k\u1ef3 trang ph\u1ee5c n\u00e0o.<\/p>\n<ul>\n<li>\n<strong>N\u01b0\u1edbc xu\u1ea5t x\u1ee9:<\/strong> T\u00e1c ph\u1ea9m tinh x\u1ea3o n\u00e0y \u0111\u1ebfn t\u1eeb Myanmar, n\u01a1i n\u1ed5i ti\u1ebfng v\u1edbi s\u1ea3n l\u01b0\u1ee3ng ng\u1ecdc b\u00edch ch\u1ea5t l\u01b0\u1ee3ng cao.<\/li>\n<li>\u0110\u1ed9 b\u1ec1n h\u1eb1ng ng\u00e0yPh\u00f9 h\u1ee3p cho m\u1ecdi d\u1ecbp: N\u1eef ho\u1eb7c \u0111eo h\u00e0ng ng\u00e0y, Chi\u1ebfc v\u00f2ng tay n\u00e0y ho\u00e0n h\u1ea3o \u0111\u1ec3 t\u0103ng th\u00eam s\u1ef1 tinh t\u1ebf cho b\u1ea5t k\u1ef3 d\u1ecbp n\u00e0o.<\/li>\n<\/ul>\n<p>chi\u1ebfc v\u00f2ng tay \u0111\u01b0\u1ee3c ch\u1ebf t\u00e1c \u0111\u1eb9p m\u1eaft to\u00e1t l\u00ean v\u1ebb duy\u00ean d\u00e1ng<\/p>\n<p>Ph\u1ee5 ki\u1ec7n ho\u00e0n h\u1ea3o cho nh\u1eefng ng\u01b0\u1eddi y\u00eau th\u00edch trang s\u1ee9c, th\u00edch nh\u1eefng m\u00f3n \u0111\u1ed3 \u0111\u1ed9c \u0111\u00e1o, th\u1ec3 hi\u1ec7n c\u00e1 t\u00ednh m\u00e0 kh\u00f4ng \u1ea3nh h\u01b0\u1edfng \u0111\u1ebfn ch\u1ea5t l\u01b0\u1ee3ng hay phong c\u00e1ch. M\u1ed9t tuy\u00ean b\u1ed1 \u0111\u1eb9p \u0111\u1ebd, l\u1ed9ng l\u1eaby m\u00e0 kh\u00f4ng \u1ea3nh h\u01b0\u1edfng \u0111\u1ebfn ch\u1ea5t l\u01b0\u1ee3ng hay phong c\u00e1ch.<\/p>","protected":false},"excerpt":{"rendered":"<p>Chi\u1ebfc v\u00f2ng tay b\u1eb1ng ng\u1ecdc b\u00edch t\u1ef1 nhi\u00ean lo\u1ea1i A m\u00e0u v\u00e0ng chanh c\u1ef1c hi\u1ebfm n\u00e0y l\u00e0 m\u1ed9t m\u00f3n \u0111\u1ed3 trang s\u1ee9c tuy\u1ec7t \u0111\u1eb9p to\u00e1t l\u00ean v\u1ebb thanh l\u1ecbch v\u00e0 tinh t\u1ebf. *** Chi\u1ec1u r\u1ed9ng v\u00e0 \u0111\u1ed9 d\u00e0y l\u00e0 hai trong s\u1ed1 nh\u1eefng y\u1ebfu t\u1ed1 quan tr\u1ecdng gi\u1ed1ng nh\u01b0 M\u1eb7t d\u00e2y chuy\u1ec1n ho\u1eb7c b\u1ea5t k\u1ef3 Ph\u1ee5 ki\u1ec7n n\u00e0o kh\u00e1c d\u00e0nh cho ng\u1ecdc b\u00edch v\u00ec hai y\u1ebfu t\u1ed1 n\u00e0y c\u0169ng quy\u1ebft \u0111\u1ecbnh ph\u1ea1m vi gi\u00e1 *** S\u1ed1 ch\u1ee9ng ch\u1ec9: [\u2026]<\/p>","protected":false},"featured_media":8476,"comment_status":"open","ping_status":"closed","template":"","meta":[],"product_brand":[],"product_cat":[195],"product_tag":[],"class_list":{"0":"post-1853","1":"product","2":"type-product","3":"status-publish","4":"has-post-thumbnail","6":"product_cat-heirloom-grade","8":"first","9":"instock","10":"sale","11":"shipping-taxable","12":"purchasable","13":"product-type-simple"},"_links":{"self":[{"href":"https:\/\/shop.yipinqian.com\/vi\/wp-json\/wp\/v2\/product\/1853","targetHints":{"allow":["GET"]}}],"collection":[{"href":"https:\/\/shop.yipinqian.com\/vi\/wp-json\/wp\/v2\/product"}],"about":[{"href":"https:\/\/shop.yipinqian.com\/vi\/wp-json\/wp\/v2\/types\/product"}],"replies":[{"embeddable":true,"href":"https:\/\/shop.yipinqian.com\/vi\/wp-json\/wp\/v2\/comments?post=1853"}],"version-history":[{"count":0,"href":"https:\/\/shop.yipinqian.com\/vi\/wp-json\/wp\/v2\/product\/1853\/revisions"}],"wp:featuredmedia":[{"embeddable":true,"href":"https:\/\/shop.yipinqian.com\/vi\/wp-json\/wp\/v2\/media\/8476"}],"wp:attachment":[{"href":"https:\/\/shop.yipinqian.com\/vi\/wp-json\/wp\/v2\/media?parent=1853"}],"wp:term":[{"taxonomy":"product_brand","embeddable":true,"href":"https:\/\/shop.yipinqian.com\/vi\/wp-json\/wp\/v2\/product_brand?post=1853"},{"taxonomy":"product_cat","embeddable":true,"href":"https:\/\/shop.yipinqian.com\/vi\/wp-json\/wp\/v2\/product_cat?post=1853"},{"taxonomy":"product_tag","embeddable":true,"href":"https:\/\/shop.yipinqian.com\/vi\/wp-json\/wp\/v2\/product_tag?post=1853"}],"curies":[{"name":"wp","href":"https:\/\/api.w.org\/{rel}","templated":true}]}}