{"id":1852,"date":"2024-10-24T23:23:05","date_gmt":"2024-10-24T15:23:05","guid":{"rendered":"https:\/\/shop.yipinqian.com\/product\/very-rare-high-translucent-icy-natural-type-a-jadeite-pendant-carved-with-guanyin-symbolizes-compassion-mercy-healing-protection-purity-enlightenment-harmony-balance-and-the-feminine-divine-certificat\/"},"modified":"2025-02-24T01:34:17","modified_gmt":"2025-02-23T17:34:17","slug":"very-rare-high-translucent-icy-natural-type-a-jadeite-pendant-carved-with-guanyin-symbolizes-compassion-mercy-healing-protection-purity-enlightenment-harmony-balance-and-the-feminine-divine-certificat","status":"publish","type":"product","link":"https:\/\/shop.yipinqian.com\/vi\/san-pham\/very-rare-high-translucent-icy-natural-type-a-jadeite-pendant-carved-with-guanyin-symbolizes-compassion-mercy-healing-protection-purity-enlightenment-harmony-balance-and-the-feminine-divine-certificat\/","title":{"rendered":"M\u1eb7t d\u00e2y chuy\u1ec1n b\u1eb1ng ng\u1ecdc b\u00edch t\u1ef1 nhi\u00ean lo\u1ea1i A trong m\u1edd c\u1ef1c hi\u1ebfm \u0111\u01b0\u1ee3c ch\u1ea1m kh\u1eafc h\u00ecnh Quan \u00c2m t\u01b0\u1ee3ng tr\u01b0ng cho l\u00f2ng tr\u1eafc \u1ea9n, l\u00f2ng th\u01b0\u01a1ng x\u00f3t, s\u1ef1 ch\u1eefa l\u00e0nh, s\u1ef1 b\u1ea3o v\u1ec7, s\u1ef1 trong tr\u1eafng, s\u1ef1 gi\u00e1c ng\u1ed9, s\u1ef1 h\u00f2a h\u1ee3p, s\u1ef1 c\u00e2n b\u1eb1ng v\u00e0 ch\u1ee9ng ch\u1ec9 thi\u00eang li\u00eang c\u1ee7a ph\u1ee5 n\u1eef n\u1eb7ng 19,62 g, 52,8 * 46,6 * 5 mm (m\u1eb7t d\u00e2y chuy\u1ec1n78)"},"content":{"rendered":"<p>Xin gi\u1edbi thi\u1ec7u m\u1ed9t m\u1eb7t d\u00e2y chuy\u1ec1n ng\u1ecdc b\u00edch t\u1ef1 nhi\u00ean trong su\u1ed1t, m\u00e0u xanh l\u00e1 c\u00e2y nh\u1ea1t Type A c\u1ef1c hi\u1ebfm \u0111\u01b0\u1ee3c ch\u1ea1m kh\u1eafc tinh x\u1ea3o v\u1edbi bi\u1ec3u t\u01b0\u1ee3ng c\u1ee7a Quan \u00c2m \u2013 hi\u1ec7n th\u00e2n c\u1ee7a l\u00f2ng tr\u1eafc \u1ea9n, l\u00f2ng th\u01b0\u01a1ng x\u00f3t, s\u1ef1 ch\u1eefa l\u00e0nh, s\u1ef1 b\u1ea3o v\u1ec7, s\u1ef1 trong s\u1ea1ch v\u00e0 gi\u00e1c ng\u1ed9. M\u1eb7t d\u00e2y chuy\u1ec1n n\u00e0y c\u0169ng t\u01b0\u1ee3ng tr\u01b0ng cho s\u1ef1 h\u00f2a h\u1ee3p v\u00e0 c\u00e2n b\u1eb1ng trong khi t\u00f4n vinh s\u1ef1 thi\u00eang li\u00eang c\u1ee7a n\u1eef t\u00ednh.<\/p>\n<ul>\n<li>Thi\u1ebft k\u1ebf t\u01b0\u1ee3ng tr\u01b0ng: Bi\u1ec3u t\u01b0\u1ee3ng Qu\u00e1n Th\u1ebf \u00c2m \u0111\u01b0\u1ee3c kh\u1eafc tr\u00ean m\u1eb7t d\u00e2y chuy\u1ec1n ng\u1ecdc b\u00edch lo\u1ea1i A n\u00e0y l\u00e0 bi\u1ec3u t\u01b0\u1ee3ng m\u1ea1nh m\u1ebd c\u1ee7a t\u00ecnh y\u00eau v\u00e0 l\u00f2ng tr\u1eafc \u1ea9n.<\/li>\n<li>V\u1ebb \u0111\u1eb9p t\u1ef1 nhi\u00ean: Ch\u1ea5t l\u01b0\u1ee3ng b\u0103ng gi\u00e1 trong su\u1ed1t cao c\u1ee7a m\u1eb7t d\u00e2y chuy\u1ec1n ng\u1ecdc b\u00edch lo\u1ea1i A t\u1ef1 nhi\u00ean n\u00e0y l\u00e0m t\u0103ng th\u00eam v\u1ebb \u0111\u1eb9p c\u1ee7a n\u00f3 khi l\u1ea5p l\u00e1nh d\u01b0\u1edbi nhi\u1ec1u lo\u1ea1i \u00e1nh s\u00e1ng kh\u00e1c nhau.<\/li>\n<li>Gi\u1ea5y ch\u1ee9ng nh\u1eadn k\u00e8m theo: S\u1ea3n ph\u1ea9m tuy\u1ec7t \u0111\u1eb9p n\u00e0y \u0111i k\u00e8m v\u1edbi m\u1ed9t gi\u1ea5y ch\u1ee9ng nh\u1eadn \u0111\u1ec3 \u0111\u1ea3m b\u1ea3o t\u00ednh x\u00e1c th\u1ef1c gi\u00fap b\u1ea1n an t\u00e2m.<\/li>\n<\/ul>\n<p><strong>S\u1ed1 ch\u1ee9ng ch\u1ec9: GD2110H013028<\/strong><\/p>\n<p><img fetchpriority=\"high\" decoding=\"async\" height=\"1080\" src=\"https:\/\/shop.yipinqian.com\/wp-content\/uploads\/2024\/10\/1b5ba98c0b9bc82fb2f75314ff9e2733.jpg?from=476444299\" width=\"1080\"><img decoding=\"async\" height=\"1080\" src=\"https:\/\/shop.yipinqian.com\/wp-content\/uploads\/2024\/10\/e8191c655866c022a43c3c8130c5af9f.jpg?from=476444299\" width=\"1080\"><\/p>\n<p>Ki\u1ec3u d\u00e1ng v\u00f2ng c\u1ed5 thanh l\u1ecbch l\u00e0m cho n\u00f3 ho\u00e0n h\u1ea3o \u0111\u1ec3 \u0111eo h\u00e0ng ng\u00e0y. B\u1ea5t k\u1ef3 ai c\u0169ng c\u00f3 th\u1ec3 \u0111eo v\u00ec n\u00f3 c\u00f3 thi\u1ebft k\u1ebf unisex.<\/p>\n<ul>\n<li>\u0110\u01b0\u1ee3c l\u00e0m t\u1eeb ng\u1ecdc Jadeite: Vi\u1ec7c s\u1eed d\u1ee5ng ng\u1ecdc Jadeite ch\u1ea5t l\u01b0\u1ee3ng cao l\u00e0m t\u0103ng \u0111\u1ed9 b\u1ec1n v\u00e0 tu\u1ed5i th\u1ecd, gi\u00fap s\u1ea3n ph\u1ea9m n\u00e0y n\u1ed5i b\u1eadt h\u01a1n so v\u1edbi nh\u1eefng s\u1ea3n ph\u1ea9m kh\u00e1c.<\/li>\n<\/ul>\n<p>Chi\u1ebfc v\u00f2ng c\u1ed5 tuy\u1ec7t \u0111\u1eb9p n\u00e0y c\u00f3 ngu\u1ed3n g\u1ed1c t\u1eeb Myanmar \u2013 b\u1ea1n c\u00f3 th\u1ec3 t\u1ef1 h\u00e0o \u0111eo n\u00f3 ho\u1eb7c t\u1eb7ng n\u00f3 cho m\u1ed9t ng\u01b0\u1eddi \u0111\u1eb7c bi\u1ec7t n\u00e0o \u0111\u00f3 th\u00edch ph\u1ee5 ki\u1ec7n trang s\u1ee9c cao c\u1ea5p.<\/p>\n<p>Yi Pin Qian \u2013 Nh\u00e0 bu\u00f4n \u0111\u00e1 qu\u00fd v\u00e0 kim lo\u1ea1i qu\u00fd t\u1ea1i Singapore \u2013 S\u1ed1 gi\u1ea5y ph\u00e9p PS20190000031<\/p>\n<p>*T\u1ea5t c\u1ea3 c\u00e1c lo\u1ea1i Jadeite \u0111\u01b0\u1ee3c mua t\u1eeb Yi Pin Qian t\u1ea1i Singapore, kh\u00e1ch h\u00e0ng c\u00f3 th\u1ec3 \u0111\u1eb7t l\u1ecbch \u0111\u00e1nh b\u00f3ng ho\u1eb7c s\u1eeda ch\u1eefa nh\u1ecf do x\u1eed l\u00fd sai c\u00e1ch \u2013 c\u00f3 t\u00ednh ph\u00ed v\u00e0 ch\u1ec9 d\u00e0nh cho kh\u00e1ch h\u00e0ng c\u1ee7a Yi Pin Qian t\u1ea1i Singapore*<\/p>\n<p><strong>**C\u00e1c lo\u1ea1i ch\u1ee9ng ch\u1ec9**<\/strong><\/p>\n<p><strong>NGI (C\u00f4ng ty \u0110\u00e1 qu\u00fd Nan Yang)<\/strong><\/p>\n<p>ho\u1eb7c <strong>Ch\u1ee9ng ch\u1ec9 n\u01b0\u1edbc ngo\u00e0i <\/strong>(Yi Pin Qian ch\u1ec9 s\u1eed d\u1ee5ng c\u00e1c ch\u1ee9ng ch\u1ec9 x\u00e1c th\u1ef1c t\u1eeb c\u00e1c ph\u00f2ng th\u00ed nghi\u1ec7m \u1edf n\u01b0\u1edbc ngo\u00e0i v\u00e0 ki\u1ec3m so\u00e1t ch\u1ea5t l\u01b0\u1ee3ng m\u1ecdi s\u1ea3n ph\u1ea9m c\u1ee7a ch\u00fang t\u00f4i tr\u01b0\u1edbc khi \u0111\u01b0a ch\u00fang ra b\u00e1n t\u1ea1i Singapore)<\/p>\n<p>M\u1ed7i s\u1ea3n ph\u1ea9m tr\u00ean TikTok s\u1ebd c\u00f3 lo\u1ea1i ch\u1ee9ng ch\u1ec9 \u0111\u01b0\u1ee3c cung c\u1ea5p \u0111\u01b0\u1ee3c n\u00eau trong ph\u1ea7n m\u00f4 t\u1ea3. \u0110\u1ed1i v\u1edbi b\u1ea5t k\u1ef3 kh\u00e1ch h\u00e0ng n\u00e0o mu\u1ed1n g\u1eedi \u0111\u01a1n h\u00e0ng c\u1ee7a m\u00ecnh \u0111\u1ebfn NGI Singapore, s\u1ebd c\u00f3 th\u1eddi gian ch\u1edd giao h\u00e0ng \u01b0\u1edbc t\u00ednh kho\u1ea3ng 4 tu\u1ea7n \u0111\u1ec3 nh\u1eadn \u0111\u01b0\u1ee3c \u0111\u01a1n h\u00e0ng c\u1ee7a b\u1ea1n. <strong>Y\u00eau c\u1ea7u b\u00e1o c\u00e1o v\u1ec1 NGI Gemstone c\u1ea7n \u0111\u01b0\u1ee3c th\u1ef1c hi\u1ec7n b\u1eb1ng c\u00e1ch nh\u1eafn tin \u0111\u1ebfn c\u1eeda h\u00e0ng TikTok Yi Pin Qian.<\/strong> C\u1ea3m \u01a1n, <strong><u>\u00e1p d\u1ee5ng th\u00eam ph\u00ed<\/u><\/strong>.<\/p>\n<p><strong>Jadeite t\u1ef1 nhi\u00ean kh\u00f4ng ho\u00e0n h\u1ea3o, ch\u1ec9 l\u00e0 m\u1ed9t l\u1eddi nh\u1eafc nh\u1edf nh\u1eb9 nh\u00e0ng, Jadeite t\u1ef1 nhi\u00ean c\u1ee7a ch\u00fang t\u00f4i, gi\u1ed1ng nh\u01b0 t\u1ea5t c\u1ea3 nh\u1eefng th\u1ee9 \u0111\u1eb9p \u0111\u1ebd trong t\u1ef1 nhi\u00ean, c\u00f3 nh\u1eefng \u0111\u1eb7c \u0111i\u1ec3m v\u00e0 bi\u1ebfn th\u1ec3 \u0111\u1ed9c \u0111\u00e1o. Ch\u00fang t\u00f4i m\u1eddi nh\u1eefng kh\u00e1ch h\u00e0ng c\u00f3 gi\u00e1 tr\u1ecb c\u1ee7a m\u00ecnh \u0111\u00f3n nh\u1eadn nh\u1eefng bi\u1ebfn th\u1ec3 t\u1ef1 nhi\u00ean n\u00e0y. Ch\u00fac b\u1ea1n mua s\u1eafm vui v\u1ebb!<\/strong><\/p>\n<p><strong><u>Kh\u00f4ng c\u00f3 h\u00ecnh \u1ea3nh v\u00e0 c\u1ea3nh quay video n\u00e0o \u0111\u01b0\u1ee3c l\u1ecdc. Ch\u00fang t\u00f4i khuy\u1ebfn kh\u00edch kh\u00e1ch h\u00e0ng c\u1ee7a m\u00ecnh c\u0169ng xem c\u00e1c video \u0111i k\u00e8m \u0111\u1ec3 c\u00f3 c\u00e1i nh\u00ecn to\u00e0n di\u1ec7n h\u01a1n v\u1ec1 s\u1ea3n ph\u1ea9m c\u1ee7a ch\u00fang t\u00f4i<\/u><\/strong><\/p>","protected":false},"excerpt":{"rendered":"<p>Gi\u1edbi thi\u1ec7u m\u1ed9t m\u1eb7t d\u00e2y chuy\u1ec1n ng\u1ecdc b\u00edch t\u1ef1 nhi\u00ean trong su\u1ed1t, m\u00e0u xanh l\u00e1 c\u00e2y nh\u1ea1t Type A c\u1ef1c hi\u1ebfm \u0111\u01b0\u1ee3c ch\u1ea1m kh\u1eafc tinh x\u1ea3o v\u1edbi bi\u1ec3u t\u01b0\u1ee3ng c\u1ee7a Ph\u1eadt B\u00e0 Quan \u00c2m \u2013 hi\u1ec7n th\u00e2n c\u1ee7a l\u00f2ng tr\u1eafc \u1ea9n, l\u00f2ng th\u01b0\u01a1ng x\u00f3t, s\u1ef1 ch\u1eefa l\u00e0nh, s\u1ef1 b\u1ea3o v\u1ec7, s\u1ef1 trong s\u00e1ng v\u00e0 gi\u00e1c ng\u1ed9. M\u1eb7t d\u00e2y chuy\u1ec1n n\u00e0y c\u0169ng t\u01b0\u1ee3ng tr\u01b0ng cho s\u1ef1 h\u00f2a h\u1ee3p v\u00e0 c\u00e2n b\u1eb1ng trong khi t\u00f4n vinh s\u1ef1 thi\u00eang li\u00eang c\u1ee7a n\u1eef t\u00ednh. Thi\u1ebft k\u1ebf t\u01b0\u1ee3ng tr\u01b0ng: Bi\u1ec3u t\u01b0\u1ee3ng Ph\u1eadt B\u00e0 Quan \u00c2m \u0111\u01b0\u1ee3c ch\u1ea1m kh\u1eafc [\u2026]<\/p>","protected":false},"featured_media":8466,"comment_status":"open","ping_status":"closed","template":"","meta":[],"product_brand":[],"product_cat":[196],"product_tag":[],"class_list":{"0":"post-1852","1":"product","2":"type-product","3":"status-publish","4":"has-post-thumbnail","6":"product_cat-vault-collection","8":"first","9":"instock","10":"sale","11":"shipping-taxable","12":"purchasable","13":"product-type-simple"},"_links":{"self":[{"href":"https:\/\/shop.yipinqian.com\/vi\/wp-json\/wp\/v2\/product\/1852","targetHints":{"allow":["GET"]}}],"collection":[{"href":"https:\/\/shop.yipinqian.com\/vi\/wp-json\/wp\/v2\/product"}],"about":[{"href":"https:\/\/shop.yipinqian.com\/vi\/wp-json\/wp\/v2\/types\/product"}],"replies":[{"embeddable":true,"href":"https:\/\/shop.yipinqian.com\/vi\/wp-json\/wp\/v2\/comments?post=1852"}],"version-history":[{"count":0,"href":"https:\/\/shop.yipinqian.com\/vi\/wp-json\/wp\/v2\/product\/1852\/revisions"}],"wp:featuredmedia":[{"embeddable":true,"href":"https:\/\/shop.yipinqian.com\/vi\/wp-json\/wp\/v2\/media\/8466"}],"wp:attachment":[{"href":"https:\/\/shop.yipinqian.com\/vi\/wp-json\/wp\/v2\/media?parent=1852"}],"wp:term":[{"taxonomy":"product_brand","embeddable":true,"href":"https:\/\/shop.yipinqian.com\/vi\/wp-json\/wp\/v2\/product_brand?post=1852"},{"taxonomy":"product_cat","embeddable":true,"href":"https:\/\/shop.yipinqian.com\/vi\/wp-json\/wp\/v2\/product_cat?post=1852"},{"taxonomy":"product_tag","embeddable":true,"href":"https:\/\/shop.yipinqian.com\/vi\/wp-json\/wp\/v2\/product_tag?post=1852"}],"curies":[{"name":"wp","href":"https:\/\/api.w.org\/{rel}","templated":true}]}}