{"id":18505,"date":"2025-02-11T09:16:03","date_gmt":"2025-02-11T01:16:03","guid":{"rendered":"https:\/\/shop.yipinqian.com\/product\/semi-icy-white-jadeite-cylinder-earrings-18k-gold-diamond-accents-certified-gd2202h003324-sku-18k11\/"},"modified":"2025-02-24T01:17:23","modified_gmt":"2025-02-23T17:17:23","slug":"harmony-cylinder-earrings-white-jadeite-18k-gold","status":"publish","type":"product","link":"https:\/\/shop.yipinqian.com\/vi\/san-pham\/harmony-cylinder-earrings-white-jadeite-18k-gold\/","title":{"rendered":"Harmony Cylinder Earrings \u2013 White Jadeite, 18K Gold &#038; Five Elements Balance (Certified GD2202H003324 Sku: 18k11)"},"content":{"rendered":"<p><iframe title=\"Harmony Cylinder Earrings\" src=\"https:\/\/youtube.com\/embed\/2ikw73duXio\" width=\"330\" height=\"300\"><\/iframe><\/p>\n<h2><strong>Harmony Cylinder Earrings<\/strong><\/h2>\n<p>These earrings are a symphony of symbolism, blending the Five Elements into wearable art: \u26f0\ud83d\udca7\ud83d\udd29\ud83c\udf0d\ud83d\udd25<\/p>\n<p>Metal (\u91d1): The 18K gold hooks and threads (3.8g total, 75% pure gold*) symbolize unyielding strength.<\/p>\n<p>Wood (\u6728): The green cabochons nod to growth and renewal.<\/p>\n<p>Water (\u6c34): The swaying gold coils mimic flowing rivers, inviting adaptability.<\/p>\n<p>Earth (\u571f): The jadeite\u2019s raw translucence mirrors the grounding energy of stone.<\/p>\n<p>Fire (\u706b): Micro-diamonds sparkle like tiny flames, celebrating passion.<\/p>\n<p>Crafted from semi-icy white Type A jadeite (GD2202H003324), the 50mm cylinders evoke purity and clarity, while their cloud-like gold settings frame the design in celestial lightness. At 6.39 grams, they balance weight and movement effortlessly\u2014ideal for those who command attention without saying a word.<\/p>\n<p>&#8220;Whether you resonate with the Five Elements, seek heirloom-quality craftsmanship, or simply adore understated grandeur, these earrings transcend symbolism. They\u2019re for the CEO who negotiates in silence, the artist who finds beauty in balance, and anyone who believes luxury should whisper, not shout.&#8221;<\/p>\n<p>&#8220;Priced at $6,399.88, this pair is an investment in legacy\u2014where nature\u2019s artistry meets human ingenuity.&#8221;<\/p>\n<p>\ud83c\udf0c Elemental Harmony: Five Elements woven into design (Metal, Wood, Water, Earth, Fire).<\/p>\n<p>\u2744\ufe0f Semi-Icy Translucence: White jadeite cylinders symbolizing clarity and calm.<\/p>\n<p>\ud83d\udd0d Certified Authenticity: Natural Type A jadeite (GD2202H003324).<\/p>\n<p><img fetchpriority=\"high\" decoding=\"async\" class=\"alignnone\" src=\"https:\/\/shop.yipinqian.com\/wp-content\/uploads\/2025\/02\/a21cd7c7b4dc4cd0b491b4242d41ead5tplv-aphluv4xwc-origin-jpeg.jpeg?dr=15568&amp;nonce=27654&amp;refresh_token=e35fca659af0584a3220581692c9bba0&amp;from=476444299&amp;idc=my&amp;ps=933b5bde&amp;shcp=9b759fb9&amp;shp=1c65f68b&amp;t=555f072d\" alt=\"Harmony Cylinder Earrings\" width=\"1536\" height=\"2048\" \/><br \/>\n<img decoding=\"async\" class=\"alignnone\" src=\"https:\/\/shop.yipinqian.com\/wp-content\/uploads\/2025\/02\/017fe31e7bb74c99b4167b76c8af395ctplv-aphluv4xwc-origin-jpeg.jpeg?dr=15568&amp;nonce=41826&amp;refresh_token=ad6442b9b10b8edb8e33f58c656c0cdb&amp;from=476444299&amp;idc=my&amp;ps=933b5bde&amp;shcp=9b759fb9&amp;shp=1c65f68b&amp;t=555f072d\" alt=\"Harmony Cylinder Earrings\" width=\"1536\" height=\"2048\" \/><\/p>\n<p>&#8212;&#8212;&#8211;<\/p>\n<p>&nbsp;<\/p>\n<p>Yi Pin Qian \u2013 Nh\u00e0 bu\u00f4n \u0111\u00e1 qu\u00fd v\u00e0 kim lo\u1ea1i qu\u00fd t\u1ea1i Singapore \u2013 S\u1ed1 gi\u1ea5y ph\u00e9p PS20190000031<\/p>\n<p>&nbsp;<\/p>\n<p>*T\u1ea5t c\u1ea3 c\u00e1c lo\u1ea1i Jadeite \u0111\u01b0\u1ee3c mua t\u1eeb Yi Pin Qian t\u1ea1i Singapore, kh\u00e1ch h\u00e0ng c\u00f3 th\u1ec3 \u0111\u1eb7t l\u1ecbch \u0111\u00e1nh b\u00f3ng ho\u1eb7c s\u1eeda ch\u1eefa nh\u1ecf do x\u1eed l\u00fd sai c\u00e1ch \u2013 c\u00f3 t\u00ednh ph\u00ed v\u00e0 ch\u1ec9 d\u00e0nh cho kh\u00e1ch h\u00e0ng c\u1ee7a Yi Pin Qian t\u1ea1i Singapore*<\/p>\n<p>&nbsp;<\/p>\n<p><strong>**C\u00e1c lo\u1ea1i ch\u1ee9ng ch\u1ec9**<\/strong><\/p>\n<p>&nbsp;<\/p>\n<p><strong>NGI (C\u00f4ng ty \u0110\u00e1 qu\u00fd Nan Yang)<\/strong><\/p>\n<p>ho\u1eb7c <strong>Ch\u1ee9ng ch\u1ec9 n\u01b0\u1edbc ngo\u00e0i <\/strong>(Yi Pin Qian ch\u1ec9 s\u1eed d\u1ee5ng c\u00e1c ch\u1ee9ng ch\u1ec9 x\u00e1c th\u1ef1c t\u1eeb c\u00e1c ph\u00f2ng th\u00ed nghi\u1ec7m \u1edf n\u01b0\u1edbc ngo\u00e0i v\u00e0 ki\u1ec3m so\u00e1t ch\u1ea5t l\u01b0\u1ee3ng m\u1ecdi s\u1ea3n ph\u1ea9m c\u1ee7a ch\u00fang t\u00f4i tr\u01b0\u1edbc khi \u0111\u01b0a ch\u00fang ra b\u00e1n t\u1ea1i Singapore)<\/p>\n<p>&nbsp;<\/p>\n<p>M\u1ed7i s\u1ea3n ph\u1ea9m s\u1ebd c\u00f3 lo\u1ea1i ch\u1ee9ng ch\u1ec9 \u0111\u01b0\u1ee3c cung c\u1ea5p \u0111\u01b0\u1ee3c ch\u1ec9 \u0111\u1ecbnh trong m\u00f4 t\u1ea3. \u0110\u1ed1i v\u1edbi b\u1ea5t k\u1ef3 kh\u00e1ch h\u00e0ng n\u00e0o mu\u1ed1n g\u1eedi \u0111\u01a1n \u0111\u1eb7t h\u00e0ng c\u1ee7a h\u1ecd \u0111\u1ebfn NGI Singapore, <strong>B\u1ea1n c\u1ea7n g\u1eedi y\u00eau c\u1ea7u b\u00e1o c\u00e1o v\u1ec1 NGI Gemstone b\u1eb1ng c\u00e1ch nh\u1eafn tin cho ch\u00fang t\u00f4i.<\/strong> C\u1ea3m \u01a1n, <strong><u>\u00e1p d\u1ee5ng th\u00eam ph\u00ed<\/u><\/strong> \u2013 $90 \u0111\u1ed1i v\u1edbi \u0111\u00e1 jadeite \/ $150 \u0111\u1ed1i v\u1edbi \u0111\u00e1 jadeite v\u00e0ng 18k \/ $150 \u0111\u1ed1i v\u1edbi h\u1ea1t \u0111\u00e1 jadeite \u2013 kh\u00f4ng b\u1eaft bu\u1ed9c v\u00ec h\u1ea7u h\u1ebft s\u1ea3n ph\u1ea9m c\u1ee7a ch\u00fang t\u00f4i \u0111\u00e3 c\u00f3 ch\u1ee9ng ch\u1ec9 n\u01b0\u1edbc ngo\u00e0i ho\u1eb7c b\u00e1o c\u00e1o NGI.<\/p>\n<p>&nbsp;<\/p>\n<p>(\u0110\u1ec3 bi\u1ebft th\u00eam chi ti\u1ebft ho\u1eb7c y\u00eau c\u1ea7u b\u1ed5 sung: <strong>Vui l\u00f2ng nh\u1eafn tin cho ch\u00fang t\u00f4i n\u1ebfu b\u1ea1n mu\u1ed1n g\u1eedi s\u1ea3n ph\u1ea9m \u0111\u00e3 mua c\u1ee7a m\u00ecnh \u0111\u1ebfn ph\u00f2ng x\u00e9t nghi\u1ec7m NGI<\/strong>)<\/p>\n<p>&nbsp;<\/p>\n<p><strong>Jadeite t\u1ef1 nhi\u00ean kh\u00f4ng ho\u00e0n h\u1ea3o, ch\u1ec9 l\u00e0 m\u1ed9t l\u1eddi nh\u1eafc nh\u1edf nh\u1eb9 nh\u00e0ng, Jadeite t\u1ef1 nhi\u00ean c\u1ee7a ch\u00fang t\u00f4i, gi\u1ed1ng nh\u01b0 t\u1ea5t c\u1ea3 nh\u1eefng th\u1ee9 \u0111\u1eb9p \u0111\u1ebd trong t\u1ef1 nhi\u00ean, c\u00f3 nh\u1eefng \u0111\u1eb7c \u0111i\u1ec3m v\u00e0 bi\u1ebfn th\u1ec3 \u0111\u1ed9c \u0111\u00e1o. Ch\u00fang t\u00f4i m\u1eddi nh\u1eefng kh\u00e1ch h\u00e0ng c\u00f3 gi\u00e1 tr\u1ecb c\u1ee7a m\u00ecnh \u0111\u00f3n nh\u1eadn nh\u1eefng bi\u1ebfn th\u1ec3 t\u1ef1 nhi\u00ean n\u00e0y. Ch\u00fac b\u1ea1n mua s\u1eafm vui v\u1ebb!<\/strong><\/p>\n<p>&nbsp;<\/p>\n<p><strong><u>Kh\u00f4ng c\u00f3 h\u00ecnh \u1ea3nh v\u00e0 c\u1ea3nh quay video n\u00e0o \u0111\u01b0\u1ee3c l\u1ecdc. Ch\u00fang t\u00f4i khuy\u1ebfn kh\u00edch kh\u00e1ch h\u00e0ng c\u1ee7a m\u00ecnh c\u0169ng xem c\u00e1c video \u0111i k\u00e8m \u0111\u1ec3 c\u00f3 c\u00e1i nh\u00ecn to\u00e0n di\u1ec7n h\u01a1n v\u1ec1 s\u1ea3n ph\u1ea9m c\u1ee7a ch\u00fang t\u00f4i<\/u><\/strong><\/p>\n<p>&nbsp;<\/p>\n<ul>\n<li>C\u00e1c n\u1ec1n t\u1ea3ng kh\u00e1c nhau ch\u1ec9 c\u00f3 th\u1ec3 xem video th\u00f4ng qua m\u00e1y t\u00ednh \u0111\u1ec3 b\u00e0n<\/li>\n<\/ul>","protected":false},"excerpt":{"rendered":"<p>Harmony Cylinder Earrings These earrings are a symphony of symbolism, blending the Five Elements into wearable art: \u26f0\ud83d\udca7\ud83d\udd29\ud83c\udf0d\ud83d\udd25 Metal (\u91d1): The 18K gold hooks and threads (3.8g total, 75% pure gold*) symbolize unyielding strength. Wood (\u6728): The green cabochons nod to growth and renewal. Water (\u6c34): The swaying gold coils mimic flowing rivers, inviting adaptability. [&hellip;]<\/p>","protected":false},"featured_media":18510,"comment_status":"open","ping_status":"closed","template":"","meta":[],"product_brand":[],"product_cat":[195],"product_tag":[50,52,88,171,72,65,55,58,59,60,62],"class_list":{"0":"post-18505","1":"product","2":"type-product","3":"status-publish","4":"has-post-thumbnail","6":"product_cat-heirloom-grade","7":"product_tag-18k-gold","8":"product_tag-certified","9":"product_tag-diamonds","10":"product_tag-earrings","11":"product_tag-female","12":"product_tag-high-quality","13":"product_tag-jadeite","14":"product_tag-new-arrivals","15":"product_tag-translucent","16":"product_tag-type-a-jadeite","17":"product_tag-yi-pin-qian-exclusive","19":"first","20":"instock","21":"sale","22":"shipping-taxable","23":"purchasable","24":"product-type-simple"},"_links":{"self":[{"href":"https:\/\/shop.yipinqian.com\/vi\/wp-json\/wp\/v2\/product\/18505","targetHints":{"allow":["GET"]}}],"collection":[{"href":"https:\/\/shop.yipinqian.com\/vi\/wp-json\/wp\/v2\/product"}],"about":[{"href":"https:\/\/shop.yipinqian.com\/vi\/wp-json\/wp\/v2\/types\/product"}],"replies":[{"embeddable":true,"href":"https:\/\/shop.yipinqian.com\/vi\/wp-json\/wp\/v2\/comments?post=18505"}],"version-history":[{"count":0,"href":"https:\/\/shop.yipinqian.com\/vi\/wp-json\/wp\/v2\/product\/18505\/revisions"}],"wp:featuredmedia":[{"embeddable":true,"href":"https:\/\/shop.yipinqian.com\/vi\/wp-json\/wp\/v2\/media\/18510"}],"wp:attachment":[{"href":"https:\/\/shop.yipinqian.com\/vi\/wp-json\/wp\/v2\/media?parent=18505"}],"wp:term":[{"taxonomy":"product_brand","embeddable":true,"href":"https:\/\/shop.yipinqian.com\/vi\/wp-json\/wp\/v2\/product_brand?post=18505"},{"taxonomy":"product_cat","embeddable":true,"href":"https:\/\/shop.yipinqian.com\/vi\/wp-json\/wp\/v2\/product_cat?post=18505"},{"taxonomy":"product_tag","embeddable":true,"href":"https:\/\/shop.yipinqian.com\/vi\/wp-json\/wp\/v2\/product_tag?post=18505"}],"curies":[{"name":"wp","href":"https:\/\/api.w.org\/{rel}","templated":true}]}}