{"id":1844,"date":"2024-10-24T23:23:01","date_gmt":"2024-10-24T15:23:01","guid":{"rendered":"https:\/\/shop.yipinqian.com\/product\/very-fine-and-old-full-yellow-natural-type-a-jadeite-pendant-carved-as-a-leave-and-a-mythical-beast-on-it-with-certificate-weight-16-02-grams-44-26-10-mm-meaning-good-luck-and-auspiciousness-pendant10\/"},"modified":"2025-02-24T01:17:25","modified_gmt":"2025-02-23T17:17:25","slug":"very-fine-and-old-full-yellow-natural-type-a-jadeite-pendant-carved-as-a-leave-and-a-mythical-beast-on-it-with-certificate-weight-16-02-grams-44-26-10-mm-meaning-good-luck-and-auspiciousness-pendant10","status":"publish","type":"product","link":"https:\/\/shop.yipinqian.com\/vi\/san-pham\/very-fine-and-old-full-yellow-natural-type-a-jadeite-pendant-carved-as-a-leave-and-a-mythical-beast-on-it-with-certificate-weight-16-02-grams-44-26-10-mm-meaning-good-luck-and-auspiciousness-pendant10\/","title":{"rendered":"M\u1eb7t d\u00e2y chuy\u1ec1n b\u1eb1ng ng\u1ecdc b\u00edch t\u1ef1 nhi\u00ean lo\u1ea1i A m\u00e0u v\u00e0ng nguy\u00ean kh\u1ed1i r\u1ea5t \u0111\u1eb9p v\u00e0 c\u1ed5 \u0111\u01b0\u1ee3c ch\u1ea1m kh\u1eafc th\u00e0nh h\u00ecnh chi\u1ebfc l\u00e1 v\u00e0 m\u1ed9t con th\u00fa th\u1ea7n tho\u1ea1i k\u00e8m theo gi\u1ea5y ch\u1ee9ng nh\u1eadn tr\u1ecdng l\u01b0\u1ee3ng 16,02 gram, k\u00edch th\u01b0\u1edbc 44 * 26 * 10 mm c\u00f3 ngh\u0129a l\u00e0 May m\u1eafn v\u00e0 t\u1ed1t l\u00e0nh (m\u1eb7t d\u00e2y chuy\u1ec1n107)"},"content":{"rendered":"<p>M\u1eb7t d\u00e2y chuy\u1ec1n b\u1eb1ng ng\u1ecdc b\u00edch lo\u1ea1i A t\u1ef1 nhi\u00ean m\u00e0u v\u00e0ng nguy\u00ean kh\u1ed1i r\u1ea5t \u0111\u1eb9p v\u00e0 c\u1ed5 n\u00e0y l\u00e0 m\u1ed9t m\u00f3n ph\u1ee5 ki\u1ec7n trang s\u1ee9c qu\u00fd hi\u1ebfm v\u00e0 tinh x\u1ea3o thu\u1ed9c danh m\u1ee5c D\u00e2y chuy\u1ec1n &amp; M\u1eb7t d\u00e2y chuy\u1ec1n b\u1eb1ng ng\u1ecdc b\u00edch.<\/p>\n<ul>\n<li>\n<strong>\u0110\u1ea3m b\u1ea3o t\u00ednh x\u00e1c th\u1ef1c:<\/strong> M\u1eb7t d\u00e2y chuy\u1ec1n n\u00e0y c\u00f3 k\u00e8m theo gi\u1ea5y ch\u1ee9ng nh\u1eadn x\u00e1c th\u1ef1c, \u0111\u1ea3m b\u1ea3o r\u1eb1ng \u0111\u00e2y l\u00e0 s\u1ea3n ph\u1ea9m ch\u00ednh h\u00e3ng 100%.<\/li>\n<\/ul>\n<p><strong>S\u1ed1 ch\u1ee9ng ch\u1ec9: GD2110H008718<\/strong><\/p>\n<p><img fetchpriority=\"high\" decoding=\"async\" height=\"1080\" src=\"https:\/\/shop.yipinqian.com\/wp-content\/uploads\/2024\/10\/921cec096cacf5d5c325ac5180bb4443.jpg?from=476444299\" width=\"1080\"><\/p>\n<ul>\n<li>\n<strong>Thi\u1ebft k\u1ebf may m\u1eafn:<\/strong> \u0110\u01b0\u1ee3c ch\u1ea1m kh\u1eafc nh\u01b0 m\u1ed9t chi\u1ebfc l\u00e1 c\u00f3 h\u00ecnh m\u1ed9t con th\u00fa th\u1ea7n tho\u1ea1i, m\u1eb7t d\u00e2y chuy\u1ec1n n\u00e0y t\u01b0\u1ee3ng tr\u01b0ng cho s\u1ef1 may m\u1eafn v\u00e0 t\u1ed1t l\u00e0nh.<\/li>\n<li>\n<strong>Ch\u1ea5t l\u01b0\u1ee3ng cao c\u1ea5p:<\/strong> \u0110\u01b0\u1ee3c l\u00e0m t\u1eeb \u0111\u00e1 Jadeite v\u00e0ng t\u1ef1 nhi\u00ean lo\u1ea1i A ch\u1ea5t l\u01b0\u1ee3ng cao, m\u1eb7t d\u00e2y chuy\u1ec1n n\u00e0y c\u00f3 \u0111\u1ed9 ho\u00e0n thi\u1ec7n v\u00e0 s\u00e1ng b\u00f3ng \u0111\u1eb7c bi\u1ec7t.<\/li>\n<\/ul>\n<p>Chi\u1ebfc v\u00f2ng c\u1ed5 tuy\u1ec7t \u0111\u1eb9p n\u00e0y n\u1eb7ng 16,02 gram v\u00e0 c\u00f3 k\u00edch th\u01b0\u1edbc 44 * 26 * 10 mm. Ki\u1ec3u v\u00f2ng c\u1ed5 gi\u1ea3n d\u1ecb l\u00e0m cho n\u00f3 ho\u00e0n h\u1ea3o \u0111\u1ec3 \u0111eo h\u00e0ng ng\u00e0y, trong khi thi\u1ebft k\u1ebf unisex l\u00e0m cho n\u00f3 linh ho\u1ea1t cho c\u1ea3 nam v\u00e0 n\u1eef \u0111\u1ec3 th\u1ec3 hi\u1ec7n phong c\u00e1ch c\u1ee7a h\u1ecd.<\/p>\n<ul>\n<li>\n<strong>S\u1ea3n xu\u1ea5t t\u1ea1i Myanmar: <\/strong>S\u1ea3n ph\u1ea9m n\u00e0y c\u00f3 ngu\u1ed3n g\u1ed1c t\u1eeb Myanmar<\/li>\n<\/ul>\n<p>H\u00e3y th\u00eam M\u1eb7t d\u00e2y chuy\u1ec1n ng\u1ecdc b\u00edch t\u1ef1 nhi\u00ean lo\u1ea1i A m\u00e0u v\u00e0ng tuy\u1ec7t \u0111\u1eb9p n\u00e0y v\u00e0o b\u1ed9 s\u01b0u t\u1eadp trang s\u1ee9c c\u1ee7a b\u1ea1n \u0111\u1ec3 c\u00f3 m\u1ed9t ph\u1ee5 ki\u1ec7n thanh l\u1ecbch nh\u01b0ng \u00fd ngh\u0129a v\u00e0 lu\u00f4n h\u1ee3p th\u1eddi trang!<\/p>\n<p>\u00a0<\/p>\n<p>Yi Pin Qian \u2013 Nh\u00e0 bu\u00f4n \u0111\u00e1 qu\u00fd v\u00e0 kim lo\u1ea1i qu\u00fd t\u1ea1i Singapore \u2013 S\u1ed1 gi\u1ea5y ph\u00e9p PS20190000031<\/p>\n<p>\u00a0<\/p>\n<p>*T\u1ea5t c\u1ea3 c\u00e1c lo\u1ea1i Jadeite \u0111\u01b0\u1ee3c mua t\u1eeb Yi Pin Qian t\u1ea1i Singapore, kh\u00e1ch h\u00e0ng c\u00f3 th\u1ec3 \u0111\u1eb7t l\u1ecbch \u0111\u00e1nh b\u00f3ng ho\u1eb7c s\u1eeda ch\u1eefa nh\u1ecf do x\u1eed l\u00fd sai c\u00e1ch \u2013 c\u00f3 t\u00ednh ph\u00ed v\u00e0 ch\u1ec9 d\u00e0nh cho kh\u00e1ch h\u00e0ng c\u1ee7a Yi Pin Qian t\u1ea1i Singapore*<\/p>\n<p>\u00a0<\/p>\n<p><strong>**C\u00e1c lo\u1ea1i ch\u1ee9ng ch\u1ec9**<\/strong><\/p>\n<p>\u00a0<\/p>\n<p><strong>NGI (C\u00f4ng ty \u0110\u00e1 qu\u00fd Nan Yang)<\/strong><\/p>\n<p>ho\u1eb7c <strong>Ch\u1ee9ng ch\u1ec9 n\u01b0\u1edbc ngo\u00e0i <\/strong>(Yi Pin Qian ch\u1ec9 s\u1eed d\u1ee5ng c\u00e1c ch\u1ee9ng ch\u1ec9 x\u00e1c th\u1ef1c t\u1eeb c\u00e1c ph\u00f2ng th\u00ed nghi\u1ec7m \u1edf n\u01b0\u1edbc ngo\u00e0i v\u00e0 ki\u1ec3m so\u00e1t ch\u1ea5t l\u01b0\u1ee3ng m\u1ecdi s\u1ea3n ph\u1ea9m c\u1ee7a ch\u00fang t\u00f4i tr\u01b0\u1edbc khi \u0111\u01b0a ch\u00fang ra b\u00e1n t\u1ea1i Singapore)<\/p>\n<p>\u00a0<\/p>\n<p>M\u1ed7i s\u1ea3n ph\u1ea9m tr\u00ean TikTok s\u1ebd c\u00f3 lo\u1ea1i ch\u1ee9ng ch\u1ec9 \u0111\u01b0\u1ee3c cung c\u1ea5p \u0111\u01b0\u1ee3c n\u00eau trong ph\u1ea7n m\u00f4 t\u1ea3. \u0110\u1ed1i v\u1edbi b\u1ea5t k\u1ef3 kh\u00e1ch h\u00e0ng n\u00e0o mu\u1ed1n g\u1eedi \u0111\u01a1n h\u00e0ng c\u1ee7a m\u00ecnh \u0111\u1ebfn NGI Singapore, s\u1ebd c\u00f3 th\u1eddi gian ch\u1edd giao h\u00e0ng \u01b0\u1edbc t\u00ednh kho\u1ea3ng 4 tu\u1ea7n \u0111\u1ec3 nh\u1eadn \u0111\u01b0\u1ee3c \u0111\u01a1n h\u00e0ng c\u1ee7a b\u1ea1n. <strong>Y\u00eau c\u1ea7u b\u00e1o c\u00e1o v\u1ec1 NGI Gemstone c\u1ea7n \u0111\u01b0\u1ee3c th\u1ef1c hi\u1ec7n b\u1eb1ng c\u00e1ch nh\u1eafn tin \u0111\u1ebfn c\u1eeda h\u00e0ng TikTok Yi Pin Qian.<\/strong> C\u1ea3m \u01a1n, <strong><u>\u00e1p d\u1ee5ng th\u00eam ph\u00ed<\/u><\/strong>.<\/p>","protected":false},"excerpt":{"rendered":"<p>M\u1eb7t d\u00e2y chuy\u1ec1n Jadeite v\u00e0ng nguy\u00ean kh\u1ed1i t\u1ef1 nhi\u00ean lo\u1ea1i A r\u1ea5t \u0111\u1eb9p v\u00e0 c\u1ed5 n\u00e0y l\u00e0 m\u1ed9t m\u00f3n \u0111\u1ed3 trang s\u1ee9c ph\u1ee5 ki\u1ec7n qu\u00fd hi\u1ebfm v\u00e0 tinh x\u1ea3o thu\u1ed9c danh m\u1ee5c D\u00e2y chuy\u1ec1n &amp; M\u1eb7t d\u00e2y chuy\u1ec1n b\u1eb1ng ng\u1ecdc b\u00edch. \u0110\u1ea3m b\u1ea3o t\u00ednh x\u00e1c th\u1ef1c: M\u1eb7t d\u00e2y chuy\u1ec1n n\u00e0y \u0111i k\u00e8m v\u1edbi gi\u1ea5y ch\u1ee9ng nh\u1eadn x\u00e1c th\u1ef1c, \u0111\u1ea3m b\u1ea3o r\u1eb1ng n\u00f3 l\u00e0 h\u00e0ng ch\u00ednh h\u00e3ng 100%. S\u1ed1 ch\u1ee9ng nh\u1eadn: GD2110H008718 Thi\u1ebft k\u1ebf may m\u1eafn: \u0110\u01b0\u1ee3c ch\u1ea1m kh\u1eafc nh\u01b0 m\u1ed9t chi\u1ebfc l\u00e1 [\u2026]<\/p>","protected":false},"featured_media":8401,"comment_status":"open","ping_status":"closed","template":"","meta":[],"product_brand":[],"product_cat":[195],"product_tag":[],"class_list":{"0":"post-1844","1":"product","2":"type-product","3":"status-publish","4":"has-post-thumbnail","6":"product_cat-heirloom-grade","8":"first","9":"instock","10":"sale","11":"shipping-taxable","12":"purchasable","13":"product-type-simple"},"_links":{"self":[{"href":"https:\/\/shop.yipinqian.com\/vi\/wp-json\/wp\/v2\/product\/1844","targetHints":{"allow":["GET"]}}],"collection":[{"href":"https:\/\/shop.yipinqian.com\/vi\/wp-json\/wp\/v2\/product"}],"about":[{"href":"https:\/\/shop.yipinqian.com\/vi\/wp-json\/wp\/v2\/types\/product"}],"replies":[{"embeddable":true,"href":"https:\/\/shop.yipinqian.com\/vi\/wp-json\/wp\/v2\/comments?post=1844"}],"version-history":[{"count":0,"href":"https:\/\/shop.yipinqian.com\/vi\/wp-json\/wp\/v2\/product\/1844\/revisions"}],"wp:featuredmedia":[{"embeddable":true,"href":"https:\/\/shop.yipinqian.com\/vi\/wp-json\/wp\/v2\/media\/8401"}],"wp:attachment":[{"href":"https:\/\/shop.yipinqian.com\/vi\/wp-json\/wp\/v2\/media?parent=1844"}],"wp:term":[{"taxonomy":"product_brand","embeddable":true,"href":"https:\/\/shop.yipinqian.com\/vi\/wp-json\/wp\/v2\/product_brand?post=1844"},{"taxonomy":"product_cat","embeddable":true,"href":"https:\/\/shop.yipinqian.com\/vi\/wp-json\/wp\/v2\/product_cat?post=1844"},{"taxonomy":"product_tag","embeddable":true,"href":"https:\/\/shop.yipinqian.com\/vi\/wp-json\/wp\/v2\/product_tag?post=1844"}],"curies":[{"name":"wp","href":"https:\/\/api.w.org\/{rel}","templated":true}]}}