{"id":1838,"date":"2024-10-24T23:22:57","date_gmt":"2024-10-24T15:22:57","guid":{"rendered":"https:\/\/shop.yipinqian.com\/product\/unique-yellow-ruyi-chayote-natural-type-a-jadeite-pendant-with-qic-approved-labs-certificate-weight-25-27-grams-40-25-15-20-mm-originate-from-myanmar-very-suitable-for-daily-wear-pendant119\/"},"modified":"2025-02-24T00:49:49","modified_gmt":"2025-02-23T16:49:49","slug":"unique-yellow-ruyi-chayote-natural-type-a-jadeite-pendant-with-qic-approved-labs-certificate-weight-25-27-grams-40-25-15-20-mm-originate-from-myanmar-very-suitable-for-daily-wear-pendant119","status":"publish","type":"product","link":"https:\/\/shop.yipinqian.com\/vi\/san-pham\/unique-yellow-ruyi-chayote-natural-type-a-jadeite-pendant-with-qic-approved-labs-certificate-weight-25-27-grams-40-25-15-20-mm-originate-from-myanmar-very-suitable-for-daily-wear-pendant119\/","title":{"rendered":"M\u1eb7t d\u00e2y chuy\u1ec1n ng\u1ecdc b\u00edch Ruyi Chayote t\u1ef1 nhi\u00ean lo\u1ea1i A \u0111\u1ed9c \u0111\u00e1o c\u00f3 ch\u1ee9ng nh\u1eadn c\u1ee7a ph\u00f2ng th\u00ed nghi\u1ec7m QIC, tr\u1ecdng l\u01b0\u1ee3ng 25,27 gram, k\u00edch th\u01b0\u1edbc 40 * 25 * 15,20 mm c\u00f3 ngu\u1ed3n g\u1ed1c t\u1eeb Myanmar, r\u1ea5t th\u00edch h\u1ee3p \u0111\u1ec3 \u0111eo h\u00e0ng ng\u00e0y (pendant119)"},"content":{"rendered":"<p>M\u1eb7t d\u00e2y chuy\u1ec1n ng\u1ecdc b\u00edch t\u1ef1 nhi\u00ean lo\u1ea1i A Ruyi Chayote v\u00e0ng \u0111\u1ed9c \u0111\u00e1o n\u00e0y l\u00e0 m\u1ed9t m\u00f3n \u0111\u1ed3 trang s\u1ee9c tuy\u1ec7t \u0111\u1eb9p th\u00edch h\u1ee3p \u0111\u1ec3 \u0111eo h\u00e0ng ng\u00e0y. V\u1edbi <strong>Gi\u1ea5y ch\u1ee9ng nh\u1eadn ph\u00f2ng th\u00ed nghi\u1ec7m \u0111\u01b0\u1ee3c QIC ch\u1ea5p thu\u1eadn<\/strong>, b\u1ea1n c\u00f3 th\u1ec3 ch\u1eafc ch\u1eafn v\u1ec1 t\u00ednh x\u00e1c th\u1ef1c v\u00e0 ch\u1ea5t l\u01b0\u1ee3ng c\u1ee7a n\u00f3. V\u1edbi tr\u1ecdng l\u01b0\u1ee3ng 25,27 gram v\u00e0 k\u00edch th\u01b0\u1edbc 40 * 25 * 15,20 mm, \u0111\u00e2y l\u00e0 k\u00edch th\u01b0\u1edbc ho\u00e0n h\u1ea3o \u0111\u1ec3 s\u1eed d\u1ee5ng h\u00e0ng ng\u00e0y.<\/p>\n<ul>\n<li>\n<strong>Jadeite lo\u1ea1i A \u0111\u00edch th\u1ef1c:<\/strong> M\u1eb7t d\u00e2y chuy\u1ec1n n\u00e0y \u0111\u01b0\u1ee3c l\u00e0m t\u1eeb ng\u1ecdc b\u00edch lo\u1ea1i A t\u1ef1 nhi\u00ean, c\u00f3 ngu\u1ed3n g\u1ed1c t\u1eeb Myanmar.<\/li>\n<li>\n<strong>Thi\u1ebft k\u1ebf \u0111\u1ed9c \u0111\u00e1o:<\/strong> Thi\u1ebft k\u1ebf Ruyi Chayote m\u00e0u v\u00e0ng t\u1ea1o n\u00ean n\u00e9t \u0111\u1ed9c \u0111\u00e1o cho m\u1eb7t d\u00e2y chuy\u1ec1n n\u00e0y.<\/li>\n<li>\n<strong>Th\u00edch h\u1ee3p \u0111\u1ec3 m\u1eb7c h\u00e0ng ng\u00e0y:<\/strong> V\u1edbi ki\u1ec3u d\u00e1ng v\u00f2ng c\u1ed5 gi\u1ea3n d\u1ecb v\u00e0 thi\u1ebft k\u1ebf ph\u00f9 h\u1ee3p cho c\u1ea3 nam v\u00e0 n\u1eef, m\u1eb7t d\u00e2y chuy\u1ec1n n\u00e0y c\u00f3 th\u1ec3 \u0111\u01b0\u1ee3c \u0111eo h\u00e0ng ng\u00e0y m\u00e0 kh\u00f4ng qu\u00e1 l\u00f2e lo\u1eb9t hay qu\u00e1 l\u1ed1.<\/li>\n<\/ul>\n<p><strong>S\u1ed1 ch\u1ee9ng ch\u1ec9: NT2402012859<\/strong><\/p>\n<p>\u00a0<\/p>\n<p>S\u1ea3n ph\u1ea9m n\u00e0y \u0111i k\u00e8m v\u1edbi gi\u1ea5y ch\u1ee9ng nh\u1eadn x\u00e1c th\u1ef1c t\u1eeb c\u00e1c ph\u00f2ng th\u00ed nghi\u1ec7m \u0111\u01b0\u1ee3c QIC ch\u1ea5p thu\u1eadn, v\u00ec v\u1eady b\u1ea1n c\u00f3 th\u1ec3 y\u00ean t\u00e2m r\u1eb1ng b\u1ea1n \u0111ang nh\u1eadn \u0111\u01b0\u1ee3c h\u00e0ng th\u1eadt. Chi\u1ebfc v\u00f2ng c\u1ed5 kh\u00f4ng c\u00f3 lo\u1ea1i b\u1ea3o h\u00e0nh n\u00e0o \u0111\u01b0\u1ee3c ch\u1ec9 \u0111\u1ecbnh nh\u01b0ng r\u1ea5t \u0111\u00e1ng mua v\u00ec c\u00e1c \u0111\u1eb7c t\u00ednh \u0111\u1ed9c \u0111\u00e1o c\u1ee7a s\u1ea3n ph\u1ea9m khi\u1ebfn n\u00f3 tr\u1edf th\u00e0nh l\u1ef1a ch\u1ecdn qu\u00e0 t\u1eb7ng l\u00fd t\u01b0\u1edfng trong nhi\u1ec1u d\u1ecbp kh\u00e1c nhau, \u0111\u1eb7c bi\u1ec7t l\u00e0 khi b\u1ea1n mu\u1ed1n t\u1eb7ng th\u1ee9 g\u00ec \u0111\u00f3 c\u00f3 th\u1ec3 t\u1ed3n t\u1ea1i l\u00e2u d\u00e0i, t\u1ea1o n\u00ean nh\u1eefng k\u1ef7 ni\u1ec7m ho\u00e0n h\u1ea3o v\u1edbi nh\u1eefng ng\u01b0\u1eddi th\u00e2n y\u00eau c\u1ee7a b\u1ea1n theo th\u1eddi gian<\/p>\n<p><img fetchpriority=\"high\" decoding=\"async\" height=\"1080\" src=\"https:\/\/shop.yipinqian.com\/wp-content\/uploads\/2024\/10\/91794bed45b0bd35d158d8e116236391.jpg?from=476444299\" width=\"1080\"><\/p>\n<p>Yi Pin Qian \u2013 Nh\u00e0 bu\u00f4n \u0111\u00e1 qu\u00fd v\u00e0 kim lo\u1ea1i qu\u00fd t\u1ea1i Singapore \u2013 S\u1ed1 gi\u1ea5y ph\u00e9p PS20190000031<\/p>\n<p>\u00a0<\/p>\n<p>*T\u1ea5t c\u1ea3 c\u00e1c lo\u1ea1i Jadeite \u0111\u01b0\u1ee3c mua t\u1eeb Yi Pin Qian t\u1ea1i Singapore, kh\u00e1ch h\u00e0ng c\u00f3 th\u1ec3 \u0111\u1eb7t l\u1ecbch \u0111\u00e1nh b\u00f3ng ho\u1eb7c s\u1eeda ch\u1eefa nh\u1ecf do x\u1eed l\u00fd sai c\u00e1ch \u2013 c\u00f3 t\u00ednh ph\u00ed v\u00e0 ch\u1ec9 d\u00e0nh cho kh\u00e1ch h\u00e0ng c\u1ee7a Yi Pin Qian t\u1ea1i Singapore*<\/p>\n<p>\u00a0<\/p>\n<p><strong>**C\u00e1c lo\u1ea1i ch\u1ee9ng ch\u1ec9**<\/strong><\/p>\n<p>\u00a0<\/p>\n<p><strong>NGI (C\u00f4ng ty \u0110\u00e1 qu\u00fd Nan Yang)<\/strong><\/p>\n<p>ho\u1eb7c <strong>Ch\u1ee9ng ch\u1ec9 n\u01b0\u1edbc ngo\u00e0i <\/strong>(Yi Pin Qian ch\u1ec9 s\u1eed d\u1ee5ng c\u00e1c ch\u1ee9ng ch\u1ec9 x\u00e1c th\u1ef1c t\u1eeb c\u00e1c ph\u00f2ng th\u00ed nghi\u1ec7m \u1edf n\u01b0\u1edbc ngo\u00e0i v\u00e0 ki\u1ec3m so\u00e1t ch\u1ea5t l\u01b0\u1ee3ng m\u1ecdi s\u1ea3n ph\u1ea9m c\u1ee7a ch\u00fang t\u00f4i tr\u01b0\u1edbc khi \u0111\u01b0a ch\u00fang ra b\u00e1n t\u1ea1i Singapore)<\/p>\n<p>\u00a0<\/p>\n<p>M\u1ed7i s\u1ea3n ph\u1ea9m tr\u00ean TikTok s\u1ebd c\u00f3 lo\u1ea1i ch\u1ee9ng ch\u1ec9 \u0111\u01b0\u1ee3c cung c\u1ea5p \u0111\u01b0\u1ee3c n\u00eau trong ph\u1ea7n m\u00f4 t\u1ea3. \u0110\u1ed1i v\u1edbi b\u1ea5t k\u1ef3 kh\u00e1ch h\u00e0ng n\u00e0o mu\u1ed1n g\u1eedi \u0111\u01a1n h\u00e0ng c\u1ee7a m\u00ecnh \u0111\u1ebfn NGI Singapore, s\u1ebd c\u00f3 th\u1eddi gian ch\u1edd giao h\u00e0ng \u01b0\u1edbc t\u00ednh kho\u1ea3ng 4 tu\u1ea7n \u0111\u1ec3 nh\u1eadn \u0111\u01b0\u1ee3c \u0111\u01a1n h\u00e0ng c\u1ee7a b\u1ea1n. <strong>Y\u00eau c\u1ea7u b\u00e1o c\u00e1o v\u1ec1 NGI Gemstone c\u1ea7n \u0111\u01b0\u1ee3c th\u1ef1c hi\u1ec7n b\u1eb1ng c\u00e1ch nh\u1eafn tin \u0111\u1ebfn c\u1eeda h\u00e0ng TikTok Yi Pin Qian.<\/strong> C\u1ea3m \u01a1n, <strong><u>\u00e1p d\u1ee5ng th\u00eam ph\u00ed<\/u><\/strong>.<\/p>\n<p>\u00a0<\/p>\n<p>.<\/p>","protected":false},"excerpt":{"rendered":"<p>M\u1eb7t d\u00e2y chuy\u1ec1n ng\u1ecdc b\u00edch t\u1ef1 nhi\u00ean Ruyi Chayote lo\u1ea1i A \u0111\u1ed9c \u0111\u00e1o n\u00e0y l\u00e0 m\u1ed9t m\u00f3n \u0111\u1ed3 trang s\u1ee9c tuy\u1ec7t \u0111\u1eb9p ph\u00f9 h\u1ee3p \u0111\u1ec3 \u0111eo h\u00e0ng ng\u00e0y. V\u1edbi ch\u1ee9ng nh\u1eadn ph\u00f2ng th\u00ed nghi\u1ec7m \u0111\u01b0\u1ee3c QIC ch\u1ea5p thu\u1eadn, b\u1ea1n c\u00f3 th\u1ec3 ch\u1eafc ch\u1eafn v\u1ec1 t\u00ednh x\u00e1c th\u1ef1c v\u00e0 ch\u1ea5t l\u01b0\u1ee3ng c\u1ee7a n\u00f3. N\u1eb7ng 25,27 gram v\u00e0 c\u00f3 k\u00edch th\u01b0\u1edbc 40 * 25 * 15,20 mm, \u0111\u00e2y l\u00e0 k\u00edch th\u01b0\u1edbc ho\u00e0n h\u1ea3o \u0111\u1ec3 s\u1eed d\u1ee5ng h\u00e0ng ng\u00e0y. H\u00e0ng ch\u00ednh h\u00e3ng [\u2026]<\/p>","protected":false},"featured_media":8363,"comment_status":"open","ping_status":"closed","template":"","meta":[],"product_brand":[],"product_cat":[194],"product_tag":[],"class_list":{"0":"post-1838","1":"product","2":"type-product","3":"status-publish","4":"has-post-thumbnail","6":"product_cat-value-picks","8":"first","9":"instock","10":"sale","11":"shipping-taxable","12":"purchasable","13":"product-type-simple"},"_links":{"self":[{"href":"https:\/\/shop.yipinqian.com\/vi\/wp-json\/wp\/v2\/product\/1838","targetHints":{"allow":["GET"]}}],"collection":[{"href":"https:\/\/shop.yipinqian.com\/vi\/wp-json\/wp\/v2\/product"}],"about":[{"href":"https:\/\/shop.yipinqian.com\/vi\/wp-json\/wp\/v2\/types\/product"}],"replies":[{"embeddable":true,"href":"https:\/\/shop.yipinqian.com\/vi\/wp-json\/wp\/v2\/comments?post=1838"}],"version-history":[{"count":0,"href":"https:\/\/shop.yipinqian.com\/vi\/wp-json\/wp\/v2\/product\/1838\/revisions"}],"wp:featuredmedia":[{"embeddable":true,"href":"https:\/\/shop.yipinqian.com\/vi\/wp-json\/wp\/v2\/media\/8363"}],"wp:attachment":[{"href":"https:\/\/shop.yipinqian.com\/vi\/wp-json\/wp\/v2\/media?parent=1838"}],"wp:term":[{"taxonomy":"product_brand","embeddable":true,"href":"https:\/\/shop.yipinqian.com\/vi\/wp-json\/wp\/v2\/product_brand?post=1838"},{"taxonomy":"product_cat","embeddable":true,"href":"https:\/\/shop.yipinqian.com\/vi\/wp-json\/wp\/v2\/product_cat?post=1838"},{"taxonomy":"product_tag","embeddable":true,"href":"https:\/\/shop.yipinqian.com\/vi\/wp-json\/wp\/v2\/product_tag?post=1838"}],"curies":[{"name":"wp","href":"https:\/\/api.w.org\/{rel}","templated":true}]}}