{"id":18369,"date":"2025-02-09T10:35:54","date_gmt":"2025-02-09T02:35:54","guid":{"rendered":"https:\/\/shop.yipinqian.com\/product\/18k-jadeite-bracelet-natural-type-a-jadeite-crafted-with-7-cabochons-with-12-diamonds-certified-luxury-18kp105\/"},"modified":"2025-02-24T01:17:23","modified_gmt":"2025-02-23T17:17:23","slug":"18k-gold-jadeite-harmony-bracelet","status":"publish","type":"product","link":"https:\/\/shop.yipinqian.com\/vi\/san-pham\/18k-gold-jadeite-harmony-bracelet\/","title":{"rendered":"18K Gold &#038; Jadeite Harmony Bracelet \u2013 7 Cabochons with 12 Diamonds, \ud83c\udf0cFive Elements Balance, Certified GD2109H014618(18kp105)"},"content":{"rendered":"<p><iframe title=\"18K Gold &amp; Jadeite Harmony Bracelet \u2013 7 Cabochons with 12 Diamonds\" src=\"https:\/\/youtube.com\/embed\/xWpAEdD5ZtY\" width=\"330\" height=\"300\"><\/iframe><\/p>\n<p>18K Gold &amp; Jadeite Harmony Bracelet<\/p>\n<p>Discover the perfect fusion of nature type a jadeite and artistry in this 18K gold bracelet. Featuring 7 natural jadeite cabochons (<strong>1 vibrant green + 6 icy translucent stones<\/strong>) and 12 diamonds, it\u2019s a masterpiece of balance and symbolism.<\/p>\n<p><strong>Key Details:<\/strong><\/p>\n<p><strong>Jadeite Cabochons:<\/strong><\/p>\n<p>1 Green: 3.6 * 3.6 * 2mm (symbolizing growth and vitality).<\/p>\n<p>6 Icy Translucent: Ranging from 4.2mm to 5.3mm (embodying clarity and fluidity).<\/p>\n<p>Materials: 18K gold (2.5g) + 12 diamonds (0.036 carats).<\/p>\n<p>Total Weight: 3.51 grams | Length: 180mm.<\/p>\n<p>Certification: GD2109H014618.<\/p>\n<p><strong>Symbolism &amp; Five Elements (Universal Appeal):<\/strong><\/p>\n<p>\ud83c\udf0cWood (\u6728): The green jadeite represents growth and renewal.<\/p>\n<p>\ud83c\udf0cWater (\u6c34): The icy stones mirror adaptability and calm.<\/p>\n<p>\ud83c\udf0cMetal (\u91d1): The 18K gold setting adds strength and refinement.<\/p>\n<p>\ud83c\udf0cEarth (\u571f): Mined from the earth, jadeite grounds the wearer.<\/p>\n<p>\ud83c\udf0cFire (\u706b): The diamonds\u2019 sparkle ignites passion and creativity.<\/p>\n<p>While those aligned with Wood or Water may feel a special connection, this bracelet transcends boundaries\u2014it\u2019s for anyone who values harmony and craftsmanship.<\/p>\n<p><strong>Priced at $5899.33<\/strong>, this bracelet is more than jewelry\u2014it\u2019s a wearable philosophy of balance. Gift it to someone special or claim it as your own talisman of harmony. Shop now and let this piece tell your story.<\/p>\n<p>&#8212;\u2697&#8212;<\/p>\n<p>Yi Pin Qian \u2013 Nh\u00e0 bu\u00f4n \u0111\u00e1 qu\u00fd v\u00e0 kim lo\u1ea1i qu\u00fd t\u1ea1i Singapore \u2013 S\u1ed1 gi\u1ea5y ph\u00e9p PS20190000031<\/p>\n<p>*T\u1ea5t c\u1ea3 c\u00e1c lo\u1ea1i Jadeite \u0111\u01b0\u1ee3c mua t\u1eeb Yi Pin Qian t\u1ea1i Singapore, kh\u00e1ch h\u00e0ng c\u00f3 th\u1ec3 \u0111\u1eb7t l\u1ecbch \u0111\u00e1nh b\u00f3ng ho\u1eb7c s\u1eeda ch\u1eefa nh\u1ecf do x\u1eed l\u00fd sai c\u00e1ch \u2013 c\u00f3 t\u00ednh ph\u00ed v\u00e0 ch\u1ec9 d\u00e0nh cho kh\u00e1ch h\u00e0ng c\u1ee7a Yi Pin Qian t\u1ea1i Singapore*<\/p>\n<p><strong>**C\u00e1c lo\u1ea1i ch\u1ee9ng ch\u1ec9**<\/strong><\/p>\n<p><strong>NGI (C\u00f4ng ty \u0110\u00e1 qu\u00fd Nan Yang)<\/strong><\/p>\n<p>ho\u1eb7c <strong>Ch\u1ee9ng ch\u1ec9 n\u01b0\u1edbc ngo\u00e0i <\/strong>(Yi Pin Qian ch\u1ec9 s\u1eed d\u1ee5ng c\u00e1c ch\u1ee9ng ch\u1ec9 x\u00e1c th\u1ef1c t\u1eeb c\u00e1c ph\u00f2ng th\u00ed nghi\u1ec7m \u1edf n\u01b0\u1edbc ngo\u00e0i v\u00e0 ki\u1ec3m so\u00e1t ch\u1ea5t l\u01b0\u1ee3ng m\u1ecdi s\u1ea3n ph\u1ea9m c\u1ee7a ch\u00fang t\u00f4i tr\u01b0\u1edbc khi \u0111\u01b0a ch\u00fang ra b\u00e1n t\u1ea1i Singapore)<\/p>\n<p>M\u1ed7i s\u1ea3n ph\u1ea9m s\u1ebd c\u00f3 lo\u1ea1i ch\u1ee9ng ch\u1ec9 \u0111\u01b0\u1ee3c cung c\u1ea5p \u0111\u01b0\u1ee3c ch\u1ec9 \u0111\u1ecbnh trong m\u00f4 t\u1ea3. \u0110\u1ed1i v\u1edbi b\u1ea5t k\u1ef3 kh\u00e1ch h\u00e0ng n\u00e0o mu\u1ed1n g\u1eedi \u0111\u01a1n \u0111\u1eb7t h\u00e0ng c\u1ee7a h\u1ecd \u0111\u1ebfn NGI Singapore,\u00a0<strong>B\u1ea1n c\u1ea7n g\u1eedi y\u00eau c\u1ea7u b\u00e1o c\u00e1o v\u1ec1 NGI Gemstone b\u1eb1ng c\u00e1ch nh\u1eafn tin cho ch\u00fang t\u00f4i.<\/strong> C\u1ea3m \u01a1n, <strong><u>\u00e1p d\u1ee5ng th\u00eam ph\u00ed<\/u><\/strong> \u2013 $90 \u0111\u1ed1i v\u1edbi \u0111\u00e1 jadeite \/ $150 \u0111\u1ed1i v\u1edbi \u0111\u00e1 jadeite v\u00e0ng 18k \/ $150 \u0111\u1ed1i v\u1edbi h\u1ea1t \u0111\u00e1 jadeite \u2013 kh\u00f4ng b\u1eaft bu\u1ed9c v\u00ec h\u1ea7u h\u1ebft s\u1ea3n ph\u1ea9m c\u1ee7a ch\u00fang t\u00f4i \u0111\u00e3 c\u00f3 ch\u1ee9ng ch\u1ec9 n\u01b0\u1edbc ngo\u00e0i ho\u1eb7c b\u00e1o c\u00e1o NGI.<\/p>\n<p>(\u0110\u1ec3 bi\u1ebft th\u00eam chi ti\u1ebft ho\u1eb7c y\u00eau c\u1ea7u b\u1ed5 sung:\u00a0<strong>Vui l\u00f2ng nh\u1eafn tin cho ch\u00fang t\u00f4i n\u1ebfu b\u1ea1n mu\u1ed1n g\u1eedi s\u1ea3n ph\u1ea9m \u0111\u00e3 mua c\u1ee7a m\u00ecnh \u0111\u1ebfn ph\u00f2ng x\u00e9t nghi\u1ec7m NGI<\/strong>)<\/p>\n<p><strong>Jadeite t\u1ef1 nhi\u00ean kh\u00f4ng ho\u00e0n h\u1ea3o, ch\u1ec9 l\u00e0 m\u1ed9t l\u1eddi nh\u1eafc nh\u1edf nh\u1eb9 nh\u00e0ng, Jadeite t\u1ef1 nhi\u00ean c\u1ee7a ch\u00fang t\u00f4i, gi\u1ed1ng nh\u01b0 t\u1ea5t c\u1ea3 nh\u1eefng th\u1ee9 \u0111\u1eb9p \u0111\u1ebd trong t\u1ef1 nhi\u00ean, c\u00f3 nh\u1eefng \u0111\u1eb7c \u0111i\u1ec3m v\u00e0 bi\u1ebfn th\u1ec3 \u0111\u1ed9c \u0111\u00e1o. Ch\u00fang t\u00f4i m\u1eddi nh\u1eefng kh\u00e1ch h\u00e0ng c\u00f3 gi\u00e1 tr\u1ecb c\u1ee7a m\u00ecnh \u0111\u00f3n nh\u1eadn nh\u1eefng bi\u1ebfn th\u1ec3 t\u1ef1 nhi\u00ean n\u00e0y. Ch\u00fac b\u1ea1n mua s\u1eafm vui v\u1ebb!<\/strong><\/p>\n<p><strong><u>Kh\u00f4ng c\u00f3 h\u00ecnh \u1ea3nh v\u00e0 c\u1ea3nh quay video n\u00e0o \u0111\u01b0\u1ee3c l\u1ecdc. Ch\u00fang t\u00f4i khuy\u1ebfn kh\u00edch kh\u00e1ch h\u00e0ng c\u1ee7a m\u00ecnh c\u0169ng xem c\u00e1c video \u0111i k\u00e8m \u0111\u1ec3 c\u00f3 c\u00e1i nh\u00ecn to\u00e0n di\u1ec7n h\u01a1n v\u1ec1 s\u1ea3n ph\u1ea9m c\u1ee7a ch\u00fang t\u00f4i<\/u><\/strong><\/p>\n<p>&nbsp;<\/p>\n<ul>\n<li>C\u00e1c n\u1ec1n t\u1ea3ng kh\u00e1c nhau ch\u1ec9 c\u00f3 th\u1ec3 xem video th\u00f4ng qua m\u00e1y t\u00ednh \u0111\u1ec3 b\u00e0n<\/li>\n<\/ul>","protected":false},"excerpt":{"rendered":"<p>18K Gold &amp; Jadeite Harmony Bracelet Discover the perfect fusion of nature type a jadeite and artistry in this 18K gold bracelet. Featuring 7 natural jadeite cabochons (1 vibrant green + 6 icy translucent stones) and 12 diamonds, it\u2019s a masterpiece of balance and symbolism. Key Details: Jadeite Cabochons: 1 Green: 3.6 * 3.6 * [&hellip;]<\/p>","protected":false},"featured_media":18371,"comment_status":"open","ping_status":"closed","template":"","meta":[],"product_brand":[],"product_cat":[195],"product_tag":[50,102,64,52,88,72,53,70,65,54,55,56,58,59,60,62],"class_list":{"0":"post-18369","1":"product","2":"type-product","3":"status-publish","4":"has-post-thumbnail","6":"product_cat-heirloom-grade","7":"product_tag-18k-gold","8":"product_tag-bracelet","9":"product_tag-cabochon","10":"product_tag-certified","11":"product_tag-diamonds","12":"product_tag-female","13":"product_tag-fine-quality","14":"product_tag-green","15":"product_tag-high-quality","16":"product_tag-icy","17":"product_tag-jadeite","18":"product_tag-limited-editions","19":"product_tag-new-arrivals","20":"product_tag-translucent","21":"product_tag-type-a-jadeite","22":"product_tag-yi-pin-qian-exclusive","24":"first","25":"instock","26":"sale","27":"shipping-taxable","28":"purchasable","29":"product-type-simple"},"_links":{"self":[{"href":"https:\/\/shop.yipinqian.com\/vi\/wp-json\/wp\/v2\/product\/18369","targetHints":{"allow":["GET"]}}],"collection":[{"href":"https:\/\/shop.yipinqian.com\/vi\/wp-json\/wp\/v2\/product"}],"about":[{"href":"https:\/\/shop.yipinqian.com\/vi\/wp-json\/wp\/v2\/types\/product"}],"replies":[{"embeddable":true,"href":"https:\/\/shop.yipinqian.com\/vi\/wp-json\/wp\/v2\/comments?post=18369"}],"version-history":[{"count":0,"href":"https:\/\/shop.yipinqian.com\/vi\/wp-json\/wp\/v2\/product\/18369\/revisions"}],"wp:featuredmedia":[{"embeddable":true,"href":"https:\/\/shop.yipinqian.com\/vi\/wp-json\/wp\/v2\/media\/18371"}],"wp:attachment":[{"href":"https:\/\/shop.yipinqian.com\/vi\/wp-json\/wp\/v2\/media?parent=18369"}],"wp:term":[{"taxonomy":"product_brand","embeddable":true,"href":"https:\/\/shop.yipinqian.com\/vi\/wp-json\/wp\/v2\/product_brand?post=18369"},{"taxonomy":"product_cat","embeddable":true,"href":"https:\/\/shop.yipinqian.com\/vi\/wp-json\/wp\/v2\/product_cat?post=18369"},{"taxonomy":"product_tag","embeddable":true,"href":"https:\/\/shop.yipinqian.com\/vi\/wp-json\/wp\/v2\/product_tag?post=18369"}],"curies":[{"name":"wp","href":"https:\/\/api.w.org\/{rel}","templated":true}]}}