{"id":1836,"date":"2024-10-24T23:22:57","date_gmt":"2024-10-24T15:22:57","guid":{"rendered":"https:\/\/shop.yipinqian.com\/product\/unique-lavender-natural-type-a-jadeite-pendant-carved-with-scene-come-with-certificate-weight-19-55-grams-53-80-27-50-5-50-mmm-suitable-for-daily-wear-pendant121\/"},"modified":"2025-02-24T00:49:49","modified_gmt":"2025-02-23T16:49:49","slug":"unique-lavender-natural-type-a-jadeite-pendant-carved-with-scene-come-with-certificate-weight-19-55-grams-53-80-27-50-5-50-mmm-suitable-for-daily-wear-pendant121","status":"publish","type":"product","link":"https:\/\/shop.yipinqian.com\/vi\/san-pham\/unique-lavender-natural-type-a-jadeite-pendant-carved-with-scene-come-with-certificate-weight-19-55-grams-53-80-27-50-5-50-mmm-suitable-for-daily-wear-pendant121\/","title":{"rendered":"M\u1eb7t d\u00e2y chuy\u1ec1n ng\u1ecdc b\u00edch t\u1ef1 nhi\u00ean lo\u1ea1i A m\u00e0u hoa o\u1ea3i h\u01b0\u01a1ng \u0111\u1ed9c \u0111\u00e1o \u0111\u01b0\u1ee3c ch\u1ea1m kh\u1eafc v\u1edbi c\u1ea3nh v\u1eadt \u0111i k\u00e8m v\u1edbi gi\u1ea5y ch\u1ee9ng nh\u1eadn tr\u1ecdng l\u01b0\u1ee3ng 19,55 gram, 53,80 * 27,50 * 5,50 mmm, ph\u00f9 h\u1ee3p \u0111\u1ec3 \u0111eo h\u00e0ng ng\u00e0y (pendant121)"},"content":{"rendered":"<p>M\u1eb7t d\u00e2y chuy\u1ec1n Jadeite t\u1ef1 nhi\u00ean m\u00e0u hoa o\u1ea3i h\u01b0\u01a1ng \u0111\u1ed9c \u0111\u00e1o n\u00e0y l\u00e0 m\u1ed9t s\u1ef1 b\u1ed5 sung tuy\u1ec7t \u0111\u1eb9p cho b\u1ed9 s\u01b0u t\u1eadp trang s\u1ee9c c\u1ee7a b\u1ea1n. \u0110\u01b0\u1ee3c ch\u1ea1m kh\u1eafc v\u1edbi m\u1ed9t c\u1ea3nh ph\u1ee9c t\u1ea1p, m\u1eb7t d\u00e2y chuy\u1ec1n n\u00e0y \u0111i k\u00e8m v\u1edbi m\u1ed9t ch\u1ee9ng ch\u1ec9 \u0111\u1ec3 \u0111\u1ea3m b\u1ea3o t\u00ednh x\u00e1c th\u1ef1c v\u00e0 c\u00f3 tr\u1ecdng l\u01b0\u1ee3ng 19,55 gram.<\/p>\n<ul>\n<li>\n<strong>V\u1eadt li\u1ec7u:<\/strong> \u0110\u01b0\u1ee3c l\u00e0m t\u1eeb lo\u1ea1i ng\u1ecdc Jadeite lo\u1ea1i A tuy\u1ec7t \u0111\u1eb9p, m\u1eb7t d\u00e2y chuy\u1ec1n n\u00e0y c\u00f3 ch\u1ea5t l\u01b0\u1ee3ng cao nh\u1ea5t.<\/li>\n<li>\n<strong>K\u00edch th\u01b0\u1edbc:<\/strong> V\u1edbi k\u00edch th\u01b0\u1edbc 53,80 * 27,50 * 5,50 mmm, m\u1eb7t d\u00e2y chuy\u1ec1n n\u00e0y c\u00f3 k\u00edch th\u01b0\u1edbc ho\u00e0n h\u1ea3o \u0111\u1ec3 \u0111eo h\u00e0ng ng\u00e0y.<\/li>\n<li>\n<strong>Ph\u00f9 h\u1ee3p v\u1edbi t\u1ea5t c\u1ea3:<\/strong> M\u1eb7t d\u00e2y chuy\u1ec1n unisex n\u00e0y ph\u00f9 h\u1ee3p v\u1edbi b\u1ea5t k\u1ef3 ai mu\u1ed1n t\u0103ng th\u00eam n\u00e9t thanh l\u1ecbch cho trang ph\u1ee5c c\u1ee7a m\u00ecnh.<\/li>\n<\/ul>\n<p><strong>S\u1ed1 ch\u1ee9ng nh\u1eadn: ZJ23013107050<\/strong><\/p>\n<p><img fetchpriority=\"high\" decoding=\"async\" height=\"1080\" src=\"https:\/\/shop.yipinqian.com\/wp-content\/uploads\/2024\/10\/03dce99f603da944ab65e5044d0727fe.jpg?from=476444299\" width=\"1080\"><\/p>\n<p>\u0110\u01b0\u1ee3c s\u1ea3n xu\u1ea5t t\u1ea1i Myanmar v\u00e0 ho\u00e0n h\u1ea3o \u0111\u1ec3 \u0111eo h\u00e0ng ng\u00e0y, s\u1ef1 thanh l\u1ecbch tinh t\u1ebf c\u1ee7a chi\u1ebfc v\u00f2ng c\u1ed5 ng\u1ecdc b\u00edch m\u00e0u hoa o\u1ea3i h\u01b0\u01a1ng n\u00e0y mang \u0111\u1ebfn phong c\u00e1ch v\u00e0 s\u1ef1 tinh t\u1ebf cho b\u1ea5t k\u1ef3 trang ph\u1ee5c n\u00e0o. H\u00e3y \u0111\u1ea7u t\u01b0 cho b\u1ea3n th\u00e2n ho\u1eb7c g\u00e2y b\u1ea5t ng\u1edd cho m\u1ed9t ng\u01b0\u1eddi \u0111\u1eb7c bi\u1ec7t n\u00e0o \u0111\u00f3 b\u1eb1ng c\u00e1ch t\u1eb7ng h\u1ecd m\u1ed9t m\u00f3n qu\u00e0 \u0111\u1ed9c \u0111\u00e1o!<\/p>\n<p>\u00a0<\/p>\n<p>Yi Pin Qian \u2013 Nh\u00e0 bu\u00f4n \u0111\u00e1 qu\u00fd v\u00e0 kim lo\u1ea1i qu\u00fd t\u1ea1i Singapore \u2013 S\u1ed1 gi\u1ea5y ph\u00e9p PS20190000031<\/p>\n<p>\u00a0<\/p>\n<p>*T\u1ea5t c\u1ea3 c\u00e1c lo\u1ea1i Jadeite \u0111\u01b0\u1ee3c mua t\u1eeb Yi Pin Qian t\u1ea1i Singapore, kh\u00e1ch h\u00e0ng c\u00f3 th\u1ec3 \u0111\u1eb7t l\u1ecbch \u0111\u00e1nh b\u00f3ng ho\u1eb7c s\u1eeda ch\u1eefa nh\u1ecf do x\u1eed l\u00fd sai c\u00e1ch \u2013 c\u00f3 t\u00ednh ph\u00ed v\u00e0 ch\u1ec9 d\u00e0nh cho kh\u00e1ch h\u00e0ng c\u1ee7a Yi Pin Qian t\u1ea1i Singapore*<\/p>\n<p>\u00a0<\/p>\n<p><strong>**C\u00e1c lo\u1ea1i ch\u1ee9ng ch\u1ec9**<\/strong><\/p>\n<p>\u00a0<\/p>\n<p><strong>NGI (C\u00f4ng ty \u0110\u00e1 qu\u00fd Nan Yang)<\/strong><\/p>\n<p>ho\u1eb7c <strong>Ch\u1ee9ng ch\u1ec9 n\u01b0\u1edbc ngo\u00e0i <\/strong>(Yi Pin Qian ch\u1ec9 s\u1eed d\u1ee5ng c\u00e1c ch\u1ee9ng ch\u1ec9 x\u00e1c th\u1ef1c t\u1eeb c\u00e1c ph\u00f2ng th\u00ed nghi\u1ec7m \u1edf n\u01b0\u1edbc ngo\u00e0i v\u00e0 ki\u1ec3m so\u00e1t ch\u1ea5t l\u01b0\u1ee3ng m\u1ecdi s\u1ea3n ph\u1ea9m c\u1ee7a ch\u00fang t\u00f4i tr\u01b0\u1edbc khi \u0111\u01b0a ch\u00fang ra b\u00e1n t\u1ea1i Singapore)<\/p>\n<p>\u00a0<\/p>\n<p>M\u1ed7i s\u1ea3n ph\u1ea9m tr\u00ean TikTok s\u1ebd c\u00f3 lo\u1ea1i ch\u1ee9ng ch\u1ec9 \u0111\u01b0\u1ee3c cung c\u1ea5p \u0111\u01b0\u1ee3c n\u00eau trong ph\u1ea7n m\u00f4 t\u1ea3. \u0110\u1ed1i v\u1edbi b\u1ea5t k\u1ef3 kh\u00e1ch h\u00e0ng n\u00e0o mu\u1ed1n g\u1eedi \u0111\u01a1n h\u00e0ng c\u1ee7a m\u00ecnh \u0111\u1ebfn NGI Singapore, s\u1ebd c\u00f3 th\u1eddi gian ch\u1edd giao h\u00e0ng \u01b0\u1edbc t\u00ednh kho\u1ea3ng 4 tu\u1ea7n \u0111\u1ec3 nh\u1eadn \u0111\u01b0\u1ee3c \u0111\u01a1n h\u00e0ng c\u1ee7a b\u1ea1n. <strong>Y\u00eau c\u1ea7u b\u00e1o c\u00e1o v\u1ec1 NGI Gemstone c\u1ea7n \u0111\u01b0\u1ee3c th\u1ef1c hi\u1ec7n b\u1eb1ng c\u00e1ch nh\u1eafn tin \u0111\u1ebfn c\u1eeda h\u00e0ng TikTok Yi Pin Qian.<\/strong> C\u1ea3m \u01a1n, <strong><u>\u00e1p d\u1ee5ng th\u00eam ph\u00ed<\/u><\/strong>.<\/p>","protected":false},"excerpt":{"rendered":"<p>M\u1eb7t d\u00e2y chuy\u1ec1n Jadeite t\u1ef1 nhi\u00ean lo\u1ea1i A m\u00e0u hoa o\u1ea3i h\u01b0\u01a1ng \u0111\u1ed9c \u0111\u00e1o n\u00e0y l\u00e0 m\u1ed9t s\u1ef1 b\u1ed5 sung tuy\u1ec7t \u0111\u1eb9p cho b\u1ed9 s\u01b0u t\u1eadp trang s\u1ee9c c\u1ee7a b\u1ea1n. \u0110\u01b0\u1ee3c ch\u1ea1m kh\u1eafc v\u1edbi m\u1ed9t c\u1ea3nh ph\u1ee9c t\u1ea1p, m\u1eb7t d\u00e2y chuy\u1ec1n n\u00e0y \u0111i k\u00e8m v\u1edbi m\u1ed9t ch\u1ee9ng ch\u1ec9 \u0111\u1ec3 \u0111\u1ea3m b\u1ea3o t\u00ednh x\u00e1c th\u1ef1c v\u00e0 c\u00f3 tr\u1ecdng l\u01b0\u1ee3ng 19,55 gram. Ch\u1ea5t li\u1ec7u: \u0110\u01b0\u1ee3c l\u00e0m t\u1eeb Jadeite lo\u1ea1i A tuy\u1ec7t \u0111\u1eb9p, m\u1eb7t d\u00e2y chuy\u1ec1n n\u00e0y c\u00f3 ch\u1ea5t l\u01b0\u1ee3ng cao nh\u1ea5t. K\u00edch th\u01b0\u1edbc: V\u1edbi k\u00edch th\u01b0\u1edbc 53,80 * 27,50 [\u2026]<\/p>","protected":false},"featured_media":8345,"comment_status":"open","ping_status":"closed","template":"","meta":[],"product_brand":[],"product_cat":[194],"product_tag":[],"class_list":{"0":"post-1836","1":"product","2":"type-product","3":"status-publish","4":"has-post-thumbnail","6":"product_cat-value-picks","8":"first","9":"instock","10":"sale","11":"shipping-taxable","12":"purchasable","13":"product-type-simple"},"_links":{"self":[{"href":"https:\/\/shop.yipinqian.com\/vi\/wp-json\/wp\/v2\/product\/1836","targetHints":{"allow":["GET"]}}],"collection":[{"href":"https:\/\/shop.yipinqian.com\/vi\/wp-json\/wp\/v2\/product"}],"about":[{"href":"https:\/\/shop.yipinqian.com\/vi\/wp-json\/wp\/v2\/types\/product"}],"replies":[{"embeddable":true,"href":"https:\/\/shop.yipinqian.com\/vi\/wp-json\/wp\/v2\/comments?post=1836"}],"version-history":[{"count":0,"href":"https:\/\/shop.yipinqian.com\/vi\/wp-json\/wp\/v2\/product\/1836\/revisions"}],"wp:featuredmedia":[{"embeddable":true,"href":"https:\/\/shop.yipinqian.com\/vi\/wp-json\/wp\/v2\/media\/8345"}],"wp:attachment":[{"href":"https:\/\/shop.yipinqian.com\/vi\/wp-json\/wp\/v2\/media?parent=1836"}],"wp:term":[{"taxonomy":"product_brand","embeddable":true,"href":"https:\/\/shop.yipinqian.com\/vi\/wp-json\/wp\/v2\/product_brand?post=1836"},{"taxonomy":"product_cat","embeddable":true,"href":"https:\/\/shop.yipinqian.com\/vi\/wp-json\/wp\/v2\/product_cat?post=1836"},{"taxonomy":"product_tag","embeddable":true,"href":"https:\/\/shop.yipinqian.com\/vi\/wp-json\/wp\/v2\/product_tag?post=1836"}],"curies":[{"name":"wp","href":"https:\/\/api.w.org\/{rel}","templated":true}]}}