{"id":1833,"date":"2024-10-24T23:22:54","date_gmt":"2024-10-24T15:22:54","guid":{"rendered":"https:\/\/shop.yipinqian.com\/product\/type-a-natural-jadeite-jade-with-golden-yellow-patches-high-quality-crafted-as-pixiu-for-stamp-or-display-certificate-weighs-15-79-and-15-76-grams-measurement-37-7-15-6-10-and-39-1-14-7-9-3-mmhand8\/"},"modified":"2025-02-24T00:49:49","modified_gmt":"2025-02-23T16:49:49","slug":"type-a-natural-jadeite-jade-with-golden-yellow-patches-high-quality-crafted-as-pixiu-for-stamp-or-display-certificate-weighs-15-79-and-15-76-grams-measurement-37-7-15-6-10-and-39-1-14-7-9-3-mmhand8","status":"publish","type":"product","link":"https:\/\/shop.yipinqian.com\/vi\/san-pham\/type-a-natural-jadeite-jade-with-golden-yellow-patches-high-quality-crafted-as-pixiu-for-stamp-or-display-certificate-weighs-15-79-and-15-76-grams-measurement-37-7-15-6-10-and-39-1-14-7-9-3-mmhand8\/","title":{"rendered":"Ng\u1ecdc b\u00edch t\u1ef1 nhi\u00ean lo\u1ea1i A c\u00f3 c\u00e1c m\u1ea3ng v\u00e0ng kim ch\u1ea5t l\u01b0\u1ee3ng cao \u2013 \u0110\u01b0\u1ee3c ch\u1ebf t\u00e1c nh\u01b0 pixiu \u0111\u1ec3 \u0111\u00f3ng d\u1ea5u ho\u1eb7c tr\u01b0ng b\u00e0y, ch\u1ee9ng ch\u1ec9 n\u1eb7ng 15,79 v\u00e0 15,76 gam, k\u00edch th\u01b0\u1edbc 37,7 * 15,6 * 10 v\u00e0 39,1 * 14,7 * 9,3 mm (th\u1ee7 c\u00f4ng8)"},"content":{"rendered":"<p>L\u00e0m \u0111\u1eb9p kh\u00f4ng gian c\u1ee7a b\u1ea1n v\u1edbi lo\u1ea1i Ng\u1ecdc b\u00edch t\u1ef1 nhi\u00ean lo\u1ea1i A tinh x\u1ea3o n\u00e0y \u0111\u01b0\u1ee3c trang tr\u00ed b\u1eb1ng c\u00e1c m\u1ea3ng v\u00e0ng kim, \u0111\u01b0\u1ee3c thi\u1ebft k\u1ebf nh\u01b0 m\u1ed9t ch\u00fa pixiu \u0111\u1ec3 \u0111\u00f3ng d\u1ea5u ho\u1eb7c tr\u01b0ng b\u00e0y.<\/p>\n<p><\/p>\n<p>S\u1ed1 ch\u1ee9ng ch\u1ec9: GD2111H016761, GD2111H016762<\/p>\n<p><img fetchpriority=\"high\" decoding=\"async\" src=\"https:\/\/shop.yipinqian.com\/wp-content\/uploads\/2024\/10\/5d0f12a7aa9a41dd9d33cacbb38ed9f8tplv-aphluv4xwc-origin-jpeg.jpeg?from=476444299\" width=\"1080\" height=\"1080\"><\/p>\n<ul>\n<li>\n<strong>Tay ngh\u1ec1 th\u1ee7 c\u00f4ng ch\u1ea5t l\u01b0\u1ee3ng cao:<\/strong> \u0110\u01b0\u1ee3c ch\u1ebf t\u00e1c c\u1ea9n th\u1eadn \u0111\u1ebfn m\u1ee9c ho\u00e0n h\u1ea3o, t\u00e1c ph\u1ea9m ng\u1ecdc b\u00edch n\u00e0y to\u00e1t l\u00ean v\u1ebb thanh l\u1ecbch v\u00e0 phong c\u00e1ch.<\/li>\n<li>\n<strong>Ch\u1ee9ng nh\u1eadn cao c\u1ea5p:<\/strong> M\u1ed7i vi\u00ean ng\u1ecdc b\u00edch jadeite \u0111\u1ec1u c\u00f3 gi\u1ea5y ch\u1ee9ng nh\u1eadn \u0111\u1ea3m b\u1ea3o t\u00ednh x\u00e1c th\u1ef1c v\u00e0 ch\u1ea5t l\u01b0\u1ee3ng.<\/li>\n<li>\n<strong>\u0110o l\u01b0\u1eddng t\u1ec9 m\u1ec9:<\/strong> C\u00f3 hai k\u00edch c\u1ee1 \u2013 37,7 x 15,6 x 10 mm v\u00e0 39,1 x 14,7 x 9,3 mm (hand8).<\/li>\n<li><strong>N\u1eb7ng 15,79 v\u00e0 15,76 gam<\/strong><\/li>\n<\/ul>\n<p><img decoding=\"async\" src=\"https:\/\/shop.yipinqian.com\/wp-content\/uploads\/2024\/10\/9b4c84b4a20e4eaba5f9598a4b2260c9tplv-aphluv4xwc-origin-jpeg.jpeg?from=476444299\" width=\"1080\" height=\"1080\"><\/p>\n<p>Th\u00edch h\u1ee3p \u0111\u1ec3 trang tr\u00ed nh\u00e0 c\u1eeda, t\u00e1c ph\u1ea9m Ng\u1ecdc b\u00edch t\u1ef1 nhi\u00ean lo\u1ea1i A n\u00e0y l\u00e0 s\u1ef1 b\u1ed5 sung tuy\u1ec7t \u0111\u1eb9p v\u00e0o b\u1ed9 s\u01b0u t\u1eadp c\u1ee7a b\u1ea1n ho\u1eb7c l\u00e0 m\u00f3n qu\u00e0 chu \u0111\u00e1o cho nh\u1eefng ng\u01b0\u1eddi th\u00e2n y\u00eau \u0111\u00e1nh gi\u00e1 cao ngh\u1ec1 th\u1ee7 c\u00f4ng tinh x\u1ea3o.<\/p>\n<p><\/p>\n<p>Yi Pin Qian \u2013 Nh\u00e0 bu\u00f4n \u0111\u00e1 qu\u00fd v\u00e0 kim lo\u1ea1i qu\u00fd t\u1ea1i Singapore \u2013 S\u1ed1 gi\u1ea5y ph\u00e9p PS20190000031<\/p>\n<p><\/p>\n<p>*T\u1ea5t c\u1ea3 c\u00e1c lo\u1ea1i Jadeite \u0111\u01b0\u1ee3c mua t\u1eeb Yi Pin Qian t\u1ea1i Singapore, kh\u00e1ch h\u00e0ng c\u00f3 th\u1ec3 \u0111\u1eb7t l\u1ecbch \u0111\u00e1nh b\u00f3ng ho\u1eb7c s\u1eeda ch\u1eefa nh\u1ecf do x\u1eed l\u00fd sai c\u00e1ch \u2013 c\u00f3 t\u00ednh ph\u00ed v\u00e0 ch\u1ec9 d\u00e0nh cho kh\u00e1ch h\u00e0ng c\u1ee7a Yi Pin Qian t\u1ea1i Singapore*<\/p>\n<p><\/p>\n<p><strong>**C\u00e1c lo\u1ea1i ch\u1ee9ng ch\u1ec9**<\/strong><\/p>\n<p><\/p>\n<p><strong>NGI (C\u00f4ng ty \u0110\u00e1 qu\u00fd Nan Yang)<\/strong><\/p>\n<p>ho\u1eb7c <strong>Ch\u1ee9ng ch\u1ec9 n\u01b0\u1edbc ngo\u00e0i <\/strong>(Yi Pin Qian ch\u1ec9 s\u1eed d\u1ee5ng c\u00e1c ch\u1ee9ng ch\u1ec9 x\u00e1c th\u1ef1c t\u1eeb c\u00e1c ph\u00f2ng th\u00ed nghi\u1ec7m \u1edf n\u01b0\u1edbc ngo\u00e0i v\u00e0 ki\u1ec3m so\u00e1t ch\u1ea5t l\u01b0\u1ee3ng m\u1ecdi s\u1ea3n ph\u1ea9m c\u1ee7a ch\u00fang t\u00f4i tr\u01b0\u1edbc khi \u0111\u01b0a ch\u00fang ra b\u00e1n t\u1ea1i Singapore)<\/p>\n<p><\/p>\n<p>M\u1ed7i s\u1ea3n ph\u1ea9m tr\u00ean TikTok s\u1ebd c\u00f3 lo\u1ea1i ch\u1ee9ng ch\u1ec9 \u0111\u01b0\u1ee3c cung c\u1ea5p \u0111\u01b0\u1ee3c n\u00eau trong ph\u1ea7n m\u00f4 t\u1ea3. \u0110\u1ed1i v\u1edbi b\u1ea5t k\u1ef3 kh\u00e1ch h\u00e0ng n\u00e0o mu\u1ed1n g\u1eedi \u0111\u01a1n h\u00e0ng c\u1ee7a m\u00ecnh \u0111\u1ebfn NGI Singapore, s\u1ebd c\u00f3 th\u1eddi gian ch\u1edd giao h\u00e0ng \u01b0\u1edbc t\u00ednh kho\u1ea3ng 4 tu\u1ea7n \u0111\u1ec3 nh\u1eadn \u0111\u01b0\u1ee3c \u0111\u01a1n h\u00e0ng c\u1ee7a b\u1ea1n. <strong>B\u1ea1n c\u1ea7n g\u1eedi y\u00eau c\u1ea7u b\u00e1o c\u00e1o v\u1ec1 NGI Gemstone b\u1eb1ng c\u00e1ch nh\u1eafn tin cho ch\u00fang t\u00f4i.<\/strong> C\u1ea3m \u01a1n, <strong><u>\u00e1p d\u1ee5ng th\u00eam ph\u00ed<\/u><\/strong>.<\/p>\n<p><\/p>\n<p><strong>Jadeite t\u1ef1 nhi\u00ean kh\u00f4ng ho\u00e0n h\u1ea3o, ch\u1ec9 l\u00e0 m\u1ed9t l\u1eddi nh\u1eafc nh\u1edf nh\u1eb9 nh\u00e0ng, Jadeite t\u1ef1 nhi\u00ean c\u1ee7a ch\u00fang t\u00f4i, gi\u1ed1ng nh\u01b0 t\u1ea5t c\u1ea3 nh\u1eefng th\u1ee9 \u0111\u1eb9p \u0111\u1ebd trong t\u1ef1 nhi\u00ean, c\u00f3 nh\u1eefng \u0111\u1eb7c \u0111i\u1ec3m v\u00e0 bi\u1ebfn th\u1ec3 \u0111\u1ed9c \u0111\u00e1o. Ch\u00fang t\u00f4i m\u1eddi nh\u1eefng kh\u00e1ch h\u00e0ng c\u00f3 gi\u00e1 tr\u1ecb c\u1ee7a m\u00ecnh \u0111\u00f3n nh\u1eadn nh\u1eefng bi\u1ebfn th\u1ec3 t\u1ef1 nhi\u00ean n\u00e0y. Ch\u00fac b\u1ea1n mua s\u1eafm vui v\u1ebb!<\/strong><\/p>\n<p><\/p>\n<p><strong><u>Kh\u00f4ng c\u00f3 h\u00ecnh \u1ea3nh v\u00e0 c\u1ea3nh quay video n\u00e0o \u0111\u01b0\u1ee3c l\u1ecdc. Ch\u00fang t\u00f4i khuy\u1ebfn kh\u00edch kh\u00e1ch h\u00e0ng c\u1ee7a m\u00ecnh c\u0169ng xem c\u00e1c video \u0111i k\u00e8m \u0111\u1ec3 c\u00f3 c\u00e1i nh\u00ecn to\u00e0n di\u1ec7n h\u01a1n v\u1ec1 s\u1ea3n ph\u1ea9m c\u1ee7a ch\u00fang t\u00f4i<\/u><\/strong><\/p>\n<p><\/p>\n<ul>\n<li>C\u00e1c n\u1ec1n t\u1ea3ng kh\u00e1c nhau ch\u1ec9 c\u00f3 th\u1ec3 xem video th\u00f4ng qua m\u00e1y t\u00ednh \u0111\u1ec3 b\u00e0n<\/li>\n<\/ul>","protected":false},"excerpt":{"rendered":"<p>N\u00e2ng cao kh\u00f4ng gian c\u1ee7a b\u1ea1n v\u1edbi lo\u1ea1i Jadeite Jadeite t\u1ef1 nhi\u00ean lo\u1ea1i A tinh x\u1ea3o n\u00e0y \u0111\u01b0\u1ee3c trang tr\u00ed b\u1eb1ng c\u00e1c mi\u1ebfng v\u00e1 m\u00e0u v\u00e0ng kim, \u0111\u01b0\u1ee3c thi\u1ebft k\u1ebf nh\u01b0 m\u1ed9t pixiu \u0111\u1ec3 \u0111\u00f3ng d\u1ea5u ho\u1eb7c tr\u01b0ng b\u00e0y. S\u1ed1 ch\u1ee9ng ch\u1ec9: GD2111H016761, GD2111H016762 Tay ngh\u1ec1 th\u1ee7 c\u00f4ng ch\u1ea5t l\u01b0\u1ee3ng cao: \u0110\u01b0\u1ee3c ch\u1ebf t\u00e1c c\u1ea9n th\u1eadn \u0111\u1ebfn m\u1ee9c ho\u00e0n h\u1ea3o, t\u00e1c ph\u1ea9m ng\u1ecdc b\u00edch n\u00e0y to\u00e1t l\u00ean s\u1ef1 thanh l\u1ecbch v\u00e0 phong c\u00e1ch. Ch\u1ee9ng nh\u1eadn cao c\u1ea5p: M\u1ed7i vi\u00ean ng\u1ecdc b\u00edch Jadeite \u0111\u1ec1u \u0111i k\u00e8m m\u1ed9t ch\u1ee9ng ch\u1ec9 \u0111\u1ea3m b\u1ea3o t\u00ednh x\u00e1c th\u1ef1c v\u00e0 [\u2026]<\/p>","protected":false},"featured_media":8326,"comment_status":"open","ping_status":"closed","template":"","meta":[],"product_brand":[],"product_cat":[194],"product_tag":[52,93,94,65,55,58,85,99,60,62],"class_list":{"0":"post-1833","1":"product","2":"type-product","3":"status-publish","4":"has-post-thumbnail","6":"product_cat-value-picks","7":"product_tag-certified","8":"product_tag-display","9":"product_tag-hand-piece","10":"product_tag-high-quality","11":"product_tag-jadeite","12":"product_tag-new-arrivals","13":"product_tag-pixiu","14":"product_tag-stamp","15":"product_tag-type-a-jadeite","16":"product_tag-yi-pin-qian-exclusive","18":"first","19":"instock","20":"sale","21":"shipping-taxable","22":"purchasable","23":"product-type-simple"},"_links":{"self":[{"href":"https:\/\/shop.yipinqian.com\/vi\/wp-json\/wp\/v2\/product\/1833","targetHints":{"allow":["GET"]}}],"collection":[{"href":"https:\/\/shop.yipinqian.com\/vi\/wp-json\/wp\/v2\/product"}],"about":[{"href":"https:\/\/shop.yipinqian.com\/vi\/wp-json\/wp\/v2\/types\/product"}],"replies":[{"embeddable":true,"href":"https:\/\/shop.yipinqian.com\/vi\/wp-json\/wp\/v2\/comments?post=1833"}],"version-history":[{"count":0,"href":"https:\/\/shop.yipinqian.com\/vi\/wp-json\/wp\/v2\/product\/1833\/revisions"}],"wp:featuredmedia":[{"embeddable":true,"href":"https:\/\/shop.yipinqian.com\/vi\/wp-json\/wp\/v2\/media\/8326"}],"wp:attachment":[{"href":"https:\/\/shop.yipinqian.com\/vi\/wp-json\/wp\/v2\/media?parent=1833"}],"wp:term":[{"taxonomy":"product_brand","embeddable":true,"href":"https:\/\/shop.yipinqian.com\/vi\/wp-json\/wp\/v2\/product_brand?post=1833"},{"taxonomy":"product_cat","embeddable":true,"href":"https:\/\/shop.yipinqian.com\/vi\/wp-json\/wp\/v2\/product_cat?post=1833"},{"taxonomy":"product_tag","embeddable":true,"href":"https:\/\/shop.yipinqian.com\/vi\/wp-json\/wp\/v2\/product_tag?post=1833"}],"curies":[{"name":"wp","href":"https:\/\/api.w.org\/{rel}","templated":true}]}}