{"id":1827,"date":"2024-10-24T23:22:50","date_gmt":"2024-10-24T15:22:50","guid":{"rendered":"https:\/\/shop.yipinqian.com\/product\/this-cute-oily-green-three-legs-toad-natural-type-a-jadeite-necklace-pendant-with-qic-labs-approved-certificate-included-weighs-30-60-grams-42-7-27-6-16-9-mm-symbols-of-good-fortunes-and-money-is-very\/"},"modified":"2025-02-17T00:04:18","modified_gmt":"2025-02-16T16:04:18","slug":"this-cute-oily-green-three-legs-toad-natural-type-a-jadeite-necklace-pendant-with-qic-labs-approved-certificate-included-weighs-30-60-grams-42-7-27-6-16-9-mm-symbols-of-good-fortunes-and-money-is-very","status":"publish","type":"product","link":"https:\/\/shop.yipinqian.com\/vi\/san-pham\/this-cute-oily-green-three-legs-toad-natural-type-a-jadeite-necklace-pendant-with-qic-labs-approved-certificate-included-weighs-30-60-grams-42-7-27-6-16-9-mm-symbols-of-good-fortunes-and-money-is-very\/","title":{"rendered":"M\u1eb7t d\u00e2y chuy\u1ec1n ng\u1ecdc b\u00edch t\u1ef1 nhi\u00ean lo\u1ea1i A h\u00ecnh c\u00f3c ba ch\u00e2n m\u00e0u xanh l\u00e1 c\u00e2y d\u1ec5 th\u01b0\u01a1ng n\u00e0y c\u00f3 k\u00e8m theo ch\u1ee9ng ch\u1ec9 \u0111\u01b0\u1ee3c QIC Labs ch\u1ea5p thu\u1eadn, n\u1eb7ng 30,60 gram, k\u00edch th\u01b0\u1edbc 42,7 * 27,6 * 16,9 mm, bi\u1ec3u t\u01b0\u1ee3ng c\u1ee7a s\u1ef1 may m\u1eafn v\u00e0 ti\u1ec1n b\u1ea1c, r\u1ea5t ph\u00f9 h\u1ee3p \u0111\u1ec3 b\u1ea1n \u0111eo h\u00e0ng ng\u00e0y (pendant126)"},"content":{"rendered":"<p>Th\u00eam ch\u00fat may m\u1eafn v\u00e0 t\u00e0i l\u1ed9c v\u00e0o trang ph\u1ee5c h\u00e0ng ng\u00e0y c\u1ee7a b\u1ea1n v\u1edbi M\u1eb7t d\u00e2y chuy\u1ec1n ng\u1ecdc b\u00edch t\u1ef1 nhi\u00ean h\u00ecnh c\u00f3c ba ch\u00e2n m\u00e0u xanh l\u00e1 c\u00e2y d\u1ea7u lo\u1ea1i A d\u1ec5 th\u01b0\u01a1ng n\u00e0y. M\u1eb7t d\u00e2y chuy\u1ec1n n\u1eb7ng 30,60 gram v\u00e0 c\u00f3 k\u00edch th\u01b0\u1edbc 42,7 * 27,6 * 16,9 mm.<\/p>\n<ul>\n<li>Bi\u1ec3u t\u01b0\u1ee3ng c\u1ee7a s\u1ef1 may m\u1eafn v\u00e0 th\u1ecbnh v\u01b0\u1ee3ng<\/li>\n<li>Ki\u1ec3u v\u00f2ng c\u1ed5 gi\u1ea3n d\u1ecb th\u00edch h\u1ee3p \u0111eo h\u00e0ng ng\u00e0y<\/li>\n<li>\u0110\u01b0\u1ee3c l\u00e0m t\u1eeb Jadeite lo\u1ea1i A t\u1ef1 nhi\u00ean t\u1eeb Myanmar<\/li>\n<li><strong>C\u00f3 k\u00e8m theo ch\u1ee9ng ch\u1ec9 \u0111\u01b0\u1ee3c QIC Labs ch\u1ea5p thu\u1eadn \u2013 S\u1ed1 ch\u1ee9ng ch\u1ec9: SD24040804648<\/strong><\/li>\n<\/ul>\n<p><img fetchpriority=\"high\" decoding=\"async\" height=\"1080\" src=\"https:\/\/shop.yipinqian.com\/wp-content\/uploads\/2024\/10\/a9421e1b8e480129a501a8866a7342ed.jpg?from=476444299\" width=\"1080\"><img decoding=\"async\" height=\"1080\" src=\"https:\/\/shop.yipinqian.com\/wp-content\/uploads\/2024\/10\/125f9d9e90f76c1a0fde7d1a28663519.jpg?from=476444299\" width=\"1080\"><\/p>\n<p><strong>D\u00e2y mua th\u00eam cho m\u1eb7t d\u00e2y chuy\u1ec1n n\u00e0y, ch\u00fang t\u00f4i c\u00f3 th\u1ec3 t\u1ef1 l\u00e0m m\u1ed9t v\u00f2ng d\u00e2y \u0111\u1ec3 l\u00e0m m\u00f3c c\u00e0i \u0111\u1ec3 kh\u00e1ch h\u00e0ng c\u00f3 th\u1ec3 m\u00f3c v\u00e0o d\u00e2y c\u00f3 th\u1ec3 \u0111i\u1ec1u ch\u1ec9nh \u0111\u00f3ng\/m\u1edf mua th\u00eam n\u00e0y<\/strong><\/p>\n<p>\u00a0<\/p>\n<p>Con c\u00f3c ba ch\u00e2n, c\u00f2n \u0111\u01b0\u1ee3c g\u1ecdi l\u00e0 \u1ebfch ti\u1ec1n, l\u00e0 bi\u1ec3u t\u01b0\u1ee3ng ph\u1ed5 bi\u1ebfn c\u1ee7a s\u1ef1 gi\u00e0u c\u00f3, may m\u1eafn v\u00e0 th\u1ecbnh v\u01b0\u1ee3ng trong v\u0103n h\u00f3a ch\u00e2u \u00c1.<br \/>Chi\u1ebfc v\u00f2ng c\u1ed5 n\u00e0y c\u00f3 thi\u1ebft k\u1ebf ph\u00f9 h\u1ee3p cho c\u1ea3 nam v\u00e0 n\u1eef, l\u00e0 m\u00f3n qu\u00e0 ho\u00e0n h\u1ea3o cho b\u1ea5t k\u1ef3 ai y\u00eau th\u00edch nh\u1eefng ph\u1ee5 ki\u1ec7n \u0111\u1ed9c \u0111\u00e1o mang l\u1ea1i n\u0103ng l\u01b0\u1ee3ng t\u00edch c\u1ef1c cho cu\u1ed9c s\u1ed1ng.<br \/>H\u00e3y tin t\u01b0\u1edfng v\u00e0o t\u00ednh x\u00e1c th\u1ef1c c\u1ee7a s\u1ea3n ph\u1ea9m n\u00e0y v\u00ec n\u00f3 c\u00f3 k\u00e8m theo ch\u1ee9ng ch\u1ec9 \u0111\u01b0\u1ee3c QIC Labs ch\u1ea5p thu\u1eadn.<br \/>Th\u00eam n\u00e9t quy\u1ebfn r\u0169 cho trang ph\u1ee5c th\u01b0\u1eddng ng\u00e0y c\u1ee7a b\u1ea1n v\u1edbi m\u00f3n \u0111\u1ed3 v\u1eeba th\u1eddi trang v\u1eeba \u00fd ngh\u0129a n\u00e0y!<\/p>\n<p>.<\/p>\n<p>Yi Pin Qian \u2013 Nh\u00e0 bu\u00f4n \u0111\u00e1 qu\u00fd v\u00e0 kim lo\u1ea1i qu\u00fd t\u1ea1i Singapore \u2013 S\u1ed1 gi\u1ea5y ph\u00e9p PS20190000031<\/p>\n<p>*T\u1ea5t c\u1ea3 c\u00e1c lo\u1ea1i Jadeite \u0111\u01b0\u1ee3c mua t\u1eeb Yi Pin Qian t\u1ea1i Singapore, kh\u00e1ch h\u00e0ng c\u00f3 th\u1ec3 \u0111\u1eb7t l\u1ecbch \u0111\u00e1nh b\u00f3ng ho\u1eb7c s\u1eeda ch\u1eefa nh\u1ecf do x\u1eed l\u00fd sai c\u00e1ch \u2013 c\u00f3 t\u00ednh ph\u00ed v\u00e0 ch\u1ec9 d\u00e0nh cho kh\u00e1ch h\u00e0ng c\u1ee7a Yi Pin Qian t\u1ea1i Singapore*<\/p>\n<p><strong>**C\u00e1c lo\u1ea1i ch\u1ee9ng ch\u1ec9**<\/strong><\/p>\n<p><strong>NGI (C\u00f4ng ty \u0110\u00e1 qu\u00fd Nan Yang)<\/strong><\/p>\n<p>ho\u1eb7c <strong>Ch\u1ee9ng ch\u1ec9 n\u01b0\u1edbc ngo\u00e0i <\/strong>(Yi Pin Qian ch\u1ec9 s\u1eed d\u1ee5ng c\u00e1c ch\u1ee9ng ch\u1ec9 x\u00e1c th\u1ef1c t\u1eeb c\u00e1c ph\u00f2ng th\u00ed nghi\u1ec7m \u1edf n\u01b0\u1edbc ngo\u00e0i v\u00e0 ki\u1ec3m so\u00e1t ch\u1ea5t l\u01b0\u1ee3ng m\u1ecdi s\u1ea3n ph\u1ea9m c\u1ee7a ch\u00fang t\u00f4i tr\u01b0\u1edbc khi \u0111\u01b0a ch\u00fang ra b\u00e1n t\u1ea1i Singapore)<\/p>\n<p>M\u1ed7i s\u1ea3n ph\u1ea9m tr\u00ean TikTok s\u1ebd c\u00f3 lo\u1ea1i ch\u1ee9ng ch\u1ec9 \u0111\u01b0\u1ee3c cung c\u1ea5p \u0111\u01b0\u1ee3c n\u00eau trong ph\u1ea7n m\u00f4 t\u1ea3. \u0110\u1ed1i v\u1edbi b\u1ea5t k\u1ef3 kh\u00e1ch h\u00e0ng n\u00e0o mu\u1ed1n g\u1eedi \u0111\u01a1n h\u00e0ng c\u1ee7a m\u00ecnh \u0111\u1ebfn NGI Singapore, s\u1ebd c\u00f3 th\u1eddi gian ch\u1edd giao h\u00e0ng \u01b0\u1edbc t\u00ednh kho\u1ea3ng 4 tu\u1ea7n \u0111\u1ec3 nh\u1eadn \u0111\u01b0\u1ee3c \u0111\u01a1n h\u00e0ng c\u1ee7a b\u1ea1n. <strong>Y\u00eau c\u1ea7u b\u00e1o c\u00e1o v\u1ec1 NGI Gemstone c\u1ea7n \u0111\u01b0\u1ee3c th\u1ef1c hi\u1ec7n b\u1eb1ng c\u00e1ch nh\u1eafn tin \u0111\u1ebfn c\u1eeda h\u00e0ng TikTok Yi Pin Qian.<\/strong> C\u1ea3m \u01a1n, <strong><u>\u00e1p d\u1ee5ng th\u00eam ph\u00ed<\/u><\/strong>.<\/p>\n<p><strong>Jadeite t\u1ef1 nhi\u00ean kh\u00f4ng ho\u00e0n h\u1ea3o, ch\u1ec9 l\u00e0 m\u1ed9t l\u1eddi nh\u1eafc nh\u1edf nh\u1eb9 nh\u00e0ng, Jadeite t\u1ef1 nhi\u00ean c\u1ee7a ch\u00fang t\u00f4i, gi\u1ed1ng nh\u01b0 t\u1ea5t c\u1ea3 nh\u1eefng th\u1ee9 \u0111\u1eb9p \u0111\u1ebd trong t\u1ef1 nhi\u00ean, c\u00f3 nh\u1eefng \u0111\u1eb7c \u0111i\u1ec3m v\u00e0 bi\u1ebfn th\u1ec3 \u0111\u1ed9c \u0111\u00e1o. Ch\u00fang t\u00f4i m\u1eddi nh\u1eefng kh\u00e1ch h\u00e0ng c\u00f3 gi\u00e1 tr\u1ecb c\u1ee7a m\u00ecnh \u0111\u00f3n nh\u1eadn nh\u1eefng bi\u1ebfn th\u1ec3 t\u1ef1 nhi\u00ean n\u00e0y. Ch\u00fac b\u1ea1n mua s\u1eafm vui v\u1ebb!<\/strong><\/p>\n<p><strong><u>Kh\u00f4ng c\u00f3 h\u00ecnh \u1ea3nh v\u00e0 c\u1ea3nh quay video n\u00e0o \u0111\u01b0\u1ee3c l\u1ecdc. Ch\u00fang t\u00f4i khuy\u1ebfn kh\u00edch kh\u00e1ch h\u00e0ng c\u1ee7a m\u00ecnh c\u0169ng xem c\u00e1c video \u0111i k\u00e8m \u0111\u1ec3 c\u00f3 c\u00e1i nh\u00ecn to\u00e0n di\u1ec7n h\u01a1n v\u1ec1 s\u1ea3n ph\u1ea9m c\u1ee7a ch\u00fang t\u00f4i<\/u><\/strong><\/p>","protected":false},"excerpt":{"rendered":"<p>Add a touch of good fortune and luck to your daily wear with this cute Oil Green Three Legs Toad Natural Type A Jadeite Necklace Pendant. The pendant weighs 30.60 grams and measures 42.7 * 27.6 * 16.9 mm. Symbols of good fortune and prosperity Casual necklace style suitable for daily wear Made from natural [&hellip;]<\/p>","protected":false},"featured_media":8280,"comment_status":"open","ping_status":"closed","template":"","meta":[],"product_brand":[],"product_cat":[48],"product_tag":[],"class_list":{"0":"post-1827","1":"product","2":"type-product","3":"status-publish","4":"has-post-thumbnail","6":"product_cat-pendants","8":"first","9":"instock","10":"sale","11":"shipping-taxable","12":"purchasable","13":"product-type-simple"},"_links":{"self":[{"href":"https:\/\/shop.yipinqian.com\/vi\/wp-json\/wp\/v2\/product\/1827","targetHints":{"allow":["GET"]}}],"collection":[{"href":"https:\/\/shop.yipinqian.com\/vi\/wp-json\/wp\/v2\/product"}],"about":[{"href":"https:\/\/shop.yipinqian.com\/vi\/wp-json\/wp\/v2\/types\/product"}],"replies":[{"embeddable":true,"href":"https:\/\/shop.yipinqian.com\/vi\/wp-json\/wp\/v2\/comments?post=1827"}],"version-history":[{"count":0,"href":"https:\/\/shop.yipinqian.com\/vi\/wp-json\/wp\/v2\/product\/1827\/revisions"}],"wp:featuredmedia":[{"embeddable":true,"href":"https:\/\/shop.yipinqian.com\/vi\/wp-json\/wp\/v2\/media\/8280"}],"wp:attachment":[{"href":"https:\/\/shop.yipinqian.com\/vi\/wp-json\/wp\/v2\/media?parent=1827"}],"wp:term":[{"taxonomy":"product_brand","embeddable":true,"href":"https:\/\/shop.yipinqian.com\/vi\/wp-json\/wp\/v2\/product_brand?post=1827"},{"taxonomy":"product_cat","embeddable":true,"href":"https:\/\/shop.yipinqian.com\/vi\/wp-json\/wp\/v2\/product_cat?post=1827"},{"taxonomy":"product_tag","embeddable":true,"href":"https:\/\/shop.yipinqian.com\/vi\/wp-json\/wp\/v2\/product_tag?post=1827"}],"curies":[{"name":"wp","href":"https:\/\/api.w.org\/{rel}","templated":true}]}}