{"id":1826,"date":"2024-10-24T23:22:49","date_gmt":"2024-10-24T15:22:49","guid":{"rendered":"https:\/\/shop.yipinqian.com\/product\/the-moonlight-light-bangle-light-lavender-natural-type-a-jadeite-jade-crafted-as-peace-bracelet-bangle-certificate-weigh-56-46-grams-measurements-width-13mm-thickness-8-1mm-inner-diameter-54-6mm-bangl\/"},"modified":"2025-02-24T01:17:25","modified_gmt":"2025-02-23T17:17:25","slug":"the-moonlight-light-bangle-light-lavender-natural-type-a-jadeite-jade-crafted-as-peace-bracelet-bangle-certificate-weigh-56-46-grams-measurements-width-13mm-thickness-8-1mm-inner-diameter-54-6mm-bangl","status":"publish","type":"product","link":"https:\/\/shop.yipinqian.com\/vi\/san-pham\/the-moonlight-light-bangle-light-lavender-natural-type-a-jadeite-jade-crafted-as-peace-bracelet-bangle-certificate-weigh-56-46-grams-measurements-width-13mm-thickness-8-1mm-inner-diameter-54-6mm-bangl\/","title":{"rendered":"V\u00f2ng tay Moonlight Light \u2013 Ng\u1ecdc b\u00edch t\u1ef1 nhi\u00ean lo\u1ea1i A m\u00e0u hoa o\u1ea3i h\u01b0\u01a1ng nh\u1ea1t \u0111\u01b0\u1ee3c ch\u1ebf t\u00e1c th\u00e0nh v\u00f2ng tay H\u00f2a b\u00ecnh, Gi\u1ea5y ch\u1ee9ng nh\u1eadn n\u1eb7ng 56,46 gram, K\u00edch th\u01b0\u1edbc: R\u1ed9ng 13mm, D\u00e0y 8,1mm, \u0110\u01b0\u1eddng k\u00ednh trong 54,6mm (V\u00f2ng tay1)"},"content":{"rendered":"<article class=\"lzd-article\">\n<p style=\"line-height: 1.7;text-align: left;text-indent: 0;margin-left: 0;margin-top: 0;margin-bottom: 0\"><span>V\u00f2ng tay White Moonlight Light l\u00e0 m\u1ed9t chi\u1ebfc v\u00f2ng tay Peace \u0111\u01b0\u1ee3c ch\u1ebf t\u00e1c tinh x\u1ea3o l\u00e0m t\u1eeb Ng\u1ecdc b\u00edch lo\u1ea1i A t\u1ef1 nhi\u00ean c\u00f3 m\u00e0u hoa o\u1ea3i h\u01b0\u01a1ng nh\u1ea1t. Chi\u1ebfc v\u00f2ng tay tuy\u1ec7t \u0111\u1eb9p n\u00e0y c\u00f3 \u0111\u01b0\u1eddng k\u00ednh b\u00ean trong l\u00e0 <\/span><span style=\"font-weight: bold\">54,6mm<\/span><span> v\u00e0 \u0111\u00e3 \u0111\u01b0\u1ee3c \u0111o b\u1eb1ng m\u1ed9t <\/span><span style=\"font-weight: bold\">Chi\u1ec1u r\u1ed9ng 13mm<\/span><span> V\u00e0 <\/span><span style=\"font-weight: bold\">\u0110\u1ed9 d\u00e0y 8.1mm<\/span><span>.<\/span><\/p>\n<p style=\"line-height: 1.7;text-align: left;text-indent: 0;margin-left: 0;margin-top: 0;margin-bottom: 0\"><span><\/span><\/p>\n<p style=\"line-height: 1.7;text-align: left;text-indent: 0;margin-left: 0;margin-top: 0;margin-bottom: 0\"><span style=\"font-weight: bold\">V\u00f2ng tay \u00e1nh tr\u0103ng tr\u1eafng \u2013 S\u1eafc hoa o\u1ea3i h\u01b0\u01a1ng nh\u1ea3y m\u00faa trong \u00e1nh s\u00e1ng, t\u1ea1o n\u00ean \u1ea3o \u1ea3nh c\u1ee7a \u00e1nh tr\u0103ng tr\u1eafng<\/span><\/p>\n<p style=\"line-height: 1.7;text-align: left;text-indent: 0;margin-left: 0;margin-top: 0;margin-bottom: 0\"><span><\/span><\/p>\n<p style=\"line-height: 1.7;text-align: left;text-indent: 0;margin-left: 0;margin-top: 0;margin-bottom: 0\"><span style=\"font-weight: bold\">[H\u00e3y ch\u00e2n th\u00e0nh \u2013 Kh\u00f4ng h\u1ed1i ti\u1ebfc]<\/span><\/p>\n<p style=\"line-height: 1.7;text-align: left;text-indent: 0;margin-left: 0;margin-top: 0;margin-bottom: 0\"><span><\/span><\/p>\n<p style=\"line-height: 1.7;text-align: left;text-indent: 0;margin-left: 0;margin-top: 0;margin-bottom: 0\"><span style=\"font-weight: bold\">V\u00f2ng tay h\u00f2a b\u00ecnh \u2013 M\u1eb7t trong ph\u1eb3ng ho\u1eb7c cong d\u1ea7n, m\u1eb7t ngo\u00e0i l\u1ed3i h\u00ecnh cung tr\u00f2n<\/span><span>.<\/span><\/p>\n<p style=\"line-height: 1.7;text-align: left;text-indent: 0;margin-left: 0;margin-top: 0;margin-bottom: 0\"><span><\/span><\/p>\n<p style=\"line-height: 1.7;text-align: left;text-indent: 0;margin-left: 0;margin-top: 0;margin-bottom: 0\"><span style=\"font-weight: bold\">S\u1ed1 ch\u1ee9ng ch\u1ec9: GD2110H014376<\/span><\/p>\n<p style=\"line-height: 1.7;text-align: left;text-indent: 0;margin-left: 0;margin-top: 0;margin-bottom: 0\"><span style=\"font-weight: bold\"> <\/span><\/p>\n<ul>\n<li>\n<div style=\"line-height: 1.7;text-align: left;text-indent: 0\"><span>Ch\u1ea5t li\u1ec7u cao c\u1ea5p: Chi\u1ebfc v\u00f2ng tay \u0111\u01b0\u1ee3c l\u00e0m t\u1eeb ng\u1ecdc b\u00edch Jadeite t\u1ef1 nhi\u00ean lo\u1ea1i A, n\u1ed5i ti\u1ebfng v\u1ec1 \u0111\u1ed9 b\u1ec1n v\u00e0 t\u00ednh thanh l\u1ecbch.<\/span><\/div>\n<\/li>\n<li>\n<div style=\"line-height: 1.7;text-align: left;text-indent: 0\"><span>Thi\u1ebft k\u1ebf thanh b\u00ecnh: V\u00f2ng tay Moonlight Light c\u00f3 thi\u1ebft k\u1ebf ho\u00e0n h\u1ea3o mang l\u1ea1i c\u1ea3m gi\u00e1c thanh b\u00ecnh m\u1ed7i khi b\u1ea1n \u0111eo.<\/span><\/div>\n<\/li>\n<li>\n<div style=\"line-height: 1.7;text-align: left;text-indent: 0\"><span>Gi\u1ea5y ch\u1ee9ng nh\u1eadn k\u00e8m theo: S\u1ea3n ph\u1ea9m n\u00e0y c\u00f3 k\u00e8m theo gi\u1ea5y ch\u1ee9ng nh\u1eadn x\u00e1c th\u1ef1c, l\u00e0 m\u00f3n qu\u00e0 ho\u00e0n h\u1ea3o cho ng\u01b0\u1eddi \u0111\u1eb7c bi\u1ec7t ho\u1eb7c \u0111\u1ec3 b\u1ea1n b\u1ed5 sung v\u00e0o b\u1ed9 s\u01b0u t\u1eadp c\u1ee7a m\u00ecnh.<\/span><\/div>\n<\/li>\n<\/ul>\n<p style=\"line-height: 1.7;text-align: left;text-indent: 0;margin-left: 0;margin-top: 0;margin-bottom: 0\"><span><\/span><img decoding=\"async\" src=\"https:\/\/shop.yipinqian.com\/wp-content\/uploads\/2024\/10\/Sebb0310554b44285b943af2ae35f1d68a.jpg\" style=\"width: 526.0px;height: 362.0px;vertical-align: middle\"><span> <\/span><\/p>\n<p style=\"line-height: 1.7;text-align: left;text-indent: 0;margin-left: 0;margin-top: 0;margin-bottom: 0\"><span><\/span><\/p>\n<p style=\"line-height: 1.7;text-align: left;text-indent: 0;margin-left: 0;margin-top: 0;margin-bottom: 0\"><span>Chi\u1ebfc v\u00f2ng tay ng\u1ecdc b\u00edch Lavender tuy\u1ec7t \u0111\u1eb9p n\u00e0y \u0111\u01b0\u1ee3c ch\u1ebf t\u00e1c v\u1edbi s\u1ef1 ch\u00fa \u00fd tuy\u1ec7t v\u1eddi \u0111\u1ebfn t\u1eebng chi ti\u1ebft, khi\u1ebfn n\u00f3 tr\u1edf th\u00e0nh ph\u1ee5 ki\u1ec7n ho\u00e0n h\u1ea3o \u0111\u1ec3 \u0111eo h\u00e0ng ng\u00e0y ho\u1eb7c nh\u1eefng d\u1ecbp \u0111\u1eb7c bi\u1ec7t nh\u01b0 \u0111\u00e1m c\u01b0\u1edbi v\u00e0 ti\u1ec7c t\u00f9ng. N\u00f3 c\u00f3 ngu\u1ed3n g\u1ed1c t\u1eeb Myanmar \u2013 n\u01a1i n\u1ed5i ti\u1ebfng s\u1ea3n xu\u1ea5t m\u1ed9t s\u1ed1 lo\u1ea1i ng\u1ecdc b\u00edch t\u1ed1t nh\u1ea5t th\u1ebf gi\u1edbi \u2013 v\u00ec v\u1eady b\u1ea1n c\u00f3 th\u1ec3 ch\u1eafc ch\u1eafn r\u1eb1ng s\u1ea3n ph\u1ea9m n\u00e0y v\u1eeba ch\u1ea5t l\u01b0\u1ee3ng cao v\u1eeba ch\u00ednh h\u00e3ng.<\/span><\/p>\n<ul>\n<li>\n<div style=\"line-height: 1.7;text-align: left;text-indent: 0\"><span>\u0110\u01b0\u1ee3c thi\u1ebft k\u1ebf \u0111\u1ec3 b\u1ec1n l\u00e2u: \u0110\u01b0\u1ee3c l\u00e0m t\u1eeb v\u1eadt li\u1ec7u b\u1ec1n, chi\u1ebfc v\u00f2ng tay ch\u1ea5t l\u01b0\u1ee3ng cao n\u00e0y s\u1ebd b\u1ec1n trong nhi\u1ec1u n\u0103m m\u00e0 kh\u00f4ng m\u1ea5t \u0111i \u0111\u1ed9 s\u00e1ng b\u00f3ng<\/span><\/div>\n<\/li>\n<\/ul>\n<p style=\"line-height: 1.7;text-align: left;text-indent: 0;margin-left: 0;margin-top: 0;margin-bottom: 0\"><span>Chi\u1ebfc v\u00f2ng tay n\u1eef n\u00e0y t\u00f4n l\u00ean m\u1ecdi trang ph\u1ee5c m\u1ed9t c\u00e1ch ho\u00e0n h\u1ea3o \u0111\u1ed3ng th\u1eddi t\u0103ng th\u00eam n\u00e9t thanh l\u1ecbch cho c\u1ed5 tay c\u1ee7a b\u1ea1n m\u1ed9t c\u00e1ch d\u1ec5 d\u00e0ng. H\u00e3y s\u1edf h\u1eefu ngay The Moonlight Light Bungle ngay h\u00f4m nay!<\/span><\/p>\n<p style=\"line-height: 1.7;text-align: left;text-indent: 0;margin-left: 0;margin-top: 0;margin-bottom: 0\"><span><\/span><\/p>\n<p style=\"line-height: 1.7;text-align: left;text-indent: 0;margin-left: 0;margin-top: 0;margin-bottom: 0\"><span>Yi Pin Qian \u2013 Nh\u00e0 bu\u00f4n \u0111\u00e1 qu\u00fd v\u00e0 kim lo\u1ea1i qu\u00fd t\u1ea1i Singapore \u2013 S\u1ed1 gi\u1ea5y ph\u00e9p PS20190000031<\/span><\/p>\n<p style=\"line-height: 1.7;text-align: left;text-indent: 0;margin-left: 0;margin-top: 0;margin-bottom: 0\"><span><\/span><\/p>\n<p style=\"line-height: 1.7;text-align: left;text-indent: 0;margin-left: 0;margin-top: 0;margin-bottom: 0\"><span>*T\u1ea5t c\u1ea3 c\u00e1c lo\u1ea1i Jadeite \u0111\u01b0\u1ee3c mua t\u1eeb Yi Pin Qian t\u1ea1i Singapore, kh\u00e1ch h\u00e0ng c\u00f3 th\u1ec3 \u0111\u1eb7t l\u1ecbch \u0111\u00e1nh b\u00f3ng ho\u1eb7c s\u1eeda ch\u1eefa nh\u1ecf do x\u1eed l\u00fd sai c\u00e1ch \u2013 c\u00f3 t\u00ednh ph\u00ed v\u00e0 ch\u1ec9 d\u00e0nh cho kh\u00e1ch h\u00e0ng c\u1ee7a Yi Pin Qian t\u1ea1i Singapore*<\/span><\/p>\n<p style=\"line-height: 1.7;text-align: left;text-indent: 0;margin-left: 0;margin-top: 0;margin-bottom: 0\"><span><\/span><\/p>\n<p style=\"line-height: 1.7;text-align: left;text-indent: 0;margin-left: 0;margin-top: 0;margin-bottom: 0\"><span style=\"font-weight: bold\">**C\u00e1c lo\u1ea1i ch\u1ee9ng ch\u1ec9**<\/span><\/p>\n<p style=\"line-height: 1.7;text-align: left;text-indent: 0;margin-left: 0;margin-top: 0;margin-bottom: 0\"><span><\/span><\/p>\n<p style=\"line-height: 1.7;text-align: left;text-indent: 0;margin-left: 0;margin-top: 0;margin-bottom: 0\"><span style=\"font-weight: bold\">NGI (C\u00f4ng ty \u0110\u00e1 qu\u00fd Nan Yang)<\/span><\/p>\n<p style=\"line-height: 1.7;text-align: left;text-indent: 0;margin-left: 0;margin-top: 0;margin-bottom: 0\"><span>ho\u1eb7c <\/span><span style=\"font-weight: bold\">Ch\u1ee9ng ch\u1ec9 n\u01b0\u1edbc ngo\u00e0i <\/span><span>(Yi Pin Qian ch\u1ec9 s\u1eed d\u1ee5ng c\u00e1c ch\u1ee9ng ch\u1ec9 x\u00e1c th\u1ef1c t\u1eeb c\u00e1c ph\u00f2ng th\u00ed nghi\u1ec7m \u1edf n\u01b0\u1edbc ngo\u00e0i v\u00e0 ki\u1ec3m so\u00e1t ch\u1ea5t l\u01b0\u1ee3ng m\u1ecdi s\u1ea3n ph\u1ea9m c\u1ee7a ch\u00fang t\u00f4i tr\u01b0\u1edbc khi \u0111\u01b0a ch\u00fang ra b\u00e1n t\u1ea1i Singapore)<\/span><\/p>\n<p style=\"line-height: 1.7;text-align: left;text-indent: 0;margin-left: 0;margin-top: 0;margin-bottom: 0\"><span><\/span><\/p>\n<p style=\"line-height: 1.7;text-align: left;text-indent: 0;margin-left: 0;margin-top: 0;margin-bottom: 0\"><span>M\u1ed7i s\u1ea3n ph\u1ea9m tr\u00ean TikTok s\u1ebd c\u00f3 lo\u1ea1i ch\u1ee9ng ch\u1ec9 \u0111\u01b0\u1ee3c cung c\u1ea5p \u0111\u01b0\u1ee3c n\u00eau trong ph\u1ea7n m\u00f4 t\u1ea3. \u0110\u1ed1i v\u1edbi b\u1ea5t k\u1ef3 kh\u00e1ch h\u00e0ng n\u00e0o mu\u1ed1n g\u1eedi \u0111\u01a1n h\u00e0ng c\u1ee7a m\u00ecnh \u0111\u1ebfn NGI Singapore, s\u1ebd c\u00f3 th\u1eddi gian ch\u1edd giao h\u00e0ng \u01b0\u1edbc t\u00ednh kho\u1ea3ng 4 tu\u1ea7n \u0111\u1ec3 nh\u1eadn \u0111\u01b0\u1ee3c \u0111\u01a1n h\u00e0ng c\u1ee7a b\u1ea1n. <\/span><span style=\"font-weight: bold\">Y\u00eau c\u1ea7u b\u00e1o c\u00e1o v\u1ec1 NGI Gemstone c\u1ea7n \u0111\u01b0\u1ee3c th\u1ef1c hi\u1ec7n b\u1eb1ng c\u00e1ch nh\u1eafn tin \u0111\u1ebfn c\u1eeda h\u00e0ng TikTok Yi Pin Qian.<\/span><span> C\u1ea3m \u01a1n, <\/span><span style=\"font-weight: bold;text-decoration: underline\">\u00e1p d\u1ee5ng th\u00eam ph\u00ed<\/span><span>.<\/span><\/p>\n<p style=\"line-height: 1.7;text-align: left;text-indent: 0;margin-left: 0;margin-top: 0;margin-bottom: 0\"><span><\/span><\/p>\n<p style=\"line-height: 1.7;text-align: left;text-indent: 0;margin-left: 0;margin-top: 0;margin-bottom: 0\"><span style=\"font-weight: bold\">Jadeite t\u1ef1 nhi\u00ean kh\u00f4ng ho\u00e0n h\u1ea3o, ch\u1ec9 l\u00e0 m\u1ed9t l\u1eddi nh\u1eafc nh\u1edf nh\u1eb9 nh\u00e0ng, Jadeite t\u1ef1 nhi\u00ean c\u1ee7a ch\u00fang t\u00f4i, gi\u1ed1ng nh\u01b0 t\u1ea5t c\u1ea3 nh\u1eefng th\u1ee9 \u0111\u1eb9p \u0111\u1ebd trong t\u1ef1 nhi\u00ean, c\u00f3 nh\u1eefng \u0111\u1eb7c \u0111i\u1ec3m v\u00e0 bi\u1ebfn th\u1ec3 \u0111\u1ed9c \u0111\u00e1o. Ch\u00fang t\u00f4i m\u1eddi nh\u1eefng kh\u00e1ch h\u00e0ng c\u00f3 gi\u00e1 tr\u1ecb c\u1ee7a m\u00ecnh \u0111\u00f3n nh\u1eadn nh\u1eefng bi\u1ebfn th\u1ec3 t\u1ef1 nhi\u00ean n\u00e0y. Ch\u00fac b\u1ea1n mua s\u1eafm vui v\u1ebb!<\/span><\/p>\n<p style=\"line-height: 1.7;text-align: left;text-indent: 0;margin-left: 0;margin-top: 0;margin-bottom: 0\"><span><\/span><\/p>\n<p style=\"line-height: 1.7;text-align: left;text-indent: 0;margin-left: 0;margin-top: 0;margin-bottom: 0\"><span style=\"font-weight: bold;text-decoration: underline\">Kh\u00f4ng c\u00f3 h\u00ecnh \u1ea3nh v\u00e0 c\u1ea3nh quay video n\u00e0o \u0111\u01b0\u1ee3c l\u1ecdc. Ch\u00fang t\u00f4i khuy\u1ebfn kh\u00edch kh\u00e1ch h\u00e0ng c\u1ee7a m\u00ecnh c\u0169ng xem c\u00e1c video \u0111i k\u00e8m \u0111\u1ec3 c\u00f3 c\u00e1i nh\u00ecn to\u00e0n di\u1ec7n h\u01a1n v\u1ec1 s\u1ea3n ph\u1ea9m c\u1ee7a ch\u00fang t\u00f4i<\/span><\/p>\n<\/article>","protected":false},"excerpt":{"rendered":"<p>V\u00f2ng tay White Moonlight Light l\u00e0 m\u1ed9t chi\u1ebfc v\u00f2ng tay Peace \u0111\u01b0\u1ee3c ch\u1ebf t\u00e1c tinh x\u1ea3o t\u1eeb Jadeite Jade lo\u1ea1i A t\u1ef1 nhi\u00ean c\u00f3 m\u00e0u Light Lavender. Chi\u1ebfc v\u00f2ng tay tuy\u1ec7t \u0111\u1eb9p n\u00e0y c\u00f3 \u0110\u01b0\u1eddng k\u00ednh b\u00ean trong l\u00e0 54,6mm v\u00e0 \u0111\u01b0\u1ee3c \u0111o v\u1edbi Chi\u1ec1u r\u1ed9ng l\u00e0 13mm v\u00e0 \u0110\u1ed9 d\u00e0y l\u00e0 8,1mm. V\u00f2ng tay White Moonlight \u2013 S\u1eafc hoa o\u1ea3i h\u01b0\u01a1ng nh\u1ea3y m\u00faa trong [\u2026]<\/p>","protected":false},"featured_media":8268,"comment_status":"open","ping_status":"closed","template":"","meta":[],"product_brand":[],"product_cat":[195],"product_tag":[],"class_list":{"0":"post-1826","1":"product","2":"type-product","3":"status-publish","4":"has-post-thumbnail","6":"product_cat-heirloom-grade","8":"first","9":"instock","10":"sale","11":"shipping-taxable","12":"purchasable","13":"product-type-simple"},"_links":{"self":[{"href":"https:\/\/shop.yipinqian.com\/vi\/wp-json\/wp\/v2\/product\/1826","targetHints":{"allow":["GET"]}}],"collection":[{"href":"https:\/\/shop.yipinqian.com\/vi\/wp-json\/wp\/v2\/product"}],"about":[{"href":"https:\/\/shop.yipinqian.com\/vi\/wp-json\/wp\/v2\/types\/product"}],"replies":[{"embeddable":true,"href":"https:\/\/shop.yipinqian.com\/vi\/wp-json\/wp\/v2\/comments?post=1826"}],"version-history":[{"count":0,"href":"https:\/\/shop.yipinqian.com\/vi\/wp-json\/wp\/v2\/product\/1826\/revisions"}],"wp:featuredmedia":[{"embeddable":true,"href":"https:\/\/shop.yipinqian.com\/vi\/wp-json\/wp\/v2\/media\/8268"}],"wp:attachment":[{"href":"https:\/\/shop.yipinqian.com\/vi\/wp-json\/wp\/v2\/media?parent=1826"}],"wp:term":[{"taxonomy":"product_brand","embeddable":true,"href":"https:\/\/shop.yipinqian.com\/vi\/wp-json\/wp\/v2\/product_brand?post=1826"},{"taxonomy":"product_cat","embeddable":true,"href":"https:\/\/shop.yipinqian.com\/vi\/wp-json\/wp\/v2\/product_cat?post=1826"},{"taxonomy":"product_tag","embeddable":true,"href":"https:\/\/shop.yipinqian.com\/vi\/wp-json\/wp\/v2\/product_tag?post=1826"}],"curies":[{"name":"wp","href":"https:\/\/api.w.org\/{rel}","templated":true}]}}