{"id":1822,"date":"2024-10-24T23:22:47","date_gmt":"2024-10-24T15:22:47","guid":{"rendered":"https:\/\/shop.yipinqian.com\/product\/super-rare-yellow-redish-and-green-hue-natural-type-a-jadeite-jade-crafted-with-lion-as-hand-held-piece-display-or-pendant-certificate-weigh-93-64-grams-measurement-53-3-32-2-30-7-mm-hand5\/"},"modified":"2025-02-24T01:17:25","modified_gmt":"2025-02-23T17:17:25","slug":"super-rare-yellow-redish-and-green-hue-natural-type-a-jadeite-jade-crafted-with-lion-as-hand-held-piece-display-or-pendant-certificate-weigh-93-64-grams-measurement-53-3-32-2-30-7-mm-hand5","status":"publish","type":"product","link":"https:\/\/shop.yipinqian.com\/vi\/san-pham\/super-rare-yellow-redish-and-green-hue-natural-type-a-jadeite-jade-crafted-with-lion-as-hand-held-piece-display-or-pendant-certificate-weigh-93-64-grams-measurement-53-3-32-2-30-7-mm-hand5\/","title":{"rendered":"Ng\u1ecdc b\u00edch lo\u1ea1i A t\u1ef1 nhi\u00ean si\u00eau hi\u1ebfm m\u00e0u v\u00e0ng, \u0111\u1ecf v\u00e0 xanh l\u00e1 c\u00e2y \u0111\u01b0\u1ee3c ch\u1ebf t\u00e1c v\u1edbi h\u00ecnh s\u01b0 t\u1eed l\u00e0m v\u1eadt ph\u1ea9m c\u1ea7m tay, tr\u01b0ng b\u00e0y ho\u1eb7c m\u1eb7t d\u00e2y chuy\u1ec1n, gi\u1ea5y ch\u1ee9ng nh\u1eadn n\u1eb7ng 93,64 gram, k\u00edch th\u01b0\u1edbc 53,3 * 32,2 * 30,7 mm (hand5)"},"content":{"rendered":"<p>Lo\u1ea1i Jadeite Jadeite t\u1ef1 nhi\u00ean si\u00eau hi\u1ebfm m\u00e0u v\u00e0ng, \u0111\u1ecf v\u00e0 xanh l\u00e1 c\u00e2y n\u00e0y l\u00e0 m\u1ed9t m\u00f3n \u0111\u1ed3 trang s\u1ee9c ph\u1ee5 ki\u1ec7n v\u00e0 \u0111\u1ed3 trang tr\u00ed tuy\u1ec7t \u0111\u1eb9p s\u1ebd khi\u1ebfn b\u1ea1n ph\u1ea3i n\u00edn th\u1edf. V\u1edbi tr\u1ecdng l\u01b0\u1ee3ng 93,64 gram v\u00e0 k\u00edch th\u01b0\u1edbc 53,3 * 32,2 * 30,7 mm (hand5), n\u00f3 \u0111\u01b0\u1ee3c ch\u1ebf t\u00e1c v\u1edbi thi\u1ebft k\u1ebf h\u00ecnh s\u01b0 t\u1eed c\u00f3 th\u1ec3 \u0111\u01b0\u1ee3c s\u1eed d\u1ee5ng l\u00e0m v\u1eadt c\u1ea7m tay, tr\u01b0ng b\u00e0y ho\u1eb7c m\u1eb7t d\u00e2y chuy\u1ec1n.<\/p>\n<p>\u00a0<\/p>\n<p>S\u1ed1 ch\u1ee9ng ch\u1ec9: GD2112H009364<\/p>\n<p><img fetchpriority=\"high\" decoding=\"async\" height=\"1080\" src=\"https:\/\/shop.yipinqian.com\/wp-content\/uploads\/2024\/10\/ebfda337164528cd39c3ea18aa5d1ca4.jpg?from=476444299\" width=\"1080\"><\/p>\n<ul>\n<li>\n<strong>Jadeite t\u1ef1 nhi\u00ean lo\u1ea1i A:<\/strong> Lo\u1ea1i ng\u1ecdc b\u00edch n\u00e0y \u0111\u01b0\u1ee3c l\u00e0m t\u1eeb ng\u1ecdc b\u00edch lo\u1ea1i A t\u1ef1 nhi\u00ean v\u1edbi m\u00e0u s\u1eafc tuy\u1ec7t \u0111\u1eb9p t\u1ea1o n\u00ean s\u1ef1 \u0111\u1ed9c \u0111\u00e1o.<\/li>\n<li>\n<strong>Gi\u1ea5y ch\u1ee9ng nh\u1eadn:<\/strong> S\u1ea3n ph\u1ea9m n\u00e0y c\u00f3 ch\u1ee9ng ch\u1ec9 \u0111\u1ea3m b\u1ea3o t\u00ednh x\u00e1c th\u1ef1c.<\/li>\n<li>\n<strong>Lo\u1ea1i ng\u1ecdc b\u00edch:<\/strong> \u0110\u01b0\u1ee3c l\u00e0m t\u1eeb \u0111\u00e1 ng\u1ecdc b\u00edch ch\u1ea5t l\u01b0\u1ee3ng cao khi\u1ebfn n\u00f3 c\u00f3 gi\u00e1 tr\u1ecb v\u00e0 \u0111\u1eb9p h\u01a1n.<\/li>\n<\/ul>\n<p>Ph\u1ee5 ki\u1ec7n trang s\u1ee9c n\u00e0y c\u0169ng c\u00f3 th\u1ec3 \u0111\u01b0\u1ee3c s\u1eed d\u1ee5ng nh\u01b0 \u0111\u1ed3 trang tr\u00ed nh\u00e0 c\u1eeda \u0111\u1ec3 t\u0103ng th\u00eam v\u1ebb \u0111\u1eb9p cho b\u1ed9 s\u01b0u t\u1eadp \u0111\u1ed3 trang tr\u00ed nh\u00e0 c\u1eeda c\u1ee7a b\u1ea1n, gi\u00fap c\u0103n ph\u00f2ng c\u1ee7a b\u1ea1n tr\u1edf n\u00ean thanh l\u1ecbch h\u01a1n bao gi\u1edd h\u1ebft.<\/p>\n<ul>\n<li>\n<strong>N\u01b0\u1edbc xu\u1ea5t x\u1ee9:<\/strong> Qu\u1ed1c gia s\u1ea3n xu\u1ea5t s\u1ea3n ph\u1ea9m n\u00e0y l\u00e0 Myanmar n\u00ean b\u1ea1n c\u00f3 th\u1ec3 y\u00ean t\u00e2m r\u1eb1ng b\u1ea1n \u0111ang nh\u1eadn \u0111\u01b0\u1ee3c v\u1eadt li\u1ec7u ch\u1ea5t l\u01b0\u1ee3ng, ch\u00ednh h\u00e3ng t\u1eeb c\u00e1c chuy\u00ean gia trong l\u0129nh v\u1ef1c n\u00e0y.<\/li>\n<li>\n<strong>Kh\u00f4ng bao g\u1ed3m b\u1ea3o h\u00e0nh: <\/strong>S\u1ea3n ph\u1ea9m tuy\u1ec7t v\u1eddi n\u00e0y kh\u00f4ng \u0111i k\u00e8m lo\u1ea1i b\u1ea3o h\u00e0nh nh\u01b0ng ch\u1ea5t li\u1ec7u ch\u00ednh h\u00e3ng c\u1ee7a n\u00f3 s\u1ebd t\u1ed3n t\u1ea1i trong nhi\u1ec1u n\u0103m t\u1edbi n\u1ebfu \u0111\u01b0\u1ee3c x\u1eed l\u00fd c\u1ea9n th\u1eadn<\/li>\n<li>.<\/li>\n<\/ul>\n<p>S\u1ea3n ph\u1ea9m c\u1ea7m tay\/Tr\u01b0ng b\u00e0y\/M\u1eb7t d\u00e2y chuy\u1ec1n b\u1eb1ng ng\u1ecdc b\u00edch s\u01b0 t\u1eed t\u1ef1 nhi\u00ean lo\u1ea1i A m\u00e0u v\u00e0ng, \u0111\u1ecf v\u00e0 xanh l\u00e1 c\u00e2y si\u00eau hi\u1ebfm n\u00e0y s\u1ebd l\u00e0 s\u1ef1 b\u1ed5 sung tuy\u1ec7t v\u1eddi cho b\u1ea5t k\u1ef3 b\u1ed9 s\u01b0u t\u1eadp n\u00e0o ho\u1eb7c l\u00e0 m\u00f3n qu\u00e0 kh\u00f3 qu\u00ean cho m\u1ed9t ng\u01b0\u1eddi \u0111\u1eb7c bi\u1ec7t trong cu\u1ed9c s\u1ed1ng c\u1ee7a b\u1ea1n, v\u00ec v\u1eady \u0111\u1eebng ch\u1ea7n ch\u1eeb: h\u00e3y mua ngay h\u00f4m nay!<\/p>\n<p>\u00a0<\/p>\n<p>Yi Pin Qian \u2013 Nh\u00e0 bu\u00f4n \u0111\u00e1 qu\u00fd v\u00e0 kim lo\u1ea1i qu\u00fd t\u1ea1i Singapore \u2013 S\u1ed1 gi\u1ea5y ph\u00e9p PS20190000031<\/p>\n<p>\u00a0<\/p>\n<p>*T\u1ea5t c\u1ea3 c\u00e1c lo\u1ea1i Jadeite \u0111\u01b0\u1ee3c mua t\u1eeb Yi Pin Qian t\u1ea1i Singapore, kh\u00e1ch h\u00e0ng c\u00f3 th\u1ec3 \u0111\u1eb7t l\u1ecbch \u0111\u00e1nh b\u00f3ng ho\u1eb7c s\u1eeda ch\u1eefa nh\u1ecf do x\u1eed l\u00fd sai c\u00e1ch \u2013 c\u00f3 t\u00ednh ph\u00ed v\u00e0 ch\u1ec9 d\u00e0nh cho kh\u00e1ch h\u00e0ng c\u1ee7a Yi Pin Qian t\u1ea1i Singapore*<\/p>\n<p>\u00a0<\/p>\n<p><strong>**C\u00e1c lo\u1ea1i ch\u1ee9ng ch\u1ec9**<\/strong><\/p>\n<p>\u00a0<\/p>\n<p><strong>NGI (C\u00f4ng ty \u0110\u00e1 qu\u00fd Nan Yang)<\/strong><\/p>\n<p>ho\u1eb7c <strong>Ch\u1ee9ng ch\u1ec9 n\u01b0\u1edbc ngo\u00e0i <\/strong>(Yi Pin Qian ch\u1ec9 s\u1eed d\u1ee5ng c\u00e1c ch\u1ee9ng ch\u1ec9 x\u00e1c th\u1ef1c t\u1eeb c\u00e1c ph\u00f2ng th\u00ed nghi\u1ec7m \u1edf n\u01b0\u1edbc ngo\u00e0i v\u00e0 ki\u1ec3m so\u00e1t ch\u1ea5t l\u01b0\u1ee3ng m\u1ecdi s\u1ea3n ph\u1ea9m c\u1ee7a ch\u00fang t\u00f4i tr\u01b0\u1edbc khi \u0111\u01b0a ch\u00fang ra b\u00e1n t\u1ea1i Singapore)<\/p>\n<p>\u00a0<\/p>\n<p>M\u1ed7i s\u1ea3n ph\u1ea9m tr\u00ean TikTok s\u1ebd c\u00f3 lo\u1ea1i ch\u1ee9ng ch\u1ec9 \u0111\u01b0\u1ee3c cung c\u1ea5p \u0111\u01b0\u1ee3c n\u00eau trong ph\u1ea7n m\u00f4 t\u1ea3. \u0110\u1ed1i v\u1edbi b\u1ea5t k\u1ef3 kh\u00e1ch h\u00e0ng n\u00e0o mu\u1ed1n g\u1eedi \u0111\u01a1n h\u00e0ng c\u1ee7a m\u00ecnh \u0111\u1ebfn NGI Singapore, s\u1ebd c\u00f3 th\u1eddi gian ch\u1edd giao h\u00e0ng \u01b0\u1edbc t\u00ednh kho\u1ea3ng 4 tu\u1ea7n \u0111\u1ec3 nh\u1eadn \u0111\u01b0\u1ee3c \u0111\u01a1n h\u00e0ng c\u1ee7a b\u1ea1n. <strong>Y\u00eau c\u1ea7u b\u00e1o c\u00e1o v\u1ec1 NGI Gemstone c\u1ea7n \u0111\u01b0\u1ee3c th\u1ef1c hi\u1ec7n b\u1eb1ng c\u00e1ch nh\u1eafn tin \u0111\u1ebfn c\u1eeda h\u00e0ng TikTok Yi Pin Qian.<\/strong> C\u1ea3m \u01a1n, <strong><u>\u00e1p d\u1ee5ng th\u00eam ph\u00ed<\/u><\/strong>.<\/p>\n<p>\u00a0<\/p>\n<p><strong>Jadeite t\u1ef1 nhi\u00ean kh\u00f4ng ho\u00e0n h\u1ea3o, ch\u1ec9 l\u00e0 m\u1ed9t l\u1eddi nh\u1eafc nh\u1edf nh\u1eb9 nh\u00e0ng, Jadeite t\u1ef1 nhi\u00ean c\u1ee7a ch\u00fang t\u00f4i, gi\u1ed1ng nh\u01b0 t\u1ea5t c\u1ea3 nh\u1eefng th\u1ee9 \u0111\u1eb9p \u0111\u1ebd trong t\u1ef1 nhi\u00ean, c\u00f3 nh\u1eefng \u0111\u1eb7c \u0111i\u1ec3m v\u00e0 bi\u1ebfn th\u1ec3 \u0111\u1ed9c \u0111\u00e1o. Ch\u00fang t\u00f4i m\u1eddi nh\u1eefng kh\u00e1ch h\u00e0ng c\u00f3 gi\u00e1 tr\u1ecb c\u1ee7a m\u00ecnh \u0111\u00f3n nh\u1eadn nh\u1eefng bi\u1ebfn th\u1ec3 t\u1ef1 nhi\u00ean n\u00e0y. Ch\u00fac b\u1ea1n mua s\u1eafm vui v\u1ebb!<\/strong><\/p>\n<p>\u00a0<\/p>\n<p><strong><u>Kh\u00f4ng c\u00f3 h\u00ecnh \u1ea3nh v\u00e0 c\u1ea3nh quay video n\u00e0o \u0111\u01b0\u1ee3c l\u1ecdc. Ch\u00fang t\u00f4i khuy\u1ebfn kh\u00edch kh\u00e1ch h\u00e0ng c\u1ee7a m\u00ecnh c\u0169ng xem c\u00e1c video \u0111i k\u00e8m \u0111\u1ec3 c\u00f3 c\u00e1i nh\u00ecn to\u00e0n di\u1ec7n h\u01a1n v\u1ec1 s\u1ea3n ph\u1ea9m c\u1ee7a ch\u00fang t\u00f4i<\/u><\/strong><\/p>","protected":false},"excerpt":{"rendered":"<p>This Super Rare Yellow, Redish and Green Hue Natural Type A Jadeite Jade is a stunning piece of jewelry accessory and decoration that will leave you breathless. With a weight of 93.64 grams and measurement of 53.3 * 32.2 * 30.7 mm (hand5), it is crafted with a lion design that can be used as [&hellip;]<\/p>","protected":false},"featured_media":8237,"comment_status":"open","ping_status":"closed","template":"","meta":[],"product_brand":[],"product_cat":[195],"product_tag":[],"class_list":{"0":"post-1822","1":"product","2":"type-product","3":"status-publish","4":"has-post-thumbnail","6":"product_cat-heirloom-grade","8":"first","9":"instock","10":"sale","11":"shipping-taxable","12":"purchasable","13":"product-type-simple"},"_links":{"self":[{"href":"https:\/\/shop.yipinqian.com\/vi\/wp-json\/wp\/v2\/product\/1822","targetHints":{"allow":["GET"]}}],"collection":[{"href":"https:\/\/shop.yipinqian.com\/vi\/wp-json\/wp\/v2\/product"}],"about":[{"href":"https:\/\/shop.yipinqian.com\/vi\/wp-json\/wp\/v2\/types\/product"}],"replies":[{"embeddable":true,"href":"https:\/\/shop.yipinqian.com\/vi\/wp-json\/wp\/v2\/comments?post=1822"}],"version-history":[{"count":0,"href":"https:\/\/shop.yipinqian.com\/vi\/wp-json\/wp\/v2\/product\/1822\/revisions"}],"wp:featuredmedia":[{"embeddable":true,"href":"https:\/\/shop.yipinqian.com\/vi\/wp-json\/wp\/v2\/media\/8237"}],"wp:attachment":[{"href":"https:\/\/shop.yipinqian.com\/vi\/wp-json\/wp\/v2\/media?parent=1822"}],"wp:term":[{"taxonomy":"product_brand","embeddable":true,"href":"https:\/\/shop.yipinqian.com\/vi\/wp-json\/wp\/v2\/product_brand?post=1822"},{"taxonomy":"product_cat","embeddable":true,"href":"https:\/\/shop.yipinqian.com\/vi\/wp-json\/wp\/v2\/product_cat?post=1822"},{"taxonomy":"product_tag","embeddable":true,"href":"https:\/\/shop.yipinqian.com\/vi\/wp-json\/wp\/v2\/product_tag?post=1822"}],"curies":[{"name":"wp","href":"https:\/\/api.w.org\/{rel}","templated":true}]}}