{"id":1819,"date":"2024-10-24T23:22:45","date_gmt":"2024-10-24T15:22:45","guid":{"rendered":"https:\/\/shop.yipinqian.com\/product\/super-rare-yellow-with-light-green-hue-natural-type-a-jadeite-jade-crafted-with-shape-of-lei-zhenzi-as-pendant-certificate-weighs-79-58-grams-measurement-69-8-42-19-5-pendant257\/"},"modified":"2025-02-24T01:17:26","modified_gmt":"2025-02-23T17:17:26","slug":"super-rare-yellow-with-light-green-hue-natural-type-a-jadeite-jade-crafted-with-shape-of-lei-zhenzi-as-pendant-certificate-weighs-79-58-grams-measurement-69-8-42-19-5-pendant257","status":"publish","type":"product","link":"https:\/\/shop.yipinqian.com\/vi\/san-pham\/super-rare-yellow-with-light-green-hue-natural-type-a-jadeite-jade-crafted-with-shape-of-lei-zhenzi-as-pendant-certificate-weighs-79-58-grams-measurement-69-8-42-19-5-pendant257\/","title":{"rendered":"Ng\u1ecdc b\u00edch t\u1ef1 nhi\u00ean lo\u1ea1i A m\u00e0u v\u00e0ng si\u00eau hi\u1ebfm v\u1edbi s\u1eafc xanh l\u1ee5c nh\u1ea1t \u0111\u01b0\u1ee3c ch\u1ebf t\u00e1c theo h\u00ecnh d\u1ea1ng c\u1ee7a Lei Zhenzi l\u00e0m m\u1eb7t d\u00e2y chuy\u1ec1n, gi\u1ea5y ch\u1ee9ng nh\u1eadn n\u1eb7ng 79,58 gram, k\u00edch th\u01b0\u1edbc 69,8 * 42 * 19,5 (m\u1eb7t d\u00e2y chuy\u1ec1n257)"},"content":{"rendered":"","protected":false},"excerpt":{"rendered":"","protected":false},"featured_media":8218,"comment_status":"open","ping_status":"closed","template":"","meta":[],"product_brand":[],"product_cat":[195],"product_tag":[],"class_list":{"0":"post-1819","1":"product","2":"type-product","3":"status-publish","4":"has-post-thumbnail","6":"product_cat-heirloom-grade","8":"first","9":"instock","10":"sale","11":"shipping-taxable","12":"purchasable","13":"product-type-simple"},"_links":{"self":[{"href":"https:\/\/shop.yipinqian.com\/vi\/wp-json\/wp\/v2\/product\/1819","targetHints":{"allow":["GET"]}}],"collection":[{"href":"https:\/\/shop.yipinqian.com\/vi\/wp-json\/wp\/v2\/product"}],"about":[{"href":"https:\/\/shop.yipinqian.com\/vi\/wp-json\/wp\/v2\/types\/product"}],"replies":[{"embeddable":true,"href":"https:\/\/shop.yipinqian.com\/vi\/wp-json\/wp\/v2\/comments?post=1819"}],"version-history":[{"count":0,"href":"https:\/\/shop.yipinqian.com\/vi\/wp-json\/wp\/v2\/product\/1819\/revisions"}],"wp:featuredmedia":[{"embeddable":true,"href":"https:\/\/shop.yipinqian.com\/vi\/wp-json\/wp\/v2\/media\/8218"}],"wp:attachment":[{"href":"https:\/\/shop.yipinqian.com\/vi\/wp-json\/wp\/v2\/media?parent=1819"}],"wp:term":[{"taxonomy":"product_brand","embeddable":true,"href":"https:\/\/shop.yipinqian.com\/vi\/wp-json\/wp\/v2\/product_brand?post=1819"},{"taxonomy":"product_cat","embeddable":true,"href":"https:\/\/shop.yipinqian.com\/vi\/wp-json\/wp\/v2\/product_cat?post=1819"},{"taxonomy":"product_tag","embeddable":true,"href":"https:\/\/shop.yipinqian.com\/vi\/wp-json\/wp\/v2\/product_tag?post=1819"}],"curies":[{"name":"wp","href":"https:\/\/api.w.org\/{rel}","templated":true}]}}