{"id":1818,"date":"2024-10-24T23:22:44","date_gmt":"2024-10-24T15:22:44","guid":{"rendered":"https:\/\/shop.yipinqian.com\/product\/super-rare-reddish-yellow-abd-tea-green-premium-quality-natural-type-a-jadeite-jade-crafted-with-pixiu-as-pendant-with-certificate-weigh-34-14-grams-measurement-45-2-19-5-22-1-mm-pendant221\/"},"modified":"2025-02-24T01:17:26","modified_gmt":"2025-02-23T17:17:26","slug":"super-rare-reddish-yellow-abd-tea-green-premium-quality-natural-type-a-jadeite-jade-crafted-with-pixiu-as-pendant-with-certificate-weigh-34-14-grams-measurement-45-2-19-5-22-1-mm-pendant221","status":"publish","type":"product","link":"https:\/\/shop.yipinqian.com\/vi\/san-pham\/super-rare-reddish-yellow-abd-tea-green-premium-quality-natural-type-a-jadeite-jade-crafted-with-pixiu-as-pendant-with-certificate-weigh-34-14-grams-measurement-45-2-19-5-22-1-mm-pendant221\/","title":{"rendered":"Ng\u1ecdc b\u00edch si\u00eau hi\u1ebfm m\u00e0u \u0111\u1ecf, v\u00e0ng v\u00e0 xanh tr\u00e0 t\u1ef1 nhi\u00ean ch\u1ea5t l\u01b0\u1ee3ng cao lo\u1ea1i A \u0111\u01b0\u1ee3c ch\u1ebf t\u00e1c v\u1edbi Pixiu l\u00e0m m\u1eb7t d\u00e2y chuy\u1ec1n c\u00f3 gi\u1ea5y ch\u1ee9ng nh\u1eadn n\u1eb7ng 34,14 gram, k\u00edch th\u01b0\u1edbc 45,2 * 19,5 * 22,1 mm (m\u1eb7t d\u00e2y chuy\u1ec1n221)"},"content":{"rendered":"<p>Xin gi\u1edbi thi\u1ec7u lo\u1ea1i Jadeite Jadeite t\u1ef1 nhi\u00ean cao c\u1ea5p m\u00e0u \u0111\u1ecf, v\u00e0ng v\u00e0 xanh tr\u00e0 si\u00eau hi\u1ebfm c\u1ee7a ch\u00fang t\u00f4i \u0111\u01b0\u1ee3c ch\u1ebf t\u00e1c v\u1edbi Pixiu l\u00e0m m\u1eb7t d\u00e2y chuy\u1ec1n. T\u00e1c ph\u1ea9m tuy\u1ec7t \u0111\u1eb9p n\u00e0y l\u00e0 m\u1ed9t ki\u1ec7t t\u00e1c th\u1ef1c s\u1ef1, n\u1eb7ng 34,14 gram v\u00e0 c\u00f3 k\u00edch th\u01b0\u1edbc 45,2 * 19,5 * 22,1 mm (pendant221). \u0110\u00e2y l\u00e0 s\u1ef1 b\u1ed5 sung ho\u00e0n h\u1ea3o cho b\u1ed9 s\u01b0u t\u1eadp trang s\u1ee9c c\u1ee7a b\u1ea1n.<\/p>\n<p>\u00a0<\/p>\n<p>S\u1ed1 ch\u1ee9ng ch\u1ec9: GD2111H016490<\/p>\n<ul>\n<li>\n<strong>Ch\u1ea5t li\u1ec7u cao c\u1ea5p:<\/strong> \u0110\u01b0\u1ee3c l\u00e0m b\u1eb1ng ng\u1ecdc b\u00edch t\u1ef1 nhi\u00ean lo\u1ea1i A ch\u1ea5t l\u01b0\u1ee3ng cao, m\u1eb7t d\u00e2y chuy\u1ec1n n\u00e0y b\u1ec1n v\u00e0 c\u00f3 th\u1ec3 s\u1eed d\u1ee5ng l\u00e2u d\u00e0i.<\/li>\n<li>\n<strong>Gi\u1ea5y ch\u1ee9ng nh\u1eadn bao g\u1ed3m:<\/strong> M\u1eb7t d\u00e2y chuy\u1ec1n n\u00e0y c\u00f3 k\u00e8m theo gi\u1ea5y ch\u1ee9ng nh\u1eadn x\u00e1c th\u1ef1c \u0111\u1ec3 \u0111\u1ea3m b\u1ea3o r\u1eb1ng b\u1ea1n \u0111ang mua \u0111\u01b0\u1ee3c ng\u1ecdc b\u00edch thi\u00ean nhi\u00ean ch\u00ednh h\u00e3ng.<\/li>\n<li>\n<strong>Thi\u1ebft k\u1ebf tuy\u1ec7t \u0111\u1eb9p:<\/strong> M\u00e0u \u0111\u1ecf, v\u00e0ng v\u00e0 xanh tr\u00e0 si\u00eau hi\u1ebfm c\u1ee7a ng\u1ecdc b\u00edch k\u1ebft h\u1ee3p ho\u00e0n h\u1ea3o v\u1edbi thi\u1ebft k\u1ebf Pixiu, mang \u0111\u1ebfn y\u1ebfu t\u1ed1 phong c\u00e1ch cho t\u00e1c ph\u1ea9m n\u00e0y.<\/li>\n<\/ul>\n<p>Ki\u1ec3u v\u00f2ng c\u1ed5 unisex n\u00e0y ho\u00e0n h\u1ea3o cho trang ph\u1ee5c th\u01b0\u1eddng ng\u00e0y ho\u1eb7c nh\u1eefng d\u1ecbp \u0111\u1eb7c bi\u1ec7t khi b\u1ea1n mu\u1ed1n th\u1ec3 hi\u1ec7n gu th\u1ea9m m\u1ef9 tinh t\u1ebf c\u1ee7a m\u00ecnh v\u1ec1 ph\u1ee5 ki\u1ec7n trang s\u1ee9c &amp; c\u00e1c s\u1ea3n ph\u1ea9m ph\u00e1i sinh!<\/p>\n<ul>\n<li>\n<strong>S\u1ea3n xu\u1ea5t t\u1ea1i Myanmar:<\/strong>M\u1ea3nh \u0111\u00e1 tuy\u1ec7t \u0111\u1eb9p n\u00e0y c\u00f3 ngu\u1ed3n g\u1ed1c t\u1eeb Myanmar \u2013 n\u01a1i n\u1ed5i ti\u1ebfng v\u1edbi lo\u1ea1i ng\u1ecdc b\u00edch Jadeite t\u1ef1 nhi\u00ean lo\u1ea1i A ch\u1ea5t l\u01b0\u1ee3ng cao!<\/li>\n<\/ul>\n<p>B\u1ea1n s\u1ebd kh\u00f4ng t\u00ecm th\u1ea5y m\u1eb7t d\u00e2y chuy\u1ec1n n\u00e0o kh\u00e1c nh\u01b0 th\u1ebf n\u00e0y \u1edf b\u1ea5t k\u1ef3 n\u01a1i n\u00e0o kh\u00e1c! N\u1ebfu b\u1ea1n \u0111ang t\u00ecm ki\u1ebfm th\u1ee9 g\u00ec \u0111\u00f3 \u0111\u1ed9c \u0111\u00e1o nh\u01b0ng v\u1eabn phong c\u00e1ch \u2013 h\u00e3y t\u00ecm ngay M\u1eb7t d\u00e2y chuy\u1ec1n Jadeite t\u1ef1 nhi\u00ean lo\u1ea1i A si\u00eau hi\u1ebfm m\u00e0u \u0111\u1ecf, v\u00e0ng v\u00e0 xanh tr\u00e0 ch\u1ea5t l\u01b0\u1ee3ng cao c\u1ee7a ch\u00fang t\u00f4i \u0111\u01b0\u1ee3c ch\u1ebf t\u00e1c b\u1eb1ng Pixiu!<\/p>\n<p>\u00a0<\/p>\n<p>Yi Pin Qian \u2013 Nh\u00e0 bu\u00f4n \u0111\u00e1 qu\u00fd v\u00e0 kim lo\u1ea1i qu\u00fd t\u1ea1i Singapore \u2013 S\u1ed1 gi\u1ea5y ph\u00e9p PS20190000031<\/p>\n<p>\u00a0<\/p>\n<p>*T\u1ea5t c\u1ea3 c\u00e1c lo\u1ea1i Jadeite \u0111\u01b0\u1ee3c mua t\u1eeb Yi Pin Qian t\u1ea1i Singapore, kh\u00e1ch h\u00e0ng c\u00f3 th\u1ec3 \u0111\u1eb7t l\u1ecbch \u0111\u00e1nh b\u00f3ng ho\u1eb7c s\u1eeda ch\u1eefa nh\u1ecf do x\u1eed l\u00fd sai c\u00e1ch \u2013 c\u00f3 t\u00ednh ph\u00ed v\u00e0 ch\u1ec9 d\u00e0nh cho kh\u00e1ch h\u00e0ng c\u1ee7a Yi Pin Qian t\u1ea1i Singapore*<\/p>\n<p>\u00a0<\/p>\n<p><strong>**C\u00e1c lo\u1ea1i ch\u1ee9ng ch\u1ec9**<\/strong><\/p>\n<p>\u00a0<\/p>\n<p><strong>NGI (C\u00f4ng ty \u0110\u00e1 qu\u00fd Nan Yang)<\/strong><\/p>\n<p>ho\u1eb7c <strong>Ch\u1ee9ng ch\u1ec9 n\u01b0\u1edbc ngo\u00e0i <\/strong>(Yi Pin Qian ch\u1ec9 s\u1eed d\u1ee5ng c\u00e1c ch\u1ee9ng ch\u1ec9 x\u00e1c th\u1ef1c t\u1eeb c\u00e1c ph\u00f2ng th\u00ed nghi\u1ec7m \u1edf n\u01b0\u1edbc ngo\u00e0i v\u00e0 ki\u1ec3m so\u00e1t ch\u1ea5t l\u01b0\u1ee3ng m\u1ecdi s\u1ea3n ph\u1ea9m c\u1ee7a ch\u00fang t\u00f4i tr\u01b0\u1edbc khi \u0111\u01b0a ch\u00fang ra b\u00e1n t\u1ea1i Singapore)<\/p>\n<p>\u00a0<\/p>\n<p>M\u1ed7i s\u1ea3n ph\u1ea9m tr\u00ean TikTok s\u1ebd c\u00f3 lo\u1ea1i ch\u1ee9ng ch\u1ec9 \u0111\u01b0\u1ee3c cung c\u1ea5p \u0111\u01b0\u1ee3c n\u00eau trong ph\u1ea7n m\u00f4 t\u1ea3. \u0110\u1ed1i v\u1edbi b\u1ea5t k\u1ef3 kh\u00e1ch h\u00e0ng n\u00e0o mu\u1ed1n g\u1eedi \u0111\u01a1n h\u00e0ng c\u1ee7a m\u00ecnh \u0111\u1ebfn NGI Singapore, s\u1ebd c\u00f3 th\u1eddi gian ch\u1edd giao h\u00e0ng \u01b0\u1edbc t\u00ednh kho\u1ea3ng 4 tu\u1ea7n \u0111\u1ec3 nh\u1eadn \u0111\u01b0\u1ee3c \u0111\u01a1n h\u00e0ng c\u1ee7a b\u1ea1n. <strong>Y\u00eau c\u1ea7u b\u00e1o c\u00e1o v\u1ec1 NGI Gemstone c\u1ea7n \u0111\u01b0\u1ee3c th\u1ef1c hi\u1ec7n b\u1eb1ng c\u00e1ch nh\u1eafn tin \u0111\u1ebfn c\u1eeda h\u00e0ng TikTok Yi Pin Qian.<\/strong> C\u1ea3m \u01a1n, <strong><u>\u00e1p d\u1ee5ng th\u00eam ph\u00ed<\/u><\/strong>.<\/p>\n<p>\u00a0<\/p>\n<p><strong>Jadeite t\u1ef1 nhi\u00ean kh\u00f4ng ho\u00e0n h\u1ea3o, ch\u1ec9 l\u00e0 m\u1ed9t l\u1eddi nh\u1eafc nh\u1edf nh\u1eb9 nh\u00e0ng, Jadeite t\u1ef1 nhi\u00ean c\u1ee7a ch\u00fang t\u00f4i, gi\u1ed1ng nh\u01b0 t\u1ea5t c\u1ea3 nh\u1eefng th\u1ee9 \u0111\u1eb9p \u0111\u1ebd trong t\u1ef1 nhi\u00ean, c\u00f3 nh\u1eefng \u0111\u1eb7c \u0111i\u1ec3m v\u00e0 bi\u1ebfn th\u1ec3 \u0111\u1ed9c \u0111\u00e1o. Ch\u00fang t\u00f4i m\u1eddi nh\u1eefng kh\u00e1ch h\u00e0ng c\u00f3 gi\u00e1 tr\u1ecb c\u1ee7a m\u00ecnh \u0111\u00f3n nh\u1eadn nh\u1eefng bi\u1ebfn th\u1ec3 t\u1ef1 nhi\u00ean n\u00e0y. Ch\u00fac b\u1ea1n mua s\u1eafm vui v\u1ebb!<\/strong><\/p>\n<p>\u00a0<\/p>\n<p><strong><u>Kh\u00f4ng c\u00f3 h\u00ecnh \u1ea3nh v\u00e0 c\u1ea3nh quay video n\u00e0o \u0111\u01b0\u1ee3c l\u1ecdc. Ch\u00fang t\u00f4i khuy\u1ebfn kh\u00edch kh\u00e1ch h\u00e0ng c\u1ee7a m\u00ecnh c\u0169ng xem c\u00e1c video \u0111i k\u00e8m \u0111\u1ec3 c\u00f3 c\u00e1i nh\u00ecn to\u00e0n di\u1ec7n h\u01a1n v\u1ec1 s\u1ea3n ph\u1ea9m c\u1ee7a ch\u00fang t\u00f4i<\/u><\/strong><\/p>","protected":false},"excerpt":{"rendered":"<p>Xin gi\u1edbi thi\u1ec7u s\u1ea3n ph\u1ea9m Ng\u1ecdc b\u00edch t\u1ef1 nhi\u00ean lo\u1ea1i A si\u00eau hi\u1ebfm m\u00e0u \u0111\u1ecf, v\u00e0ng v\u00e0 xanh tr\u00e0 ch\u1ea5t l\u01b0\u1ee3ng cao c\u1ee7a ch\u00fang t\u00f4i \u0111\u01b0\u1ee3c ch\u1ebf t\u00e1c v\u1edbi Pixiu l\u00e0m m\u1eb7t d\u00e2y chuy\u1ec1n. T\u00e1c ph\u1ea9m tuy\u1ec7t \u0111\u1eb9p n\u00e0y l\u00e0 m\u1ed9t ki\u1ec7t t\u00e1c th\u1ef1c s\u1ef1, n\u1eb7ng 34,14 gram v\u00e0 c\u00f3 k\u00edch th\u01b0\u1edbc 45,2 * 19,5 * 22,1 mm (m\u1eb7t d\u00e2y chuy\u1ec1n221). \u0110\u00e2y l\u00e0 s\u1ef1 b\u1ed5 sung ho\u00e0n h\u1ea3o cho b\u1ed9 s\u01b0u t\u1eadp trang s\u1ee9c c\u1ee7a b\u1ea1n. S\u1ed1 ch\u1ee9ng ch\u1ec9: GD2111H016490 Ch\u1ea5t li\u1ec7u cao c\u1ea5p: \u0110\u01b0\u1ee3c l\u00e0m [\u2026]<\/p>","protected":false},"featured_media":8210,"comment_status":"open","ping_status":"closed","template":"","meta":[],"product_brand":[],"product_cat":[195],"product_tag":[],"class_list":{"0":"post-1818","1":"product","2":"type-product","3":"status-publish","4":"has-post-thumbnail","6":"product_cat-heirloom-grade","8":"first","9":"instock","10":"sale","11":"shipping-taxable","12":"purchasable","13":"product-type-simple"},"_links":{"self":[{"href":"https:\/\/shop.yipinqian.com\/vi\/wp-json\/wp\/v2\/product\/1818","targetHints":{"allow":["GET"]}}],"collection":[{"href":"https:\/\/shop.yipinqian.com\/vi\/wp-json\/wp\/v2\/product"}],"about":[{"href":"https:\/\/shop.yipinqian.com\/vi\/wp-json\/wp\/v2\/types\/product"}],"replies":[{"embeddable":true,"href":"https:\/\/shop.yipinqian.com\/vi\/wp-json\/wp\/v2\/comments?post=1818"}],"version-history":[{"count":0,"href":"https:\/\/shop.yipinqian.com\/vi\/wp-json\/wp\/v2\/product\/1818\/revisions"}],"wp:featuredmedia":[{"embeddable":true,"href":"https:\/\/shop.yipinqian.com\/vi\/wp-json\/wp\/v2\/media\/8210"}],"wp:attachment":[{"href":"https:\/\/shop.yipinqian.com\/vi\/wp-json\/wp\/v2\/media?parent=1818"}],"wp:term":[{"taxonomy":"product_brand","embeddable":true,"href":"https:\/\/shop.yipinqian.com\/vi\/wp-json\/wp\/v2\/product_brand?post=1818"},{"taxonomy":"product_cat","embeddable":true,"href":"https:\/\/shop.yipinqian.com\/vi\/wp-json\/wp\/v2\/product_cat?post=1818"},{"taxonomy":"product_tag","embeddable":true,"href":"https:\/\/shop.yipinqian.com\/vi\/wp-json\/wp\/v2\/product_tag?post=1818"}],"curies":[{"name":"wp","href":"https:\/\/api.w.org\/{rel}","templated":true}]}}