{"id":1817,"date":"2024-10-24T23:22:44","date_gmt":"2024-10-24T15:22:44","guid":{"rendered":"https:\/\/shop.yipinqian.com\/product\/super-rare-pure-white-semi-icy-natural-type-a-jadeite-jade-crafted-as-violin-pendant-certificate-weighs-3-92-grams-measurement-27-7-15-5-3-mm-pendant256\/"},"modified":"2025-02-24T00:49:51","modified_gmt":"2025-02-23T16:49:51","slug":"super-rare-pure-white-semi-icy-natural-type-a-jadeite-jade-crafted-as-violin-pendant-certificate-weighs-3-92-grams-measurement-27-7-15-5-3-mm-pendant256","status":"publish","type":"product","link":"https:\/\/shop.yipinqian.com\/vi\/san-pham\/super-rare-pure-white-semi-icy-natural-type-a-jadeite-jade-crafted-as-violin-pendant-certificate-weighs-3-92-grams-measurement-27-7-15-5-3-mm-pendant256\/","title":{"rendered":"Ng\u1ecdc b\u00edch lo\u1ea1i A si\u00eau hi\u1ebfm m\u00e0u tr\u1eafng tinh khi\u1ebft b\u00e1n b\u0103ng t\u1ef1 nhi\u00ean \u0111\u01b0\u1ee3c ch\u1ebf t\u00e1c th\u00e0nh m\u1eb7t d\u00e2y chuy\u1ec1n h\u00ecnh \u0111\u00e0n v\u0129 c\u1ea7m, gi\u1ea5y ch\u1ee9ng nh\u1eadn n\u1eb7ng 3,92 gram, k\u00edch th\u01b0\u1edbc 27,7 * 15 * 5,3 mm (m\u1eb7t d\u00e2y chuy\u1ec1n256)"},"content":{"rendered":"<p>M\u1eb7t d\u00e2y chuy\u1ec1n h\u00ecnh v\u0129 c\u1ea7m tinh x\u1ea3o n\u00e0y \u0111\u01b0\u1ee3c ch\u1ebf t\u00e1c t\u1eeb lo\u1ea1i ng\u1ecdc b\u00edch A si\u00eau hi\u1ebfm, tr\u1eafng tinh khi\u1ebft b\u00e1n b\u0103ng t\u1ef1 nhi\u00ean, khi\u1ebfn n\u00f3 tr\u1edf th\u00e0nh m\u1ed9t m\u00f3n \u0111\u1ed3 trang s\u1ee9c th\u1ef1c s\u1ef1 \u0111\u1ed9c \u0111\u00e1o.<\/p>\n<p><\/p>\n<p>S\u1ed1 ch\u1ee9ng ch\u1ec9: 920660019223<\/p>\n<ul>\n<li>\n<strong>V\u1eadt li\u1ec7u:<\/strong> Ng\u1ecdc b\u00edch lo\u1ea1i A si\u00eau hi\u1ebfm b\u00e1n b\u0103ng t\u1ef1 nhi\u00ean tr\u1eafng tinh khi\u1ebft<\/li>\n<li>\n<strong>C\u00e2n n\u1eb7ng:<\/strong> 3,92 gam<\/li>\n<li>\n<strong>Gi\u1ea5y ch\u1ee9ng nh\u1eadn:<\/strong> \u0110\u00fang<\/li>\n<li>\n<strong>\u0110o l\u01b0\u1eddng:<\/strong> 27,7 * 15 * 5,3 mm (m\u1eb7t d\u00e2y chuy\u1ec1n256)<\/li>\n<li><em>\u0110\u01b0\u1ee3c s\u1ea3n xu\u1ea5t t\u1ea1i Myanmar, m\u1eb7t d\u00e2y chuy\u1ec1n n\u00e0y ho\u00e0n h\u1ea3o \u0111\u1ec3 \u0111eo h\u00e0ng ng\u00e0y v\u00e0 ph\u00f9 h\u1ee3p cho c\u1ea3 nam v\u00e0 n\u1eef.<\/em><\/li>\n<\/ul>\n<p>Th\u00eam n\u00e9t thanh l\u1ecbch cho trang ph\u1ee5c c\u1ee7a b\u1ea1n v\u1edbi m\u1eb7t d\u00e2y chuy\u1ec1n h\u00ecnh c\u00e2y v\u0129 c\u1ea7m n\u00e0y, t\u00f4n l\u00ean v\u1ebb \u0111\u1eb9p c\u1ee7a \u0111\u00e1 ng\u1ecdc b\u00edch t\u1ef1 nhi\u00ean theo phong c\u00e1ch v\u00f2ng c\u1ed5 gi\u1ea3n d\u1ecb.<\/p>\n<p>.<\/p>\n<p><strong>Jadeite t\u1ef1 nhi\u00ean kh\u00f4ng ho\u00e0n h\u1ea3o, ch\u1ec9 l\u00e0 m\u1ed9t l\u1eddi nh\u1eafc nh\u1edf nh\u1eb9 nh\u00e0ng, Jadeite t\u1ef1 nhi\u00ean c\u1ee7a ch\u00fang t\u00f4i, gi\u1ed1ng nh\u01b0 t\u1ea5t c\u1ea3 nh\u1eefng th\u1ee9 \u0111\u1eb9p \u0111\u1ebd trong t\u1ef1 nhi\u00ean, c\u00f3 nh\u1eefng \u0111\u1eb7c \u0111i\u1ec3m v\u00e0 bi\u1ebfn th\u1ec3 \u0111\u1ed9c \u0111\u00e1o. Ch\u00fang t\u00f4i m\u1eddi nh\u1eefng kh\u00e1ch h\u00e0ng c\u00f3 gi\u00e1 tr\u1ecb c\u1ee7a m\u00ecnh \u0111\u00f3n nh\u1eadn nh\u1eefng bi\u1ebfn th\u1ec3 t\u1ef1 nhi\u00ean n\u00e0y. Ch\u00fac b\u1ea1n mua s\u1eafm vui v\u1ebb!<\/strong><\/p>\n<p><\/p>\n<p><strong><u>Kh\u00f4ng c\u00f3 h\u00ecnh \u1ea3nh v\u00e0 c\u1ea3nh quay video n\u00e0o \u0111\u01b0\u1ee3c l\u1ecdc. Ch\u00fang t\u00f4i khuy\u1ebfn kh\u00edch kh\u00e1ch h\u00e0ng c\u1ee7a m\u00ecnh c\u0169ng xem c\u00e1c video \u0111i k\u00e8m \u0111\u1ec3 c\u00f3 c\u00e1i nh\u00ecn to\u00e0n di\u1ec7n h\u01a1n v\u1ec1 s\u1ea3n ph\u1ea9m c\u1ee7a ch\u00fang t\u00f4i<\/u><\/strong><\/p>","protected":false},"excerpt":{"rendered":"<p>M\u1eb7t d\u00e2y chuy\u1ec1n Violin tinh x\u1ea3o n\u00e0y \u0111\u01b0\u1ee3c ch\u1ebf t\u00e1c t\u1eeb lo\u1ea1i ng\u1ecdc b\u00edch A b\u00e1n b\u0103ng t\u1ef1 nhi\u00ean si\u00eau hi\u1ebfm m\u00e0u tr\u1eafng tinh khi\u1ebft, khi\u1ebfn n\u00f3 tr\u1edf th\u00e0nh m\u1ed9t m\u00f3n \u0111\u1ed3 trang s\u1ee9c th\u1ef1c s\u1ef1 \u0111\u1ed9c \u0111\u00e1o. S\u1ed1 ch\u1ee9ng nh\u1eadn: 920660019223 Ch\u1ea5t li\u1ec7u: Ng\u1ecdc b\u00edch A b\u00e1n b\u0103ng t\u1ef1 nhi\u00ean si\u00eau hi\u1ebfm m\u00e0u tr\u1eafng tinh khi\u1ebft Tr\u1ecdng l\u01b0\u1ee3ng: 3,92 gam Ch\u1ee9ng nh\u1eadn: C\u00f3 K\u00edch th\u01b0\u1edbc: 27,7 * 15 * 5,3 mm (m\u1eb7t d\u00e2y chuy\u1ec1n256) L\u00e0m [\u2026]<\/p>","protected":false},"featured_media":8193,"comment_status":"open","ping_status":"closed","template":"","meta":[],"product_brand":[],"product_cat":[194],"product_tag":[],"class_list":{"0":"post-1817","1":"product","2":"type-product","3":"status-publish","4":"has-post-thumbnail","6":"product_cat-value-picks","8":"first","9":"instock","10":"sale","11":"shipping-taxable","12":"purchasable","13":"product-type-simple"},"_links":{"self":[{"href":"https:\/\/shop.yipinqian.com\/vi\/wp-json\/wp\/v2\/product\/1817","targetHints":{"allow":["GET"]}}],"collection":[{"href":"https:\/\/shop.yipinqian.com\/vi\/wp-json\/wp\/v2\/product"}],"about":[{"href":"https:\/\/shop.yipinqian.com\/vi\/wp-json\/wp\/v2\/types\/product"}],"replies":[{"embeddable":true,"href":"https:\/\/shop.yipinqian.com\/vi\/wp-json\/wp\/v2\/comments?post=1817"}],"version-history":[{"count":0,"href":"https:\/\/shop.yipinqian.com\/vi\/wp-json\/wp\/v2\/product\/1817\/revisions"}],"wp:featuredmedia":[{"embeddable":true,"href":"https:\/\/shop.yipinqian.com\/vi\/wp-json\/wp\/v2\/media\/8193"}],"wp:attachment":[{"href":"https:\/\/shop.yipinqian.com\/vi\/wp-json\/wp\/v2\/media?parent=1817"}],"wp:term":[{"taxonomy":"product_brand","embeddable":true,"href":"https:\/\/shop.yipinqian.com\/vi\/wp-json\/wp\/v2\/product_brand?post=1817"},{"taxonomy":"product_cat","embeddable":true,"href":"https:\/\/shop.yipinqian.com\/vi\/wp-json\/wp\/v2\/product_cat?post=1817"},{"taxonomy":"product_tag","embeddable":true,"href":"https:\/\/shop.yipinqian.com\/vi\/wp-json\/wp\/v2\/product_tag?post=1817"}],"curies":[{"name":"wp","href":"https:\/\/api.w.org\/{rel}","templated":true}]}}