{"id":1815,"date":"2024-10-24T23:22:43","date_gmt":"2024-10-24T15:22:43","guid":{"rendered":"https:\/\/shop.yipinqian.com\/product\/super-rare-old-mine-3-34-specify-gravity-highly-translucent-carved-as-horse-natural-type-a-jadeite-pendant-with-ngi-gemstone-report-weight-141-40-grams-62-46-26-67-13-29-mm-very-fine-grain-colorless-t\/"},"modified":"2025-07-04T04:21:51","modified_gmt":"2025-07-03T20:21:51","slug":"super-rare-old-mine-3-34-specify-gravity-highly-translucent-carved-as-horse-natural-type-a-jadeite-pendant-with-ngi-gemstone-report-weight-141-40-grams-62-46-26-67-13-29-mm-very-fine-grain-colorless-t","status":"publish","type":"product","link":"https:\/\/shop.yipinqian.com\/vi\/san-pham\/super-rare-old-mine-3-34-specify-gravity-highly-translucent-carved-as-horse-natural-type-a-jadeite-pendant-with-ngi-gemstone-report-weight-141-40-grams-62-46-26-67-13-29-mm-very-fine-grain-colorless-t\/","title":{"rendered":"M\u1ecf c\u0169 si\u00eau hi\u1ebfm 3.34 Ch\u1ec9 \u0111\u1ecbnh Tr\u1ecdng l\u1ef1c trong m\u1edd cao \u0111\u01b0\u1ee3c ch\u1ea1m kh\u1eafc nh\u01b0 ng\u1ef1a t\u1ef1 nhi\u00ean lo\u1ea1i A M\u1eb7t d\u00e2y chuy\u1ec1n ng\u1ecdc b\u00edch v\u1edbi b\u00e1o c\u00e1o \u0111\u00e1 qu\u00fd NGI tr\u1ecdng l\u01b0\u1ee3ng 141,40 gram, 62,46 * 26,67 * 13,29 mm, H\u1ea1t r\u1ea5t m\u1ecbn kh\u00f4ng m\u00e0u \u0111\u1ebfn xanh l\u1ee5c h\u01a1i xanh nh\u1ea1t (m\u1eb7t d\u00e2y chuy\u1ec1n138)"},"content":{"rendered":"<h2>Highly Translucent Carved as Horse<\/h2>\n<p><iframe title=\"Highly Translucent Carved as Horse\" src=\"https:\/\/youtube.com\/embed\/c3HhyLHwRT0\/\" width=\"330\" height=\"300\"><\/iframe><br \/>\nM\u1eb7t d\u00e2y chuy\u1ec1n tinh x\u1ea3o n\u00e0y l\u00e0 m\u1ed9t ph\u00e1t hi\u1ec7n hi\u1ebfm c\u00f3 \u0111\u1ed1i v\u1edbi nh\u1eefng ng\u01b0\u1eddi \u0111am m\u00ea ng\u1ecdc b\u00edch. \u0110\u01b0\u1ee3c ch\u1ebf t\u00e1c t\u1eeb Jadeite lo\u1ea1i A t\u1ef1 nhi\u00ean, t\u00e1c ph\u1ea9m Super Rare Old Mine n\u00e0y c\u00f3 tr\u1ecdng l\u01b0\u1ee3ng ri\u00eang 3,34 v\u00e0 c\u00f3 \u0111\u1ed9 trong su\u1ed1t cao, v\u1edbi h\u1ea1t r\u1ea5t m\u1ecbn v\u00e0 \u0111\u1ed9 trong su\u1ed1t t\u1ed1t t\u1eeb kh\u00f4ng m\u00e0u \u0111\u1ebfn xanh l\u1ee5c h\u01a1i xanh.<\/p>\n<p><strong>S\u1ed1 b\u00e1o c\u00e1o NGI: 63837046<\/strong><\/p>\n<p><img fetchpriority=\"high\" decoding=\"async\" class=\"alignnone\" src=\"https:\/\/shop.yipinqian.com\/wp-content\/uploads\/2024\/10\/ff5f64251ef2665eb77a1687393c6932.jpg?from=476444299\" alt=\"Highly Translucent Carved as Horse\" width=\"1080\" height=\"1080\" \/><\/p>\n<ul>\n<li><strong>Thi\u1ebft k\u1ebf \u0111\u1ed9c \u0111\u00e1o:<\/strong> Thi\u1ebft k\u1ebf ch\u1ea1m kh\u1eafc h\u00ecnh con ng\u1ef1a t\u1ea1o n\u00ean n\u00e9t thanh l\u1ecbch cho m\u1eb7t d\u00e2y chuy\u1ec1n.<\/li>\n<li><strong>B\u00e1o c\u00e1o \u0111\u00e1 qu\u00fd NGI:<\/strong> \u0110i k\u00e8m v\u1edbi b\u00e1o c\u00e1o \u0111\u00e1 qu\u00fd NGI x\u00e1c nh\u1eadn tr\u1ecdng l\u01b0\u1ee3ng l\u00e0 141,40 gram v\u00e0 k\u00edch th\u01b0\u1edbc l\u00e0 62,46 * 26,67 * 13,29 mm<\/li>\n<\/ul>\n<p>M\u1eb7t d\u00e2y chuy\u1ec1n unisex n\u00e0y c\u00f3 ki\u1ec3u d\u00e1ng v\u00f2ng c\u1ed5 thanh l\u1ecbch, ho\u00e0n h\u1ea3o \u0111\u1ec3 \u0111eo h\u00e0ng ng\u00e0y ho\u1eb7c trong nh\u1eefng d\u1ecbp \u0111\u1eb7c bi\u1ec7t.<\/p>\n<ul>\n<li><strong>Gi\u1ea5y ch\u1ee9ng nh\u1eadn bao g\u1ed3m:<\/strong> Gi\u1ea5y ch\u1ee9ng nh\u1eadn x\u00e1c th\u1ef1c \u0111\u01b0\u1ee3c bao g\u1ed3m trong t\u00e1c ph\u1ea9m n\u00e0y \u0111\u1ec3 b\u1ea1n c\u00f3 th\u1ec3 tin t\u01b0\u1edfng v\u00e0o di s\u1ea3n c\u1ee7a n\u00f3<\/li>\n<li><strong>S\u1ea3n xu\u1ea5t t\u1ea1i Myanmar:<\/strong> M\u1eb7t d\u00e2y chuy\u1ec1n ng\u1ecdc b\u00edch tuy\u1ec7t \u0111\u1eb9p n\u00e0y \u0111\u1ebfn t\u1eeb Myanmar \u2013 n\u01a1i n\u1ed5i ti\u1ebfng th\u1ebf gi\u1edbi l\u00e0 ngu\u1ed3n cung c\u1ea5p ng\u1ecdc b\u00edch qu\u00fd hi\u1ebfm, ch\u1ea5t l\u01b0\u1ee3ng cao t\u1ed1t nh\u1ea5t.<\/li>\n<\/ul>\n<p>Xin l\u01b0u \u00fd r\u1eb1ng m\u1eb7c d\u00f9 s\u1ea3n ph\u1ea9m n\u00e0y kh\u00f4ng c\u00f3 ch\u1ebf \u0111\u1ed9 b\u1ea3o h\u00e0nh, nh\u01b0ng n\u00f3 \u0111\u01b0\u1ee3c ch\u1ebf t\u1ea1o theo ti\u00eau chu\u1ea9n cao nh\u1ea5t v\u00e0 s\u1ebd \u0111\u01b0\u1ee3c ch\u1ee7 s\u1edf h\u1eefu may m\u1eafn c\u1ee7a n\u00f3 tr\u00e2n tr\u1ecdng trong nhi\u1ec1u n\u0103m t\u1edbi!<\/p>\n<p>Yi Pin Qian \u2013 Nh\u00e0 bu\u00f4n \u0111\u00e1 qu\u00fd v\u00e0 kim lo\u1ea1i qu\u00fd t\u1ea1i Singapore \u2013 S\u1ed1 gi\u1ea5y ph\u00e9p PS20190000031<\/p>\n<p>*T\u1ea5t c\u1ea3 c\u00e1c lo\u1ea1i Jadeite \u0111\u01b0\u1ee3c mua t\u1eeb Yi Pin Qian t\u1ea1i Singapore, kh\u00e1ch h\u00e0ng c\u00f3 th\u1ec3 \u0111\u1eb7t l\u1ecbch \u0111\u00e1nh b\u00f3ng ho\u1eb7c s\u1eeda ch\u1eefa nh\u1ecf do x\u1eed l\u00fd sai c\u00e1ch \u2013 c\u00f3 t\u00ednh ph\u00ed v\u00e0 ch\u1ec9 d\u00e0nh cho kh\u00e1ch h\u00e0ng c\u1ee7a Yi Pin Qian t\u1ea1i Singapore*<\/p>\n<p><strong>**C\u00e1c lo\u1ea1i ch\u1ee9ng ch\u1ec9**<\/strong><\/p>\n<p>NGI (C\u00f4ng ty \u0110\u00e1 qu\u00fd Nan Yang)<\/p>\n<p>ho\u1eb7c ch\u1ee9ng ch\u1ec9 n\u01b0\u1edbc ngo\u00e0i (Yi Pin Qian ch\u1ec9 s\u1eed d\u1ee5ng ch\u1ee9ng ch\u1ec9 x\u00e1c th\u1ef1c t\u1eeb c\u00e1c ph\u00f2ng th\u00ed nghi\u1ec7m \u1edf n\u01b0\u1edbc ngo\u00e0i v\u00e0 c\u0169ng ki\u1ec3m so\u00e1t ch\u1ea5t l\u01b0\u1ee3ng m\u1ecdi s\u1ea3n ph\u1ea9m c\u1ee7a ch\u00fang t\u00f4i tr\u01b0\u1edbc khi \u0111\u01b0a ch\u00fang ra b\u00e1n t\u1ea1i Singapore)<\/p>\n<p>M\u1ed7i s\u1ea3n ph\u1ea9m tr\u00ean TikTok s\u1ebd c\u00f3 lo\u1ea1i ch\u1ee9ng ch\u1ec9 \u0111\u01b0\u1ee3c cung c\u1ea5p \u0111\u01b0\u1ee3c n\u00eau trong ph\u1ea7n m\u00f4 t\u1ea3. \u0110\u1ed1i v\u1edbi b\u1ea5t k\u1ef3 kh\u00e1ch h\u00e0ng n\u00e0o mu\u1ed1n g\u1eedi \u0111\u01a1n h\u00e0ng c\u1ee7a m\u00ecnh \u0111\u1ebfn NGI Singapore, s\u1ebd c\u00f3 th\u1eddi gian ch\u1edd giao h\u00e0ng \u01b0\u1edbc t\u00ednh kho\u1ea3ng 4 tu\u1ea7n \u0111\u1ec3 nh\u1eadn \u0111\u01b0\u1ee3c \u0111\u01a1n h\u00e0ng c\u1ee7a b\u1ea1n. <strong>Y\u00eau c\u1ea7u b\u00e1o c\u00e1o v\u1ec1 NGI Gemstone c\u1ea7n \u0111\u01b0\u1ee3c th\u1ef1c hi\u1ec7n b\u1eb1ng c\u00e1ch nh\u1eafn tin \u0111\u1ebfn c\u1eeda h\u00e0ng TikTok Yi Pin Qian.<\/strong> C\u1ea3m \u01a1n b\u1ea1n, ch\u00fang t\u00f4i s\u1ebd \u00e1p d\u1ee5ng th\u00eam ph\u1ee5 ph\u00ed.<\/p>","protected":false},"excerpt":{"rendered":"<h2>Highly Translucent Carved as Horse<\/h2>\n<p><img decoding=\"async\" class=\"aligncenter size-medium wp-image-22182\" src=\"https:\/\/shop.yipinqian.com\/wp-content\/uploads\/2024\/10\/WhatsApp-Image-2024-05-21-at-15.06.31_7e5d4053-300x300.jpg\" alt=\"Highly Translucent Carved as Horse\" width=\"300\" height=\"300\" srcset=\"https:\/\/shop.yipinqian.com\/wp-content\/uploads\/2024\/10\/WhatsApp-Image-2024-05-21-at-15.06.31_7e5d4053-300x300.jpg 300w, https:\/\/shop.yipinqian.com\/wp-content\/uploads\/2024\/10\/WhatsApp-Image-2024-05-21-at-15.06.31_7e5d4053-1024x1024.jpg 1024w, https:\/\/shop.yipinqian.com\/wp-content\/uploads\/2024\/10\/WhatsApp-Image-2024-05-21-at-15.06.31_7e5d4053-150x150.jpg 150w, https:\/\/shop.yipinqian.com\/wp-content\/uploads\/2024\/10\/WhatsApp-Image-2024-05-21-at-15.06.31_7e5d4053-768x768.jpg 768w, https:\/\/shop.yipinqian.com\/wp-content\/uploads\/2024\/10\/WhatsApp-Image-2024-05-21-at-15.06.31_7e5d4053-12x12.jpg 12w, https:\/\/shop.yipinqian.com\/wp-content\/uploads\/2024\/10\/WhatsApp-Image-2024-05-21-at-15.06.31_7e5d4053-500x500.jpg 500w, https:\/\/shop.yipinqian.com\/wp-content\/uploads\/2024\/10\/WhatsApp-Image-2024-05-21-at-15.06.31_7e5d4053-100x100.jpg 100w, https:\/\/shop.yipinqian.com\/wp-content\/uploads\/2024\/10\/WhatsApp-Image-2024-05-21-at-15.06.31_7e5d4053.jpg 1080w\" sizes=\"(max-width: 300px) 100vw, 300px\" \/><\/p>","protected":false},"featured_media":8168,"comment_status":"open","ping_status":"closed","template":"","meta":[],"product_brand":[],"product_cat":[196],"product_tag":[],"class_list":{"0":"post-1815","1":"product","2":"type-product","3":"status-publish","4":"has-post-thumbnail","6":"product_cat-vault-collection","8":"first","9":"instock","10":"sale","11":"shipping-taxable","12":"purchasable","13":"product-type-simple"},"_links":{"self":[{"href":"https:\/\/shop.yipinqian.com\/vi\/wp-json\/wp\/v2\/product\/1815","targetHints":{"allow":["GET"]}}],"collection":[{"href":"https:\/\/shop.yipinqian.com\/vi\/wp-json\/wp\/v2\/product"}],"about":[{"href":"https:\/\/shop.yipinqian.com\/vi\/wp-json\/wp\/v2\/types\/product"}],"replies":[{"embeddable":true,"href":"https:\/\/shop.yipinqian.com\/vi\/wp-json\/wp\/v2\/comments?post=1815"}],"version-history":[{"count":0,"href":"https:\/\/shop.yipinqian.com\/vi\/wp-json\/wp\/v2\/product\/1815\/revisions"}],"wp:featuredmedia":[{"embeddable":true,"href":"https:\/\/shop.yipinqian.com\/vi\/wp-json\/wp\/v2\/media\/8168"}],"wp:attachment":[{"href":"https:\/\/shop.yipinqian.com\/vi\/wp-json\/wp\/v2\/media?parent=1815"}],"wp:term":[{"taxonomy":"product_brand","embeddable":true,"href":"https:\/\/shop.yipinqian.com\/vi\/wp-json\/wp\/v2\/product_brand?post=1815"},{"taxonomy":"product_cat","embeddable":true,"href":"https:\/\/shop.yipinqian.com\/vi\/wp-json\/wp\/v2\/product_cat?post=1815"},{"taxonomy":"product_tag","embeddable":true,"href":"https:\/\/shop.yipinqian.com\/vi\/wp-json\/wp\/v2\/product_tag?post=1815"}],"curies":[{"name":"wp","href":"https:\/\/api.w.org\/{rel}","templated":true}]}}