{"id":1804,"date":"2024-10-24T23:22:37","date_gmt":"2024-10-24T15:22:37","guid":{"rendered":"https:\/\/shop.yipinqian.com\/product\/super-rare-green-and-brown-natural-type-a-jadeite-pendant-carved-as-corn-with-butterfly-frog-ruyi-and-gourd-on-it-come-with-certificate-weight-51-60-grams-59-20-31-80-21-70-meaning-beautiful-rich-safe\/"},"modified":"2025-02-24T01:17:26","modified_gmt":"2025-02-23T17:17:26","slug":"super-rare-green-and-brown-natural-type-a-jadeite-pendant-carved-as-corn-with-butterfly-frog-ruyi-and-gourd-on-it-come-with-certificate-weight-51-60-grams-59-20-31-80-21-70-meaning-beautiful-rich-safe","status":"publish","type":"product","link":"https:\/\/shop.yipinqian.com\/vi\/san-pham\/super-rare-green-and-brown-natural-type-a-jadeite-pendant-carved-as-corn-with-butterfly-frog-ruyi-and-gourd-on-it-come-with-certificate-weight-51-60-grams-59-20-31-80-21-70-meaning-beautiful-rich-safe\/","title":{"rendered":"M\u1eb7t d\u00e2y chuy\u1ec1n ng\u1ecdc b\u00edch t\u1ef1 nhi\u00ean m\u00e0u xanh l\u00e1 c\u00e2y v\u00e0 n\u00e2u si\u00eau hi\u1ebfm lo\u1ea1i A \u0111\u01b0\u1ee3c ch\u1ea1m kh\u1eafc h\u00ecnh ng\u00f4 v\u1edbi b\u01b0\u1edbm, \u1ebfch, nh\u01b0 \u00fd v\u00e0 b\u1ea7u, \u0111i k\u00e8m ch\u1ee9ng ch\u1ec9 tr\u1ecdng l\u01b0\u1ee3ng 51,60 gram, 59,20 * 31,80 * 21,70 c\u00f3 ngh\u0129a l\u00e0 \u0110\u1eb9p, gi\u00e0u c\u00f3, an to\u00e0n, th\u1ecbnh v\u01b0\u1ee3ng, \u0111\u1ec3 \u0111eo h\u00e0ng ng\u00e0y (m\u1eb7t d\u00e2y chuy\u1ec1n106)"},"content":{"rendered":"<p>L\u00e0m n\u1ed5i b\u1eadt v\u1ebb ngo\u00e0i h\u00e0ng ng\u00e0y c\u1ee7a b\u1ea1n v\u1edbi M\u1eb7t d\u00e2y chuy\u1ec1n Jadeite t\u1ef1 nhi\u00ean m\u00e0u xanh l\u00e1 c\u00e2y v\u00e0 n\u00e2u si\u00eau hi\u1ebfm lo\u1ea1i A tuy\u1ec7t \u0111\u1eb9p n\u00e0y. \u0110\u01b0\u1ee3c ch\u1ebf t\u00e1c theo h\u00ecnh d\u1ea1ng c\u1ee7a ng\u00f4, m\u1eb7t d\u00e2y chuy\u1ec1n n\u00e0y \u0111\u01b0\u1ee3c trang tr\u00ed b\u1eb1ng nh\u1eefng h\u00ecnh ch\u1ea1m kh\u1eafc tuy\u1ec7t \u0111\u1eb9p c\u1ee7a b\u01b0\u1edbm, \u1ebfch, nh\u01b0 \u00fd v\u00e0 qu\u1ea3 b\u1ea7u t\u01b0\u1ee3ng tr\u01b0ng cho v\u1ebb \u0111\u1eb9p, s\u1ef1 th\u1ecbnh v\u01b0\u1ee3ng, an to\u00e0n v\u00e0 gi\u00e0u c\u00f3.<\/p>\n<ul>\n<li>\n<strong>Jadeite t\u1ef1 nhi\u00ean lo\u1ea1i A hi\u1ebfm:<\/strong> \u0110\u01b0\u1ee3c l\u00e0m t\u1eeb lo\u1ea1i ng\u1ecdc b\u00edch t\u1ef1 nhi\u00ean lo\u1ea1i A qu\u00fd hi\u1ebfm t\u1eeb Myanmar.<\/li>\n<li>\n<strong>Trang ph\u1ee5c m\u1eb7c h\u00e0ng ng\u00e0y:<\/strong> Th\u00edch h\u1ee3p \u0111\u1ec3 m\u1eb7c h\u00e0ng ng\u00e0y \u0111\u1ec3 t\u0103ng th\u00eam n\u00e9t thanh l\u1ecbch cho trang ph\u1ee5c c\u1ee7a b\u1ea1n.<\/li>\n<li>\n<strong>Gi\u1ea5y ch\u1ee9ng nh\u1eadn bao g\u1ed3m:<\/strong> C\u00f3 k\u00e8m gi\u1ea5y ch\u1ee9ng nh\u1eadn \u0111\u1ec3 \u0111\u1ea3m b\u1ea3o t\u00ednh x\u00e1c th\u1ef1c.<\/li>\n<\/ul>\n<p><strong>S\u1ed1 ch\u1ee9ng ch\u1ec9: ZKS23021503188<\/strong><\/p>\n<p><img fetchpriority=\"high\" decoding=\"async\" height=\"1080\" src=\"https:\/\/shop.yipinqian.com\/wp-content\/uploads\/2024\/10\/1cb4a7cae75a5fdf2275fb16ce802fe4.jpg?from=476444299\" width=\"1080\"><\/p>\n<p>V\u1edbi tr\u1ecdng l\u01b0\u1ee3ng 51,60 gam v\u00e0 k\u00edch th\u01b0\u1edbc 59,20 * 31,80 * 21,70 mm, m\u1eb7t d\u00e2y chuy\u1ec1n unisex n\u00e0y ho\u00e0n h\u1ea3o \u0111\u1ec3 \u0111eo th\u01b0\u1eddng ng\u00e0y v\u00ec ki\u1ec3u d\u00e1ng v\u00f2ng c\u1ed5 \u0111\u01a1n gi\u1ea3n nh\u01b0ng thanh l\u1ecbch, d\u1ec5 d\u00e0ng k\u1ebft h\u1ee3p v\u1edbi m\u1ecdi trang ph\u1ee5c.<\/p>\n<p>H\u00e3y th\u00eam n\u00e9t tinh t\u1ebf v\u00e0o b\u1ed9 s\u01b0u t\u1eadp trang s\u1ee9c c\u1ee7a b\u1ea1n ngay h\u00f4m nay v\u1edbi m\u1eb7t d\u00e2y chuy\u1ec1n ng\u1ecdc b\u00edch tuy\u1ec7t \u0111\u1eb9p n\u00e0y!<\/p>\n<p>\u00a0<\/p>\n<p>Yi Pin Qian \u2013 Nh\u00e0 bu\u00f4n \u0111\u00e1 qu\u00fd v\u00e0 kim lo\u1ea1i qu\u00fd t\u1ea1i Singapore \u2013 S\u1ed1 gi\u1ea5y ph\u00e9p PS20190000031<\/p>\n<p>\u00a0<\/p>\n<p>*T\u1ea5t c\u1ea3 c\u00e1c lo\u1ea1i Jadeite \u0111\u01b0\u1ee3c mua t\u1eeb Yi Pin Qian t\u1ea1i Singapore, kh\u00e1ch h\u00e0ng c\u00f3 th\u1ec3 \u0111\u1eb7t l\u1ecbch \u0111\u00e1nh b\u00f3ng ho\u1eb7c s\u1eeda ch\u1eefa nh\u1ecf do x\u1eed l\u00fd sai c\u00e1ch \u2013 c\u00f3 t\u00ednh ph\u00ed v\u00e0 ch\u1ec9 d\u00e0nh cho kh\u00e1ch h\u00e0ng c\u1ee7a Yi Pin Qian t\u1ea1i Singapore*<\/p>\n<p>\u00a0<\/p>\n<p><strong>**C\u00e1c lo\u1ea1i ch\u1ee9ng ch\u1ec9**<\/strong><\/p>\n<p>\u00a0<\/p>\n<p><strong>NGI (C\u00f4ng ty \u0110\u00e1 qu\u00fd Nan Yang)<\/strong><\/p>\n<p>ho\u1eb7c <strong>Ch\u1ee9ng ch\u1ec9 n\u01b0\u1edbc ngo\u00e0i <\/strong>(Yi Pin Qian ch\u1ec9 s\u1eed d\u1ee5ng c\u00e1c ch\u1ee9ng ch\u1ec9 x\u00e1c th\u1ef1c t\u1eeb c\u00e1c ph\u00f2ng th\u00ed nghi\u1ec7m \u1edf n\u01b0\u1edbc ngo\u00e0i v\u00e0 ki\u1ec3m so\u00e1t ch\u1ea5t l\u01b0\u1ee3ng m\u1ecdi s\u1ea3n ph\u1ea9m c\u1ee7a ch\u00fang t\u00f4i tr\u01b0\u1edbc khi \u0111\u01b0a ch\u00fang ra b\u00e1n t\u1ea1i Singapore)<\/p>\n<p>\u00a0<\/p>\n<p>M\u1ed7i s\u1ea3n ph\u1ea9m tr\u00ean TikTok s\u1ebd c\u00f3 lo\u1ea1i ch\u1ee9ng ch\u1ec9 \u0111\u01b0\u1ee3c cung c\u1ea5p \u0111\u01b0\u1ee3c n\u00eau trong ph\u1ea7n m\u00f4 t\u1ea3. \u0110\u1ed1i v\u1edbi b\u1ea5t k\u1ef3 kh\u00e1ch h\u00e0ng n\u00e0o mu\u1ed1n g\u1eedi \u0111\u01a1n h\u00e0ng c\u1ee7a m\u00ecnh \u0111\u1ebfn NGI Singapore, s\u1ebd c\u00f3 th\u1eddi gian ch\u1edd giao h\u00e0ng \u01b0\u1edbc t\u00ednh kho\u1ea3ng 4 tu\u1ea7n \u0111\u1ec3 nh\u1eadn \u0111\u01b0\u1ee3c \u0111\u01a1n h\u00e0ng c\u1ee7a b\u1ea1n. <strong>Y\u00eau c\u1ea7u b\u00e1o c\u00e1o v\u1ec1 NGI Gemstone c\u1ea7n \u0111\u01b0\u1ee3c th\u1ef1c hi\u1ec7n b\u1eb1ng c\u00e1ch nh\u1eafn tin \u0111\u1ebfn c\u1eeda h\u00e0ng TikTok Yi Pin Qian.<\/strong> C\u1ea3m \u01a1n, <strong><u>\u00e1p d\u1ee5ng th\u00eam ph\u00ed<\/u><\/strong>.<\/p>","protected":false},"excerpt":{"rendered":"<p>N\u00e2ng cao v\u1ebb ngo\u00e0i h\u00e0ng ng\u00e0y c\u1ee7a b\u1ea1n v\u1edbi M\u1eb7t d\u00e2y chuy\u1ec1n Jadeite t\u1ef1 nhi\u00ean m\u00e0u xanh l\u00e1 c\u00e2y v\u00e0 n\u00e2u si\u00eau hi\u1ebfm lo\u1ea1i A tuy\u1ec7t \u0111\u1eb9p n\u00e0y. \u0110\u01b0\u1ee3c ch\u1ebf t\u00e1c theo h\u00ecnh d\u1ea1ng c\u1ee7a ng\u00f4, m\u1eb7t d\u00e2y chuy\u1ec1n n\u00e0y \u0111\u01b0\u1ee3c trang tr\u00ed b\u1eb1ng nh\u1eefng h\u00ecnh ch\u1ea1m kh\u1eafc tuy\u1ec7t \u0111\u1eb9p c\u1ee7a m\u1ed9t con b\u01b0\u1edbm, \u1ebfch, nh\u01b0 \u00fd v\u00e0 qu\u1ea3 b\u1ea7u t\u01b0\u1ee3ng tr\u01b0ng cho v\u1ebb \u0111\u1eb9p, s\u1ef1 th\u1ecbnh v\u01b0\u1ee3ng, an to\u00e0n v\u00e0 gi\u00e0u c\u00f3. Jadeite t\u1ef1 nhi\u00ean lo\u1ea1i A hi\u1ebfm: \u0110\u01b0\u1ee3c l\u00e0m t\u1eeb lo\u1ea1i A t\u1ef1 nhi\u00ean hi\u1ebfm [\u2026]<\/p>","protected":false},"featured_media":8082,"comment_status":"open","ping_status":"closed","template":"","meta":[],"product_brand":[],"product_cat":[195],"product_tag":[],"class_list":{"0":"post-1804","1":"product","2":"type-product","3":"status-publish","4":"has-post-thumbnail","6":"product_cat-heirloom-grade","8":"first","9":"instock","10":"sale","11":"shipping-taxable","12":"purchasable","13":"product-type-simple"},"_links":{"self":[{"href":"https:\/\/shop.yipinqian.com\/vi\/wp-json\/wp\/v2\/product\/1804","targetHints":{"allow":["GET"]}}],"collection":[{"href":"https:\/\/shop.yipinqian.com\/vi\/wp-json\/wp\/v2\/product"}],"about":[{"href":"https:\/\/shop.yipinqian.com\/vi\/wp-json\/wp\/v2\/types\/product"}],"replies":[{"embeddable":true,"href":"https:\/\/shop.yipinqian.com\/vi\/wp-json\/wp\/v2\/comments?post=1804"}],"version-history":[{"count":0,"href":"https:\/\/shop.yipinqian.com\/vi\/wp-json\/wp\/v2\/product\/1804\/revisions"}],"wp:featuredmedia":[{"embeddable":true,"href":"https:\/\/shop.yipinqian.com\/vi\/wp-json\/wp\/v2\/media\/8082"}],"wp:attachment":[{"href":"https:\/\/shop.yipinqian.com\/vi\/wp-json\/wp\/v2\/media?parent=1804"}],"wp:term":[{"taxonomy":"product_brand","embeddable":true,"href":"https:\/\/shop.yipinqian.com\/vi\/wp-json\/wp\/v2\/product_brand?post=1804"},{"taxonomy":"product_cat","embeddable":true,"href":"https:\/\/shop.yipinqian.com\/vi\/wp-json\/wp\/v2\/product_cat?post=1804"},{"taxonomy":"product_tag","embeddable":true,"href":"https:\/\/shop.yipinqian.com\/vi\/wp-json\/wp\/v2\/product_tag?post=1804"}],"curies":[{"name":"wp","href":"https:\/\/api.w.org\/{rel}","templated":true}]}}