{"id":1802,"date":"2024-10-24T23:22:36","date_gmt":"2024-10-24T15:22:36","guid":{"rendered":"https:\/\/shop.yipinqian.com\/product\/stunning-rare-brown-with-red-and-white-antique-style-pendant-necklace-natural-type-a-jadeite-with-certificate-included-weigh-33-71-grams-51-3-42-6-7-mm-engrave-with-chinese-word-ruyi-means-as-one-wish\/"},"modified":"2025-02-24T01:17:26","modified_gmt":"2025-02-23T17:17:26","slug":"stunning-rare-brown-with-red-and-white-antique-style-pendant-necklace-natural-type-a-jadeite-with-certificate-included-weigh-33-71-grams-51-3-42-6-7-mm-engrave-with-chinese-word-ruyi-means-as-one-wish","status":"publish","type":"product","link":"https:\/\/shop.yipinqian.com\/vi\/san-pham\/stunning-rare-brown-with-red-and-white-antique-style-pendant-necklace-natural-type-a-jadeite-with-certificate-included-weigh-33-71-grams-51-3-42-6-7-mm-engrave-with-chinese-word-ruyi-means-as-one-wish\/","title":{"rendered":"D\u00e2y chuy\u1ec1n m\u1eb7t d\u00e2y chuy\u1ec1n phong c\u00e1ch c\u1ed5 \u0111i\u1ec3n tuy\u1ec7t \u0111\u1eb9p m\u00e0u n\u00e2u v\u1edbi \u0111\u1ecf v\u00e0 tr\u1eafng, ng\u1ecdc b\u00edch lo\u1ea1i A t\u1ef1 nhi\u00ean c\u00f3 k\u00e8m gi\u1ea5y ch\u1ee9ng nh\u1eadn, n\u1eb7ng 33,71 gram, k\u00edch th\u01b0\u1edbc 51,3 * 42 * 6,7 mm, kh\u1eafc ch\u1eef ti\u1ebfng Trung Ruyi c\u00f3 ngh\u0129a l\u00e0 Theo \u00fd mu\u1ed1n, \u0111\u1ec3 \u0111eo h\u00e0ng ng\u00e0y (m\u1eb7t d\u00e2y chuy\u1ec1n27)"},"content":{"rendered":"<p>H\u00e3y \u0111\u1eafm m\u00ecnh trong v\u1ebb \u0111\u1eb9p c\u1ee7a chi\u1ebfc v\u00f2ng c\u1ed5 m\u1eb7t d\u00e2y chuy\u1ec1n phong c\u00e1ch c\u1ed5 \u0111i\u1ec3n tuy\u1ec7t \u0111\u1eb9p m\u00e0u n\u00e2u v\u1edbi \u0111\u1ecf v\u00e0 tr\u1eafng n\u00e0y \u0111\u01b0\u1ee3c l\u00e0m t\u1eeb ng\u1ecdc b\u00edch t\u1ef1 nhi\u00ean lo\u1ea1i A. N\u1eb7ng 33,71 gram v\u00e0 c\u00f3 k\u00edch th\u01b0\u1edbc 51,3 * 42 * 6,7 mm, chi\u1ebfc v\u00f2ng c\u1ed5 n\u00e0y \u0111i k\u00e8m v\u1edbi gi\u1ea5y ch\u1ee9ng nh\u1eadn x\u00e1c th\u1ef1c t\u1eeb Myanmar.<\/p>\n<ul>\n<li>\n<strong>Thi\u1ebft k\u1ebf theo phong c\u00e1ch c\u1ed5 \u0111i\u1ec3n:<\/strong> Chi\u1ebfc v\u00f2ng c\u1ed5 c\u00f3 m\u1eb7t d\u00e2y chuy\u1ec1n theo phong c\u00e1ch c\u1ed5 \u0111i\u1ec3n, mang \u0111\u1ebfn n\u00e9t quy\u1ebfn r\u0169 c\u1ed5 \u0111i\u1ec3n cho v\u1ebb ngo\u00e0i c\u1ee7a b\u1ea1n.<\/li>\n<li>\n<strong>Jadeite qu\u00fd hi\u1ebfm:<\/strong> \u0110\u00e1 Jadeite lo\u1ea1i A t\u1ef1 nhi\u00ean \u0111\u01b0\u1ee3c s\u1eed d\u1ee5ng trong m\u1eb7t d\u00e2y chuy\u1ec1n r\u1ea5t hi\u1ebfm v\u00e0 n\u1ed5i ti\u1ebfng v\u1edbi m\u00e0u s\u1eafc r\u1ef1c r\u1ee1.<\/li>\n<li>\n<strong>Kh\u1eafc Nh\u01b0 \u00dd:<\/strong>Ch\u1eef \u201cruyi\u201d trong ti\u1ebfng Trung c\u00f3 ngh\u0129a l\u00e0 \u201cNh\u01b0 \u00fd mu\u1ed1n, m\u1ecdi vi\u1ec7c \u0111\u1ec1u t\u1ed1t \u0111\u1eb9p\u201d \u0111\u01b0\u1ee3c kh\u1eafc tr\u00ean m\u1eb7t d\u00e2y chuy\u1ec1n, bi\u1ec3u t\u01b0\u1ee3ng c\u1ee7a s\u1ef1 may m\u1eafn v\u00e0 th\u1ecbnh v\u01b0\u1ee3ng.<\/li>\n<\/ul>\n<p>Chi\u1ebfc v\u00f2ng c\u1ed5 unisex n\u00e0y ho\u00e0n h\u1ea3o \u0111\u1ec3 \u0111eo h\u00e0ng ng\u00e0y v\u00ec c\u00f3 phong c\u00e1ch gi\u1ea3n d\u1ecb, ph\u00f9 h\u1ee3p v\u1edbi m\u1ecdi trang ph\u1ee5c.<\/p>\n<ul>\n<li><strong>Gi\u1ea5y ch\u1ee9ng nh\u1eadn \u0111i k\u00e8m: Gi\u1ea5y ch\u1ee9ng nh\u1eadn \u0111i k\u00e8m \u0111\u1ea3m b\u1ea3o b\u1ea1n \u0111ang nh\u1eadn \u0111\u01b0\u1ee3c ng\u1ecdc b\u00edch ch\u00ednh h\u00e3ng <\/strong><\/li>\n<\/ul>\n<p><strong>S\u1ed1 ch\u1ee9ng ch\u1ec9: GD2111H009128<\/strong><\/p>\n<p><img fetchpriority=\"high\" decoding=\"async\" height=\"1080\" src=\"https:\/\/shop.yipinqian.com\/wp-content\/uploads\/2024\/10\/28bed2b58d298d201ef6dbfd98057d1f.jpg?from=476444299\" width=\"1080\"><\/p>\n<ul>\n<li><strong>Kh\u00f4ng b\u1ea3o h\u00e0nh: S\u1ea3n ph\u1ea9m n\u00e0y kh\u00f4ng c\u00f3 b\u1ea5t k\u1ef3 ch\u1ebf \u0111\u1ed9 b\u1ea3o h\u00e0nh n\u00e0o nh\u01b0ng \u0111\u1eebng lo, s\u1ea3n ph\u1ea9m \u0111\u01b0\u1ee3c s\u1ea3n xu\u1ea5t \u0111\u1ec3 s\u1eed d\u1ee5ng l\u00e2u d\u00e0i!<\/strong><\/li>\n<\/ul>\n<p><strong>N\u00e2ng t\u1ea7m phong c\u00e1ch c\u1ee7a b\u1ea1n b\u1eb1ng c\u00e1ch th\u00eam D\u00e2y chuy\u1ec1n m\u1eb7t d\u00e2y chuy\u1ec1n phong c\u00e1ch c\u1ed5 \u0111i\u1ec3n m\u00e0u n\u00e2u v\u1edbi \u0111\u1ecf v\u00e0 tr\u1eafng tuy\u1ec7t \u0111\u1eb9p n\u00e0y v\u00e0o b\u1ed9 s\u01b0u t\u1eadp trang s\u1ee9c c\u1ee7a b\u1ea1n!<\/strong><\/p>\n<p>\u00a0<\/p>\n<p>Yi Pin Qian \u2013 Nh\u00e0 bu\u00f4n \u0111\u00e1 qu\u00fd v\u00e0 kim lo\u1ea1i qu\u00fd t\u1ea1i Singapore \u2013 S\u1ed1 gi\u1ea5y ph\u00e9p PS20190000031<\/p>\n<p>\u00a0<\/p>\n<p>*T\u1ea5t c\u1ea3 c\u00e1c lo\u1ea1i Jadeite \u0111\u01b0\u1ee3c mua t\u1eeb Yi Pin Qian t\u1ea1i Singapore, kh\u00e1ch h\u00e0ng c\u00f3 th\u1ec3 \u0111\u1eb7t l\u1ecbch \u0111\u00e1nh b\u00f3ng ho\u1eb7c s\u1eeda ch\u1eefa nh\u1ecf do x\u1eed l\u00fd sai c\u00e1ch \u2013 c\u00f3 t\u00ednh ph\u00ed v\u00e0 ch\u1ec9 d\u00e0nh cho kh\u00e1ch h\u00e0ng c\u1ee7a Yi Pin Qian t\u1ea1i Singapore*<\/p>\n<p>\u00a0<\/p>\n<p><strong>**C\u00e1c lo\u1ea1i ch\u1ee9ng ch\u1ec9**<\/strong><\/p>\n<p>\u00a0<\/p>\n<p><strong>NGI (C\u00f4ng ty \u0110\u00e1 qu\u00fd Nan Yang)<\/strong><\/p>\n<p>ho\u1eb7c <strong>Ch\u1ee9ng ch\u1ec9 n\u01b0\u1edbc ngo\u00e0i <\/strong>(Yi Pin Qian ch\u1ec9 s\u1eed d\u1ee5ng c\u00e1c ch\u1ee9ng ch\u1ec9 x\u00e1c th\u1ef1c t\u1eeb c\u00e1c ph\u00f2ng th\u00ed nghi\u1ec7m \u1edf n\u01b0\u1edbc ngo\u00e0i v\u00e0 ki\u1ec3m so\u00e1t ch\u1ea5t l\u01b0\u1ee3ng m\u1ecdi s\u1ea3n ph\u1ea9m c\u1ee7a ch\u00fang t\u00f4i tr\u01b0\u1edbc khi \u0111\u01b0a ch\u00fang ra b\u00e1n t\u1ea1i Singapore)<\/p>\n<p>\u00a0<\/p>\n<p>M\u1ed7i s\u1ea3n ph\u1ea9m tr\u00ean TikTok s\u1ebd c\u00f3 lo\u1ea1i ch\u1ee9ng ch\u1ec9 \u0111\u01b0\u1ee3c cung c\u1ea5p \u0111\u01b0\u1ee3c n\u00eau trong ph\u1ea7n m\u00f4 t\u1ea3. \u0110\u1ed1i v\u1edbi b\u1ea5t k\u1ef3 kh\u00e1ch h\u00e0ng n\u00e0o mu\u1ed1n g\u1eedi \u0111\u01a1n h\u00e0ng c\u1ee7a m\u00ecnh \u0111\u1ebfn NGI Singapore, s\u1ebd c\u00f3 th\u1eddi gian ch\u1edd giao h\u00e0ng \u01b0\u1edbc t\u00ednh kho\u1ea3ng 4 tu\u1ea7n \u0111\u1ec3 nh\u1eadn \u0111\u01b0\u1ee3c \u0111\u01a1n h\u00e0ng c\u1ee7a b\u1ea1n. <strong>Y\u00eau c\u1ea7u b\u00e1o c\u00e1o v\u1ec1 NGI Gemstone c\u1ea7n \u0111\u01b0\u1ee3c th\u1ef1c hi\u1ec7n b\u1eb1ng c\u00e1ch nh\u1eafn tin \u0111\u1ebfn c\u1eeda h\u00e0ng TikTok Yi Pin Qian.<\/strong> C\u1ea3m \u01a1n, <strong><u>\u00e1p d\u1ee5ng th\u00eam ph\u00ed<\/u><\/strong>.<\/p>\n<p>\u00a0<\/p>\n<p><strong>Jadeite t\u1ef1 nhi\u00ean kh\u00f4ng ho\u00e0n h\u1ea3o, ch\u1ec9 l\u00e0 m\u1ed9t l\u1eddi nh\u1eafc nh\u1edf nh\u1eb9 nh\u00e0ng, Jadeite t\u1ef1 nhi\u00ean c\u1ee7a ch\u00fang t\u00f4i, gi\u1ed1ng nh\u01b0 t\u1ea5t c\u1ea3 nh\u1eefng th\u1ee9 \u0111\u1eb9p \u0111\u1ebd trong t\u1ef1 nhi\u00ean, c\u00f3 nh\u1eefng \u0111\u1eb7c \u0111i\u1ec3m v\u00e0 bi\u1ebfn th\u1ec3 \u0111\u1ed9c \u0111\u00e1o. Ch\u00fang t\u00f4i m\u1eddi nh\u1eefng kh\u00e1ch h\u00e0ng c\u00f3 gi\u00e1 tr\u1ecb c\u1ee7a m\u00ecnh \u0111\u00f3n nh\u1eadn nh\u1eefng bi\u1ebfn th\u1ec3 t\u1ef1 nhi\u00ean n\u00e0y. Ch\u00fac b\u1ea1n mua s\u1eafm vui v\u1ebb!<\/strong><\/p>\n<p>\u00a0<\/p>\n<p><strong><u>Kh\u00f4ng c\u00f3 h\u00ecnh \u1ea3nh v\u00e0 c\u1ea3nh quay video n\u00e0o \u0111\u01b0\u1ee3c l\u1ecdc. Ch\u00fang t\u00f4i khuy\u1ebfn kh\u00edch kh\u00e1ch h\u00e0ng c\u1ee7a m\u00ecnh c\u0169ng xem c\u00e1c video \u0111i k\u00e8m \u0111\u1ec3 c\u00f3 c\u00e1i nh\u00ecn to\u00e0n di\u1ec7n h\u01a1n v\u1ec1 s\u1ea3n ph\u1ea9m c\u1ee7a ch\u00fang t\u00f4i<\/u><\/strong><\/p>","protected":false},"excerpt":{"rendered":"<p>H\u00e3y \u0111\u1eafm m\u00ecnh trong v\u1ebb \u0111\u1eb9p c\u1ee7a chi\u1ebfc v\u00f2ng c\u1ed5 m\u1eb7t d\u00e2y chuy\u1ec1n phong c\u00e1ch c\u1ed5 \u0111i\u1ec3n tuy\u1ec7t \u0111\u1eb9p m\u00e0u n\u00e2u v\u1edbi \u0111\u1ecf v\u00e0 tr\u1eafng n\u00e0y \u0111\u01b0\u1ee3c l\u00e0m t\u1eeb Jadeite lo\u1ea1i A t\u1ef1 nhi\u00ean. N\u1eb7ng 33,71 gram v\u00e0 c\u00f3 k\u00edch th\u01b0\u1edbc 51,3 * 42 * 6,7 mm, chi\u1ebfc v\u00f2ng c\u1ed5 n\u00e0y \u0111i k\u00e8m v\u1edbi gi\u1ea5y ch\u1ee9ng nh\u1eadn x\u00e1c th\u1ef1c t\u1eeb Myanmar. Thi\u1ebft k\u1ebf theo phong c\u00e1ch c\u1ed5 \u0111i\u1ec3n: Chi\u1ebfc v\u00f2ng c\u1ed5 c\u00f3 m\u1eb7t d\u00e2y chuy\u1ec1n theo phong c\u00e1ch c\u1ed5 \u0111i\u1ec3n t\u1ea1o th\u00eam [\u2026]<\/p>","protected":false},"featured_media":8055,"comment_status":"open","ping_status":"closed","template":"","meta":[],"product_brand":[],"product_cat":[195],"product_tag":[],"class_list":{"0":"post-1802","1":"product","2":"type-product","3":"status-publish","4":"has-post-thumbnail","6":"product_cat-heirloom-grade","8":"first","9":"instock","10":"sale","11":"shipping-taxable","12":"purchasable","13":"product-type-simple"},"_links":{"self":[{"href":"https:\/\/shop.yipinqian.com\/vi\/wp-json\/wp\/v2\/product\/1802","targetHints":{"allow":["GET"]}}],"collection":[{"href":"https:\/\/shop.yipinqian.com\/vi\/wp-json\/wp\/v2\/product"}],"about":[{"href":"https:\/\/shop.yipinqian.com\/vi\/wp-json\/wp\/v2\/types\/product"}],"replies":[{"embeddable":true,"href":"https:\/\/shop.yipinqian.com\/vi\/wp-json\/wp\/v2\/comments?post=1802"}],"version-history":[{"count":0,"href":"https:\/\/shop.yipinqian.com\/vi\/wp-json\/wp\/v2\/product\/1802\/revisions"}],"wp:featuredmedia":[{"embeddable":true,"href":"https:\/\/shop.yipinqian.com\/vi\/wp-json\/wp\/v2\/media\/8055"}],"wp:attachment":[{"href":"https:\/\/shop.yipinqian.com\/vi\/wp-json\/wp\/v2\/media?parent=1802"}],"wp:term":[{"taxonomy":"product_brand","embeddable":true,"href":"https:\/\/shop.yipinqian.com\/vi\/wp-json\/wp\/v2\/product_brand?post=1802"},{"taxonomy":"product_cat","embeddable":true,"href":"https:\/\/shop.yipinqian.com\/vi\/wp-json\/wp\/v2\/product_cat?post=1802"},{"taxonomy":"product_tag","embeddable":true,"href":"https:\/\/shop.yipinqian.com\/vi\/wp-json\/wp\/v2\/product_tag?post=1802"}],"curies":[{"name":"wp","href":"https:\/\/api.w.org\/{rel}","templated":true}]}}