{"id":1801,"date":"2024-10-24T23:22:35","date_gmt":"2024-10-24T15:22:35","guid":{"rendered":"https:\/\/shop.yipinqian.com\/product\/stunning-piece-of-natural-type-a-jadeite-pendant-necklace-crafted-with-nothing-symbols-of-peace-and-peace-everything-goes-well-with-gic-labs-approved-certificate-weigh-10-79-grams-35-5-18-3-8-8-mm-ver\/"},"modified":"2025-02-24T00:49:51","modified_gmt":"2025-02-23T16:49:51","slug":"stunning-piece-of-natural-type-a-jadeite-pendant-necklace-crafted-with-nothing-symbols-of-peace-and-peace-everything-goes-well-with-gic-labs-approved-certificate-weigh-10-79-grams-35-5-18-3-8-8-mm-ver","status":"publish","type":"product","link":"https:\/\/shop.yipinqian.com\/vi\/san-pham\/stunning-piece-of-natural-type-a-jadeite-pendant-necklace-crafted-with-nothing-symbols-of-peace-and-peace-everything-goes-well-with-gic-labs-approved-certificate-weigh-10-79-grams-35-5-18-3-8-8-mm-ver\/","title":{"rendered":"M\u1eb7t d\u00e2y chuy\u1ec1n b\u1eb1ng ng\u1ecdc b\u00edch lo\u1ea1i A t\u1ef1 nhi\u00ean tuy\u1ec7t \u0111\u1eb9p \u0111\u01b0\u1ee3c ch\u1ebf t\u00e1c m\u00e0 kh\u00f4ng c\u1ea7n b\u1ea5t k\u1ef3 v\u1eadt li\u1ec7u n\u00e0o, bi\u1ec3u t\u01b0\u1ee3ng c\u1ee7a H\u00f2a b\u00ecnh v\u00e0 y\u00ean b\u00ecnh, m\u1ecdi th\u1ee9 \u0111\u1ec1u \u1ed5n, c\u00f3 ch\u1ee9ng nh\u1eadn \u0111\u01b0\u1ee3c ph\u00f2ng th\u00ed nghi\u1ec7m QIC ch\u1ea5p thu\u1eadn, n\u1eb7ng 10,79 gram, 35,5 * 18,3 * 8,8 mm, r\u1ea5t ph\u00f9 h\u1ee3p \u0111\u1ec3 \u0111eo h\u00e0ng ng\u00e0y (m\u1eb7t d\u00e2y chuy\u1ec1n39)"},"content":{"rendered":"<p>Chi\u1ebfc v\u00f2ng c\u1ed5 m\u1eb7t d\u00e2y chuy\u1ec1n b\u1eb1ng ng\u1ecdc b\u00edch t\u1ef1 nhi\u00ean lo\u1ea1i A tuy\u1ec7t \u0111\u1eb9p n\u00e0y l\u00e0 s\u1ef1 b\u1ed5 sung ho\u00e0n h\u1ea3o cho b\u1ed9 s\u01b0u t\u1eadp trang s\u1ee9c c\u1ee7a b\u1ea1n. M\u1eb7t d\u00e2y chuy\u1ec1n ng\u1ecdc b\u00edch tuy\u1ec7t \u0111\u1eb9p n\u00e0y \u0111\u01b0\u1ee3c ch\u1ebf t\u00e1c v\u1edbi bi\u1ec3u t\u01b0\u1ee3ng c\u1ee7a H\u00f2a b\u00ecnh v\u00e0 s\u1ef1 h\u00f2a h\u1ee3p, khi\u1ebfn n\u00f3 tr\u1edf th\u00e0nh l\u1ef1a ch\u1ecdn ho\u00e0n h\u1ea3o \u0111\u1ec3 \u0111eo h\u00e0ng ng\u00e0y ho\u1eb7c s\u01b0u t\u1eadp.<\/p>\n<ul>\n<li><strong>Bi\u1ec3u t\u01b0\u1ee3ng c\u1ee7a h\u00f2a b\u00ecnh:<\/strong> M\u1eb7t d\u00e2y chuy\u1ec1n \u0111\u01b0\u1ee3c ch\u1ebf t\u00e1c v\u1edbi bi\u1ec3u t\u01b0\u1ee3ng c\u1ee7a h\u00f2a b\u00ecnh v\u00e0 s\u1ef1 h\u00f2a h\u1ee3p, l\u00e0 s\u1ef1 l\u1ef1a ch\u1ecdn ho\u00e0n h\u1ea3o cho nh\u1eefng ai coi tr\u1ecdng h\u00f2a b\u00ecnh.<\/li>\n<li><strong>Gi\u1ea5y ch\u1ee9ng nh\u1eadn \u0111\u01b0\u1ee3c QIC Labs ch\u1ea5p thu\u1eadn:<\/strong> V\u1edbi ch\u1ee9ng ch\u1ec9 \u0111\u01b0\u1ee3c ph\u00f2ng th\u00ed nghi\u1ec7m QIC ch\u1ea5p thu\u1eadn, b\u1ea1n c\u00f3 th\u1ec3 ch\u1eafc ch\u1eafn r\u1eb1ng b\u1ea1n \u0111ang mua \u0111\u01b0\u1ee3c s\u1ea3n ph\u1ea9m ch\u00ednh h\u00e3ng.<\/li>\n<\/ul>\n<p><strong>S\u1ed1 ch\u1ee9ng ch\u1ec9: 5824030101469<\/strong><\/p>\n<p><img fetchpriority=\"high\" decoding=\"async\" src=\"https:\/\/shop.yipinqian.com\/wp-content\/uploads\/2024\/10\/93a91d90c980e2732207d83bf4603b8e.jpg?from=476444299\" width=\"1080\" height=\"1080\" \/><\/p>\n<ul>\n<li><strong>Jadeite t\u1ef1 nhi\u00ean lo\u1ea1i A:<\/strong> \u0110\u01b0\u1ee3c l\u00e0m t\u1eeb \u0111\u00e1 ng\u1ecdc b\u00edch lo\u1ea1i A t\u1ef1 nhi\u00ean, chi\u1ebfc v\u00f2ng c\u1ed5 n\u00e0y c\u00f3 v\u1ebb ngo\u00e0i tinh t\u1ebf gi\u00fap t\u00f4n l\u00ean v\u1ebb \u0111\u1eb9p c\u1ee7a b\u1ea1n.<\/li>\n<\/ul>\n<p>Chi\u1ebfc v\u00f2ng c\u1ed5 n\u00e0y n\u1eb7ng 10,79 gram, nh\u1eb9 v\u00e0 tho\u1ea3i m\u00e1i khi \u0111eo c\u1ea3 ng\u00e0y. K\u00edch th\u01b0\u1edbc l\u00e0 35,5 * 18,3 * 8,8 mm, ph\u00f9 h\u1ee3p v\u1edbi c\u1ea3 nam v\u00e0 n\u1eef th\u00edch phong c\u00e1ch trang s\u1ee9c gi\u1ea3n d\u1ecb.<\/p>\n<ul>\n<li><strong>Ki\u1ec3u v\u00f2ng c\u1ed5 th\u01b0\u1eddng ng\u00e0y: <\/strong>Ki\u1ec3u d\u00e1ng v\u00f2ng c\u1ed5 gi\u1ea3n d\u1ecb khi\u1ebfn m\u1eb7t d\u00e2y chuy\u1ec1n n\u00e0y ph\u00f9 h\u1ee3p \u0111\u1ec3 \u0111eo h\u00e0ng ng\u00e0y ho\u1eb7c nh\u1eefng d\u1ecbp kh\u00f4ng trang tr\u1ecdng<\/li>\n<li><strong>S\u1ea3n xu\u1ea5t t\u1ea1i Myanmar: <\/strong>Chi\u1ebfc v\u00f2ng c\u1ed5 tuy\u1ec7t \u0111\u1eb9p n\u00e0y \u0111\u1ebfn t\u1eeb Myanmar, \u0111\u01b0\u1ee3c m\u1ec7nh danh l\u00e0 v\u00f9ng \u0111\u1ea5t ng\u1ecdc b\u00edch \u1edf Ch\u00e2u \u00c1, \u0111\u1ea3m b\u1ea3o t\u00ednh x\u00e1c th\u1ef1c c\u1ee7a n\u00f3<\/li>\n<li>Chi\u1ebfc v\u00f2ng c\u1ed5 m\u1eb7t d\u00e2y chuy\u1ec1n b\u1eb1ng ng\u1ecdc b\u00edch lo\u1ea1i A t\u1ef1 nhi\u00ean tuy\u1ec7t \u0111\u1eb9p n\u00e0y c\u00f3 ch\u1ee9ng ch\u1ec9 \u0111\u01b0\u1ee3c ph\u00f2ng th\u00ed nghi\u1ec7m GIC ch\u1ea5p thu\u1eadn, kh\u00f4ng c\u00f3 lo\u1ea1i b\u1ea3o h\u00e0nh nh\u01b0ng v\u1ebb \u0111\u1eb9p c\u1ee7a n\u00f3 s\u1ebd t\u1ed3n t\u1ea1i m\u00e3i m\u00e3i nh\u01b0 m\u1ed9t v\u1eadt s\u1edf h\u1eefu qu\u00fd gi\u00e1 trong b\u1ea5t k\u1ef3 d\u1ecbp n\u00e0o ho\u1eb7c trang ph\u1ee5c n\u00e0o b\u1ea5t k\u1ec3 gi\u1edbi t\u00ednh.<\/li>\n<\/ul>\n<p>Yi Pin Qian \u2013 Nh\u00e0 bu\u00f4n \u0111\u00e1 qu\u00fd v\u00e0 kim lo\u1ea1i qu\u00fd t\u1ea1i Singapore \u2013 S\u1ed1 gi\u1ea5y ph\u00e9p PS20190000031<\/p>\n<p>\u00a0<\/p>\n<p>*T\u1ea5t c\u1ea3 c\u00e1c lo\u1ea1i Jadeite \u0111\u01b0\u1ee3c mua t\u1eeb Yi Pin Qian t\u1ea1i Singapore, kh\u00e1ch h\u00e0ng c\u00f3 th\u1ec3 \u0111\u1eb7t l\u1ecbch \u0111\u00e1nh b\u00f3ng ho\u1eb7c s\u1eeda ch\u1eefa nh\u1ecf do x\u1eed l\u00fd sai c\u00e1ch \u2013 c\u00f3 t\u00ednh ph\u00ed v\u00e0 ch\u1ec9 d\u00e0nh cho kh\u00e1ch h\u00e0ng c\u1ee7a Yi Pin Qian t\u1ea1i Singapore*<\/p>\n<p>\u00a0<\/p>\n<p><strong>**C\u00e1c lo\u1ea1i ch\u1ee9ng ch\u1ec9**<\/strong><\/p>\n<p>\u00a0<\/p>\n<p><strong>NGI (C\u00f4ng ty \u0110\u00e1 qu\u00fd Nan Yang)<\/strong><\/p>\n<p>ho\u1eb7c <strong>Ch\u1ee9ng ch\u1ec9 n\u01b0\u1edbc ngo\u00e0i <\/strong>(Yi Pin Qian ch\u1ec9 s\u1eed d\u1ee5ng c\u00e1c ch\u1ee9ng ch\u1ec9 x\u00e1c th\u1ef1c t\u1eeb c\u00e1c ph\u00f2ng th\u00ed nghi\u1ec7m \u1edf n\u01b0\u1edbc ngo\u00e0i v\u00e0 ki\u1ec3m so\u00e1t ch\u1ea5t l\u01b0\u1ee3ng m\u1ecdi s\u1ea3n ph\u1ea9m c\u1ee7a ch\u00fang t\u00f4i tr\u01b0\u1edbc khi \u0111\u01b0a ch\u00fang ra b\u00e1n t\u1ea1i Singapore)<\/p>\n<p>\u00a0<\/p>\n<p>M\u1ed7i s\u1ea3n ph\u1ea9m tr\u00ean TikTok s\u1ebd c\u00f3 lo\u1ea1i ch\u1ee9ng ch\u1ec9 \u0111\u01b0\u1ee3c cung c\u1ea5p \u0111\u01b0\u1ee3c n\u00eau trong ph\u1ea7n m\u00f4 t\u1ea3. \u0110\u1ed1i v\u1edbi b\u1ea5t k\u1ef3 kh\u00e1ch h\u00e0ng n\u00e0o mu\u1ed1n g\u1eedi \u0111\u01a1n h\u00e0ng c\u1ee7a m\u00ecnh \u0111\u1ebfn NGI Singapore, s\u1ebd c\u00f3 th\u1eddi gian ch\u1edd giao h\u00e0ng \u01b0\u1edbc t\u00ednh kho\u1ea3ng 4 tu\u1ea7n \u0111\u1ec3 nh\u1eadn \u0111\u01b0\u1ee3c \u0111\u01a1n h\u00e0ng c\u1ee7a b\u1ea1n. <strong>Y\u00eau c\u1ea7u b\u00e1o c\u00e1o v\u1ec1 NGI Gemstone c\u1ea7n \u0111\u01b0\u1ee3c th\u1ef1c hi\u1ec7n b\u1eb1ng c\u00e1ch nh\u1eafn tin \u0111\u1ebfn c\u1eeda h\u00e0ng TikTok Yi Pin Qian.<\/strong> C\u1ea3m \u01a1n, <strong><u>\u00e1p d\u1ee5ng th\u00eam ph\u00ed<\/u><\/strong>.<\/p>\n<p>\u00a0<\/p>\n<p><strong>Jadeite t\u1ef1 nhi\u00ean kh\u00f4ng ho\u00e0n h\u1ea3o, ch\u1ec9 l\u00e0 m\u1ed9t l\u1eddi nh\u1eafc nh\u1edf nh\u1eb9 nh\u00e0ng, Jadeite t\u1ef1 nhi\u00ean c\u1ee7a ch\u00fang t\u00f4i, gi\u1ed1ng nh\u01b0 t\u1ea5t c\u1ea3 nh\u1eefng th\u1ee9 \u0111\u1eb9p \u0111\u1ebd trong t\u1ef1 nhi\u00ean, c\u00f3 nh\u1eefng \u0111\u1eb7c \u0111i\u1ec3m v\u00e0 bi\u1ebfn th\u1ec3 \u0111\u1ed9c \u0111\u00e1o. Ch\u00fang t\u00f4i m\u1eddi nh\u1eefng kh\u00e1ch h\u00e0ng c\u00f3 gi\u00e1 tr\u1ecb c\u1ee7a m\u00ecnh \u0111\u00f3n nh\u1eadn nh\u1eefng bi\u1ebfn th\u1ec3 t\u1ef1 nhi\u00ean n\u00e0y. Ch\u00fac b\u1ea1n mua s\u1eafm vui v\u1ebb!<\/strong><\/p>\n<p>\u00a0<\/p>\n<p><strong><u>Kh\u00f4ng c\u00f3 h\u00ecnh \u1ea3nh v\u00e0 c\u1ea3nh quay video n\u00e0o \u0111\u01b0\u1ee3c l\u1ecdc. Ch\u00fang t\u00f4i khuy\u1ebfn kh\u00edch kh\u00e1ch h\u00e0ng c\u1ee7a m\u00ecnh c\u0169ng xem c\u00e1c video \u0111i k\u00e8m \u0111\u1ec3 c\u00f3 c\u00e1i nh\u00ecn to\u00e0n di\u1ec7n h\u01a1n v\u1ec1 s\u1ea3n ph\u1ea9m c\u1ee7a ch\u00fang t\u00f4i<\/u><\/strong><\/p>","protected":false},"excerpt":{"rendered":"<p>Chi\u1ebfc v\u00f2ng c\u1ed5 m\u1eb7t d\u00e2y chuy\u1ec1n b\u1eb1ng ng\u1ecdc b\u00edch t\u1ef1 nhi\u00ean lo\u1ea1i A tuy\u1ec7t \u0111\u1eb9p n\u00e0y l\u00e0 s\u1ef1 b\u1ed5 sung ho\u00e0n h\u1ea3o cho b\u1ed9 s\u01b0u t\u1eadp trang s\u1ee9c c\u1ee7a b\u1ea1n. M\u1eb7t d\u00e2y chuy\u1ec1n ng\u1ecdc b\u00edch tuy\u1ec7t \u0111\u1eb9p n\u00e0y \u0111\u01b0\u1ee3c ch\u1ebf t\u00e1c v\u1edbi c\u00e1c bi\u1ec3u t\u01b0\u1ee3ng c\u1ee7a H\u00f2a b\u00ecnh v\u00e0 s\u1ef1 h\u00f2a h\u1ee3p, khi\u1ebfn n\u00f3 tr\u1edf th\u00e0nh l\u1ef1a ch\u1ecdn ho\u00e0n h\u1ea3o \u0111\u1ec3 \u0111eo h\u00e0ng ng\u00e0y ho\u1eb7c s\u01b0u t\u1eadp. Bi\u1ec3u t\u01b0\u1ee3ng c\u1ee7a H\u00f2a b\u00ecnh: M\u1eb7t d\u00e2y chuy\u1ec1n \u0111\u01b0\u1ee3c ch\u1ebf t\u00e1c v\u1edbi c\u00e1c bi\u1ec3u t\u01b0\u1ee3ng c\u1ee7a h\u00f2a b\u00ecnh v\u00e0 s\u1ef1 h\u00f2a h\u1ee3p, [\u2026]<\/p>","protected":false},"featured_media":8045,"comment_status":"open","ping_status":"closed","template":"","meta":[],"product_brand":[],"product_cat":[194],"product_tag":[],"class_list":{"0":"post-1801","1":"product","2":"type-product","3":"status-publish","4":"has-post-thumbnail","6":"product_cat-value-picks","8":"first","9":"instock","10":"sale","11":"shipping-taxable","12":"purchasable","13":"product-type-simple"},"_links":{"self":[{"href":"https:\/\/shop.yipinqian.com\/vi\/wp-json\/wp\/v2\/product\/1801","targetHints":{"allow":["GET"]}}],"collection":[{"href":"https:\/\/shop.yipinqian.com\/vi\/wp-json\/wp\/v2\/product"}],"about":[{"href":"https:\/\/shop.yipinqian.com\/vi\/wp-json\/wp\/v2\/types\/product"}],"replies":[{"embeddable":true,"href":"https:\/\/shop.yipinqian.com\/vi\/wp-json\/wp\/v2\/comments?post=1801"}],"version-history":[{"count":0,"href":"https:\/\/shop.yipinqian.com\/vi\/wp-json\/wp\/v2\/product\/1801\/revisions"}],"wp:featuredmedia":[{"embeddable":true,"href":"https:\/\/shop.yipinqian.com\/vi\/wp-json\/wp\/v2\/media\/8045"}],"wp:attachment":[{"href":"https:\/\/shop.yipinqian.com\/vi\/wp-json\/wp\/v2\/media?parent=1801"}],"wp:term":[{"taxonomy":"product_brand","embeddable":true,"href":"https:\/\/shop.yipinqian.com\/vi\/wp-json\/wp\/v2\/product_brand?post=1801"},{"taxonomy":"product_cat","embeddable":true,"href":"https:\/\/shop.yipinqian.com\/vi\/wp-json\/wp\/v2\/product_cat?post=1801"},{"taxonomy":"product_tag","embeddable":true,"href":"https:\/\/shop.yipinqian.com\/vi\/wp-json\/wp\/v2\/product_tag?post=1801"}],"curies":[{"name":"wp","href":"https:\/\/api.w.org\/{rel}","templated":true}]}}