{"id":1799,"date":"2024-10-24T23:22:34","date_gmt":"2024-10-24T15:22:34","guid":{"rendered":"https:\/\/shop.yipinqian.com\/product\/stunning-30-spicy-green-5-9-mm-beads-natural-type-a-jadeite-bracelet-special-mid-year-offer-with-gic-labs-approved-certificate-weigh-10-52-grams-suitable-for-daily-wear-to-work-or-leisure-bracelet4\/"},"modified":"2025-02-24T00:49:51","modified_gmt":"2025-02-23T16:49:51","slug":"stunning-30-spicy-green-5-9-mm-beads-natural-type-a-jadeite-bracelet-special-mid-year-offer-with-gic-labs-approved-certificate-weigh-10-52-grams-suitable-for-daily-wear-to-work-or-leisure-bracelet4","status":"publish","type":"product","link":"https:\/\/shop.yipinqian.com\/vi\/san-pham\/stunning-30-spicy-green-5-9-mm-beads-natural-type-a-jadeite-bracelet-special-mid-year-offer-with-gic-labs-approved-certificate-weigh-10-52-grams-suitable-for-daily-wear-to-work-or-leisure-bracelet4\/","title":{"rendered":"V\u00f2ng tay ng\u1ecdc b\u00edch t\u1ef1 nhi\u00ean lo\u1ea1i A 30 h\u1ea1t m\u00e0u xanh l\u00e1 c\u00e2y cay n\u1ed3ng 5,9 mm Khuy\u1ebfn m\u1ea1i \u0111\u1eb7c bi\u1ec7t gi\u1eefa n\u0103m c\u00f3 ch\u1ee9ng nh\u1eadn \u0111\u01b0\u1ee3c ph\u00f2ng th\u00ed nghi\u1ec7m QIC ch\u1ea5p thu\u1eadn n\u1eb7ng 10,52 gram, ph\u00f9 h\u1ee3p \u0111\u1ec3 \u0111eo h\u00e0ng ng\u00e0y khi \u0111i l\u00e0m ho\u1eb7c gi\u1ea3i tr\u00ed (bracelet4)"},"content":{"rendered":"<p>Chi\u1ebfc v\u00f2ng tay Jadeite t\u1ef1 nhi\u00ean lo\u1ea1i A tuy\u1ec7t \u0111\u1eb9p n\u00e0y ho\u00e0n h\u1ea3o \u0111\u1ec3 \u0111eo h\u00e0ng ng\u00e0y khi \u0111i l\u00e0m ho\u1eb7c gi\u1ea3i tr\u00ed. V\u1edbi 30 m\u00e0u xanh l\u00e1 c\u00e2y cay <strong>5,9mm<\/strong> h\u1ea1t, n\u00f3 n\u1eb7ng t\u1ed5ng c\u1ed9ng <strong>10,52 gam<\/strong>, l\u00e0m cho n\u00f3 nh\u1eb9 v\u00e0 tho\u1ea3i m\u00e1i khi \u0111eo.<\/p>\n<ul>\n<li>Thi\u1ebft k\u1ebf \u0111\u1eb9p m\u1eaft: Chi\u1ebfc v\u00f2ng tay c\u00f3 thi\u1ebft k\u1ebf tinh x\u1ea3o v\u00e0 th\u1eddi trang, l\u00e0m n\u1ed5i b\u1eadt m\u1ecdi trang ph\u1ee5c.<\/li>\n<li>Gi\u1ea5y ch\u1ee9ng nh\u1eadn \u0111\u01b0\u1ee3c QIC Labs ch\u1ea5p thu\u1eadn: Chi\u1ebfc v\u00f2ng tay n\u00e0y c\u00f3 gi\u1ea5y ch\u1ee9ng nh\u1eadn \u0111\u01b0\u1ee3c QIC Labs ch\u1ea5p thu\u1eadn, \u0111\u1ea3m b\u1ea3o r\u1eb1ng b\u1ea1n s\u1ebd nh\u1eadn \u0111\u01b0\u1ee3c m\u1ed9t m\u00f3n \u0111\u1ed3 trang s\u1ee9c ch\u1ea5t l\u01b0\u1ee3ng cao.<\/li>\n<\/ul>\n<p><strong>S\u1ed1 ch\u1ee9ng ch\u1ec9: 5924032407968<\/strong><\/p>\n<p><img fetchpriority=\"high\" decoding=\"async\" src=\"https:\/\/shop.yipinqian.com\/wp-content\/uploads\/2024\/10\/1b8b90c9ce891a0ff05906f1b32493d8.jpg?from=476444299\" width=\"1080\" height=\"1080\" \/><\/p>\n<ul>\n<li>Th\u00edch h\u1ee3p \u0111\u1ec3 \u0111eo h\u00e0ng ng\u00e0y: Chi\u1ebfc v\u00f2ng tay n\u00e0y ho\u00e0n h\u1ea3o \u0111\u1ec3 \u0111eo h\u00e0ng ng\u00e0y khi \u0111i l\u00e0m ho\u1eb7c gi\u1ea3i tr\u00ed nh\u1edd thi\u1ebft k\u1ebf nh\u1eb9 v\u00e0 \u0111\u1ed9 b\u1ec1n.<\/li>\n<\/ul>\n<p>V\u1edbi thi\u1ebft k\u1ebf unisex, V\u00f2ng tay Jadeite n\u00e0y l\u00e0 m\u00f3n qu\u00e0 ho\u00e0n h\u1ea3o cho ch\u00ednh b\u1ea1n ho\u1eb7c m\u1ed9t ng\u01b0\u1eddi \u0111\u1eb7c bi\u1ec7t trong cu\u1ed9c s\u1ed1ng c\u1ee7a b\u1ea1n. S\u1ea3n ph\u1ea9m \u0111\u01b0\u1ee3c s\u1ea3n xu\u1ea5t t\u1ea1i Myanmar v\u00e0 \u0111i k\u00e8m gi\u1ea5y ch\u1ee9ng nh\u1eadn x\u00e1c nh\u1eadn lo\u1ea1i Jadeite t\u1ef1 nhi\u00ean lo\u1ea1i A \u0111\u01b0\u1ee3c s\u1eed d\u1ee5ng \u0111\u1ec3 ch\u1ebf t\u00e1c ph\u1ee5 ki\u1ec7n trang s\u1ee9c n\u00e0y. Xin l\u01b0u \u00fd r\u1eb1ng s\u1ea3n ph\u1ea9m n\u00e0y kh\u00f4ng \u0111i k\u00e8m v\u1edbi b\u1ea5t k\u1ef3 lo\u1ea1i b\u1ea3o h\u00e0nh n\u00e0o do nh\u00e0 s\u1ea3n xu\u1ea5t cung c\u1ea5p.<\/p>\n<p>\u00a0<\/p>\n<p>Yi Pin Qian \u2013 Nh\u00e0 bu\u00f4n \u0111\u00e1 qu\u00fd v\u00e0 kim lo\u1ea1i qu\u00fd t\u1ea1i Singapore \u2013 S\u1ed1 gi\u1ea5y ph\u00e9p PS20190000031<\/p>\n<p>\u00a0<\/p>\n<p>*T\u1ea5t c\u1ea3 c\u00e1c lo\u1ea1i Jadeite \u0111\u01b0\u1ee3c mua t\u1eeb Yi Pin Qian t\u1ea1i Singapore, kh\u00e1ch h\u00e0ng c\u00f3 th\u1ec3 \u0111\u1eb7t l\u1ecbch \u0111\u00e1nh b\u00f3ng ho\u1eb7c s\u1eeda ch\u1eefa nh\u1ecf do x\u1eed l\u00fd sai c\u00e1ch \u2013 c\u00f3 t\u00ednh ph\u00ed v\u00e0 ch\u1ec9 d\u00e0nh cho kh\u00e1ch h\u00e0ng c\u1ee7a Yi Pin Qian t\u1ea1i Singapore*<\/p>\n<p>\u00a0<\/p>\n<p><strong>**C\u00e1c lo\u1ea1i ch\u1ee9ng ch\u1ec9**<\/strong><\/p>\n<p>\u00a0<\/p>\n<p><strong>NGI (C\u00f4ng ty \u0110\u00e1 qu\u00fd Nan Yang)<\/strong><\/p>\n<p>ho\u1eb7c <strong>Ch\u1ee9ng ch\u1ec9 n\u01b0\u1edbc ngo\u00e0i <\/strong>(Yi Pin Qian ch\u1ec9 s\u1eed d\u1ee5ng c\u00e1c ch\u1ee9ng ch\u1ec9 x\u00e1c th\u1ef1c t\u1eeb c\u00e1c ph\u00f2ng th\u00ed nghi\u1ec7m \u1edf n\u01b0\u1edbc ngo\u00e0i v\u00e0 ki\u1ec3m so\u00e1t ch\u1ea5t l\u01b0\u1ee3ng m\u1ecdi s\u1ea3n ph\u1ea9m c\u1ee7a ch\u00fang t\u00f4i tr\u01b0\u1edbc khi \u0111\u01b0a ch\u00fang ra b\u00e1n t\u1ea1i Singapore)<\/p>\n<p>\u00a0<\/p>\n<p>M\u1ed7i s\u1ea3n ph\u1ea9m tr\u00ean TikTok s\u1ebd c\u00f3 lo\u1ea1i ch\u1ee9ng ch\u1ec9 \u0111\u01b0\u1ee3c cung c\u1ea5p \u0111\u01b0\u1ee3c n\u00eau trong ph\u1ea7n m\u00f4 t\u1ea3. \u0110\u1ed1i v\u1edbi b\u1ea5t k\u1ef3 kh\u00e1ch h\u00e0ng n\u00e0o mu\u1ed1n g\u1eedi \u0111\u01a1n h\u00e0ng c\u1ee7a m\u00ecnh \u0111\u1ebfn NGI Singapore, s\u1ebd c\u00f3 th\u1eddi gian ch\u1edd giao h\u00e0ng \u01b0\u1edbc t\u00ednh kho\u1ea3ng 4 tu\u1ea7n \u0111\u1ec3 nh\u1eadn \u0111\u01b0\u1ee3c \u0111\u01a1n h\u00e0ng c\u1ee7a b\u1ea1n. <strong>Y\u00eau c\u1ea7u b\u00e1o c\u00e1o v\u1ec1 NGI Gemstone c\u1ea7n \u0111\u01b0\u1ee3c th\u1ef1c hi\u1ec7n b\u1eb1ng c\u00e1ch nh\u1eafn tin \u0111\u1ebfn c\u1eeda h\u00e0ng TikTok Yi Pin Qian.<\/strong> C\u1ea3m \u01a1n, <strong><u>\u00e1p d\u1ee5ng th\u00eam ph\u00ed<\/u><\/strong>.<\/p>\n<p>\u00a0<\/p>\n<p><strong>Jadeite t\u1ef1 nhi\u00ean kh\u00f4ng ho\u00e0n h\u1ea3o, ch\u1ec9 l\u00e0 m\u1ed9t l\u1eddi nh\u1eafc nh\u1edf nh\u1eb9 nh\u00e0ng, Jadeite t\u1ef1 nhi\u00ean c\u1ee7a ch\u00fang t\u00f4i, gi\u1ed1ng nh\u01b0 t\u1ea5t c\u1ea3 nh\u1eefng th\u1ee9 \u0111\u1eb9p \u0111\u1ebd trong t\u1ef1 nhi\u00ean, c\u00f3 nh\u1eefng \u0111\u1eb7c \u0111i\u1ec3m v\u00e0 bi\u1ebfn th\u1ec3 \u0111\u1ed9c \u0111\u00e1o. Ch\u00fang t\u00f4i m\u1eddi nh\u1eefng kh\u00e1ch h\u00e0ng c\u00f3 gi\u00e1 tr\u1ecb c\u1ee7a m\u00ecnh \u0111\u00f3n nh\u1eadn nh\u1eefng bi\u1ebfn th\u1ec3 t\u1ef1 nhi\u00ean n\u00e0y. Ch\u00fac b\u1ea1n mua s\u1eafm vui v\u1ebb!<\/strong><\/p>\n<p>\u00a0<\/p>\n<p><strong><u>Kh\u00f4ng c\u00f3 h\u00ecnh \u1ea3nh v\u00e0 c\u1ea3nh quay video n\u00e0o \u0111\u01b0\u1ee3c l\u1ecdc. Ch\u00fang t\u00f4i khuy\u1ebfn kh\u00edch kh\u00e1ch h\u00e0ng c\u1ee7a m\u00ecnh c\u0169ng xem c\u00e1c video \u0111i k\u00e8m \u0111\u1ec3 c\u00f3 c\u00e1i nh\u00ecn to\u00e0n di\u1ec7n h\u01a1n v\u1ec1 s\u1ea3n ph\u1ea9m c\u1ee7a ch\u00fang t\u00f4i<\/u><\/strong><\/p>","protected":false},"excerpt":{"rendered":"<p>Chi\u1ebfc v\u00f2ng tay Jadeite t\u1ef1 nhi\u00ean lo\u1ea1i A tuy\u1ec7t \u0111\u1eb9p n\u00e0y ho\u00e0n h\u1ea3o \u0111\u1ec3 \u0111eo h\u00e0ng ng\u00e0y khi \u0111i l\u00e0m ho\u1eb7c gi\u1ea3i tr\u00ed. V\u1edbi 30 h\u1ea1t m\u00e0u xanh l\u00e1 c\u00e2y cay 5,9 mm, t\u1ed5ng tr\u1ecdng l\u01b0\u1ee3ng l\u00e0 10,52 gram, gi\u00fap \u0111eo nh\u1eb9 v\u00e0 tho\u1ea3i m\u00e1i. Thi\u1ebft k\u1ebf \u0111\u1eb9p: Chi\u1ebfc v\u00f2ng tay c\u00f3 tay ngh\u1ec1 th\u1ee7 c\u00f4ng tinh x\u1ea3o v\u00e0 thi\u1ebft k\u1ebf th\u1eddi trang s\u1ebd l\u00e0m n\u1ed5i b\u1eadt b\u1ea5t k\u1ef3 trang ph\u1ee5c n\u00e0o. \u0110\u01b0\u1ee3c QIC Labs ch\u1ea5p thu\u1eadn [\u2026]<\/p>","protected":false},"featured_media":8035,"comment_status":"open","ping_status":"closed","template":"","meta":[],"product_brand":[],"product_cat":[194],"product_tag":[],"class_list":{"0":"post-1799","1":"product","2":"type-product","3":"status-publish","4":"has-post-thumbnail","6":"product_cat-value-picks","8":"first","9":"instock","10":"sale","11":"shipping-taxable","12":"purchasable","13":"product-type-simple"},"_links":{"self":[{"href":"https:\/\/shop.yipinqian.com\/vi\/wp-json\/wp\/v2\/product\/1799","targetHints":{"allow":["GET"]}}],"collection":[{"href":"https:\/\/shop.yipinqian.com\/vi\/wp-json\/wp\/v2\/product"}],"about":[{"href":"https:\/\/shop.yipinqian.com\/vi\/wp-json\/wp\/v2\/types\/product"}],"replies":[{"embeddable":true,"href":"https:\/\/shop.yipinqian.com\/vi\/wp-json\/wp\/v2\/comments?post=1799"}],"version-history":[{"count":0,"href":"https:\/\/shop.yipinqian.com\/vi\/wp-json\/wp\/v2\/product\/1799\/revisions"}],"wp:featuredmedia":[{"embeddable":true,"href":"https:\/\/shop.yipinqian.com\/vi\/wp-json\/wp\/v2\/media\/8035"}],"wp:attachment":[{"href":"https:\/\/shop.yipinqian.com\/vi\/wp-json\/wp\/v2\/media?parent=1799"}],"wp:term":[{"taxonomy":"product_brand","embeddable":true,"href":"https:\/\/shop.yipinqian.com\/vi\/wp-json\/wp\/v2\/product_brand?post=1799"},{"taxonomy":"product_cat","embeddable":true,"href":"https:\/\/shop.yipinqian.com\/vi\/wp-json\/wp\/v2\/product_cat?post=1799"},{"taxonomy":"product_tag","embeddable":true,"href":"https:\/\/shop.yipinqian.com\/vi\/wp-json\/wp\/v2\/product_tag?post=1799"}],"curies":[{"name":"wp","href":"https:\/\/api.w.org\/{rel}","templated":true}]}}