{"id":1797,"date":"2024-10-24T23:22:32","date_gmt":"2024-10-24T15:22:32","guid":{"rendered":"https:\/\/shop.yipinqian.com\/product\/spicy-green-with-green-hue-high-quality-natural-type-a-jadeite-jade-crafted-as-ring-finger-size-19mm-qic-labs-approved-certificate-weighs-7-88-grams-measurement-7-8-4-5-mm-ring10\/"},"modified":"2025-02-24T00:49:51","modified_gmt":"2025-02-23T16:49:51","slug":"spicy-green-with-green-hue-high-quality-natural-type-a-jadeite-jade-crafted-as-ring-finger-size-19mm-qic-labs-approved-certificate-weighs-7-88-grams-measurement-7-8-4-5-mm-ring10","status":"publish","type":"product","link":"https:\/\/shop.yipinqian.com\/vi\/san-pham\/spicy-green-with-green-hue-high-quality-natural-type-a-jadeite-jade-crafted-as-ring-finger-size-19mm-qic-labs-approved-certificate-weighs-7-88-grams-measurement-7-8-4-5-mm-ring10\/","title":{"rendered":"M\u00e0u xanh l\u00e1 c\u00e2y cay v\u1edbi s\u1eafc xanh Ng\u1ecdc b\u00edch lo\u1ea1i A t\u1ef1 nhi\u00ean ch\u1ea5t l\u01b0\u1ee3ng cao \u0111\u01b0\u1ee3c ch\u1ebf t\u00e1c th\u00e0nh nh\u1eabn, k\u00edch th\u01b0\u1edbc ng\u00f3n tay 19mm, ch\u1ee9ng nh\u1eadn \u0111\u01b0\u1ee3c ph\u00f2ng th\u00ed nghi\u1ec7m QIC ch\u1ea5p thu\u1eadn n\u1eb7ng 7,88 gram, k\u00edch th\u01b0\u1edbc 7,8 * 4,5 mm (ring10)"},"content":{"rendered":"<p>Chi\u1ebfc nh\u1eabn ng\u1ecdc b\u00edch lo\u1ea1i A t\u1ef1 nhi\u00ean ch\u1ea5t l\u01b0\u1ee3ng cao c\u00f3 s\u1eafc xanh l\u00e1 c\u00e2y n\u00e0y l\u00e0 m\u1ed9t m\u00f3n ph\u1ee5 ki\u1ec7n trang s\u1ee9c tuy\u1ec7t \u0111\u1eb9p, to\u00e1t l\u00ean v\u1ebb thanh l\u1ecbch v\u00e0 tinh t\u1ebf.<\/p>\n<p>S\u1ed1 ch\u1ee9ng ch\u1ec9: 5524041402974<\/p>\n<ul>\n<li>K\u00edch th\u01b0\u1edbc ng\u00f3n tay: 19mm<\/li>\n<li>C\u00e2n n\u1eb7ng: 7,88 gram<\/li>\n<li>K\u00edch th\u01b0\u1edbc: 7,8 * 4,5 mm (ring10)<\/li>\n<\/ul>\n<p><img fetchpriority=\"high\" decoding=\"async\" height=\"1080\" src=\"https:\/\/shop.yipinqian.com\/wp-content\/uploads\/2024\/10\/4ce1403031bef093c3accc3507d3fee0.jpg?from=476444299\" width=\"1080\"><\/p>\n<p>\u0110\u01b0\u1ee3c ch\u1ebf t\u00e1c m\u1ed9t c\u00e1ch ch\u00ednh x\u00e1c v\u00e0 c\u1ea9n th\u1eadn, chi\u1ebfc nh\u1eabn n\u00e0y c\u00f3 m\u00e0u xanh l\u00e1 c\u00e2y tuy\u1ec7t \u0111\u1eb9p ch\u1eafc ch\u1eafn s\u1ebd thu h\u00fat m\u1ecdi \u00e1nh nh\u00ecn.<\/p>\n<ul>\n<li>C\u00f3 ch\u1ee9ng ch\u1ec9: C\u00f3<\/li>\n<\/ul>\n<p>C\u00f3 ngu\u1ed3n g\u1ed1c t\u1eeb Myanmar, m\u00f3n \u0111\u1ed3 tinh t\u1ebf n\u00e0y ho\u00e0n h\u1ea3o \u0111\u1ec3 \u0111eo h\u00e0ng ng\u00e0y, t\u0103ng th\u00eam n\u00e9t quy\u1ebfn r\u0169 cho b\u1ea5t k\u1ef3 trang ph\u1ee5c n\u00e0o.<\/p>\n<ul>\n<li>Gi\u1edbi t\u00ednh: Unisex<\/li>\n<\/ul>\n<p>N\u00e2ng t\u1ea7m b\u1ed9 s\u01b0u t\u1eadp trang s\u1ee9c c\u1ee7a b\u1ea1n v\u1edbi chi\u1ebfc nh\u1eabn ng\u1ecdc b\u00edch ch\u1ea5t l\u01b0\u1ee3ng cao n\u00e0y, t\u00f4n l\u00ean v\u1ebb \u0111\u1eb9p t\u1ef1 nhi\u00ean c\u1ee7a lo\u1ea1i \u0111\u00e1 qu\u00fd \u0111\u01b0\u1ee3c s\u0103n \u0111\u00f3n n\u00e0y.<\/p>","protected":false},"excerpt":{"rendered":"<p>Chi\u1ebfc nh\u1eabn ng\u1ecdc b\u00edch t\u1ef1 nhi\u00ean lo\u1ea1i A ch\u1ea5t l\u01b0\u1ee3ng cao m\u00e0u xanh l\u00e1 c\u00e2y cay n\u00e0y l\u00e0 m\u1ed9t m\u00f3n ph\u1ee5 ki\u1ec7n trang s\u1ee9c tuy\u1ec7t \u0111\u1eb9p to\u00e1t l\u00ean v\u1ebb thanh l\u1ecbch v\u00e0 tinh t\u1ebf. S\u1ed1 ch\u1ee9ng nh\u1eadn: 5524041402974 K\u00edch th\u01b0\u1edbc ng\u00f3n tay: 19mm C\u00e2n n\u1eb7ng: 7,88 gram K\u00edch th\u01b0\u1edbc: 7,8 * 4,5 mm (ring10) \u0110\u01b0\u1ee3c ch\u1ebf t\u00e1c v\u1edbi \u0111\u1ed9 ch\u00ednh x\u00e1c v\u00e0 c\u1ea9n th\u1eadn, chi\u1ebfc nh\u1eabn n\u00e0y t\u1ef1 h\u00e0o c\u00f3 m\u00e0u xanh l\u00e1 c\u00e2y tuy\u1ec7t \u0111\u1eb9p [\u2026]<\/p>","protected":false},"featured_media":8014,"comment_status":"open","ping_status":"closed","template":"","meta":[],"product_brand":[],"product_cat":[194],"product_tag":[52,70,66,55,56,58,74,75,60,62],"class_list":{"0":"post-1797","1":"product","2":"type-product","3":"status-publish","4":"has-post-thumbnail","6":"product_cat-value-picks","7":"product_tag-certified","8":"product_tag-green","9":"product_tag-jade-ring","10":"product_tag-jadeite","11":"product_tag-limited-editions","12":"product_tag-new-arrivals","13":"product_tag-qic-approved-certificate","14":"product_tag-traditional","15":"product_tag-type-a-jadeite","16":"product_tag-yi-pin-qian-exclusive","18":"first","19":"instock","20":"sale","21":"shipping-taxable","22":"purchasable","23":"product-type-simple"},"_links":{"self":[{"href":"https:\/\/shop.yipinqian.com\/vi\/wp-json\/wp\/v2\/product\/1797","targetHints":{"allow":["GET"]}}],"collection":[{"href":"https:\/\/shop.yipinqian.com\/vi\/wp-json\/wp\/v2\/product"}],"about":[{"href":"https:\/\/shop.yipinqian.com\/vi\/wp-json\/wp\/v2\/types\/product"}],"replies":[{"embeddable":true,"href":"https:\/\/shop.yipinqian.com\/vi\/wp-json\/wp\/v2\/comments?post=1797"}],"version-history":[{"count":0,"href":"https:\/\/shop.yipinqian.com\/vi\/wp-json\/wp\/v2\/product\/1797\/revisions"}],"wp:featuredmedia":[{"embeddable":true,"href":"https:\/\/shop.yipinqian.com\/vi\/wp-json\/wp\/v2\/media\/8014"}],"wp:attachment":[{"href":"https:\/\/shop.yipinqian.com\/vi\/wp-json\/wp\/v2\/media?parent=1797"}],"wp:term":[{"taxonomy":"product_brand","embeddable":true,"href":"https:\/\/shop.yipinqian.com\/vi\/wp-json\/wp\/v2\/product_brand?post=1797"},{"taxonomy":"product_cat","embeddable":true,"href":"https:\/\/shop.yipinqian.com\/vi\/wp-json\/wp\/v2\/product_cat?post=1797"},{"taxonomy":"product_tag","embeddable":true,"href":"https:\/\/shop.yipinqian.com\/vi\/wp-json\/wp\/v2\/product_tag?post=1797"}],"curies":[{"name":"wp","href":"https:\/\/api.w.org\/{rel}","templated":true}]}}