{"id":1794,"date":"2024-10-24T23:22:31","date_gmt":"2024-10-24T15:22:31","guid":{"rendered":"https:\/\/shop.yipinqian.com\/product\/special-sales-quality-semi-icy-spicy-green-natural-type-a-jadeite-jade-crafted-as-gourd-set-on-s925-silver-with-zircon-finger-size-adjustable-certificate-weigh-2-59-grams-12-9-9-2-5-mm-s925ring6\/"},"modified":"2025-02-24T00:49:51","modified_gmt":"2025-02-23T16:49:51","slug":"special-sales-quality-semi-icy-spicy-green-natural-type-a-jadeite-jade-crafted-as-gourd-set-on-s925-silver-with-zircon-finger-size-adjustable-certificate-weigh-2-59-grams-12-9-9-2-5-mm-s925ring6","status":"publish","type":"product","link":"https:\/\/shop.yipinqian.com\/vi\/san-pham\/special-sales-quality-semi-icy-spicy-green-natural-type-a-jadeite-jade-crafted-as-gourd-set-on-s925-silver-with-zircon-finger-size-adjustable-certificate-weigh-2-59-grams-12-9-9-2-5-mm-s925ring6\/","title":{"rendered":"Khuy\u1ebfn m\u1ea1i \u0111\u1eb7c bi\u1ec7t \u2013 Ng\u1ecdc b\u00edch t\u1ef1 nhi\u00ean lo\u1ea1i A m\u00e0u xanh l\u00e1 c\u00e2y b\u00e1n b\u0103ng gi\u00e1 cay ch\u1ea5t l\u01b0\u1ee3ng cao \u0111\u01b0\u1ee3c ch\u1ebf t\u00e1c d\u01b0\u1edbi d\u1ea1ng qu\u1ea3 b\u1ea7u g\u1eafn tr\u00ean b\u1ea1c S925 c\u00f3 \u0111\u00ednh Zircon, c\u00f3 th\u1ec3 \u0111i\u1ec1u ch\u1ec9nh k\u00edch th\u01b0\u1edbc ng\u00f3n tay, gi\u1ea5y ch\u1ee9ng nh\u1eadn n\u1eb7ng 2,59 gram, 12 * 9,9 * 2,5 mm (s925ring6)"},"content":{"rendered":"<p>L\u00e0m phong ph\u00fa th\u00eam b\u1ed9 s\u01b0u t\u1eadp trang s\u1ee9c c\u1ee7a b\u1ea1n v\u1edbi chi\u1ebfc nh\u1eabn ng\u1ecdc b\u00edch lo\u1ea1i A t\u1ef1 nhi\u00ean m\u00e0u xanh l\u00e1 c\u00e2y b\u00e1n b\u0103ng tuy\u1ec7t \u0111\u1eb9p n\u00e0y, \u0111\u01b0\u1ee3c ch\u1ebf t\u00e1c nh\u01b0 m\u1ed9t qu\u1ea3 b\u1ea7u v\u00e0 g\u1eafn tr\u00ean b\u1ea1c S925 v\u1edbi \u0111\u00e1 zircon.<\/p>\n<p><\/p>\n<p>S\u1ed1 ch\u1ee9ng ch\u1ec9: Gd2203H005247<\/p>\n<ul>\n<li>\n<strong>Ch\u1ea5t l\u01b0\u1ee3ng \u0111\u00edch th\u1ef1c:<\/strong> \u0110\u01b0\u1ee3c l\u00e0m t\u1eeb \u0111\u00e1 ng\u1ecdc b\u00edch lo\u1ea1i A t\u1ef1 nhi\u00ean, chi\u1ebfc nh\u1eabn n\u00e0y c\u00f3 gi\u1ea5y ch\u1ee9ng nh\u1eadn x\u00e1c nh\u1eadn t\u00ednh x\u00e1c th\u1ef1c c\u1ee7a n\u00f3.<\/li>\n<li>\n<strong>C\u00f3 th\u1ec3 \u0111i\u1ec1u ch\u1ec9nh k\u00edch th\u01b0\u1edbc ng\u00f3n tay:<\/strong> Chi\u1ebfc nh\u1eabn c\u00f3 th\u1ec3 \u0111i\u1ec1u ch\u1ec9nh \u0111\u1ec3 v\u1eeba v\u1edbi k\u00edch th\u01b0\u1edbc ng\u00f3n tay c\u1ee7a b\u1ea1n \u0111\u1ec3 mang l\u1ea1i s\u1ef1 tho\u1ea3i m\u00e1i t\u1ed1i \u0111a.<\/li>\n<li>\n<strong>Khung b\u1ea1c S925:<\/strong> Ng\u1ecdc b\u00edch h\u00ecnh qu\u1ea3 b\u1ea7u \u0111\u01b0\u1ee3c g\u1eafn tr\u00ean ch\u1ea5t li\u1ec7u b\u1ea1c S925 b\u1ec1n v\u00e0 s\u00e1ng b\u00f3ng.<\/li>\n<li>\n<strong>Chi ti\u1ebft v\u1ec1 Zircon:<\/strong>Chi ti\u1ebft \u0111\u00ednh \u0111\u00e1 Zircon l\u00e0m t\u0103ng th\u00eam v\u1ebb l\u1ea5p l\u00e1nh cho m\u00f3n \u0111\u1ed3 v\u1ed1n \u0111\u00e3 \u0111\u1eb9p n\u00e0y.<\/li>\n<\/ul>\n<p>Chi\u1ebfc nh\u1eabn tinh x\u1ea3o n\u00e0y n\u1eb7ng 2,59 gram v\u00e0 c\u00f3 k\u00edch th\u01b0\u1edbc 12 * 9,9 * 2,5 mm, c\u00f3 k\u00edch th\u01b0\u1edbc ho\u00e0n h\u1ea3o \u0111\u1ec3 \u0111eo h\u00e0ng ng\u00e0y ho\u1eb7c trong nh\u1eefng d\u1ecbp \u0111\u1eb7c bi\u1ec7t.<\/p>\n<ul>\n<li>\n<strong>D\u1ecaP: <\/strong>M\u00f3n \u0111\u1ed3 trang s\u1ee9c tuy\u1ec7t \u0111\u1eb9p n\u00e0y ho\u00e0n h\u1ea3o \u0111\u1ec3 \u0111eo h\u00e0ng ng\u00e0y ho\u1eb7c trong c\u00e1c s\u1ef1 ki\u1ec7n \u0111\u1eb7c bi\u1ec7t nh\u1edd thi\u1ebft k\u1ebf th\u1eddi trang c\u1ee7a n\u00f3<\/li>\n<\/ul>\n<p>V\u1eadt li\u1ec7u th\u1ee9 c\u1ea5p c\u1ee7a s\u1ea3n ph\u1ea9m n\u00e0y l\u00e0 Zircon trong khi v\u1eadt li\u1ec7u ch\u1ebf t\u00e1c ch\u00ednh \u0111\u01b0\u1ee3c s\u1eed d\u1ee5ng \u0111\u1ec3 ch\u1ebf t\u00e1c n\u00f3 l\u00e0 B\u1ea1c S925 khi\u1ebfn n\u00f3 \u0111\u1ee7 b\u1ec1n \u0111\u1ec3 b\u1ea1n s\u1eed d\u1ee5ng trong th\u1eddi gian d\u00e0i. Chi\u1ebfc nh\u1eabn tuy\u1ec7t \u0111\u1eb9p n\u00e0y l\u00e0 l\u1ef1a ch\u1ecdn qu\u00e0 t\u1eb7ng tuy\u1ec7t v\u1eddi cho b\u1ea5t k\u1ef3 d\u1ecbp n\u00e0o, \u0111\u1eb7c bi\u1ec7t n\u1ebfu b\u1ea1n \u0111ang t\u00ecm ki\u1ebfm th\u1ee9 g\u00ec \u0111\u00f3 \u0111\u1ed9c \u0111\u00e1o nh\u01b0ng thanh l\u1ecbch m\u00e0 b\u1ea5t k\u1ef3 ai nh\u1eadn \u0111\u01b0\u1ee3c \u0111\u1ec1u tr\u00e2n tr\u1ecdng. Xin l\u01b0u \u00fd r\u1eb1ng kh\u00f4ng c\u00f3 b\u1ea3o h\u00e0nh k\u00e8m theo khi mua h\u00e0ng n\u00e0y nh\u01b0ng ch\u00fang t\u00f4i t\u1ef1 h\u00e0o cung c\u1ea5p c\u00e1c s\u1ea3n ph\u1ea9m ch\u1ea5t l\u01b0\u1ee3ng \u0111\u01b0\u1ee3c l\u00e0m t\u1eeb v\u1eadt li\u1ec7u ch\u00ednh h\u00e3ng c\u00f3 th\u1ec3 s\u1eed d\u1ee5ng trong nhi\u1ec1u n\u0103m. Chi\u1ebfc nh\u1eabn Jadeite tuy\u1ec7t \u0111\u1eb9p n\u00e0y l\u00e0 s\u1ef1 b\u1ed5 sung tuy\u1ec7t v\u1eddi cho b\u1ea5t k\u1ef3 b\u1ed9 s\u01b0u t\u1eadp trang s\u1ee9c n\u00e0o! H\u00e3y \u0111\u1eb7t h\u00e0ng ngay h\u00f4m nay!<\/p>\n<p><\/p>\n<p><strong>Jadeite t\u1ef1 nhi\u00ean kh\u00f4ng ho\u00e0n h\u1ea3o, ch\u1ec9 l\u00e0 m\u1ed9t l\u1eddi nh\u1eafc nh\u1edf nh\u1eb9 nh\u00e0ng, Jadeite t\u1ef1 nhi\u00ean c\u1ee7a ch\u00fang t\u00f4i, gi\u1ed1ng nh\u01b0 t\u1ea5t c\u1ea3 nh\u1eefng th\u1ee9 \u0111\u1eb9p \u0111\u1ebd trong t\u1ef1 nhi\u00ean, c\u00f3 nh\u1eefng \u0111\u1eb7c \u0111i\u1ec3m v\u00e0 bi\u1ebfn th\u1ec3 \u0111\u1ed9c \u0111\u00e1o. Ch\u00fang t\u00f4i m\u1eddi nh\u1eefng kh\u00e1ch h\u00e0ng c\u00f3 gi\u00e1 tr\u1ecb c\u1ee7a m\u00ecnh \u0111\u00f3n nh\u1eadn nh\u1eefng bi\u1ebfn th\u1ec3 t\u1ef1 nhi\u00ean n\u00e0y. Ch\u00fac b\u1ea1n mua s\u1eafm vui v\u1ebb!<\/strong><\/p>\n<p><\/p>\n<p><strong><u>Kh\u00f4ng c\u00f3 h\u00ecnh \u1ea3nh v\u00e0 c\u1ea3nh quay video n\u00e0o \u0111\u01b0\u1ee3c l\u1ecdc. Ch\u00fang t\u00f4i khuy\u1ebfn kh\u00edch kh\u00e1ch h\u00e0ng c\u1ee7a m\u00ecnh c\u0169ng xem c\u00e1c video \u0111i k\u00e8m \u0111\u1ec3 c\u00f3 c\u00e1i nh\u00ecn to\u00e0n di\u1ec7n h\u01a1n v\u1ec1 s\u1ea3n ph\u1ea9m c\u1ee7a ch\u00fang t\u00f4i<\/u><\/strong><\/p>","protected":false},"excerpt":{"rendered":"<p>L\u00e0m phong ph\u00fa th\u00eam b\u1ed9 s\u01b0u t\u1eadp trang s\u1ee9c c\u1ee7a b\u1ea1n v\u1edbi chi\u1ebfc nh\u1eabn ng\u1ecdc b\u00edch t\u1ef1 nhi\u00ean lo\u1ea1i A m\u00e0u xanh l\u00e1 c\u00e2y b\u00e1n b\u0103ng gi\u00e1 cay n\u1ed3ng tuy\u1ec7t \u0111\u1eb9p n\u00e0y, \u0111\u01b0\u1ee3c ch\u1ebf t\u00e1c nh\u01b0 m\u1ed9t qu\u1ea3 b\u1ea7u v\u00e0 g\u1eafn tr\u00ean b\u1ea1c S925 v\u1edbi \u0111\u00e1 zircon. S\u1ed1 ch\u1ee9ng nh\u1eadn: Gd2203H005247 Ch\u1ea5t l\u01b0\u1ee3ng x\u00e1c th\u1ef1c: \u0110\u01b0\u1ee3c l\u00e0m t\u1eeb ng\u1ecdc b\u00edch t\u1ef1 nhi\u00ean lo\u1ea1i A, chi\u1ebfc nh\u1eabn n\u00e0y c\u00f3 ch\u1ee9ng nh\u1eadn x\u00e1c nh\u1eadn t\u00ednh x\u00e1c th\u1ef1c c\u1ee7a n\u00f3. C\u00f3 th\u1ec3 \u0111i\u1ec1u ch\u1ec9nh k\u00edch th\u01b0\u1edbc ng\u00f3n tay: Chi\u1ebfc nh\u1eabn c\u00f3 th\u1ec3 \u0111i\u1ec1u ch\u1ec9nh \u0111\u1ec3 [\u2026]<\/p>","protected":false},"featured_media":7979,"comment_status":"open","ping_status":"closed","template":"","meta":[],"product_brand":[],"product_cat":[194],"product_tag":[],"class_list":{"0":"post-1794","1":"product","2":"type-product","3":"status-publish","4":"has-post-thumbnail","6":"product_cat-value-picks","8":"first","9":"instock","10":"sale","11":"shipping-taxable","12":"purchasable","13":"product-type-simple"},"_links":{"self":[{"href":"https:\/\/shop.yipinqian.com\/vi\/wp-json\/wp\/v2\/product\/1794","targetHints":{"allow":["GET"]}}],"collection":[{"href":"https:\/\/shop.yipinqian.com\/vi\/wp-json\/wp\/v2\/product"}],"about":[{"href":"https:\/\/shop.yipinqian.com\/vi\/wp-json\/wp\/v2\/types\/product"}],"replies":[{"embeddable":true,"href":"https:\/\/shop.yipinqian.com\/vi\/wp-json\/wp\/v2\/comments?post=1794"}],"version-history":[{"count":0,"href":"https:\/\/shop.yipinqian.com\/vi\/wp-json\/wp\/v2\/product\/1794\/revisions"}],"wp:featuredmedia":[{"embeddable":true,"href":"https:\/\/shop.yipinqian.com\/vi\/wp-json\/wp\/v2\/media\/7979"}],"wp:attachment":[{"href":"https:\/\/shop.yipinqian.com\/vi\/wp-json\/wp\/v2\/media?parent=1794"}],"wp:term":[{"taxonomy":"product_brand","embeddable":true,"href":"https:\/\/shop.yipinqian.com\/vi\/wp-json\/wp\/v2\/product_brand?post=1794"},{"taxonomy":"product_cat","embeddable":true,"href":"https:\/\/shop.yipinqian.com\/vi\/wp-json\/wp\/v2\/product_cat?post=1794"},{"taxonomy":"product_tag","embeddable":true,"href":"https:\/\/shop.yipinqian.com\/vi\/wp-json\/wp\/v2\/product_tag?post=1794"}],"curies":[{"name":"wp","href":"https:\/\/api.w.org\/{rel}","templated":true}]}}