{"id":1793,"date":"2024-10-24T23:22:30","date_gmt":"2024-10-24T15:22:30","guid":{"rendered":"https:\/\/shop.yipinqian.com\/product\/special-price-unique-rare-crafted-with-mogao-caves-on-brown-natural-type-a-jadeite-jade-as-pendant-certificate-weighs-23-9-grams-measurement-23-1-41-5-13-mm-pendant287\/"},"modified":"2025-02-24T00:49:51","modified_gmt":"2025-02-23T16:49:51","slug":"special-price-unique-rare-crafted-with-mogao-caves-on-brown-natural-type-a-jadeite-jade-as-pendant-certificate-weighs-23-9-grams-measurement-23-1-41-5-13-mm-pendant287","status":"publish","type":"product","link":"https:\/\/shop.yipinqian.com\/vi\/san-pham\/special-price-unique-rare-crafted-with-mogao-caves-on-brown-natural-type-a-jadeite-jade-as-pendant-certificate-weighs-23-9-grams-measurement-23-1-41-5-13-mm-pendant287\/","title":{"rendered":"Gi\u00e1 \u0111\u1eb7c bi\u1ec7t \u2013 S\u1ea3n ph\u1ea9m hi\u1ebfm \u0111\u1ed9c \u0111\u00e1o \u0111\u01b0\u1ee3c ch\u1ebf t\u00e1c b\u1eb1ng hang \u0111\u1ed9ng Mogao tr\u00ean \u0111\u00e1 Jadeite t\u1ef1 nhi\u00ean m\u00e0u n\u00e2u lo\u1ea1i A l\u00e0m m\u1eb7t d\u00e2y chuy\u1ec1n, gi\u1ea5y ch\u1ee9ng nh\u1eadn n\u1eb7ng 23,9 gram, k\u00edch th\u01b0\u1edbc 23,1 * 41,5 * 13 mm (m\u1eb7t d\u00e2y chuy\u1ec1n287)"},"content":{"rendered":"<p>Tr\u1ea3i nghi\u1ec7m m\u1ed9t t\u00e1c ph\u1ea9m \u0111\u1ed9c nh\u1ea5t v\u00f4 nh\u1ecb v\u1edbi M\u1eb7t d\u00e2y chuy\u1ec1n Hang \u0111\u1ed9ng Mogao \u0111\u01b0\u1ee3c ch\u1ebf t\u00e1c \u0111\u1ed9c \u0111\u00e1o hi\u1ebfm c\u00f3 n\u00e0y \u0111\u01b0\u1ee3c l\u00e0m t\u1eeb Ng\u1ecdc b\u00edch Jadeite t\u1ef1 nhi\u00ean m\u00e0u n\u00e2u lo\u1ea1i A. M\u1eb7t d\u00e2y chuy\u1ec1n tinh x\u1ea3o n\u00e0y th\u1ec3 hi\u1ec7n s\u1ef1 kh\u00e9o l\u00e9o tinh x\u1ea3o v\u00e0 thi\u1ebft k\u1ebf \u0111\u1ed9c \u0111\u00e1o l\u1ea5y c\u1ea3m h\u1ee9ng t\u1eeb Hang \u0111\u1ed9ng Mogao.<\/p>\n<p>\u00a0<\/p>\n<p>S\u1ed1 ch\u1ee9ng ch\u1ec9: ZSJ12207066726<\/p>\n<p><img fetchpriority=\"high\" decoding=\"async\" height=\"1080\" src=\"https:\/\/shop.yipinqian.com\/wp-content\/uploads\/2024\/10\/a3cc65bd43a2ef09555d9a91b5d8ddb2.jpg?from=476444299\" width=\"1080\"><\/p>\n<ul>\n<li>\n<strong>V\u1eadt li\u1ec7u:<\/strong> Ng\u1ecdc b\u00edch t\u1ef1 nhi\u00ean m\u00e0u n\u00e2u lo\u1ea1i A<\/li>\n<li>\n<strong>C\u00e2n n\u1eb7ng:<\/strong> 23,9 gam<\/li>\n<li>\n<strong>C\u00e1c ph\u00e9p \u0111o:<\/strong> 23,1 * 41,5 * 13mm<\/li>\n<li><strong>Gi\u1ea5y ch\u1ee9ng nh\u1eadn bao g\u1ed3m:<\/strong><\/li>\n<\/ul>\n<p><img decoding=\"async\" height=\"1080\" src=\"https:\/\/shop.yipinqian.com\/wp-content\/uploads\/2024\/10\/d9880be6ff114baea5a0cd75261a8083.jpg?from=476444299\" width=\"1080\"><\/p>\n<p><strong>M\u1eb7t d\u00e2y chuy\u1ec1n n\u00e0y kh\u00f4ng ch\u1ec9 l\u00e0 m\u1ed9t ph\u1ee5 ki\u1ec7n tuy\u1ec7t \u0111\u1eb9p m\u00e0 c\u00f2n mang \u00fd ngh\u0129a v\u0103n h\u00f3a, r\u1ea5t ph\u00f9 h\u1ee3p cho nh\u1eefng d\u1ecbp may m\u1eafn.<\/strong><\/p>\n<ul>\n<li><strong>Gi\u1ea5y ch\u1ee9ng nh\u1eadn bao g\u1ed3m:<\/strong><\/li>\n<\/ul>\n<p><strong>M\u1eabu trang s\u1ee9c unisex n\u00e0y l\u00e0 s\u1ef1 b\u1ed5 sung ho\u00e0n h\u1ea3o cho b\u1ea5t k\u1ef3 b\u1ed9 s\u01b0u t\u1eadp trang s\u1ee9c n\u00e0o, v\u1edbi ki\u1ec3u d\u00e1ng v\u00f2ng c\u1ed5 gi\u1ea3n d\u1ecb, c\u00f3 th\u1ec3 \u0111eo d\u1ec5 d\u00e0ng trong b\u1ea5t k\u1ef3 d\u1ecbp n\u00e0o.<\/strong><\/p>\n<ul>\n<li><strong>S\u1ea3n xu\u1ea5t t\u1ea1i: Myanmar<\/strong><\/li>\n<\/ul>\n<p><strong>Jadeite t\u1ef1 nhi\u00ean kh\u00f4ng ho\u00e0n h\u1ea3o, ch\u1ec9 l\u00e0 m\u1ed9t l\u1eddi nh\u1eafc nh\u1edf nh\u1eb9 nh\u00e0ng, Jadeite t\u1ef1 nhi\u00ean c\u1ee7a ch\u00fang t\u00f4i, gi\u1ed1ng nh\u01b0 t\u1ea5t c\u1ea3 nh\u1eefng th\u1ee9 \u0111\u1eb9p \u0111\u1ebd trong t\u1ef1 nhi\u00ean, c\u00f3 nh\u1eefng \u0111\u1eb7c \u0111i\u1ec3m v\u00e0 bi\u1ebfn th\u1ec3 \u0111\u1ed9c \u0111\u00e1o. Ch\u00fang t\u00f4i m\u1eddi nh\u1eefng kh\u00e1ch h\u00e0ng c\u00f3 gi\u00e1 tr\u1ecb c\u1ee7a m\u00ecnh \u0111\u00f3n nh\u1eadn nh\u1eefng bi\u1ebfn th\u1ec3 t\u1ef1 nhi\u00ean n\u00e0y. Ch\u00fac b\u1ea1n mua s\u1eafm vui v\u1ebb!<\/strong><\/p>\n<p>\u00a0<\/p>\n<p><strong><u>Kh\u00f4ng c\u00f3 h\u00ecnh \u1ea3nh v\u00e0 c\u1ea3nh quay video n\u00e0o \u0111\u01b0\u1ee3c l\u1ecdc. Ch\u00fang t\u00f4i khuy\u1ebfn kh\u00edch kh\u00e1ch h\u00e0ng c\u1ee7a m\u00ecnh c\u0169ng xem c\u00e1c video \u0111i k\u00e8m \u0111\u1ec3 c\u00f3 c\u00e1i nh\u00ecn to\u00e0n di\u1ec7n h\u01a1n v\u1ec1 s\u1ea3n ph\u1ea9m c\u1ee7a ch\u00fang t\u00f4i<\/u><\/strong><\/p>\n<p>\u00a0<\/p>\n<ul>\n<li>C\u00e1c n\u1ec1n t\u1ea3ng kh\u00e1c nhau ch\u1ec9 c\u00f3 th\u1ec3 xem video th\u00f4ng qua m\u00e1y t\u00ednh \u0111\u1ec3 b\u00e0n<\/li>\n<\/ul>","protected":false},"excerpt":{"rendered":"<p>Tr\u1ea3i nghi\u1ec7m m\u1ed9t t\u00e1c ph\u1ea9m \u0111\u1ed9c nh\u1ea5t v\u00f4 nh\u1ecb v\u1edbi M\u1eb7t d\u00e2y chuy\u1ec1n Hang \u0111\u1ed9ng Mogao hi\u1ebfm c\u00f3 \u0111\u01b0\u1ee3c ch\u1ebf t\u00e1c \u0111\u1ed9c \u0111\u00e1o n\u00e0y \u0111\u01b0\u1ee3c l\u00e0m t\u1eeb Ng\u1ecdc b\u00edch Jadeite lo\u1ea1i A t\u1ef1 nhi\u00ean m\u00e0u n\u00e2u. M\u1eb7t d\u00e2y chuy\u1ec1n tinh x\u1ea3o n\u00e0y th\u1ec3 hi\u1ec7n s\u1ef1 kh\u00e9o l\u00e9o tinh x\u1ea3o v\u00e0 thi\u1ebft k\u1ebf \u0111\u1ed9c \u0111\u00e1o l\u1ea5y c\u1ea3m h\u1ee9ng t\u1eeb Hang \u0111\u1ed9ng Mogao. S\u1ed1 ch\u1ee9ng nh\u1eadn: ZSJ12207066726 Ch\u1ea5t li\u1ec7u: Ng\u1ecdc b\u00edch Jadeite lo\u1ea1i A t\u1ef1 nhi\u00ean m\u00e0u n\u00e2u Tr\u1ecdng l\u01b0\u1ee3ng: 23,9 gram K\u00edch th\u01b0\u1edbc: 23,1 * 41,5 * 13 [\u2026]<\/p>","protected":false},"featured_media":7960,"comment_status":"open","ping_status":"closed","template":"","meta":[],"product_brand":[],"product_cat":[194],"product_tag":[],"class_list":{"0":"post-1793","1":"product","2":"type-product","3":"status-publish","4":"has-post-thumbnail","6":"product_cat-value-picks","8":"first","9":"instock","10":"sale","11":"shipping-taxable","12":"purchasable","13":"product-type-simple"},"_links":{"self":[{"href":"https:\/\/shop.yipinqian.com\/vi\/wp-json\/wp\/v2\/product\/1793","targetHints":{"allow":["GET"]}}],"collection":[{"href":"https:\/\/shop.yipinqian.com\/vi\/wp-json\/wp\/v2\/product"}],"about":[{"href":"https:\/\/shop.yipinqian.com\/vi\/wp-json\/wp\/v2\/types\/product"}],"replies":[{"embeddable":true,"href":"https:\/\/shop.yipinqian.com\/vi\/wp-json\/wp\/v2\/comments?post=1793"}],"version-history":[{"count":0,"href":"https:\/\/shop.yipinqian.com\/vi\/wp-json\/wp\/v2\/product\/1793\/revisions"}],"wp:featuredmedia":[{"embeddable":true,"href":"https:\/\/shop.yipinqian.com\/vi\/wp-json\/wp\/v2\/media\/7960"}],"wp:attachment":[{"href":"https:\/\/shop.yipinqian.com\/vi\/wp-json\/wp\/v2\/media?parent=1793"}],"wp:term":[{"taxonomy":"product_brand","embeddable":true,"href":"https:\/\/shop.yipinqian.com\/vi\/wp-json\/wp\/v2\/product_brand?post=1793"},{"taxonomy":"product_cat","embeddable":true,"href":"https:\/\/shop.yipinqian.com\/vi\/wp-json\/wp\/v2\/product_cat?post=1793"},{"taxonomy":"product_tag","embeddable":true,"href":"https:\/\/shop.yipinqian.com\/vi\/wp-json\/wp\/v2\/product_tag?post=1793"}],"curies":[{"name":"wp","href":"https:\/\/api.w.org\/{rel}","templated":true}]}}