{"id":1782,"date":"2024-10-24T23:22:23","date_gmt":"2024-10-24T15:22:23","guid":{"rendered":"https:\/\/shop.yipinqian.com\/product\/semi-translucent-icy-natural-type-a-jadeite-pendant-carved-with-faceless-buddha-and-lotus-meaning-compassion-and-wisdom-qic-labs-approved-certificate-included-weight-16-56-grams-55-50-16-10-8-80-mm-ve\/"},"modified":"2025-02-24T00:49:51","modified_gmt":"2025-02-23T16:49:51","slug":"semi-translucent-icy-natural-type-a-jadeite-pendant-carved-with-faceless-buddha-and-lotus-meaning-compassion-and-wisdom-qic-labs-approved-certificate-included-weight-16-56-grams-55-50-16-10-8-80-mm-ve","status":"publish","type":"product","link":"https:\/\/shop.yipinqian.com\/vi\/san-pham\/semi-translucent-icy-natural-type-a-jadeite-pendant-carved-with-faceless-buddha-and-lotus-meaning-compassion-and-wisdom-qic-labs-approved-certificate-included-weight-16-56-grams-55-50-16-10-8-80-mm-ve\/","title":{"rendered":"M\u1eb7t d\u00e2y chuy\u1ec1n ng\u1ecdc b\u00edch b\u00e1n trong su\u1ed1t t\u1ef1 nhi\u00ean lo\u1ea1i A ch\u1ea1m kh\u1eafc h\u00ecnh ph\u1eadt kh\u00f4ng m\u1eb7t v\u00e0 hoa sen mang \u00fd ngh\u0129a T\u1eeb bi v\u00e0 Tr\u00ed tu\u1ec7, c\u00f3 ch\u1ee9ng nh\u1eadn \u0111\u01b0\u1ee3c ph\u00f2ng th\u00ed nghi\u1ec7m QIC ch\u1ea5p thu\u1eadn, tr\u1ecdng l\u01b0\u1ee3ng 16,56 gram, k\u00edch th\u01b0\u1edbc 55,50 * 16,10 * 8,80 mm, r\u1ea5t ph\u00f9 h\u1ee3p \u0111\u1ec3 \u0111eo h\u00e0ng ng\u00e0y (m\u1eb7t d\u00e2y chuy\u1ec1n95)"},"content":{"rendered":"<p>M\u1eb7t d\u00e2y chuy\u1ec1n Jadeite b\u00e1n trong su\u1ed1t t\u1ef1 nhi\u00ean lo\u1ea1i A n\u00e0y l\u00e0 m\u1ed9t s\u1ef1 b\u1ed5 sung tuy\u1ec7t \u0111\u1eb9p cho b\u1ea5t k\u1ef3 b\u1ed9 s\u01b0u t\u1eadp trang s\u1ee9c n\u00e0o. \u0110\u01b0\u1ee3c ch\u1ea1m kh\u1eafc h\u00ecnh \u1ea3nh \u0110\u1ee9c Ph\u1eadt kh\u00f4ng m\u1eb7t v\u00e0 hoa sen, n\u00f3 t\u01b0\u1ee3ng tr\u01b0ng cho l\u00f2ng t\u1eeb bi v\u00e0 tr\u00ed tu\u1ec7.<\/p>\n<ul>\n<li>\n<strong>Gi\u1ea5y ch\u1ee9ng nh\u1eadn \u0111\u01b0\u1ee3c QIC Labs ch\u1ea5p thu\u1eadn:<\/strong> M\u1eb7t d\u00e2y chuy\u1ec1n n\u00e0y c\u00f3 ch\u1ee9ng ch\u1ec9 \u0111\u01b0\u1ee3c ph\u00f2ng th\u00ed nghi\u1ec7m QIC ch\u1ea5p thu\u1eadn, \u0111\u1ea3m b\u1ea3o t\u00ednh x\u00e1c th\u1ef1c c\u1ee7a s\u1ea3n ph\u1ea9m.<\/li>\n<\/ul>\n<p><strong>S\u1ed1 ch\u1ee9ng ch\u1ec9: SD24030201976<\/strong><\/p>\n<p><img fetchpriority=\"high\" decoding=\"async\" height=\"1080\" src=\"https:\/\/shop.yipinqian.com\/wp-content\/uploads\/2024\/10\/1532f0fdb491a45bdc1472c4d4b78015.jpg?from=476444299\" width=\"1080\"><\/p>\n<ul>\n<li>\n<strong>Tr\u1ecdng l\u01b0\u1ee3ng v\u00e0 k\u00edch th\u01b0\u1edbc:<\/strong> M\u1eb7t d\u00e2y chuy\u1ec1n n\u1eb7ng 16,56 gram v\u00e0 c\u00f3 k\u00edch th\u01b0\u1edbc 55,50 * 16,10 * 8,8 mm \u2013 r\u1ea5t th\u00edch h\u1ee3p \u0111\u1ec3 \u0111eo h\u00e0ng ng\u00e0y.<\/li>\n<li>\n<strong>Lo\u1ea1i ng\u1ecdc b\u00edch:<\/strong> M\u1eb7t d\u00e2y chuy\u1ec1n n\u00e0y \u0111\u01b0\u1ee3c l\u00e0m t\u1eeb Jadeite \u2013 m\u1ed9t trong nh\u1eefng lo\u1ea1i ng\u1ecdc b\u00edch \u0111\u01b0\u1ee3c s\u0103n \u0111\u00f3n nhi\u1ec1u nh\u1ea5t v\u00ec v\u1ebb \u0111\u1eb9p t\u1ef1 nhi\u00ean v\u00e0 \u0111\u1ed9 qu\u00fd hi\u1ebfm c\u1ee7a n\u00f3.<\/li>\n<li>\n<strong>Ki\u1ec3u v\u00f2ng c\u1ed5 &amp; D\u1ecbp s\u1eed d\u1ee5ng:<\/strong> Ki\u1ec3u v\u00f2ng c\u1ed5 gi\u1ea3n d\u1ecb n\u00e0y ph\u00f9 h\u1ee3p v\u1edbi m\u1ecdi d\u1ecbp \u2013 ho\u00e0n h\u1ea3o \u0111\u1ec3 \u0111eo h\u00e0ng ng\u00e0y ho\u1eb7c l\u00e0 ph\u1ee5 ki\u1ec7n trang nh\u00e3 cho trang ph\u1ee5c bu\u1ed5i t\u1ed1i!<\/li>\n<\/ul>\n<p>S\u1ea3n ph\u1ea9m n\u00e0y c\u00f3 ngu\u1ed3n g\u1ed1c t\u1eeb Myanmar, n\u1ed5i ti\u1ebfng v\u1edbi vi\u1ec7c s\u1ea3n xu\u1ea5t m\u1ed9t s\u1ed1 ph\u1ee5 ki\u1ec7n trang s\u1ee9c &amp; s\u1ea3n ph\u1ea9m ph\u00e1i sinh t\u1eeb ng\u1ecdc b\u00edch t\u1ed1t nh\u1ea5t th\u1ebf gi\u1edbi! M\u1eb7c d\u00f9 s\u1ea3n ph\u1ea9m n\u00e0y kh\u00f4ng c\u00f3 b\u1ea3o h\u00e0nh, ch\u00fang t\u00f4i \u0111\u1ea3m b\u1ea3o ch\u1ea5t l\u01b0\u1ee3ng \u0111\u1ec3 b\u1ea1n an t\u00e2m khi mua s\u1eafm v\u1edbi ch\u00fang t\u00f4i!<\/p>\n<p>H\u00e3y th\u00eam M\u1eb7t d\u00e2y chuy\u1ec1n ng\u1ecdc b\u00edch b\u00e1n trong su\u1ed1t t\u1ef1 nhi\u00ean lo\u1ea1i A tuy\u1ec7t \u0111\u1eb9p n\u00e0y v\u00e0o b\u1ed9 s\u01b0u t\u1eadp c\u1ee7a b\u1ea1n ngay h\u00f4m nay!<\/p>\n<p>\u00a0<\/p>\n<p>Yi Pin Qian \u2013 Nh\u00e0 bu\u00f4n \u0111\u00e1 qu\u00fd v\u00e0 kim lo\u1ea1i qu\u00fd t\u1ea1i Singapore \u2013 S\u1ed1 gi\u1ea5y ph\u00e9p PS20190000031<\/p>\n<p>\u00a0<\/p>\n<p>*T\u1ea5t c\u1ea3 c\u00e1c lo\u1ea1i Jadeite \u0111\u01b0\u1ee3c mua t\u1eeb Yi Pin Qian t\u1ea1i Singapore, kh\u00e1ch h\u00e0ng c\u00f3 th\u1ec3 \u0111\u1eb7t l\u1ecbch \u0111\u00e1nh b\u00f3ng ho\u1eb7c s\u1eeda ch\u1eefa nh\u1ecf do x\u1eed l\u00fd sai c\u00e1ch \u2013 c\u00f3 t\u00ednh ph\u00ed v\u00e0 ch\u1ec9 d\u00e0nh cho kh\u00e1ch h\u00e0ng c\u1ee7a Yi Pin Qian t\u1ea1i Singapore*<\/p>\n<p>\u00a0<\/p>\n<p><strong>**C\u00e1c lo\u1ea1i ch\u1ee9ng ch\u1ec9**<\/strong><\/p>\n<p>\u00a0<\/p>\n<p><strong>NGI (C\u00f4ng ty \u0110\u00e1 qu\u00fd Nan Yang)<\/strong><\/p>\n<p>ho\u1eb7c <strong>Ch\u1ee9ng ch\u1ec9 n\u01b0\u1edbc ngo\u00e0i <\/strong>(Yi Pin Qian ch\u1ec9 s\u1eed d\u1ee5ng c\u00e1c ch\u1ee9ng ch\u1ec9 x\u00e1c th\u1ef1c t\u1eeb c\u00e1c ph\u00f2ng th\u00ed nghi\u1ec7m \u1edf n\u01b0\u1edbc ngo\u00e0i v\u00e0 ki\u1ec3m so\u00e1t ch\u1ea5t l\u01b0\u1ee3ng m\u1ecdi s\u1ea3n ph\u1ea9m c\u1ee7a ch\u00fang t\u00f4i tr\u01b0\u1edbc khi \u0111\u01b0a ch\u00fang ra b\u00e1n t\u1ea1i Singapore)<\/p>\n<p>\u00a0<\/p>\n<p>M\u1ed7i s\u1ea3n ph\u1ea9m tr\u00ean TikTok s\u1ebd c\u00f3 lo\u1ea1i ch\u1ee9ng ch\u1ec9 \u0111\u01b0\u1ee3c cung c\u1ea5p \u0111\u01b0\u1ee3c n\u00eau trong ph\u1ea7n m\u00f4 t\u1ea3. \u0110\u1ed1i v\u1edbi b\u1ea5t k\u1ef3 kh\u00e1ch h\u00e0ng n\u00e0o mu\u1ed1n g\u1eedi \u0111\u01a1n h\u00e0ng c\u1ee7a m\u00ecnh \u0111\u1ebfn NGI Singapore, s\u1ebd c\u00f3 th\u1eddi gian ch\u1edd giao h\u00e0ng \u01b0\u1edbc t\u00ednh kho\u1ea3ng 4 tu\u1ea7n \u0111\u1ec3 nh\u1eadn \u0111\u01b0\u1ee3c \u0111\u01a1n h\u00e0ng c\u1ee7a b\u1ea1n. <strong>Y\u00eau c\u1ea7u b\u00e1o c\u00e1o v\u1ec1 NGI Gemstone c\u1ea7n \u0111\u01b0\u1ee3c th\u1ef1c hi\u1ec7n b\u1eb1ng c\u00e1ch nh\u1eafn tin \u0111\u1ebfn c\u1eeda h\u00e0ng TikTok Yi Pin Qian.<\/strong> C\u1ea3m \u01a1n, <strong><u>\u00e1p d\u1ee5ng th\u00eam ph\u00ed<\/u><\/strong>.<\/p>","protected":false},"excerpt":{"rendered":"<p>This Semi Translucent Icy Natural Type A Jadeite Pendant is a stunning addition to any jewelry collection. Carved with a faceless Buddha and lotus, it symbolizes compassion and wisdom. QIC Labs Approved Certificate: This pendant comes with a QIC labs approved certificate, ensuring its authenticity. Certificate numbers: SD24030201976 Weight &amp; Dimensions: The pendant weighs 16.56 [&hellip;]<\/p>","protected":false},"featured_media":7876,"comment_status":"open","ping_status":"closed","template":"","meta":[],"product_brand":[],"product_cat":[194],"product_tag":[],"class_list":{"0":"post-1782","1":"product","2":"type-product","3":"status-publish","4":"has-post-thumbnail","6":"product_cat-value-picks","8":"first","9":"instock","10":"sale","11":"shipping-taxable","12":"purchasable","13":"product-type-simple"},"_links":{"self":[{"href":"https:\/\/shop.yipinqian.com\/vi\/wp-json\/wp\/v2\/product\/1782","targetHints":{"allow":["GET"]}}],"collection":[{"href":"https:\/\/shop.yipinqian.com\/vi\/wp-json\/wp\/v2\/product"}],"about":[{"href":"https:\/\/shop.yipinqian.com\/vi\/wp-json\/wp\/v2\/types\/product"}],"replies":[{"embeddable":true,"href":"https:\/\/shop.yipinqian.com\/vi\/wp-json\/wp\/v2\/comments?post=1782"}],"version-history":[{"count":0,"href":"https:\/\/shop.yipinqian.com\/vi\/wp-json\/wp\/v2\/product\/1782\/revisions"}],"wp:featuredmedia":[{"embeddable":true,"href":"https:\/\/shop.yipinqian.com\/vi\/wp-json\/wp\/v2\/media\/7876"}],"wp:attachment":[{"href":"https:\/\/shop.yipinqian.com\/vi\/wp-json\/wp\/v2\/media?parent=1782"}],"wp:term":[{"taxonomy":"product_brand","embeddable":true,"href":"https:\/\/shop.yipinqian.com\/vi\/wp-json\/wp\/v2\/product_brand?post=1782"},{"taxonomy":"product_cat","embeddable":true,"href":"https:\/\/shop.yipinqian.com\/vi\/wp-json\/wp\/v2\/product_cat?post=1782"},{"taxonomy":"product_tag","embeddable":true,"href":"https:\/\/shop.yipinqian.com\/vi\/wp-json\/wp\/v2\/product_tag?post=1782"}],"curies":[{"name":"wp","href":"https:\/\/api.w.org\/{rel}","templated":true}]}}