{"id":1779,"date":"2024-10-24T23:22:22","date_gmt":"2024-10-24T15:22:22","guid":{"rendered":"https:\/\/shop.yipinqian.com\/product\/semi-icy-translucent-natural-type-a-jadeite-jade-crafted-with-fubei-as-pendant-with-certificate-weigh-9-97-grams-measurement-34-9-25-7-mm-pendant195\/"},"modified":"2025-02-24T00:49:51","modified_gmt":"2025-02-23T16:49:51","slug":"semi-icy-translucent-natural-type-a-jadeite-jade-crafted-with-fubei-as-pendant-with-certificate-weigh-9-97-grams-measurement-34-9-25-7-mm-pendant195","status":"publish","type":"product","link":"https:\/\/shop.yipinqian.com\/vi\/san-pham\/semi-icy-translucent-natural-type-a-jadeite-jade-crafted-with-fubei-as-pendant-with-certificate-weigh-9-97-grams-measurement-34-9-25-7-mm-pendant195\/","title":{"rendered":"Ng\u1ecdc b\u00edch b\u00e1n trong m\u1edd t\u1ef1 nhi\u00ean lo\u1ea1i A \u0111\u01b0\u1ee3c ch\u1ebf t\u00e1c v\u1edbi Fubei l\u00e0m m\u1eb7t d\u00e2y chuy\u1ec1n c\u00f3 gi\u1ea5y ch\u1ee9ng nh\u1eadn n\u1eb7ng 9,97 gram, k\u00edch th\u01b0\u1edbc 34,9 * 25 * 7 mm (m\u1eb7t d\u00e2y chuy\u1ec1n195)"},"content":{"rendered":"<p>M\u1eb7t d\u00e2y chuy\u1ec1n ng\u1ecdc b\u00edch lo\u1ea1i A b\u00e1n trong su\u1ed1t t\u1ef1 nhi\u00ean v\u1edbi Fubei \u0111\u01b0\u1ee3c ch\u1ebf t\u00e1c tinh x\u1ea3o n\u00e0y l\u00e0 m\u1ed9t m\u00f3n ph\u1ee5 ki\u1ec7n trang s\u1ee9c tinh t\u1ebf, ho\u00e0n h\u1ea3o \u0111\u1ec3 \u0111eo h\u00e0ng ng\u00e0y v\u00e0 trong nh\u1eefng d\u1ecbp b\u00ecnh th\u01b0\u1eddng.<\/p>\n<p><\/p>\n<p><strong>S\u1ed1 ch\u1ee9ng ch\u1ec9: 90159011532<\/strong><\/p>\n<ul>\n<li>\n<strong>Lo\u1ea1i ng\u1ecdc b\u00edch:<\/strong> Ng\u1ecdc b\u00edch<\/li>\n<li>\n<strong>C\u00e2n n\u1eb7ng:<\/strong> 9,97 gam<\/li>\n<li>\n<strong>\u0110o l\u01b0\u1eddng:<\/strong> 34,9 * 25 * 7 mm (m\u1eb7t d\u00e2y chuy\u1ec1n195)<\/li>\n<li>\n<strong>M\u00e0u s\u1eafc ng\u1ecdc b\u00edch:<\/strong> B\u00e1n b\u0103ng trong su\u1ed1t t\u1ef1 nhi\u00ean<\/li>\n<li><em>C\u00f3 k\u00e8m gi\u1ea5y ch\u1ee9ng nh\u1eadn.<\/em><\/li>\n<\/ul>\n<p>M\u1eb7t d\u00e2y chuy\u1ec1n v\u1edbi thi\u1ebft k\u1ebf Fubei t\u1ea1o n\u00ean n\u00e9t quy\u1ebfn r\u0169 ri\u00eang bi\u1ec7t cho ng\u1ecdc b\u00edch t\u1ef1 nhi\u00ean, bi\u1ebfn n\u00f3 th\u00e0nh m\u1ed9t tuy\u00ean b\u1ed1 th\u1eddi trang ho\u00e0n h\u1ea3o cho c\u1ea3 nam v\u00e0 n\u1eef. Ng\u1ecdc b\u00edch \u0111\u01b0\u1ee3c s\u1eed d\u1ee5ng trong m\u1eb7t d\u00e2y chuy\u1ec1n n\u00e0y c\u00f3 ch\u1ea5t l\u01b0\u1ee3ng cao v\u00e0 \u0111\u01b0\u1ee3c tuy\u1ec3n ch\u1ecdn th\u1ee7 c\u00f4ng t\u1eeb c\u00e1c m\u1ecf c\u1ee7a Myanmar, c\u00f2n \u0111\u01b0\u1ee3c g\u1ecdi l\u00e0 Mi\u1ebfn \u0110i\u1ec7n.<\/p>\n<p>M\u00f3n \u0111\u1ed3 n\u00e0y s\u1ebd l\u00e0 m\u00f3n qu\u00e0 l\u00fd t\u01b0\u1edfng cho nh\u1eefng ng\u01b0\u1eddi th\u00e2n y\u00eau c\u1ee7a b\u1ea1n, nh\u1eefng ng\u01b0\u1eddi th\u00edch nh\u1eefng m\u00f3n \u0111\u1ed3 trang s\u1ee9c \u0111\u1ed9c \u0111\u00e1o ho\u1eb7c c\u00f3 th\u1ec3 b\u1ed5 sung v\u00e0o b\u1ed9 s\u01b0u t\u1eadp trang s\u1ee9c c\u00e1 nh\u00e2n c\u1ee7a b\u1ea1n v\u00ec \u0111\u1ed9 trong su\u1ed1t c\u1ee7a n\u00f3 s\u1ebd t\u00f4n l\u00ean b\u1ea5t k\u1ef3 trang ph\u1ee5c n\u00e0o b\u1ea1n k\u1ebft h\u1ee3p!<\/p>\n<ul>\n<li>Ki\u1ec3u d\u00e1ng v\u00f2ng c\u1ed5 gi\u1ea3n d\u1ecb, ph\u00f9 h\u1ee3p \u0111\u1ec3 \u0111eo h\u00e0ng ng\u00e0y m\u00e0 kh\u00f4ng qu\u00e1 l\u00f2e lo\u1eb9t hay ch\u00f3i m\u1eaft.<\/li>\n<\/ul>\n<p>Xin l\u01b0u \u00fd r\u1eb1ng s\u1ea3n ph\u1ea9m n\u00e0y kh\u00f4ng c\u00f3 b\u1ea5t k\u1ef3 lo\u1ea1i b\u1ea3o h\u00e0nh n\u00e0o nh\u01b0ng h\u00e3y y\u00ean t\u00e2m r\u1eb1ng b\u1ea1n \u0111ang \u0111\u1ea7u t\u01b0 v\u00e0o m\u1ed9t s\u1ea3n ph\u1ea9m ch\u1ea5t l\u01b0\u1ee3ng \u0111\u01b0\u1ee3c ch\u1ebf t\u00e1c tinh x\u1ea3o b\u1edfi nh\u1eefng ngh\u1ec7 nh\u00e2n l\u00e0nh ngh\u1ec1 c\u00f3 nhi\u1ec1u n\u0103m kinh nghi\u1ec7m trong vi\u1ec7c t\u1ea1o ra nh\u1eefng ki\u1ec7t t\u00e1c nh\u01b0 v\u1eady!<\/p>\n<p><\/p>\n<p>Yi Pin Qian \u2013 Nh\u00e0 bu\u00f4n \u0111\u00e1 qu\u00fd v\u00e0 kim lo\u1ea1i qu\u00fd t\u1ea1i Singapore \u2013 S\u1ed1 gi\u1ea5y ph\u00e9p PS20190000031<\/p>\n<p><\/p>\n<p>*T\u1ea5t c\u1ea3 c\u00e1c lo\u1ea1i Jadeite \u0111\u01b0\u1ee3c mua t\u1eeb Yi Pin Qian t\u1ea1i Singapore, kh\u00e1ch h\u00e0ng c\u00f3 th\u1ec3 \u0111\u1eb7t l\u1ecbch \u0111\u00e1nh b\u00f3ng ho\u1eb7c s\u1eeda ch\u1eefa nh\u1ecf do x\u1eed l\u00fd sai c\u00e1ch \u2013 c\u00f3 t\u00ednh ph\u00ed v\u00e0 ch\u1ec9 d\u00e0nh cho kh\u00e1ch h\u00e0ng c\u1ee7a Yi Pin Qian t\u1ea1i Singapore*<\/p>\n<p><\/p>\n<p><strong>**C\u00e1c lo\u1ea1i ch\u1ee9ng ch\u1ec9**<\/strong><\/p>\n<p><\/p>\n<p><strong>NGI (C\u00f4ng ty \u0110\u00e1 qu\u00fd Nan Yang)<\/strong><\/p>\n<p>ho\u1eb7c <strong>Ch\u1ee9ng ch\u1ec9 n\u01b0\u1edbc ngo\u00e0i <\/strong>(Yi Pin Qian ch\u1ec9 s\u1eed d\u1ee5ng c\u00e1c ch\u1ee9ng ch\u1ec9 x\u00e1c th\u1ef1c t\u1eeb c\u00e1c ph\u00f2ng th\u00ed nghi\u1ec7m \u1edf n\u01b0\u1edbc ngo\u00e0i v\u00e0 ki\u1ec3m so\u00e1t ch\u1ea5t l\u01b0\u1ee3ng m\u1ecdi s\u1ea3n ph\u1ea9m c\u1ee7a ch\u00fang t\u00f4i tr\u01b0\u1edbc khi \u0111\u01b0a ch\u00fang ra b\u00e1n t\u1ea1i Singapore)<\/p>\n<p><\/p>\n<p>M\u1ed7i s\u1ea3n ph\u1ea9m tr\u00ean TikTok s\u1ebd c\u00f3 lo\u1ea1i ch\u1ee9ng ch\u1ec9 \u0111\u01b0\u1ee3c cung c\u1ea5p \u0111\u01b0\u1ee3c n\u00eau trong ph\u1ea7n m\u00f4 t\u1ea3. \u0110\u1ed1i v\u1edbi b\u1ea5t k\u1ef3 kh\u00e1ch h\u00e0ng n\u00e0o mu\u1ed1n g\u1eedi \u0111\u01a1n h\u00e0ng c\u1ee7a m\u00ecnh \u0111\u1ebfn NGI Singapore, s\u1ebd c\u00f3 th\u1eddi gian ch\u1edd giao h\u00e0ng \u01b0\u1edbc t\u00ednh kho\u1ea3ng 4 tu\u1ea7n \u0111\u1ec3 nh\u1eadn \u0111\u01b0\u1ee3c \u0111\u01a1n h\u00e0ng c\u1ee7a b\u1ea1n. <strong>Y\u00eau c\u1ea7u b\u00e1o c\u00e1o v\u1ec1 NGI Gemstone c\u1ea7n \u0111\u01b0\u1ee3c th\u1ef1c hi\u1ec7n b\u1eb1ng c\u00e1ch nh\u1eafn tin \u0111\u1ebfn c\u1eeda h\u00e0ng TikTok Yi Pin Qian.<\/strong> C\u1ea3m \u01a1n, <strong><u>\u00e1p d\u1ee5ng th\u00eam ph\u00ed<\/u><\/strong>.<\/p>\n<p><\/p>\n<p><strong>Jadeite t\u1ef1 nhi\u00ean kh\u00f4ng ho\u00e0n h\u1ea3o, ch\u1ec9 l\u00e0 m\u1ed9t l\u1eddi nh\u1eafc nh\u1edf nh\u1eb9 nh\u00e0ng, Jadeite t\u1ef1 nhi\u00ean c\u1ee7a ch\u00fang t\u00f4i, gi\u1ed1ng nh\u01b0 t\u1ea5t c\u1ea3 nh\u1eefng th\u1ee9 \u0111\u1eb9p \u0111\u1ebd trong t\u1ef1 nhi\u00ean, c\u00f3 nh\u1eefng \u0111\u1eb7c \u0111i\u1ec3m v\u00e0 bi\u1ebfn th\u1ec3 \u0111\u1ed9c \u0111\u00e1o. Ch\u00fang t\u00f4i m\u1eddi nh\u1eefng kh\u00e1ch h\u00e0ng c\u00f3 gi\u00e1 tr\u1ecb c\u1ee7a m\u00ecnh \u0111\u00f3n nh\u1eadn nh\u1eefng bi\u1ebfn th\u1ec3 t\u1ef1 nhi\u00ean n\u00e0y. Ch\u00fac b\u1ea1n mua s\u1eafm vui v\u1ebb!<\/strong><\/p>\n<p><\/p>\n<p><strong><u>Kh\u00f4ng c\u00f3 h\u00ecnh \u1ea3nh v\u00e0 c\u1ea3nh quay video n\u00e0o \u0111\u01b0\u1ee3c l\u1ecdc. Ch\u00fang t\u00f4i khuy\u1ebfn kh\u00edch kh\u00e1ch h\u00e0ng c\u1ee7a m\u00ecnh c\u0169ng xem c\u00e1c video \u0111i k\u00e8m \u0111\u1ec3 c\u00f3 c\u00e1i nh\u00ecn to\u00e0n di\u1ec7n h\u01a1n v\u1ec1 s\u1ea3n ph\u1ea9m c\u1ee7a ch\u00fang t\u00f4i<\/u><\/strong><\/p>\n<p><\/p>\n<p>.<\/p>","protected":false},"excerpt":{"rendered":"<p>M\u1eb7t d\u00e2y chuy\u1ec1n ng\u1ecdc b\u00edch b\u00e1n trong su\u1ed1t t\u1ef1 nhi\u00ean lo\u1ea1i A n\u00e0y v\u1edbi Fubei \u0111\u01b0\u1ee3c ch\u1ebf t\u00e1c tinh x\u1ea3o l\u00e0 m\u1ed9t m\u00f3n ph\u1ee5 ki\u1ec7n trang s\u1ee9c tinh x\u1ea3o, ho\u00e0n h\u1ea3o \u0111\u1ec3 \u0111eo h\u00e0ng ng\u00e0y v\u00e0 nh\u1eefng d\u1ecbp b\u00ecnh th\u01b0\u1eddng. S\u1ed1 ch\u1ee9ng nh\u1eadn: 90159011532 Lo\u1ea1i ng\u1ecdc b\u00edch: Jadeite Tr\u1ecdng l\u01b0\u1ee3ng: 9,97 gam K\u00edch th\u01b0\u1edbc: 34,9 * 25 * 7 mm (m\u1eb7t d\u00e2y chuy\u1ec1n195) M\u00e0u ng\u1ecdc b\u00edch: Gi\u1ea5y ch\u1ee9ng nh\u1eadn b\u00e1n trong su\u1ed1t t\u1ef1 nhi\u00ean. M\u1eb7t d\u00e2y chuy\u1ec1n v\u1edbi [\u2026]<\/p>","protected":false},"featured_media":7858,"comment_status":"open","ping_status":"closed","template":"","meta":[],"product_brand":[],"product_cat":[194],"product_tag":[],"class_list":{"0":"post-1779","1":"product","2":"type-product","3":"status-publish","4":"has-post-thumbnail","6":"product_cat-value-picks","8":"first","9":"instock","10":"sale","11":"shipping-taxable","12":"purchasable","13":"product-type-simple"},"_links":{"self":[{"href":"https:\/\/shop.yipinqian.com\/vi\/wp-json\/wp\/v2\/product\/1779","targetHints":{"allow":["GET"]}}],"collection":[{"href":"https:\/\/shop.yipinqian.com\/vi\/wp-json\/wp\/v2\/product"}],"about":[{"href":"https:\/\/shop.yipinqian.com\/vi\/wp-json\/wp\/v2\/types\/product"}],"replies":[{"embeddable":true,"href":"https:\/\/shop.yipinqian.com\/vi\/wp-json\/wp\/v2\/comments?post=1779"}],"version-history":[{"count":0,"href":"https:\/\/shop.yipinqian.com\/vi\/wp-json\/wp\/v2\/product\/1779\/revisions"}],"wp:featuredmedia":[{"embeddable":true,"href":"https:\/\/shop.yipinqian.com\/vi\/wp-json\/wp\/v2\/media\/7858"}],"wp:attachment":[{"href":"https:\/\/shop.yipinqian.com\/vi\/wp-json\/wp\/v2\/media?parent=1779"}],"wp:term":[{"taxonomy":"product_brand","embeddable":true,"href":"https:\/\/shop.yipinqian.com\/vi\/wp-json\/wp\/v2\/product_brand?post=1779"},{"taxonomy":"product_cat","embeddable":true,"href":"https:\/\/shop.yipinqian.com\/vi\/wp-json\/wp\/v2\/product_cat?post=1779"},{"taxonomy":"product_tag","embeddable":true,"href":"https:\/\/shop.yipinqian.com\/vi\/wp-json\/wp\/v2\/product_tag?post=1779"}],"curies":[{"name":"wp","href":"https:\/\/api.w.org\/{rel}","templated":true}]}}