{"id":1776,"date":"2024-10-24T23:22:20","date_gmt":"2024-10-24T15:22:20","guid":{"rendered":"https:\/\/shop.yipinqian.com\/product\/semi-icy-rare-yellow-and-green-natural-type-a-jadeite-jade-crafted-as-ruyi-musical-instrument-pipa-as-pendant-with-certificate-weigh-9-08-grams-measurement-45-3-18-7-6-6-mm-pendant226\/"},"modified":"2025-02-24T00:49:51","modified_gmt":"2025-02-23T16:49:51","slug":"semi-icy-rare-yellow-and-green-natural-type-a-jadeite-jade-crafted-as-ruyi-musical-instrument-pipa-as-pendant-with-certificate-weigh-9-08-grams-measurement-45-3-18-7-6-6-mm-pendant226","status":"publish","type":"product","link":"https:\/\/shop.yipinqian.com\/vi\/san-pham\/semi-icy-rare-yellow-and-green-natural-type-a-jadeite-jade-crafted-as-ruyi-musical-instrument-pipa-as-pendant-with-certificate-weigh-9-08-grams-measurement-45-3-18-7-6-6-mm-pendant226\/","title":{"rendered":"Ng\u1ecdc b\u00edch t\u1ef1 nhi\u00ean lo\u1ea1i A m\u00e0u v\u00e0ng v\u00e0 xanh l\u00e1 c\u00e2y b\u00e1n b\u0103ng hi\u1ebfm \u0111\u01b0\u1ee3c ch\u1ebf t\u00e1c nh\u01b0 nh\u1ea1c c\u1ee5 Ruyi pipa l\u00e0m m\u1eb7t d\u00e2y chuy\u1ec1n k\u00e8m gi\u1ea5y ch\u1ee9ng nh\u1eadn n\u1eb7ng 9,08 gram, k\u00edch th\u01b0\u1edbc 45,3 * 18,7 * 6,6 mm (m\u1eb7t d\u00e2y chuy\u1ec1n226)"},"content":{"rendered":"<p>M\u1eb7t d\u00e2y chuy\u1ec1n ng\u1ecdc b\u00edch lo\u1ea1i A t\u1ef1 nhi\u00ean m\u00e0u v\u00e0ng v\u00e0 xanh l\u00e1 c\u00e2y b\u00e1n b\u0103ng hi\u1ebfm n\u00e0y \u0111\u01b0\u1ee3c ch\u1ebf t\u00e1c theo h\u00ecnh d\u1ea1ng nh\u1ea1c c\u1ee5 t\u1ef3 b\u00e0 Ruyi, l\u00e0 m\u1ed9t ph\u1ee5 ki\u1ec7n trang s\u1ee9c \u0111\u1ed9c \u0111\u00e1o v\u00e0 tuy\u1ec7t \u0111\u1eb9p.<\/p>\n<p><\/p>\n<p>S\u1ed1 ch\u1ee9ng ch\u1ec9: 920660019221<\/p>\n<ul>\n<li>\n<strong>Thi\u1ebft k\u1ebf l\u1ea1 m\u1eaft:<\/strong> \u0110\u01b0\u1ee3c ch\u1ebf t\u00e1c theo h\u00ecnh d\u1ea1ng c\u1ee7a nh\u1ea1c c\u1ee5 Ruyi pipa, m\u1eb7t d\u00e2y chuy\u1ec1n n\u00e0y l\u00e0 s\u1ef1 k\u1ebft h\u1ee3p ho\u00e0n h\u1ea3o gi\u1eefa truy\u1ec1n th\u1ed1ng v\u00e0 s\u1ef1 thanh l\u1ecbch. S\u1ef1 k\u1ebft h\u1ee3p c\u1ee7a ng\u1ecdc b\u00edch t\u1ef1 nhi\u00ean m\u00e0u v\u00e0ng v\u00e0 xanh l\u00e1 c\u00e2y l\u00e0m t\u0103ng th\u00eam v\u1ebb \u0111\u1eb9p.<\/li>\n<li>\n<strong>Ch\u1ea5t l\u01b0\u1ee3ng cao c\u1ea5p:<\/strong> M\u1eb7t d\u00e2y chuy\u1ec1n c\u00f3 k\u00edch th\u01b0\u1edbc 45,3 * 18,7 * 6,6 mm (pendant226) v\u1edbi tr\u1ecdng l\u01b0\u1ee3ng 9,08 gram gi\u00fap b\u1ea1n d\u1ec5 d\u00e0ng \u0111eo h\u00e0ng ng\u00e0y.<\/li>\n<li>\n<strong>Gi\u1ea5y ch\u1ee9ng nh\u1eadn bao g\u1ed3m:<\/strong> S\u1ea3n ph\u1ea9m tuy\u1ec7t \u0111\u1eb9p n\u00e0y \u0111i k\u00e8m v\u1edbi gi\u1ea5y ch\u1ee9ng nh\u1eadn x\u00e1c nh\u1eadn \u0111\u00e2y l\u00e0 Ng\u1ecdc b\u00edch t\u1ef1 nhi\u00ean lo\u1ea1i A m\u00e0u v\u00e0ng v\u00e0 xanh l\u00e1 c\u00e2y b\u00e1n b\u0103ng hi\u1ebfm t\u1eeb Myanmar.<\/li>\n<\/ul>\n<p>Ki\u1ec3u v\u00f2ng c\u1ed5 unisex n\u00e0y c\u00f3 th\u1ec3 \u0111eo trong b\u1ea5t k\u1ef3 d\u1ecbp n\u00e0o h\u00e0ng ng\u00e0y m\u00e0 kh\u00f4ng g\u1eb7p b\u1ea5t k\u1ef3 r\u1eafc r\u1ed1i n\u00e0o, khi\u1ebfn n\u00f3 tr\u1edf n\u00ean v\u00f4 c\u00f9ng linh ho\u1ea1t khi s\u1eed d\u1ee5ng.<\/p>\n<p><\/p>\n<ul>\n<li>\n<strong>Lo\u1ea1i ng\u1ecdc b\u00edch: <\/strong>Ng\u1ecdc b\u00edch<\/li>\n<li>\n<strong>Nh\u00e2n d\u1ecbp: <\/strong>H\u1eb1ng ng\u00e0y<\/li>\n<\/ul>\n<p>Th\u00eam ph\u1ee5 ki\u1ec7n trang s\u1ee9c \u0111\u1ed9c \u0111\u00e1o n\u00e0y v\u00e0o b\u1ed9 s\u01b0u t\u1eadp c\u1ee7a b\u1ea1n \u0111\u1ec3 c\u00f3 n\u00e9t ch\u1ea5m ph\u00e1 k\u1ef3 l\u1ea1!<\/p>\n<p><\/p>\n<p><strong>Jadeite t\u1ef1 nhi\u00ean kh\u00f4ng ho\u00e0n h\u1ea3o, ch\u1ec9 l\u00e0 m\u1ed9t l\u1eddi nh\u1eafc nh\u1edf nh\u1eb9 nh\u00e0ng, Jadeite t\u1ef1 nhi\u00ean c\u1ee7a ch\u00fang t\u00f4i, gi\u1ed1ng nh\u01b0 t\u1ea5t c\u1ea3 nh\u1eefng th\u1ee9 \u0111\u1eb9p \u0111\u1ebd trong t\u1ef1 nhi\u00ean, c\u00f3 nh\u1eefng \u0111\u1eb7c \u0111i\u1ec3m v\u00e0 bi\u1ebfn th\u1ec3 \u0111\u1ed9c \u0111\u00e1o. Ch\u00fang t\u00f4i m\u1eddi nh\u1eefng kh\u00e1ch h\u00e0ng c\u00f3 gi\u00e1 tr\u1ecb c\u1ee7a m\u00ecnh \u0111\u00f3n nh\u1eadn nh\u1eefng bi\u1ebfn th\u1ec3 t\u1ef1 nhi\u00ean n\u00e0y. Ch\u00fac b\u1ea1n mua s\u1eafm vui v\u1ebb!<\/strong><\/p>\n<p><\/p>\n<p><strong><u>Kh\u00f4ng c\u00f3 h\u00ecnh \u1ea3nh v\u00e0 c\u1ea3nh quay video n\u00e0o \u0111\u01b0\u1ee3c l\u1ecdc. Ch\u00fang t\u00f4i khuy\u1ebfn kh\u00edch kh\u00e1ch h\u00e0ng c\u1ee7a m\u00ecnh c\u0169ng xem c\u00e1c video \u0111i k\u00e8m \u0111\u1ec3 c\u00f3 c\u00e1i nh\u00ecn to\u00e0n di\u1ec7n h\u01a1n v\u1ec1 s\u1ea3n ph\u1ea9m c\u1ee7a ch\u00fang t\u00f4i<\/u><\/strong><\/p>","protected":false},"excerpt":{"rendered":"<p>M\u1eb7t d\u00e2y chuy\u1ec1n ng\u1ecdc b\u00edch t\u1ef1 nhi\u00ean m\u00e0u v\u00e0ng v\u00e0 xanh l\u00e1 c\u00e2y lo\u1ea1i A Semi Icy Rare n\u00e0y \u0111\u01b0\u1ee3c ch\u1ebf t\u00e1c theo h\u00ecnh d\u1ea1ng nh\u1ea1c c\u1ee5 Ruyi pipa, l\u00e0 m\u1ed9t ph\u1ee5 ki\u1ec7n trang s\u1ee9c \u0111\u1ed9c \u0111\u00e1o v\u00e0 tuy\u1ec7t \u0111\u1eb9p. S\u1ed1 ch\u1ee9ng nh\u1eadn: 920660019221 Thi\u1ebft k\u1ebf k\u1ef3 l\u1ea1: \u0110\u01b0\u1ee3c ch\u1ebf t\u00e1c theo h\u00ecnh d\u1ea1ng nh\u1ea1c c\u1ee5 Ruyi pipa, m\u1eb7t d\u00e2y chuy\u1ec1n n\u00e0y l\u00e0 s\u1ef1 k\u1ebft h\u1ee3p ho\u00e0n h\u1ea3o gi\u1eefa truy\u1ec1n th\u1ed1ng v\u00e0 s\u1ef1 thanh l\u1ecbch. S\u1ef1 k\u1ebft h\u1ee3p gi\u1eefa m\u00e0u v\u00e0ng v\u00e0 [\u2026]<\/p>","protected":false},"featured_media":7850,"comment_status":"open","ping_status":"closed","template":"","meta":[],"product_brand":[],"product_cat":[194],"product_tag":[],"class_list":{"0":"post-1776","1":"product","2":"type-product","3":"status-publish","4":"has-post-thumbnail","6":"product_cat-value-picks","8":"first","9":"instock","10":"sale","11":"shipping-taxable","12":"purchasable","13":"product-type-simple"},"_links":{"self":[{"href":"https:\/\/shop.yipinqian.com\/vi\/wp-json\/wp\/v2\/product\/1776","targetHints":{"allow":["GET"]}}],"collection":[{"href":"https:\/\/shop.yipinqian.com\/vi\/wp-json\/wp\/v2\/product"}],"about":[{"href":"https:\/\/shop.yipinqian.com\/vi\/wp-json\/wp\/v2\/types\/product"}],"replies":[{"embeddable":true,"href":"https:\/\/shop.yipinqian.com\/vi\/wp-json\/wp\/v2\/comments?post=1776"}],"version-history":[{"count":0,"href":"https:\/\/shop.yipinqian.com\/vi\/wp-json\/wp\/v2\/product\/1776\/revisions"}],"wp:featuredmedia":[{"embeddable":true,"href":"https:\/\/shop.yipinqian.com\/vi\/wp-json\/wp\/v2\/media\/7850"}],"wp:attachment":[{"href":"https:\/\/shop.yipinqian.com\/vi\/wp-json\/wp\/v2\/media?parent=1776"}],"wp:term":[{"taxonomy":"product_brand","embeddable":true,"href":"https:\/\/shop.yipinqian.com\/vi\/wp-json\/wp\/v2\/product_brand?post=1776"},{"taxonomy":"product_cat","embeddable":true,"href":"https:\/\/shop.yipinqian.com\/vi\/wp-json\/wp\/v2\/product_cat?post=1776"},{"taxonomy":"product_tag","embeddable":true,"href":"https:\/\/shop.yipinqian.com\/vi\/wp-json\/wp\/v2\/product_tag?post=1776"}],"curies":[{"name":"wp","href":"https:\/\/api.w.org\/{rel}","templated":true}]}}