{"id":1774,"date":"2024-10-24T23:22:19","date_gmt":"2024-10-24T15:22:19","guid":{"rendered":"https:\/\/shop.yipinqian.com\/product\/semi-icy-rare-old-school-natural-type-a-jadeite-jade-pendant-necklace-crafted-as-manjushri-bodhisattva-without-mount-with-certificate-weigh-25-28-grams-58-33-2-7-3-mm-pendant167\/"},"modified":"2025-02-17T00:04:16","modified_gmt":"2025-02-16T16:04:16","slug":"semi-icy-rare-old-school-natural-type-a-jadeite-jade-pendant-necklace-crafted-as-manjushri-bodhisattva-without-mount-with-certificate-weigh-25-28-grams-58-33-2-7-3-mm-pendant167","status":"publish","type":"product","link":"https:\/\/shop.yipinqian.com\/vi\/san-pham\/semi-icy-rare-old-school-natural-type-a-jadeite-jade-pendant-necklace-crafted-as-manjushri-bodhisattva-without-mount-with-certificate-weigh-25-28-grams-58-33-2-7-3-mm-pendant167\/","title":{"rendered":"D\u00e2y chuy\u1ec1n m\u1eb7t d\u00e2y chuy\u1ec1n b\u1eb1ng ng\u1ecdc b\u00edch t\u1ef1 nhi\u00ean lo\u1ea1i A Semi Icy Rare Old School \u0111\u01b0\u1ee3c ch\u1ebf t\u00e1c th\u00e0nh h\u00ecnh B\u1ed3 T\u00e1t V\u0103n Th\u00f9 kh\u00f4ng c\u00f3 N\u00fai k\u00e8m gi\u1ea5y ch\u1ee9ng nh\u1eadn n\u1eb7ng 25,28 gram, 58 * 33,2 * 7,3 mm (m\u1eb7t d\u00e2y chuy\u1ec1n167)"},"content":{"rendered":"<p>M\u1eb7t d\u00e2y chuy\u1ec1n ng\u1ecdc b\u00edch t\u1ef1 nhi\u00ean lo\u1ea1i A Semi Icy Rare Old School n\u00e0y l\u00e0 m\u1ed9t t\u00e1c ph\u1ea9m tuy\u1ec7t \u0111\u1eb9p \u0111\u01b0\u1ee3c ch\u1ebf t\u00e1c nh\u01b0 B\u1ed3 T\u00e1t V\u0103n Th\u00f9 kh\u00f4ng c\u00f3 N\u00fai. V\u1edbi tr\u1ecdng l\u01b0\u1ee3ng 25,28 gram v\u00e0 k\u00edch th\u01b0\u1edbc <strong>58 * 33,2 * 7,3mm<\/strong>, v\u1eeba thanh l\u1ecbch v\u1eeba \u0111\u1ed9c \u0111\u00e1o.<\/p>\n<p>S\u1ed1 ch\u1ee9ng ch\u1ec9: <strong>920770039706<\/strong><\/p>\n<p>C\u00e1c t\u00ednh n\u0103ng ch\u00ednh:<\/p>\n<ul>\n<li>\u0110\u01b0\u1ee3c l\u00e0m th\u1ee7 c\u00f4ng nh\u01b0 B\u1ed3 T\u00e1t V\u0103n Th\u00f9 S\u01b0 L\u1ee3i kh\u00f4ng c\u00f3 N\u00fai<\/li>\n<li>\u0110\u00e1 Jadeite t\u1ef1 nhi\u00ean lo\u1ea1i A hi\u1ebfm b\u00e1n b\u0103ng gi\u00e1<\/li>\n<li>C\u00f3 k\u00e8m theo gi\u1ea5y ch\u1ee9ng nh\u1eadn,<\/li>\n<li>N\u01b0\u1edbc xu\u1ea5t x\u1ee9: Myanmar<\/li>\n<li>Thi\u1ebft k\u1ebf Unisex, Ki\u1ec3u v\u00f2ng c\u1ed5: Th\u01b0\u1eddng ng\u00e0y<\/li>\n<li>D\u1ecbp t\u1ed1t l\u00e0nh \u0111\u1ec3 \u0111eo chi\u1ebfc v\u00f2ng c\u1ed5 n\u00e0y.<\/li>\n<li>M\u1eb7t d\u00e2y chuy\u1ec1n n\u00e0y \u0111\u01b0\u1ee3c l\u00e0m t\u1eeb ng\u1ecdc b\u00edch t\u1ef1 nhi\u00ean ch\u1ea5t l\u01b0\u1ee3ng cao v\u00e0 ho\u00e0n h\u1ea3o cho c\u1ea3 nh\u1eefng d\u1ecbp b\u00ecnh th\u01b0\u1eddng v\u00e0 nh\u1eefng d\u1ecbp may m\u1eafn.<\/li>\n<\/ul>\n<p>Thi\u1ebft k\u1ebf unisex ph\u00f9 h\u1ee3p v\u1edbi m\u1ecdi ng\u01b0\u1eddi \u0111eo. \u0110\u01b0\u1ee3c ch\u1ebf t\u00e1c nh\u01b0 B\u1ed3 T\u00e1t V\u0103n Th\u00f9 kh\u00f4ng c\u00f3 N\u00fai, m\u1eb7t d\u00e2y chuy\u1ec1n n\u00e0y c\u00f3 n\u00e9t ngh\u1ec7 thu\u1eadt \u0111\u1ed9c \u0111\u00e1o khi\u1ebfn n\u00f3 n\u1ed5i b\u1eadt so v\u1edbi nh\u1eefng m\u1eb7t d\u00e2y chuy\u1ec1n kh\u00e1c. \u0110\u00e2y c\u0169ng l\u00e0 lo\u1ea1i ng\u1ecdc b\u00edch t\u1ef1 nhi\u00ean lo\u1ea1i A hi\u1ebfm b\u00e1n b\u0103ng gi\u00e1 c\u1ed5 \u0111i\u1ec3n l\u00e0m t\u0103ng th\u00eam v\u1ebb \u0111\u1eb9p c\u1ee7a n\u00f3.<\/p>\n<p>B\u1ea1n c\u00f3 th\u1ec3 y\u00ean t\u00e2m r\u1eb1ng b\u1ea1n \u0111ang mua m\u1ed9t s\u1ea3n ph\u1ea9m ch\u00ednh h\u00e3ng v\u00ec m\u1eb7t d\u00e2y chuy\u1ec1n n\u00e0y c\u00f3 k\u00e8m theo gi\u1ea5y ch\u1ee9ng nh\u1eadn h\u00e0ng ch\u00ednh h\u00e3ng t\u1eeb Myanmar \u2013 qu\u1ed1c gia xu\u1ea5t x\u1ee9.<\/p>\n<p>Yi Pin Qian \u2013 Nh\u00e0 bu\u00f4n \u0111\u00e1 qu\u00fd v\u00e0 kim lo\u1ea1i qu\u00fd t\u1ea1i Singapore \u2013 S\u1ed1 gi\u1ea5y ph\u00e9p PS20190000031<\/p>\n<p>*T\u1ea5t c\u1ea3 c\u00e1c lo\u1ea1i Jadeite \u0111\u01b0\u1ee3c mua t\u1eeb Yi Pin Qian t\u1ea1i Singapore, kh\u00e1ch h\u00e0ng c\u00f3 th\u1ec3 \u0111\u1eb7t l\u1ecbch \u0111\u00e1nh b\u00f3ng ho\u1eb7c s\u1eeda ch\u1eefa nh\u1ecf do x\u1eed l\u00fd sai c\u00e1ch \u2013 c\u00f3 t\u00ednh ph\u00ed v\u00e0 ch\u1ec9 d\u00e0nh cho kh\u00e1ch h\u00e0ng c\u1ee7a Yi Pin Qian t\u1ea1i Singapore*<\/p>\n<p><strong>**C\u00e1c lo\u1ea1i ch\u1ee9ng ch\u1ec9**<\/strong><\/p>\n<p><strong>NGI (C\u00f4ng ty \u0110\u00e1 qu\u00fd Nan Yang)<\/strong><\/p>\n<p>ho\u1eb7c <strong>Ch\u1ee9ng ch\u1ec9 n\u01b0\u1edbc ngo\u00e0i <\/strong>(Yi Pin Qian ch\u1ec9 s\u1eed d\u1ee5ng c\u00e1c ch\u1ee9ng ch\u1ec9 x\u00e1c th\u1ef1c t\u1eeb c\u00e1c ph\u00f2ng th\u00ed nghi\u1ec7m \u1edf n\u01b0\u1edbc ngo\u00e0i v\u00e0 ki\u1ec3m so\u00e1t ch\u1ea5t l\u01b0\u1ee3ng m\u1ecdi s\u1ea3n ph\u1ea9m c\u1ee7a ch\u00fang t\u00f4i tr\u01b0\u1edbc khi \u0111\u01b0a ch\u00fang ra b\u00e1n t\u1ea1i Singapore)<\/p>\n<p>M\u1ed7i s\u1ea3n ph\u1ea9m tr\u00ean TikTok s\u1ebd c\u00f3 lo\u1ea1i ch\u1ee9ng ch\u1ec9 \u0111\u01b0\u1ee3c cung c\u1ea5p \u0111\u01b0\u1ee3c n\u00eau trong ph\u1ea7n m\u00f4 t\u1ea3. \u0110\u1ed1i v\u1edbi b\u1ea5t k\u1ef3 kh\u00e1ch h\u00e0ng n\u00e0o mu\u1ed1n g\u1eedi \u0111\u01a1n h\u00e0ng c\u1ee7a m\u00ecnh \u0111\u1ebfn NGI Singapore, s\u1ebd c\u00f3 th\u1eddi gian ch\u1edd giao h\u00e0ng \u01b0\u1edbc t\u00ednh kho\u1ea3ng 4 tu\u1ea7n \u0111\u1ec3 nh\u1eadn \u0111\u01b0\u1ee3c \u0111\u01a1n h\u00e0ng c\u1ee7a b\u1ea1n. <strong>Y\u00eau c\u1ea7u b\u00e1o c\u00e1o v\u1ec1 NGI Gemstone c\u1ea7n \u0111\u01b0\u1ee3c th\u1ef1c hi\u1ec7n b\u1eb1ng c\u00e1ch nh\u1eafn tin \u0111\u1ebfn c\u1eeda h\u00e0ng TikTok Yi Pin Qian.<\/strong> C\u1ea3m \u01a1n, <strong><u>\u00e1p d\u1ee5ng th\u00eam ph\u00ed<\/u><\/strong>.<\/p>\n<p><strong>Jadeite t\u1ef1 nhi\u00ean kh\u00f4ng ho\u00e0n h\u1ea3o, ch\u1ec9 l\u00e0 m\u1ed9t l\u1eddi nh\u1eafc nh\u1edf nh\u1eb9 nh\u00e0ng, Jadeite t\u1ef1 nhi\u00ean c\u1ee7a ch\u00fang t\u00f4i, gi\u1ed1ng nh\u01b0 t\u1ea5t c\u1ea3 nh\u1eefng th\u1ee9 \u0111\u1eb9p \u0111\u1ebd trong t\u1ef1 nhi\u00ean, c\u00f3 nh\u1eefng \u0111\u1eb7c \u0111i\u1ec3m v\u00e0 bi\u1ebfn th\u1ec3 \u0111\u1ed9c \u0111\u00e1o. Ch\u00fang t\u00f4i m\u1eddi nh\u1eefng kh\u00e1ch h\u00e0ng c\u00f3 gi\u00e1 tr\u1ecb c\u1ee7a m\u00ecnh \u0111\u00f3n nh\u1eadn nh\u1eefng bi\u1ebfn th\u1ec3 t\u1ef1 nhi\u00ean n\u00e0y. Ch\u00fac b\u1ea1n mua s\u1eafm vui v\u1ebb!<\/strong><\/p>\n<p><strong><u>Kh\u00f4ng c\u00f3 h\u00ecnh \u1ea3nh v\u00e0 c\u1ea3nh quay video n\u00e0o \u0111\u01b0\u1ee3c l\u1ecdc. Ch\u00fang t\u00f4i khuy\u1ebfn kh\u00edch kh\u00e1ch h\u00e0ng c\u1ee7a m\u00ecnh c\u0169ng xem c\u00e1c video \u0111i k\u00e8m \u0111\u1ec3 c\u00f3 c\u00e1i nh\u00ecn to\u00e0n di\u1ec7n h\u01a1n v\u1ec1 s\u1ea3n ph\u1ea9m c\u1ee7a ch\u00fang t\u00f4i<\/u><\/strong><\/p>","protected":false},"excerpt":{"rendered":"<p>D\u00e2y chuy\u1ec1n m\u1eb7t d\u00e2y chuy\u1ec1n b\u1eb1ng ng\u1ecdc b\u00edch t\u1ef1 nhi\u00ean lo\u1ea1i A Semi Icy Rare Old School n\u00e0y l\u00e0 m\u1ed9t t\u00e1c ph\u1ea9m tuy\u1ec7t \u0111\u1eb9p \u0111\u01b0\u1ee3c ch\u1ebf t\u00e1c nh\u01b0 B\u1ed3 T\u00e1t V\u0103n Th\u00f9 kh\u00f4ng c\u00f3 N\u00fai. V\u1edbi tr\u1ecdng l\u01b0\u1ee3ng 25,28 gram v\u00e0 k\u00edch th\u01b0\u1edbc 58 * 33,2 * 7,3 mm, s\u1ea3n ph\u1ea9m v\u1eeba thanh l\u1ecbch v\u1eeba \u0111\u1ed9c \u0111\u00e1o. S\u1ed1 ch\u1ee9ng nh\u1eadn: 920770039706 C\u00e1c t\u00ednh n\u0103ng ch\u00ednh: \u0110\u01b0\u1ee3c ch\u1ebf t\u00e1c th\u1ee7 c\u00f4ng nh\u01b0 B\u1ed3 T\u00e1t V\u0103n Th\u00f9 kh\u00f4ng c\u00f3 N\u00fai Semi [\u2026]<\/p>","protected":false},"featured_media":7842,"comment_status":"open","ping_status":"closed","template":"","meta":[],"product_brand":[],"product_cat":[48],"product_tag":[],"class_list":{"0":"post-1774","1":"product","2":"type-product","3":"status-publish","4":"has-post-thumbnail","6":"product_cat-pendants","8":"first","9":"instock","10":"sale","11":"shipping-taxable","12":"purchasable","13":"product-type-simple"},"_links":{"self":[{"href":"https:\/\/shop.yipinqian.com\/vi\/wp-json\/wp\/v2\/product\/1774","targetHints":{"allow":["GET"]}}],"collection":[{"href":"https:\/\/shop.yipinqian.com\/vi\/wp-json\/wp\/v2\/product"}],"about":[{"href":"https:\/\/shop.yipinqian.com\/vi\/wp-json\/wp\/v2\/types\/product"}],"replies":[{"embeddable":true,"href":"https:\/\/shop.yipinqian.com\/vi\/wp-json\/wp\/v2\/comments?post=1774"}],"version-history":[{"count":0,"href":"https:\/\/shop.yipinqian.com\/vi\/wp-json\/wp\/v2\/product\/1774\/revisions"}],"wp:featuredmedia":[{"embeddable":true,"href":"https:\/\/shop.yipinqian.com\/vi\/wp-json\/wp\/v2\/media\/7842"}],"wp:attachment":[{"href":"https:\/\/shop.yipinqian.com\/vi\/wp-json\/wp\/v2\/media?parent=1774"}],"wp:term":[{"taxonomy":"product_brand","embeddable":true,"href":"https:\/\/shop.yipinqian.com\/vi\/wp-json\/wp\/v2\/product_brand?post=1774"},{"taxonomy":"product_cat","embeddable":true,"href":"https:\/\/shop.yipinqian.com\/vi\/wp-json\/wp\/v2\/product_cat?post=1774"},{"taxonomy":"product_tag","embeddable":true,"href":"https:\/\/shop.yipinqian.com\/vi\/wp-json\/wp\/v2\/product_tag?post=1774"}],"curies":[{"name":"wp","href":"https:\/\/api.w.org\/{rel}","templated":true}]}}