{"id":1771,"date":"2024-10-24T23:22:18","date_gmt":"2024-10-24T15:22:18","guid":{"rendered":"https:\/\/shop.yipinqian.com\/product\/semi-icy-premium-natural-type-a-jadeite-jade-crafted-as-dragon-with-certificate-weigh-49-63-measurement-64-8-42-5-10-5-mm-pendant190\/"},"modified":"2025-02-24T01:17:27","modified_gmt":"2025-02-23T17:17:27","slug":"semi-icy-premium-natural-type-a-jadeite-jade-crafted-as-dragon-with-certificate-weigh-49-63-measurement-64-8-42-5-10-5-mm-pendant190","status":"publish","type":"product","link":"https:\/\/shop.yipinqian.com\/vi\/san-pham\/semi-icy-premium-natural-type-a-jadeite-jade-crafted-as-dragon-with-certificate-weigh-49-63-measurement-64-8-42-5-10-5-mm-pendant190\/","title":{"rendered":"Ng\u1ecdc b\u00edch lo\u1ea1i A t\u1ef1 nhi\u00ean b\u00e1n b\u0103ng cao c\u1ea5p \u0111\u01b0\u1ee3c ch\u1ebf t\u00e1c th\u00e0nh h\u00ecnh r\u1ed3ng c\u00f3 ch\u1ee9ng ch\u1ec9 n\u1eb7ng 49,63, k\u00edch th\u01b0\u1edbc 64,8 * 42,5 * 10,5 mm (m\u1eb7t d\u00e2y chuy\u1ec1n190)"},"content":{"rendered":"<p>Tr\u1ea3i nghi\u1ec7m v\u1ebb \u0111\u1eb9p v\u00e0 s\u1ef1 thanh l\u1ecbch c\u1ee7a m\u1eb7t d\u00e2y chuy\u1ec1n ng\u1ecdc b\u00edch Semi Icy Premium Natural lo\u1ea1i A tuy\u1ec7t \u0111\u1eb9p n\u00e0y, \u0111\u01b0\u1ee3c ch\u1ebf t\u00e1c theo h\u00ecnh con r\u1ed3ng, ho\u00e0n h\u1ea3o cho m\u1ecdi d\u1ecbp.<\/p>\n<p><strong>S\u1ed1 ch\u1ee9ng ch\u1ec9: GD2111H002544<\/strong><\/p>\n<p><img fetchpriority=\"high\" decoding=\"async\" height=\"1080\" src=\"https:\/\/shop.yipinqian.com\/wp-content\/uploads\/2024\/10\/3e0f3d82fe334d87ef858032396b42ca.jpg?from=476444299\" width=\"1080\"><\/p>\n<ul>\n<li>\n<strong>T\u00ednh x\u00e1c th\u1ef1c:<\/strong> Lo\u1ea1i ng\u1ecdc b\u00edch n\u00e0y c\u00f3 k\u00e8m theo gi\u1ea5y ch\u1ee9ng nh\u1eadn x\u00e1c th\u1ef1c, \u0111\u1ea3m b\u1ea3o ch\u1ea5t l\u01b0\u1ee3ng v\u00e0 gi\u00e1 tr\u1ecb c\u1ee7a n\u00f3.<\/li>\n<li>\n<strong>Ch\u1ea5t l\u01b0\u1ee3ng cao c\u1ea5p:<\/strong> \u0110\u01b0\u1ee3c l\u00e0m t\u1eeb \u0111\u00e1 ng\u1ecdc b\u00edch lo\u1ea1i A t\u1ef1 nhi\u00ean, m\u1eb7t d\u00e2y chuy\u1ec1n n\u00e0y c\u00f3 ch\u1ea5t l\u01b0\u1ee3ng cao nh\u1ea5t v\u1edbi l\u1edbp ho\u00e0n thi\u1ec7n b\u00e1n b\u0103ng gi\u00e1 l\u00e0m t\u0103ng th\u00eam t\u00ednh \u0111\u1ed9c \u0111\u00e1o c\u1ee7a n\u00f3.<\/li>\n<li>\n<strong>Tay ngh\u1ec1 th\u1ee7 c\u00f4ng t\u1ec9 m\u1ec9:<\/strong> Thi\u1ebft k\u1ebf r\u1ed3ng ph\u1ee9c t\u1ea1p \u0111\u01b0\u1ee3c ch\u1ebf t\u00e1c t\u1ec9 m\u1ec9 \u0111\u1ec3 l\u00e0m n\u1ed5i b\u1eadt c\u00e1c chi ti\u1ebft tinh x\u1ea3o v\u00e0 v\u1ebb \u0111\u1eb9p c\u1ee7a t\u00e1c ph\u1ea9m n\u00e0y.<\/li>\n<\/ul>\n<p>Chi\u1ebfc nh\u1eabn tuy\u1ec7t \u0111\u1eb9p n\u00e0y n\u1eb7ng 49,63 gram v\u1edbi k\u00edch th\u01b0\u1edbc 64,8 * 42,5 * 10,5 mm (m\u1eb7t d\u00e2y chuy\u1ec1n 190), l\u00e0 ph\u1ee5 ki\u1ec7n l\u00fd t\u01b0\u1edfng cho c\u1ea3 nam v\u00e0 n\u1eef y\u00eau th\u00edch \u0111\u1ed3 trang s\u1ee9c cao c\u1ea5p.<\/p>\n<ul>\n<li>\n<strong>Gi\u1ea3n d\u1ecb nh\u01b0ng thanh l\u1ecbch:<\/strong> Ki\u1ec3u d\u00e1ng v\u00f2ng c\u1ed5 gi\u1ea3n d\u1ecb l\u00e0m cho n\u00f3 ho\u00e0n h\u1ea3o \u0111\u1ec3 \u0111eo h\u00e0ng ng\u00e0y ho\u1eb7c nh\u01b0 m\u1ed9t m\u00f3n \u0111\u1ed3 trang s\u1ee9c n\u1ed5i b\u1eadt trong nh\u1eefng d\u1ecbp \u0111\u1eb7c bi\u1ec7t<\/li>\n<\/ul>\n<p>\u0110\u01b0\u1ee3c s\u1ea3n xu\u1ea5t t\u1ea1i Myanmar, b\u1ea1n c\u00f3 th\u1ec3 y\u00ean t\u00e2m r\u1eb1ng b\u1ea1n \u0111ang s\u1edf h\u1eefu m\u1ed9t ki\u1ec7t t\u00e1c \u0111\u00edch th\u1ef1c c\u00f3 th\u1ec3 s\u1eed d\u1ee5ng tr\u1ecdn \u0111\u1eddi m\u00e0 kh\u00f4ng c\u1ea7n b\u1ea5t k\u1ef3 lo\u1ea1i b\u1ea3o h\u00e0nh n\u00e0o.<\/p>\n<p>T\u0103ng th\u00eam s\u1ef1 sang tr\u1ecdng cho b\u1ed9 s\u01b0u t\u1eadp trang s\u1ee9c c\u1ee7a b\u1ea1n ho\u1eb7c g\u00e2y b\u1ea5t ng\u1edd cho nh\u1eefng ng\u01b0\u1eddi th\u00e2n y\u00eau b\u1eb1ng c\u00e1ch t\u1eb7ng h\u1ecd M\u1eb7t d\u00e2y chuy\u1ec1n r\u1ed3ng ng\u1ecdc b\u00edch lo\u1ea1i A t\u1ef1 nhi\u00ean b\u00e1n b\u0103ng tuy\u1ec7t \u0111\u1eb9p n\u00e0y ngay h\u00f4m nay!<\/p>","protected":false},"excerpt":{"rendered":"<p>Tr\u1ea3i nghi\u1ec7m v\u1ebb \u0111\u1eb9p v\u00e0 s\u1ef1 thanh l\u1ecbch c\u1ee7a m\u1eb7t d\u00e2y chuy\u1ec1n ng\u1ecdc b\u00edch Semi Icy Premium Natural Type A Jadeite Jade tuy\u1ec7t \u0111\u1eb9p n\u00e0y, \u0111\u01b0\u1ee3c ch\u1ebf t\u00e1c nh\u01b0 m\u1ed9t con r\u1ed3ng, ho\u00e0n h\u1ea3o cho m\u1ecdi d\u1ecbp. S\u1ed1 ch\u1ee9ng ch\u1ec9: GD2111H002544 T\u00ednh x\u00e1c th\u1ef1c: Ng\u1ecdc b\u00edch jadeite n\u00e0y \u0111i k\u00e8m v\u1edbi ch\u1ee9ng ch\u1ec9 x\u00e1c th\u1ef1c, \u0111\u1ea3m b\u1ea3o ch\u1ea5t l\u01b0\u1ee3ng v\u00e0 gi\u00e1 tr\u1ecb c\u1ee7a n\u00f3. Ch\u1ea5t l\u01b0\u1ee3ng cao c\u1ea5p: \u0110\u01b0\u1ee3c l\u00e0m t\u1eeb ng\u1ecdc b\u00edch t\u1ef1 nhi\u00ean Type A, m\u1eb7t d\u00e2y chuy\u1ec1n n\u00e0y c\u00f3 [\u2026]<\/p>","protected":false},"featured_media":7807,"comment_status":"open","ping_status":"closed","template":"","meta":[],"product_brand":[],"product_cat":[195],"product_tag":[],"class_list":{"0":"post-1771","1":"product","2":"type-product","3":"status-publish","4":"has-post-thumbnail","6":"product_cat-heirloom-grade","8":"first","9":"instock","10":"sale","11":"shipping-taxable","12":"purchasable","13":"product-type-simple"},"_links":{"self":[{"href":"https:\/\/shop.yipinqian.com\/vi\/wp-json\/wp\/v2\/product\/1771","targetHints":{"allow":["GET"]}}],"collection":[{"href":"https:\/\/shop.yipinqian.com\/vi\/wp-json\/wp\/v2\/product"}],"about":[{"href":"https:\/\/shop.yipinqian.com\/vi\/wp-json\/wp\/v2\/types\/product"}],"replies":[{"embeddable":true,"href":"https:\/\/shop.yipinqian.com\/vi\/wp-json\/wp\/v2\/comments?post=1771"}],"version-history":[{"count":0,"href":"https:\/\/shop.yipinqian.com\/vi\/wp-json\/wp\/v2\/product\/1771\/revisions"}],"wp:featuredmedia":[{"embeddable":true,"href":"https:\/\/shop.yipinqian.com\/vi\/wp-json\/wp\/v2\/media\/7807"}],"wp:attachment":[{"href":"https:\/\/shop.yipinqian.com\/vi\/wp-json\/wp\/v2\/media?parent=1771"}],"wp:term":[{"taxonomy":"product_brand","embeddable":true,"href":"https:\/\/shop.yipinqian.com\/vi\/wp-json\/wp\/v2\/product_brand?post=1771"},{"taxonomy":"product_cat","embeddable":true,"href":"https:\/\/shop.yipinqian.com\/vi\/wp-json\/wp\/v2\/product_cat?post=1771"},{"taxonomy":"product_tag","embeddable":true,"href":"https:\/\/shop.yipinqian.com\/vi\/wp-json\/wp\/v2\/product_tag?post=1771"}],"curies":[{"name":"wp","href":"https:\/\/api.w.org\/{rel}","templated":true}]}}