{"id":1765,"date":"2024-10-24T23:22:15","date_gmt":"2024-10-24T15:22:15","guid":{"rendered":"https:\/\/shop.yipinqian.com\/product\/semi-icy-natural-type-a-jadeite-jade-crafted-with-blessing-melon-as-pendant-adding-18k-gold-clasp-with-certificate-weigh-7-46-grams-measurement-36-3-14-5-8-3-mm-18kp30\/"},"modified":"2025-02-24T00:49:52","modified_gmt":"2025-02-23T16:49:52","slug":"semi-icy-natural-type-a-jadeite-jade-crafted-with-blessing-melon-as-pendant-adding-18k-gold-clasp-with-certificate-weigh-7-46-grams-measurement-36-3-14-5-8-3-mm-18kp30","status":"publish","type":"product","link":"https:\/\/shop.yipinqian.com\/vi\/san-pham\/semi-icy-natural-type-a-jadeite-jade-crafted-with-blessing-melon-as-pendant-adding-18k-gold-clasp-with-certificate-weigh-7-46-grams-measurement-36-3-14-5-8-3-mm-18kp30\/","title":{"rendered":"Ng\u1ecdc b\u00edch b\u00e1n b\u0103ng t\u1ef1 nhi\u00ean lo\u1ea1i A \u0111\u01b0\u1ee3c ch\u1ebf t\u00e1c v\u1edbi m\u1eb7t d\u00e2y chuy\u1ec1n h\u00ecnh d\u01b0a l\u01b0\u1edbi may m\u1eafn, th\u00eam m\u00f3c c\u00e0i b\u1eb1ng v\u00e0ng 18k c\u00f3 ch\u1ee9ng nh\u1eadn, n\u1eb7ng 7,46 gram, k\u00edch th\u01b0\u1edbc 36,3 * 14,5 * 8,3 mm (18kp30)"},"content":{"rendered":"<p>M\u1eb7t d\u00e2y chuy\u1ec1n ng\u1ecdc b\u00edch b\u00e1n b\u0103ng t\u1ef1 nhi\u00ean lo\u1ea1i A n\u00e0y \u0111\u01b0\u1ee3c ch\u1ebf t\u00e1c v\u1edbi thi\u1ebft k\u1ebf h\u00ecnh qu\u1ea3 d\u01b0a ph\u01b0\u1edbc l\u00e0nh, mang \u0111\u1ebfn n\u00e9t thanh l\u1ecbch cho b\u1ea5t k\u1ef3 trang ph\u1ee5c n\u00e0o. M\u1eb7t d\u00e2y chuy\u1ec1n \u0111i k\u00e8m <strong>Kh\u00f3a v\u00e0ng 18k <\/strong>V\u00e0 <strong>Jadeite n\u1eb7ng 7,46 gram<\/strong>, \u0111o l\u01b0\u1eddng <strong>36,3 * 14,5 * 8,3mm<\/strong> (18kp30).<\/p>\n<p>\u00a0<\/p>\n<p>C\u00e1c t\u00ednh n\u0103ng ch\u00ednh: \u2013 Ng\u1ecdc b\u00edch lo\u1ea1i A t\u1ef1 nhi\u00ean b\u00e1n b\u0103ng \u2013 Thi\u1ebft k\u1ebf h\u00ecnh qu\u1ea3 d\u01b0a ph\u01b0\u1edbc l\u00e0nh \u2013 C\u00f3 k\u00e8m gi\u1ea5y ch\u1ee9ng nh\u1eadn \u2013 N\u1eb7ng 7,46 gram \u2013 K\u00edch th\u01b0\u1edbc: 36,3 *14,5 *8,3 mm (18kp30)<\/p>\n<p>\u00a0<\/p>\n<p>S\u1ed1 ch\u1ee9ng ch\u1ec9: 911289015154<\/p>\n<p>\u00a0<\/p>\n<p>M\u1eb7t d\u00e2y chuy\u1ec1n n\u00e0y \u0111\u01b0\u1ee3c ch\u1ebf t\u00e1c t\u1eeb \u0111\u00e1 ng\u1ecdc b\u00edch t\u1ef1 nhi\u00ean ch\u1ea5t l\u01b0\u1ee3ng cao t\u1eeb Myanmar v\u00e0 c\u00f3 thi\u1ebft k\u1ebf tuy\u1ec7t \u0111\u1eb9p l\u00e0m t\u0103ng th\u00eam h\u00e0o quang may m\u1eafn. Ki\u1ec3u d\u00e1ng v\u00f2ng c\u1ed5 c\u1ee7a m\u00f3n \u0111\u1ed3 n\u00e0y r\u1ea5t gi\u1ea3n d\u1ecb, ho\u00e0n h\u1ea3o \u0111\u1ec3 c\u1ea3 nam v\u00e0 n\u1eef \u0111eo h\u00e0ng ng\u00e0y. Thu\u1ed9c t\u00ednh ch\u00ednh:<\/p>\n<ul>\n<li>C\u00f3 ch\u1ee9ng ch\u1ec9: C\u00f3<\/li>\n<li>V\u1eadt li\u1ec7u th\u1ee9 c\u1ea5p: Kim c\u01b0\u01a1ng<\/li>\n<li>V\u1eadt li\u1ec7u c\u00e0i \u0111\u1eb7t: V\u00e0ng PT\/Carat<\/li>\n<li>N\u01b0\u1edbc xu\u1ea5t x\u1ee9: Myanmar<\/li>\n<li>Nh\u00e2n d\u1ecbp: T\u1ed1t l\u00e0nh<\/li>\n<li>Lo\u1ea1i b\u1ea3o h\u00e0nh: Kh\u00f4ng<\/li>\n<li>,<\/li>\n<li>Lo\u1ea1i ng\u1ecdc b\u00edch: Jadeite, Gi\u1edbi t\u00ednh: Unisex<\/li>\n<\/ul>\n<p>Nh\u00ecn chung, chi\u1ebfc v\u00f2ng c\u1ed5 ng\u1ecdc b\u00edch n\u00e0y l\u00e0 m\u1ed9t m\u00f3n qu\u00e0 tuy\u1ec7t v\u1eddi ho\u1eb7c ph\u1ee5 ki\u1ec7n c\u00e1 nh\u00e2n to\u00e1t l\u00ean v\u1ebb thanh l\u1ecbch v\u00e0 tinh t\u1ebf trong m\u1ecdi ho\u00e0n c\u1ea3nh!<\/p>\n<p>\u00a0<\/p>\n<p><strong>Jadeite t\u1ef1 nhi\u00ean kh\u00f4ng ho\u00e0n h\u1ea3o, ch\u1ec9 l\u00e0 m\u1ed9t l\u1eddi nh\u1eafc nh\u1edf nh\u1eb9 nh\u00e0ng, Jadeite t\u1ef1 nhi\u00ean c\u1ee7a ch\u00fang t\u00f4i, gi\u1ed1ng nh\u01b0 t\u1ea5t c\u1ea3 nh\u1eefng th\u1ee9 \u0111\u1eb9p \u0111\u1ebd trong t\u1ef1 nhi\u00ean, c\u00f3 nh\u1eefng \u0111\u1eb7c \u0111i\u1ec3m v\u00e0 bi\u1ebfn th\u1ec3 \u0111\u1ed9c \u0111\u00e1o. Ch\u00fang t\u00f4i m\u1eddi nh\u1eefng kh\u00e1ch h\u00e0ng c\u00f3 gi\u00e1 tr\u1ecb c\u1ee7a m\u00ecnh \u0111\u00f3n nh\u1eadn nh\u1eefng bi\u1ebfn th\u1ec3 t\u1ef1 nhi\u00ean n\u00e0y. Ch\u00fac b\u1ea1n mua s\u1eafm vui v\u1ebb!<\/strong><\/p>\n<p>\u00a0<\/p>\n<p><strong><u>Kh\u00f4ng c\u00f3 h\u00ecnh \u1ea3nh v\u00e0 c\u1ea3nh quay video n\u00e0o \u0111\u01b0\u1ee3c l\u1ecdc. Ch\u00fang t\u00f4i khuy\u1ebfn kh\u00edch kh\u00e1ch h\u00e0ng c\u1ee7a m\u00ecnh c\u0169ng xem c\u00e1c video \u0111i k\u00e8m \u0111\u1ec3 c\u00f3 c\u00e1i nh\u00ecn to\u00e0n di\u1ec7n h\u01a1n v\u1ec1 s\u1ea3n ph\u1ea9m c\u1ee7a ch\u00fang t\u00f4i<\/u><\/strong><\/p>","protected":false},"excerpt":{"rendered":"<p>This Semi Icy Natural Type A Jadeite Jade pendant is crafted with a Blessing Melon design, adding a touch of elegance to any outfit. The pendant comes with an 18k gold clasp and Jadeite weighs 7.46 grams, measuring 36.3 * 14.5 * 8.3 mm (18kp30). \u00a0 Key Features: &#8211; Semi Icy Natural Type A Jadeite [&hellip;]<\/p>","protected":false},"featured_media":7760,"comment_status":"open","ping_status":"closed","template":"","meta":[],"product_brand":[],"product_cat":[194],"product_tag":[],"class_list":{"0":"post-1765","1":"product","2":"type-product","3":"status-publish","4":"has-post-thumbnail","6":"product_cat-value-picks","8":"first","9":"instock","10":"sale","11":"shipping-taxable","12":"purchasable","13":"product-type-simple"},"_links":{"self":[{"href":"https:\/\/shop.yipinqian.com\/vi\/wp-json\/wp\/v2\/product\/1765","targetHints":{"allow":["GET"]}}],"collection":[{"href":"https:\/\/shop.yipinqian.com\/vi\/wp-json\/wp\/v2\/product"}],"about":[{"href":"https:\/\/shop.yipinqian.com\/vi\/wp-json\/wp\/v2\/types\/product"}],"replies":[{"embeddable":true,"href":"https:\/\/shop.yipinqian.com\/vi\/wp-json\/wp\/v2\/comments?post=1765"}],"version-history":[{"count":0,"href":"https:\/\/shop.yipinqian.com\/vi\/wp-json\/wp\/v2\/product\/1765\/revisions"}],"wp:featuredmedia":[{"embeddable":true,"href":"https:\/\/shop.yipinqian.com\/vi\/wp-json\/wp\/v2\/media\/7760"}],"wp:attachment":[{"href":"https:\/\/shop.yipinqian.com\/vi\/wp-json\/wp\/v2\/media?parent=1765"}],"wp:term":[{"taxonomy":"product_brand","embeddable":true,"href":"https:\/\/shop.yipinqian.com\/vi\/wp-json\/wp\/v2\/product_brand?post=1765"},{"taxonomy":"product_cat","embeddable":true,"href":"https:\/\/shop.yipinqian.com\/vi\/wp-json\/wp\/v2\/product_cat?post=1765"},{"taxonomy":"product_tag","embeddable":true,"href":"https:\/\/shop.yipinqian.com\/vi\/wp-json\/wp\/v2\/product_tag?post=1765"}],"curies":[{"name":"wp","href":"https:\/\/api.w.org\/{rel}","templated":true}]}}