{"id":1761,"date":"2024-10-24T23:22:11","date_gmt":"2024-10-24T15:22:11","guid":{"rendered":"https:\/\/shop.yipinqian.com\/product\/semi-icy-good-translucent-natural-type-a-jadeite-jade-crafted-as-buddha-set-on-s925-and-sandalwood-as-pendant-certificate-weighs-31-79-grams-measurement-60-3-37-1-21-1-mm-s925p2\/"},"modified":"2025-02-24T00:49:52","modified_gmt":"2025-02-23T16:49:52","slug":"semi-icy-good-translucent-natural-type-a-jadeite-jade-crafted-as-buddha-set-on-s925-and-sandalwood-as-pendant-certificate-weighs-31-79-grams-measurement-60-3-37-1-21-1-mm-s925p2","status":"publish","type":"product","link":"https:\/\/shop.yipinqian.com\/vi\/san-pham\/semi-icy-good-translucent-natural-type-a-jadeite-jade-crafted-as-buddha-set-on-s925-and-sandalwood-as-pendant-certificate-weighs-31-79-grams-measurement-60-3-37-1-21-1-mm-s925p2\/","title":{"rendered":"\u0110\u00e1 Jadeite b\u00e1n trong m\u1edd t\u1ef1 nhi\u00ean lo\u1ea1i A \u0111\u01b0\u1ee3c ch\u1ebf t\u00e1c th\u00e0nh h\u00ecnh \u0110\u1ee9c Ph\u1eadt tr\u00ean S925 v\u00e0 g\u1ed7 \u0111\u00e0n h\u01b0\u01a1ng l\u00e0m m\u1eb7t d\u00e2y chuy\u1ec1n, gi\u1ea5y ch\u1ee9ng nh\u1eadn n\u1eb7ng 31,79 gram, k\u00edch th\u01b0\u1edbc 60,3 * 37,1 * 21,1 mm (s925p2)"},"content":{"rendered":"<article class=\"lzd-article\">\n<p style=\"line-height:1.7;text-align:left;text-indent:0;margin-left:0;margin-top:0;margin-bottom:0\"><span><\/span><\/p>\n<p style=\"line-height:1.7;text-align:left;text-indent:0;margin-left:0;margin-top:0;margin-bottom:0\"><span>M\u1eb7t d\u00e2y chuy\u1ec1n tinh x\u1ea3o n\u00e0y c\u00f3 vi\u00ean Ng\u1ecdc b\u00edch lo\u1ea1i A t\u1ef1 nhi\u00ean b\u00e1n trong m\u1edd Semi Icy Good \u0111\u01b0\u1ee3c ch\u1ebf t\u00e1c theo h\u00ecnh \u0110\u1ee9c Ph\u1eadt, g\u1eafn tr\u00ean \u0111\u00e1 S925 v\u00e0 g\u1ed7 \u0111\u00e0n h\u01b0\u01a1ng, t\u1ea1o n\u00ean m\u1ed9t m\u00f3n \u0111\u1ed3 trang s\u1ee9c \u0111\u1ed9c \u0111\u00e1o v\u00e0 \u00fd ngh\u0129a.<\/span><\/p>\n<p style=\"line-height:1.7;text-align:left;text-indent:0;margin-left:0;margin-top:0;margin-bottom:0\"><span><\/span><\/p>\n<p style=\"line-height:1.7;text-align:left;text-indent:0;margin-left:0;margin-top:0;margin-bottom:0\"><span>S\u1ed1 ch\u1ee9ng ch\u1ec9: ZJSL24032700962<\/span><\/p>\n<p style=\"line-height:1.7;text-align:left;text-indent:0;margin-left:0;margin-top:0;margin-bottom:0\"><span>B\u1ea1c S925 n\u1eb7ng 6,58 gram<\/span><\/p>\n<p style=\"line-height:1.7;text-align:left;text-indent:0;margin-left:0;margin-top:0;margin-bottom:0\"><span>Ph\u1eadt Jadeite n\u1eb7ng 6,09 gram \/ 28,5 * 15,5 * 8,5 mm<\/span><\/p>\n<p style=\"line-height:1.7;text-align:left;text-indent:0;margin-left:0;margin-top:0;margin-bottom:0\"><span>K\u00edch th\u01b0\u1edbc t\u1ed5ng th\u1ec3: 60,3 * 37,1 * 21,1 mm<\/span><\/p>\n<p style=\"line-height:1.7;text-align:left;text-indent:0;margin-left:0;margin-top:0;margin-bottom:0\"><span><\/span><\/p>\n<p style=\"line-height:1.7;text-align:left;text-indent:0;margin-left:0;margin-top:0;margin-bottom:0\"><span>L\u01b0u \u00fd: Kh\u00f4ng c\u00f3 s\u01a1n \u0111\u01b0\u1ee3c th\u00eam v\u00e0o g\u1ed7 \u0111\u00e0n h\u01b0\u01a1ng <\/span><\/p>\n<p style=\"line-height:1.7;text-align:left;text-indent:0;margin-left:0;margin-top:0;margin-bottom:0\"><span><\/span><\/p>\n<p style=\"line-height:1.7;text-align:left;text-indent:0;margin-left:0;margin-top:0;margin-bottom:0\"><span><\/span><img decoding=\"async\" src=\"https:\/\/shop.yipinqian.com\/wp-content\/uploads\/2024\/10\/1b14d4edb6ee02913b94d9088a0de6a5.jpg\" style=\"width:832px;height:832px;vertical-align:middle\"><span><\/span><\/p>\n<p style=\"line-height:1.7;text-align:left;text-indent:0;margin-left:0;margin-top:0;margin-bottom:0\"><span><\/span><\/p>\n<p style=\"line-height:1.7;text-align:left;text-indent:0;margin-left:0;margin-top:0;margin-bottom:0\"><span><\/span><\/p>\n<ul>\n<li>\n<div style=\"line-height:1.7;text-align:left;text-indent:0\">\n<span style=\"font-weight:bold\">X\u00edch<\/span><span> \u2013 G\u1ed7 C\u1ed1ng Papua 6mm<\/span>\n<\/div>\n<\/li>\n<li>\n<div style=\"line-height:1.7;text-align:left;text-indent:0\">\n<span style=\"font-weight:bold\">V\u1eadt li\u1ec7u:<\/span><span> M\u1eb7t d\u00e2y chuy\u1ec1n \u0111\u01b0\u1ee3c ch\u1ebf t\u00e1c t\u1eeb b\u1ea1c S925 ch\u1ea5t l\u01b0\u1ee3ng cao v\u00e0 g\u1ed7 \u0111\u00e0n h\u01b0\u01a1ng nguy\u00ean ch\u1ea5t \u0111\u1ec3 t\u1ea1o n\u00ean v\u1ebb ngo\u00e0i sang tr\u1ecdng.<\/span>\n<\/div>\n<\/li>\n<li>\n<div style=\"line-height:1.7;text-align:left;text-indent:0\">\n<span style=\"font-weight:bold\">Gi\u1ea5y ch\u1ee9ng nh\u1eadn:<\/span><span> Chi\u1ebfc v\u00f2ng c\u1ed5 tuy\u1ec7t \u0111\u1eb9p n\u00e0y \u0111i k\u00e8m v\u1edbi gi\u1ea5y ch\u1ee9ng nh\u1eadn \u0111\u1ea3m b\u1ea3o t\u00ednh x\u00e1c th\u1ef1c c\u1ee7a ng\u1ecdc b\u00edch.<\/span>\n<\/div>\n<\/li>\n<li>\n<div style=\"line-height:1.7;text-align:left;text-indent:0\">\n<span style=\"font-weight:bold\">\u0110o l\u01b0\u1eddng:<\/span><span> M\u1eb7t d\u00e2y chuy\u1ec1n n\u1eb7ng 31,79 gram v\u00e0 c\u00f3 k\u00edch th\u01b0\u1edbc 60,3 * 37,1 * 21,1 mm, khi\u1ebfn n\u00f3 tr\u1edf th\u00e0nh m\u1ed9t ph\u1ee5 ki\u1ec7n ch\u1eafc ch\u1eafn nh\u01b0ng v\u1eabn thanh l\u1ecbch.<\/span>\n<\/div>\n<\/li>\n<\/ul>\n<p style=\"line-height:1.7;text-align:left;text-indent:0;margin-left:0;margin-top:0;margin-bottom:0\"><span>S\u1ea3n ph\u1ea9m tuy\u1ec7t \u0111\u1eb9p n\u00e0y ho\u00e0n h\u1ea3o cho c\u1ea3 nam v\u00e0 n\u1eef, mang \u0111\u1ebfn n\u00e9t may m\u1eafn cho b\u1ea5t k\u1ef3 d\u1ecbp n\u00e0o v\u1edbi thi\u1ebft k\u1ebf t\u01b0\u1ee3ng tr\u01b0ng cho \u0110\u1ee9c Ph\u1eadt.<\/span><\/p>\n<ul>\n<li>\n<div style=\"line-height:1.7;text-align:left;text-indent:0\">\n<span style=\"font-weight:bold\">Lo\u1ea1i ng\u1ecdc b\u00edch:<\/span><span> \u0110\u01b0\u1ee3c l\u00e0m t\u1eeb ng\u1ecdc Jadeite ch\u1ea5t l\u01b0\u1ee3ng cao, n\u1ed5i ti\u1ebfng v\u1ec1 v\u1ebb \u0111\u1eb9p v\u00e0 \u0111\u1ed9 b\u1ec1n.<\/span>\n<\/div>\n<\/li>\n<li>\n<div style=\"line-height:1.7;text-align:left;text-indent:0\">\n<span style=\"font-weight:bold\">Ki\u1ec3u v\u00f2ng c\u1ed5:<\/span><span> Phong c\u00e1ch gi\u1ea3n d\u1ecb c\u1ee7a chi\u1ebfc v\u00f2ng c\u1ed5 n\u00e0y l\u00e0m cho n\u00f3 tr\u1edf n\u00ean linh ho\u1ea1t \u0111\u1ec3 \u0111eo h\u00e0ng ng\u00e0y ho\u1eb7c c\u00e1c s\u1ef1 ki\u1ec7n \u0111\u1eb7c bi\u1ec7t<\/span>\n<\/div>\n<\/li>\n<\/ul>\n<p style=\"line-height:1.7;text-align:left;text-indent:0;margin-left:0;margin-top:0;margin-bottom:0\"><span><\/span><\/p>\n<p style=\"line-height:1.7;text-align:left;text-indent:0;margin-left:0;margin-top:0;margin-bottom:0\"><span style=\"font-weight:bold\">G\u1ed7<\/span><span> \/ <\/span><span style=\"font-weight:bold\">Jadeite t\u1ef1 nhi\u00ean kh\u00f4ng ho\u00e0n h\u1ea3o, ch\u1ec9 l\u00e0 m\u1ed9t l\u1eddi nh\u1eafc nh\u1edf nh\u1eb9 nh\u00e0ng, Jadeite t\u1ef1 nhi\u00ean c\u1ee7a ch\u00fang t\u00f4i, gi\u1ed1ng nh\u01b0 t\u1ea5t c\u1ea3 nh\u1eefng th\u1ee9 \u0111\u1eb9p \u0111\u1ebd trong t\u1ef1 nhi\u00ean, c\u00f3 nh\u1eefng \u0111\u1eb7c \u0111i\u1ec3m v\u00e0 bi\u1ebfn th\u1ec3 \u0111\u1ed9c \u0111\u00e1o. Ch\u00fang t\u00f4i m\u1eddi nh\u1eefng kh\u00e1ch h\u00e0ng c\u00f3 gi\u00e1 tr\u1ecb c\u1ee7a m\u00ecnh \u0111\u00f3n nh\u1eadn nh\u1eefng bi\u1ebfn th\u1ec3 t\u1ef1 nhi\u00ean n\u00e0y. Ch\u00fac b\u1ea1n mua s\u1eafm vui v\u1ebb!<\/span><\/p>\n<p style=\"line-height:1.7;text-align:left;text-indent:0;margin-left:0;margin-top:0;margin-bottom:0\"><span><\/span><\/p>\n<p style=\"line-height:1.7;text-align:left;text-indent:0;margin-left:0;margin-top:0;margin-bottom:0\"><span style=\"font-weight:bold;text-decoration:underline\">Kh\u00f4ng c\u00f3 h\u00ecnh \u1ea3nh v\u00e0 c\u1ea3nh quay video n\u00e0o \u0111\u01b0\u1ee3c l\u1ecdc. Ch\u00fang t\u00f4i khuy\u1ebfn kh\u00edch kh\u00e1ch h\u00e0ng c\u1ee7a m\u00ecnh c\u0169ng xem c\u00e1c video \u0111i k\u00e8m \u0111\u1ec3 c\u00f3 c\u00e1i nh\u00ecn to\u00e0n di\u1ec7n h\u01a1n v\u1ec1 s\u1ea3n ph\u1ea9m c\u1ee7a ch\u00fang t\u00f4i<\/span><\/p>\n<p style=\"line-height:1.7;text-align:left;text-indent:0;margin-left:0;margin-top:0;margin-bottom:0\"><span><\/span><\/p>\n<p style=\"line-height:1.7;text-align:left;text-indent:0;margin-left:0;margin-top:0;margin-bottom:0\"><span>.<\/span><\/p>\n<p style=\"line-height:1.7;text-align:left;text-indent:0;margin-left:0;margin-top:0;margin-bottom:0\"><span><\/span><\/p>\n<\/article>","protected":false},"excerpt":{"rendered":"<p>M\u1eb7t d\u00e2y chuy\u1ec1n tinh x\u1ea3o n\u00e0y c\u00f3 m\u1ed9t vi\u00ean ng\u1ecdc b\u00edch Semi Icy Good Translucent Natural Type A Jadeite \u0111\u01b0\u1ee3c ch\u1ebf t\u00e1c theo h\u00ecnh \u0110\u1ee9c Ph\u1eadt, g\u1eafn tr\u00ean S925 v\u00e0 g\u1ed7 \u0111\u00e0n h\u01b0\u01a1ng, t\u1ea1o n\u00ean m\u1ed9t m\u00f3n \u0111\u1ed3 trang s\u1ee9c \u0111\u1ed9c \u0111\u00e1o v\u00e0 \u00fd ngh\u0129a. S\u1ed1 ch\u1ee9ng ch\u1ec9: ZJSL24032700962 B\u1ea1c S925 n\u1eb7ng 6,58 gam Ng\u1ecdc b\u00edch Buddha n\u1eb7ng 6,09 gam \/ 28,5 * 15,5 * 8,5 mm T\u1ed5ng k\u00edch th\u01b0\u1edbc: 60,3 * 37,1 [\u2026]<\/p>","protected":false},"featured_media":7723,"comment_status":"open","ping_status":"closed","template":"","meta":[],"product_brand":[],"product_cat":[194],"product_tag":[],"class_list":{"0":"post-1761","1":"product","2":"type-product","3":"status-publish","4":"has-post-thumbnail","6":"product_cat-value-picks","8":"first","9":"instock","10":"sale","11":"shipping-taxable","12":"purchasable","13":"product-type-simple"},"_links":{"self":[{"href":"https:\/\/shop.yipinqian.com\/vi\/wp-json\/wp\/v2\/product\/1761","targetHints":{"allow":["GET"]}}],"collection":[{"href":"https:\/\/shop.yipinqian.com\/vi\/wp-json\/wp\/v2\/product"}],"about":[{"href":"https:\/\/shop.yipinqian.com\/vi\/wp-json\/wp\/v2\/types\/product"}],"replies":[{"embeddable":true,"href":"https:\/\/shop.yipinqian.com\/vi\/wp-json\/wp\/v2\/comments?post=1761"}],"version-history":[{"count":0,"href":"https:\/\/shop.yipinqian.com\/vi\/wp-json\/wp\/v2\/product\/1761\/revisions"}],"wp:featuredmedia":[{"embeddable":true,"href":"https:\/\/shop.yipinqian.com\/vi\/wp-json\/wp\/v2\/media\/7723"}],"wp:attachment":[{"href":"https:\/\/shop.yipinqian.com\/vi\/wp-json\/wp\/v2\/media?parent=1761"}],"wp:term":[{"taxonomy":"product_brand","embeddable":true,"href":"https:\/\/shop.yipinqian.com\/vi\/wp-json\/wp\/v2\/product_brand?post=1761"},{"taxonomy":"product_cat","embeddable":true,"href":"https:\/\/shop.yipinqian.com\/vi\/wp-json\/wp\/v2\/product_cat?post=1761"},{"taxonomy":"product_tag","embeddable":true,"href":"https:\/\/shop.yipinqian.com\/vi\/wp-json\/wp\/v2\/product_tag?post=1761"}],"curies":[{"name":"wp","href":"https:\/\/api.w.org\/{rel}","templated":true}]}}