{"id":1760,"date":"2024-10-24T23:22:11","date_gmt":"2024-10-24T15:22:11","guid":{"rendered":"https:\/\/shop.yipinqian.com\/product\/semi-icy-good-translucency-green-natural-type-a-jadeite-pendant-necklace-crafted-as-the-parrot-symbols-of-wise-and-brave-heroic-and-mighty-with-certificate-weigh-10-82-grams-57-8-16-3-7-1-mm-pendant24\/"},"modified":"2025-02-17T00:04:16","modified_gmt":"2025-02-16T16:04:16","slug":"semi-icy-good-translucency-green-natural-type-a-jadeite-pendant-necklace-crafted-as-the-parrot-symbols-of-wise-and-brave-heroic-and-mighty-with-certificate-weigh-10-82-grams-57-8-16-3-7-1-mm-pendant24","status":"publish","type":"product","link":"https:\/\/shop.yipinqian.com\/vi\/san-pham\/semi-icy-good-translucency-green-natural-type-a-jadeite-pendant-necklace-crafted-as-the-parrot-symbols-of-wise-and-brave-heroic-and-mighty-with-certificate-weigh-10-82-grams-57-8-16-3-7-1-mm-pendant24\/","title":{"rendered":"D\u00e2y chuy\u1ec1n m\u1eb7t \u0111\u00e1 Jadeite xanh l\u1ee5c t\u1ef1 nhi\u00ean lo\u1ea1i A b\u00e1n trong su\u1ed1t b\u00e1n l\u1ea1nh \u0111\u01b0\u1ee3c ch\u1ebf t\u00e1c th\u00e0nh h\u00ecnh con v\u1eb9t, bi\u1ec3u t\u01b0\u1ee3ng c\u1ee7a s\u1ef1 th\u00f4ng th\u00e1i v\u00e0 d\u0169ng c\u1ea3m, anh h\u00f9ng v\u00e0 h\u00f9ng m\u1ea1nh, k\u00e8m theo gi\u1ea5y ch\u1ee9ng nh\u1eadn n\u1eb7ng 10,82 gram, 57,8 * 16,3 * 7,1 mm (m\u1eb7t d\u00e2y chuy\u1ec1n24)"},"content":{"rendered":"<p>M\u1eb7t d\u00e2y chuy\u1ec1n b\u1eb1ng \u0111\u00e1 Jadeite xanh l\u1ee5c t\u1ef1 nhi\u00ean lo\u1ea1i A trong m\u1edd b\u00e1n l\u1ea1nh n\u00e0y l\u00e0 m\u1ed9t t\u00e1c ph\u1ea9m ngh\u1ec7 thu\u1eadt th\u1ef1c s\u1ef1, \u0111\u01b0\u1ee3c ch\u1ebf t\u00e1c theo h\u00ecnh con v\u1eb9t, t\u01b0\u1ee3ng tr\u01b0ng cho tr\u00ed tu\u1ec7, l\u00f2ng d\u0169ng c\u1ea3m, ch\u1ee7 ngh\u0129a anh h\u00f9ng v\u00e0 s\u1ee9c m\u1ea1nh.<\/p>\n<ul>\n<li>\n<strong>T\u00ednh x\u00e1c th\u1ef1c:<\/strong> Chi\u1ebfc v\u00f2ng c\u1ed5 n\u00e0y c\u00f3 k\u00e8m theo gi\u1ea5y ch\u1ee9ng nh\u1eadn h\u00e0ng th\u1eadt \u0111\u1ec3 b\u1ea1n y\u00ean t\u00e2m.<\/li>\n<\/ul>\n<p><strong>S\u1ed1 ch\u1ee9ng ch\u1ec9: GD2203H013625<\/strong><\/p>\n<p><img fetchpriority=\"high\" decoding=\"async\" height=\"1080\" src=\"https:\/\/shop.yipinqian.com\/wp-content\/uploads\/2024\/10\/02ca4b028a0c3d9ec0768370d6efabc2.jpg?from=476444299\" width=\"1080\"><\/p>\n<ul>\n<li>\n<strong>Ch\u1ea5t l\u01b0\u1ee3ng:<\/strong> \u0110\u01b0\u1ee3c l\u00e0m b\u1eb1ng \u0111\u00e1 Jadeite lo\u1ea1i A t\u1ef1 nhi\u00ean ch\u1ea5t l\u01b0\u1ee3ng cao c\u00f3 \u0111\u1ed9 trong m\u1edd b\u00e1n b\u0103ng t\u1ed1t v\u00e0 m\u00e0u xanh l\u1ee5c.<\/li>\n<li><strong>Ngu\u1ed3n g\u1ed1c Jadeite Myanmar <\/strong><\/li>\n<\/ul>\n<p>M\u1eb7t d\u00e2y chuy\u1ec1n c\u00f3 k\u00edch th\u01b0\u1edbc 57,8 * 16,3 * 7,1 mm v\u00e0 ch\u1ec9 n\u1eb7ng 10,82 gam \u0111\u1ec3 b\u1ea1n tho\u1ea3i m\u00e1i \u0111eo c\u1ea3 ng\u00e0y trong b\u1ea5t k\u1ef3 d\u1ecbp n\u00e0o.<\/p>\n<ul>\n<li>\n<strong>Ph\u00f9 h\u1ee3p v\u1edbi m\u1ecdi trang ph\u1ee5c:<\/strong> Phong c\u00e1ch gi\u1ea3n d\u1ecb khi\u1ebfn s\u1ea3n ph\u1ea9m n\u00e0y ho\u00e0n h\u1ea3o \u0111\u1ec3 m\u1eb7c trong b\u1ea5t k\u1ef3 d\u1ecbp n\u00e0o ho\u1eb7c d\u1ec5 d\u00e0ng k\u1ebft h\u1ee3p v\u1edbi trang ph\u1ee5c h\u00e0ng ng\u00e0y c\u1ee7a b\u1ea1n.<\/li>\n<li>\n<strong>Ph\u00f9 h\u1ee3p v\u1edbi b\u1ea5t k\u1ef3 ai<\/strong>:Thi\u1ebft k\u1ebf ph\u00f9 h\u1ee3p cho c\u1ea3 nam v\u00e0 n\u1eef khi\u1ebfn s\u1ea3n ph\u1ea9m n\u00e0y tr\u1edf th\u00e0nh m\u00f3n qu\u00e0 l\u00fd t\u01b0\u1edfng c\u00f3 th\u1ec3 t\u1eb7ng cho b\u1ea5t k\u1ef3 ai b\u1ea5t k\u1ec3 gi\u1edbi t\u00ednh hay \u0111\u1ed9 tu\u1ed5i.<\/li>\n<\/ul>\n<p>M\u1eb7t d\u00e2y chuy\u1ec1n b\u1eb1ng ng\u1ecdc b\u00edch lo\u1ea1i A t\u1ef1 nhi\u00ean m\u00e0u xanh l\u00e1 c\u00e2y b\u00e1n trong m\u1edd n\u00e0y l\u00e0 m\u1ed9t m\u00f3n \u0111\u1ed3 \u0111\u00e1ng \u0111\u1ea7u t\u01b0 ch\u1eafc ch\u1eafn s\u1ebd tr\u1edf th\u00e0nh m\u1ed9t s\u1ef1 b\u1ed5 sung qu\u00fd gi\u00e1 v\u00e0o b\u1ed9 s\u01b0u t\u1eadp trang s\u1ee9c c\u1ee7a b\u1ea1n!<\/p>\n<p>\u00a0<\/p>\n<p>Yi Pin Qian \u2013 Nh\u00e0 bu\u00f4n \u0111\u00e1 qu\u00fd v\u00e0 kim lo\u1ea1i qu\u00fd t\u1ea1i Singapore \u2013 S\u1ed1 gi\u1ea5y ph\u00e9p PS20190000031<\/p>\n<p>\u00a0<\/p>\n<p>*T\u1ea5t c\u1ea3 c\u00e1c lo\u1ea1i Jadeite \u0111\u01b0\u1ee3c mua t\u1eeb Yi Pin Qian t\u1ea1i Singapore, kh\u00e1ch h\u00e0ng c\u00f3 th\u1ec3 \u0111\u1eb7t l\u1ecbch \u0111\u00e1nh b\u00f3ng ho\u1eb7c s\u1eeda ch\u1eefa nh\u1ecf do x\u1eed l\u00fd sai c\u00e1ch \u2013 c\u00f3 t\u00ednh ph\u00ed v\u00e0 ch\u1ec9 d\u00e0nh cho kh\u00e1ch h\u00e0ng c\u1ee7a Yi Pin Qian t\u1ea1i Singapore*<\/p>\n<p>\u00a0<\/p>\n<p><strong>**C\u00e1c lo\u1ea1i ch\u1ee9ng ch\u1ec9**<\/strong><\/p>\n<p>\u00a0<\/p>\n<p><strong>NGI (C\u00f4ng ty \u0110\u00e1 qu\u00fd Nan Yang)<\/strong><\/p>\n<p>ho\u1eb7c <strong>Ch\u1ee9ng ch\u1ec9 n\u01b0\u1edbc ngo\u00e0i <\/strong>(Yi Pin Qian ch\u1ec9 s\u1eed d\u1ee5ng c\u00e1c ch\u1ee9ng ch\u1ec9 x\u00e1c th\u1ef1c t\u1eeb c\u00e1c ph\u00f2ng th\u00ed nghi\u1ec7m \u1edf n\u01b0\u1edbc ngo\u00e0i v\u00e0 ki\u1ec3m so\u00e1t ch\u1ea5t l\u01b0\u1ee3ng m\u1ecdi s\u1ea3n ph\u1ea9m c\u1ee7a ch\u00fang t\u00f4i tr\u01b0\u1edbc khi \u0111\u01b0a ch\u00fang ra b\u00e1n t\u1ea1i Singapore)<\/p>\n<p>\u00a0<\/p>\n<p>M\u1ed7i s\u1ea3n ph\u1ea9m tr\u00ean TikTok s\u1ebd c\u00f3 lo\u1ea1i ch\u1ee9ng ch\u1ec9 \u0111\u01b0\u1ee3c cung c\u1ea5p \u0111\u01b0\u1ee3c n\u00eau trong ph\u1ea7n m\u00f4 t\u1ea3. \u0110\u1ed1i v\u1edbi b\u1ea5t k\u1ef3 kh\u00e1ch h\u00e0ng n\u00e0o mu\u1ed1n g\u1eedi \u0111\u01a1n h\u00e0ng c\u1ee7a m\u00ecnh \u0111\u1ebfn NGI Singapore, s\u1ebd c\u00f3 th\u1eddi gian ch\u1edd giao h\u00e0ng \u01b0\u1edbc t\u00ednh kho\u1ea3ng 4 tu\u1ea7n \u0111\u1ec3 nh\u1eadn \u0111\u01b0\u1ee3c \u0111\u01a1n h\u00e0ng c\u1ee7a b\u1ea1n. <strong>Y\u00eau c\u1ea7u b\u00e1o c\u00e1o v\u1ec1 NGI Gemstone c\u1ea7n \u0111\u01b0\u1ee3c th\u1ef1c hi\u1ec7n b\u1eb1ng c\u00e1ch nh\u1eafn tin \u0111\u1ebfn c\u1eeda h\u00e0ng TikTok Yi Pin Qian.<\/strong> C\u1ea3m \u01a1n, <strong><u>\u00e1p d\u1ee5ng th\u00eam ph\u00ed<\/u><\/strong>.<\/p>\n<p>\u00a0<\/p>\n<p><strong>Jadeite t\u1ef1 nhi\u00ean kh\u00f4ng ho\u00e0n h\u1ea3o, ch\u1ec9 l\u00e0 m\u1ed9t l\u1eddi nh\u1eafc nh\u1edf nh\u1eb9 nh\u00e0ng, Jadeite t\u1ef1 nhi\u00ean c\u1ee7a ch\u00fang t\u00f4i, gi\u1ed1ng nh\u01b0 t\u1ea5t c\u1ea3 nh\u1eefng th\u1ee9 \u0111\u1eb9p \u0111\u1ebd trong t\u1ef1 nhi\u00ean, c\u00f3 nh\u1eefng \u0111\u1eb7c \u0111i\u1ec3m v\u00e0 bi\u1ebfn th\u1ec3 \u0111\u1ed9c \u0111\u00e1o. Ch\u00fang t\u00f4i m\u1eddi nh\u1eefng kh\u00e1ch h\u00e0ng c\u00f3 gi\u00e1 tr\u1ecb c\u1ee7a m\u00ecnh \u0111\u00f3n nh\u1eadn nh\u1eefng bi\u1ebfn th\u1ec3 t\u1ef1 nhi\u00ean n\u00e0y. Ch\u00fac b\u1ea1n mua s\u1eafm vui v\u1ebb!<\/strong><\/p>\n<p>\u00a0<\/p>\n<p><strong><u>Kh\u00f4ng c\u00f3 h\u00ecnh \u1ea3nh v\u00e0 c\u1ea3nh quay video n\u00e0o \u0111\u01b0\u1ee3c l\u1ecdc. Ch\u00fang t\u00f4i khuy\u1ebfn kh\u00edch kh\u00e1ch h\u00e0ng c\u1ee7a m\u00ecnh c\u0169ng xem c\u00e1c video \u0111i k\u00e8m \u0111\u1ec3 c\u00f3 c\u00e1i nh\u00ecn to\u00e0n di\u1ec7n h\u01a1n v\u1ec1 s\u1ea3n ph\u1ea9m c\u1ee7a ch\u00fang t\u00f4i<\/u><\/strong><\/p>","protected":false},"excerpt":{"rendered":"<p>D\u00e2y chuy\u1ec1n m\u1eb7t d\u00e2y chuy\u1ec1n b\u1eb1ng ng\u1ecdc b\u00edch xanh l\u1ee5c b\u00e1n trong su\u1ed1t lo\u1ea1i A t\u1ef1 nhi\u00ean n\u00e0y l\u00e0 m\u1ed9t t\u00e1c ph\u1ea9m ngh\u1ec7 thu\u1eadt th\u1ef1c s\u1ef1, \u0111\u01b0\u1ee3c ch\u1ebf t\u00e1c theo h\u00ecnh con v\u1eb9t, t\u01b0\u1ee3ng tr\u01b0ng cho tr\u00ed tu\u1ec7, l\u00f2ng d\u0169ng c\u1ea3m, ch\u1ee7 ngh\u0129a anh h\u00f9ng v\u00e0 s\u1ee9c m\u1ea1nh. T\u00ednh x\u00e1c th\u1ef1c: D\u00e2y chuy\u1ec1n n\u00e0y \u0111i k\u00e8m v\u1edbi gi\u1ea5y ch\u1ee9ng nh\u1eadn x\u00e1c th\u1ef1c \u0111\u1ec3 b\u1ea1n an t\u00e2m. S\u1ed1 ch\u1ee9ng nh\u1eadn: GD2203H013625 Ch\u1ea5t l\u01b0\u1ee3ng: \u0110\u01b0\u1ee3c l\u00e0m b\u1eb1ng \u0111\u00e1 qu\u00fd t\u1ef1 nhi\u00ean lo\u1ea1i A ch\u1ea5t l\u01b0\u1ee3ng cao [\u2026]<\/p>","protected":false},"featured_media":7713,"comment_status":"open","ping_status":"closed","template":"","meta":[],"product_brand":[],"product_cat":[48],"product_tag":[],"class_list":{"0":"post-1760","1":"product","2":"type-product","3":"status-publish","4":"has-post-thumbnail","6":"product_cat-pendants","8":"first","9":"instock","10":"sale","11":"shipping-taxable","12":"purchasable","13":"product-type-simple"},"_links":{"self":[{"href":"https:\/\/shop.yipinqian.com\/vi\/wp-json\/wp\/v2\/product\/1760","targetHints":{"allow":["GET"]}}],"collection":[{"href":"https:\/\/shop.yipinqian.com\/vi\/wp-json\/wp\/v2\/product"}],"about":[{"href":"https:\/\/shop.yipinqian.com\/vi\/wp-json\/wp\/v2\/types\/product"}],"replies":[{"embeddable":true,"href":"https:\/\/shop.yipinqian.com\/vi\/wp-json\/wp\/v2\/comments?post=1760"}],"version-history":[{"count":0,"href":"https:\/\/shop.yipinqian.com\/vi\/wp-json\/wp\/v2\/product\/1760\/revisions"}],"wp:featuredmedia":[{"embeddable":true,"href":"https:\/\/shop.yipinqian.com\/vi\/wp-json\/wp\/v2\/media\/7713"}],"wp:attachment":[{"href":"https:\/\/shop.yipinqian.com\/vi\/wp-json\/wp\/v2\/media?parent=1760"}],"wp:term":[{"taxonomy":"product_brand","embeddable":true,"href":"https:\/\/shop.yipinqian.com\/vi\/wp-json\/wp\/v2\/product_brand?post=1760"},{"taxonomy":"product_cat","embeddable":true,"href":"https:\/\/shop.yipinqian.com\/vi\/wp-json\/wp\/v2\/product_cat?post=1760"},{"taxonomy":"product_tag","embeddable":true,"href":"https:\/\/shop.yipinqian.com\/vi\/wp-json\/wp\/v2\/product_tag?post=1760"}],"curies":[{"name":"wp","href":"https:\/\/api.w.org\/{rel}","templated":true}]}}