{"id":1757,"date":"2024-10-24T23:22:10","date_gmt":"2024-10-24T15:22:10","guid":{"rendered":"https:\/\/shop.yipinqian.com\/product\/sales-offer-high-quality-light-green-cabochon-natural-type-a-jadeite-jade-set-on-18k-gold-as-ring-certificate-weighs-1-98-grams-finger-size-15-4mm-18kring28\/"},"modified":"2025-02-24T01:17:27","modified_gmt":"2025-02-23T17:17:27","slug":"sales-offer-high-quality-light-green-cabochon-natural-type-a-jadeite-jade-set-on-18k-gold-as-ring-certificate-weighs-1-98-grams-finger-size-15-4mm-18kring28","status":"publish","type":"product","link":"https:\/\/shop.yipinqian.com\/vi\/san-pham\/sales-offer-high-quality-light-green-cabochon-natural-type-a-jadeite-jade-set-on-18k-gold-as-ring-certificate-weighs-1-98-grams-finger-size-15-4mm-18kring28\/","title":{"rendered":"Khuy\u1ebfn m\u1ea1i \u2013 Ng\u1ecdc b\u00edch Cabochon xanh l\u1ee5c nh\u1ea1t t\u1ef1 nhi\u00ean lo\u1ea1i A ch\u1ea5t l\u01b0\u1ee3ng cao \u0111\u01b0\u1ee3c g\u1eafn tr\u00ean v\u00e0ng 18k l\u00e0m nh\u1eabn, gi\u1ea5y ch\u1ee9ng nh\u1eadn n\u1eb7ng 1,98 gram, c\u1ee1 ng\u00f3n tay 15,4mm (18kring28)"},"content":{"rendered":"<p>Chi\u1ebfc nh\u1eabn tuy\u1ec7t \u0111\u1eb9p n\u00e0y c\u00f3 vi\u00ean Ng\u1ecdc b\u00edch t\u1ef1 nhi\u00ean lo\u1ea1i A Cabochon xanh l\u1ee5c nh\u1ea1t ch\u1ea5t l\u01b0\u1ee3ng cao \u0111\u01b0\u1ee3c \u0111\u00ednh tr\u00ean v\u00e0ng 18k, to\u00e1t l\u00ean v\u1ebb thanh l\u1ecbch v\u00e0 quy\u1ebfn r\u0169.<\/p>\n<p><\/p>\n<p>S\u1ed1 ch\u1ee9ng ch\u1ec9: GD2110H014385<\/p>\n<p>K\u00edch th\u01b0\u1edbc ng\u00f3n tay: 15,4mm<\/p>\n<p>Cabochon: 8,2 * 3,8 mm<\/p>\n<p>V\u00e0ng 18k Tr\u1ecdng l\u01b0\u1ee3ng: 1,54 gram<\/p>\n<p>Kim c\u01b0\u01a1ng: 24 * 0,003, 2 * 0,006, 2 * 0,013 Carat<\/p>\n<p><\/p>\n<ul>\n<li>\n<strong>V\u1eadt li\u1ec7u:<\/strong> Chi\u1ebfc nh\u1eabn \u0111\u01b0\u1ee3c l\u00e0m b\u1eb1ng v\u00e0ng 18k, t\u00f4n l\u00ean v\u1ebb \u0111\u1eb9p c\u1ee7a \u0111\u00e1 ng\u1ecdc b\u00edch t\u1ef1 nhi\u00ean.<\/li>\n<li>\n<strong>Gi\u1ea5y ch\u1ee9ng nh\u1eadn:<\/strong> C\u00f3 k\u00e8m theo gi\u1ea5y ch\u1ee9ng nh\u1eadn x\u00e1c nh\u1eadn t\u00ednh x\u00e1c th\u1ef1c v\u00e0 ch\u1ea5t l\u01b0\u1ee3ng c\u1ee7a ng\u1ecdc b\u00edch.<\/li>\n<li>\n<strong>C\u00e2n n\u1eb7ng:<\/strong> Chi\u1ebfc nh\u1eabn n\u1eb7ng 1,98 gam, t\u1ea1o \u0111i\u1ec3m nh\u1ea5n tinh t\u1ebf cho trang ph\u1ee5c c\u1ee7a b\u1ea1n.<\/li>\n<li>\n<strong>K\u00edch th\u01b0\u1edbc ng\u00f3n tay:<\/strong> \u0110\u01b0\u1ee3c thi\u1ebft k\u1ebf v\u1edbi k\u00edch th\u01b0\u1edbc 15,4mm, ho\u00e0n h\u1ea3o cho nh\u1eefng ng\u01b0\u1eddi c\u00f3 s\u1edf th\u00edch s\u01b0u t\u1ea7m \u0111\u1ed3 trang s\u1ee9c \u0111\u1ed9c \u0111\u00e1o.<\/li>\n<\/ul>\n<p>M\u00f3n \u0111\u1ed3 tinh x\u1ea3o n\u00e0y ho\u00e0n h\u1ea3o cho nh\u1eefng d\u1ecbp \u0111\u1eb7c bi\u1ec7t nh\u01b0 l\u1ec5 \u0111\u00ednh h\u00f4n ho\u1eb7c l\u00e0m qu\u00e0 t\u1eb7ng chu \u0111\u00e1o \u0111\u1ec3 k\u1ef7 ni\u1ec7m c\u00e1c c\u1ed9t m\u1ed1c quan tr\u1ecdng. \u0110\u01b0\u1ee3c ch\u1ebf t\u00e1c c\u1ea9n th\u1eadn v\u00e0 ch\u00ednh x\u00e1c, chi\u1ebfc nh\u1eabn n\u00e0y t\u00f4n l\u00ean v\u1ebb \u0111\u1eb9p c\u1ee7a Ng\u1ecdc b\u00edch lo\u1ea1i A c\u00f3 ngu\u1ed3n g\u1ed1c t\u1eeb Myanmar v\u1edbi s\u1eafc xanh l\u1ee5c nh\u1ea1t quy\u1ebfn r\u0169. S\u1ef1 k\u1ebft h\u1ee3p gi\u1eefa ngh\u1ec1 th\u1ee7 c\u00f4ng truy\u1ec1n th\u1ed1ng v\u00e0 s\u1ef1 thanh l\u1ecbch hi\u1ec7n \u0111\u1ea1i khi\u1ebfn chi\u1ebfc nh\u1eabn n\u00e0y tr\u1edf th\u00e0nh m\u1ed9t s\u1ef1 b\u1ed5 sung qu\u00fd gi\u00e1 cho b\u1ea5t k\u1ef3 b\u1ed9 s\u01b0u t\u1eadp trang s\u1ee9c n\u00e0o.<\/p>\n<ul>\n<li>\n<strong>Lo\u1ea1i ng\u1ecdc b\u00edch:<\/strong> \u0110\u01b0\u1ee3c ch\u1ebf t\u00e1c t\u1eeb lo\u1ea1i Jadeite A ch\u1ea5t l\u01b0\u1ee3ng cao mang l\u1ea1i v\u1ebb \u0111\u1eb9p v\u00e0 s\u1ee9c quy\u1ebfn r\u0169 l\u00e2u d\u00e0i<\/li>\n<li>\n<strong>V\u1eadt li\u1ec7u g\u1eafn kim lo\u1ea1i: <\/strong>V\u1eadt li\u1ec7u c\u00e0i \u0111\u1eb7t l\u00e0 v\u00e0ng PT\/Carat<\/li>\n<li>D\u00e0nh cho: S\u1ea3n ph\u1ea9m \u0111\u01b0\u1ee3c thi\u1ebft k\u1ebf d\u00e0nh ri\u00eang cho ph\u1ee5 n\u1eef, l\u00e0 m\u00f3n qu\u00e0 l\u00fd t\u01b0\u1edfng <strong>S\u1eed d\u1ee5ng \u0111\u1ed3 trang s\u1ee9c: <\/strong>D\u1ecbp ph\u00f9 h\u1ee3p nh\u1ea5t l\u00e0 s\u1ef1 ki\u1ec7n \u0111\u00ednh h\u00f4n. <strong>B\u1ea3o h\u00e0nh trang s\u1ee9c: <\/strong>Kh\u00f4ng c\u00f3 b\u1ea3o h\u00e0nh n\u00e0o \u0111\u01b0\u1ee3c \u00e1p d\u1ee5ng cho s\u1ea3n ph\u1ea9m n\u00e0y.<\/li>\n<\/ul>\n<p>Yi Pin Qian \u2013 Nh\u00e0 bu\u00f4n \u0111\u00e1 qu\u00fd v\u00e0 kim lo\u1ea1i qu\u00fd t\u1ea1i Singapore \u2013 S\u1ed1 gi\u1ea5y ph\u00e9p PS20190000031<\/p>\n<p><\/p>\n<p>*T\u1ea5t c\u1ea3 c\u00e1c lo\u1ea1i Jadeite \u0111\u01b0\u1ee3c mua t\u1eeb Yi Pin Qian t\u1ea1i Singapore, kh\u00e1ch h\u00e0ng c\u00f3 th\u1ec3 \u0111\u1eb7t l\u1ecbch \u0111\u00e1nh b\u00f3ng ho\u1eb7c s\u1eeda ch\u1eefa nh\u1ecf do x\u1eed l\u00fd sai c\u00e1ch \u2013 c\u00f3 t\u00ednh ph\u00ed v\u00e0 ch\u1ec9 d\u00e0nh cho kh\u00e1ch h\u00e0ng c\u1ee7a Yi Pin Qian t\u1ea1i Singapore*<\/p>\n<p><\/p>\n<p><strong>**C\u00e1c lo\u1ea1i ch\u1ee9ng ch\u1ec9**<\/strong><\/p>\n<p><\/p>\n<p><strong>NGI (C\u00f4ng ty \u0110\u00e1 qu\u00fd Nan Yang)<\/strong><\/p>\n<p>ho\u1eb7c <strong>Ch\u1ee9ng ch\u1ec9 n\u01b0\u1edbc ngo\u00e0i <\/strong>(Yi Pin Qian ch\u1ec9 s\u1eed d\u1ee5ng c\u00e1c ch\u1ee9ng ch\u1ec9 x\u00e1c th\u1ef1c t\u1eeb c\u00e1c ph\u00f2ng th\u00ed nghi\u1ec7m \u1edf n\u01b0\u1edbc ngo\u00e0i v\u00e0 ki\u1ec3m so\u00e1t ch\u1ea5t l\u01b0\u1ee3ng m\u1ecdi s\u1ea3n ph\u1ea9m c\u1ee7a ch\u00fang t\u00f4i tr\u01b0\u1edbc khi \u0111\u01b0a ch\u00fang ra b\u00e1n t\u1ea1i Singapore)<\/p>\n<p><\/p>\n<p>M\u1ed7i s\u1ea3n ph\u1ea9m tr\u00ean TikTok s\u1ebd c\u00f3 lo\u1ea1i ch\u1ee9ng ch\u1ec9 \u0111\u01b0\u1ee3c cung c\u1ea5p \u0111\u01b0\u1ee3c n\u00eau trong ph\u1ea7n m\u00f4 t\u1ea3. \u0110\u1ed1i v\u1edbi b\u1ea5t k\u1ef3 kh\u00e1ch h\u00e0ng n\u00e0o mu\u1ed1n g\u1eedi \u0111\u01a1n h\u00e0ng c\u1ee7a m\u00ecnh \u0111\u1ebfn NGI Singapore, s\u1ebd c\u00f3 th\u1eddi gian ch\u1edd giao h\u00e0ng \u01b0\u1edbc t\u00ednh kho\u1ea3ng 4 tu\u1ea7n \u0111\u1ec3 nh\u1eadn \u0111\u01b0\u1ee3c \u0111\u01a1n h\u00e0ng c\u1ee7a b\u1ea1n. <strong>Y\u00eau c\u1ea7u b\u00e1o c\u00e1o v\u1ec1 NGI Gemstone c\u1ea7n \u0111\u01b0\u1ee3c th\u1ef1c hi\u1ec7n b\u1eb1ng c\u00e1ch nh\u1eafn tin \u0111\u1ebfn c\u1eeda h\u00e0ng TikTok Yi Pin Qian.<\/strong> C\u1ea3m \u01a1n, <strong><u>\u00e1p d\u1ee5ng th\u00eam ph\u00ed<\/u><\/strong>.<\/p>\n<p><\/p>\n<p><strong>Jadeite t\u1ef1 nhi\u00ean kh\u00f4ng ho\u00e0n h\u1ea3o, ch\u1ec9 l\u00e0 m\u1ed9t l\u1eddi nh\u1eafc nh\u1edf nh\u1eb9 nh\u00e0ng, Jadeite t\u1ef1 nhi\u00ean c\u1ee7a ch\u00fang t\u00f4i, gi\u1ed1ng nh\u01b0 t\u1ea5t c\u1ea3 nh\u1eefng th\u1ee9 \u0111\u1eb9p \u0111\u1ebd trong t\u1ef1 nhi\u00ean, c\u00f3 nh\u1eefng \u0111\u1eb7c \u0111i\u1ec3m v\u00e0 bi\u1ebfn th\u1ec3 \u0111\u1ed9c \u0111\u00e1o. Ch\u00fang t\u00f4i m\u1eddi nh\u1eefng kh\u00e1ch h\u00e0ng c\u00f3 gi\u00e1 tr\u1ecb c\u1ee7a m\u00ecnh \u0111\u00f3n nh\u1eadn nh\u1eefng bi\u1ebfn th\u1ec3 t\u1ef1 nhi\u00ean n\u00e0y. Ch\u00fac b\u1ea1n mua s\u1eafm vui v\u1ebb!<\/strong><\/p>\n<p><\/p>\n<p><strong><u>Kh\u00f4ng c\u00f3 h\u00ecnh \u1ea3nh v\u00e0 c\u1ea3nh quay video n\u00e0o \u0111\u01b0\u1ee3c l\u1ecdc. Ch\u00fang t\u00f4i khuy\u1ebfn kh\u00edch kh\u00e1ch h\u00e0ng c\u1ee7a m\u00ecnh c\u0169ng xem c\u00e1c video \u0111i k\u00e8m \u0111\u1ec3 c\u00f3 c\u00e1i nh\u00ecn to\u00e0n di\u1ec7n h\u01a1n v\u1ec1 s\u1ea3n ph\u1ea9m c\u1ee7a ch\u00fang t\u00f4i<\/u><\/strong><\/p>\n<p><\/p>\n<p><strong>*** (Kh\u00e1ch h\u00e0ng mu\u1ed1n xin ch\u1ee9ng ch\u1ec9 NGI vui l\u00f2ng nh\u1eafn tin cho ch\u00fang t\u00f4i tr\u01b0\u1edbc khi mua h\u00e0ng, c\u1ea3m \u01a1n)<\/strong><\/p>\n<p><\/p>\n<p>.<\/p>","protected":false},"excerpt":{"rendered":"<p>Chi\u1ebfc nh\u1eabn tuy\u1ec7t \u0111\u1eb9p n\u00e0y c\u00f3 m\u1ed9t vi\u00ean Ng\u1ecdc b\u00edch t\u1ef1 nhi\u00ean lo\u1ea1i A Cabochon m\u00e0u xanh l\u00e1 c\u00e2y nh\u1ea1t ch\u1ea5t l\u01b0\u1ee3ng cao \u0111\u01b0\u1ee3c g\u1eafn tr\u00ean V\u00e0ng 18k, to\u00e1t l\u00ean v\u1ebb thanh l\u1ecbch v\u00e0 quy\u1ebfn r\u0169. S\u1ed1 ch\u1ee9ng ch\u1ec9: GD2110H014385 K\u00edch th\u01b0\u1edbc ng\u00f3n tay: 15,4mm Cabochon: 8,2 * 3,8 mm V\u00e0ng 18k Tr\u1ecdng l\u01b0\u1ee3ng: 1,54 gram Kim c\u01b0\u01a1ng: 24 * 0,003, 2 * 0,006, 2 * 0,013 Carat Ch\u1ea5t li\u1ec7u: Chi\u1ebfc nh\u1eabn \u0111\u01b0\u1ee3c l\u00e0m [\u2026]<\/p>","protected":false},"featured_media":7686,"comment_status":"open","ping_status":"closed","template":"","meta":[],"product_brand":[],"product_cat":[195],"product_tag":[],"class_list":{"0":"post-1757","1":"product","2":"type-product","3":"status-publish","4":"has-post-thumbnail","6":"product_cat-heirloom-grade","8":"first","9":"instock","10":"sale","11":"shipping-taxable","12":"purchasable","13":"product-type-simple"},"_links":{"self":[{"href":"https:\/\/shop.yipinqian.com\/vi\/wp-json\/wp\/v2\/product\/1757","targetHints":{"allow":["GET"]}}],"collection":[{"href":"https:\/\/shop.yipinqian.com\/vi\/wp-json\/wp\/v2\/product"}],"about":[{"href":"https:\/\/shop.yipinqian.com\/vi\/wp-json\/wp\/v2\/types\/product"}],"replies":[{"embeddable":true,"href":"https:\/\/shop.yipinqian.com\/vi\/wp-json\/wp\/v2\/comments?post=1757"}],"version-history":[{"count":0,"href":"https:\/\/shop.yipinqian.com\/vi\/wp-json\/wp\/v2\/product\/1757\/revisions"}],"wp:featuredmedia":[{"embeddable":true,"href":"https:\/\/shop.yipinqian.com\/vi\/wp-json\/wp\/v2\/media\/7686"}],"wp:attachment":[{"href":"https:\/\/shop.yipinqian.com\/vi\/wp-json\/wp\/v2\/media?parent=1757"}],"wp:term":[{"taxonomy":"product_brand","embeddable":true,"href":"https:\/\/shop.yipinqian.com\/vi\/wp-json\/wp\/v2\/product_brand?post=1757"},{"taxonomy":"product_cat","embeddable":true,"href":"https:\/\/shop.yipinqian.com\/vi\/wp-json\/wp\/v2\/product_cat?post=1757"},{"taxonomy":"product_tag","embeddable":true,"href":"https:\/\/shop.yipinqian.com\/vi\/wp-json\/wp\/v2\/product_tag?post=1757"}],"curies":[{"name":"wp","href":"https:\/\/api.w.org\/{rel}","templated":true}]}}