{"id":1755,"date":"2024-10-24T23:22:08","date_gmt":"2024-10-24T15:22:08","guid":{"rendered":"https:\/\/shop.yipinqian.com\/product\/sales-quality-natural-type-a-jadeite-jade-crafted-as-three-legs-toad-for-display-or-hand-held-piece-with-certificate-weigh-84-27-grams-measurement-61-6-48-3-26-mm-hand4\/"},"modified":"2025-02-24T00:49:52","modified_gmt":"2025-02-23T16:49:52","slug":"sales-quality-natural-type-a-jadeite-jade-crafted-as-three-legs-toad-for-display-or-hand-held-piece-with-certificate-weigh-84-27-grams-measurement-61-6-48-3-26-mm-hand4","status":"publish","type":"product","link":"https:\/\/shop.yipinqian.com\/vi\/san-pham\/sales-quality-natural-type-a-jadeite-jade-crafted-as-three-legs-toad-for-display-or-hand-held-piece-with-certificate-weigh-84-27-grams-measurement-61-6-48-3-26-mm-hand4\/","title":{"rendered":"B\u00e1n \u2013 Ng\u1ecdc b\u00edch lo\u1ea1i A t\u1ef1 nhi\u00ean ch\u1ea5t l\u01b0\u1ee3ng cao \u0111\u01b0\u1ee3c ch\u1ebf t\u00e1c th\u00e0nh C\u00f3c ba ch\u00e2n \u0111\u1ec3 tr\u01b0ng b\u00e0y ho\u1eb7c c\u1ea7m tay k\u00e8m gi\u1ea5y ch\u1ee9ng nh\u1eadn n\u1eb7ng 84,27 gram, k\u00edch th\u01b0\u1edbc 61,6 * 48,3 * 26 mm (hand4)"},"content":{"rendered":"<p>Mang \u0111\u1ebfn n\u00e9t thanh l\u1ecbch cho kh\u00f4ng gian c\u1ee7a b\u1ea1n v\u1edbi vi\u00ean Jadeite Jade lo\u1ea1i A t\u1ef1 nhi\u00ean tinh x\u1ea3o n\u00e0y \u0111\u01b0\u1ee3c ch\u1ebf t\u00e1c th\u00e0nh Con c\u00f3c ba ch\u00e2n. V\u1edbi tr\u1ecdng l\u01b0\u1ee3ng 84,27 gam v\u00e0 k\u00edch th\u01b0\u1edbc 61,6 * 48,3 * 26 mm (hand4), t\u00e1c ph\u1ea9m n\u00e0y c\u00f3 th\u1ec3 \u0111\u01b0\u1ee3c s\u1eed d\u1ee5ng l\u00e0m v\u1eadt tr\u01b0ng b\u00e0y ho\u1eb7c \u0111\u1ed3 trang tr\u00ed c\u1ea7m tay.<\/p>\n<p>\u00a0<\/p>\n<ul>\n<li>c\u00f3 th\u1ec3 tr\u01b0ng b\u00e0y \u1edf b\u1ea5t c\u1ee9 \u0111\u00e2u trong nh\u00e0, v\u0103n ph\u00f2ng \u0111\u1ec3 t\u0103ng phong th\u1ee7y c\u00e1 nh\u00e2n<\/li>\n<\/ul>\n<p>\u00a0<\/p>\n<p>S\u1ed1 ch\u1ee9ng ch\u1ec9: 920870012899<\/p>\n<ul>\n<li>\n<strong>V\u1eadt li\u1ec7u ch\u1ea5t l\u01b0\u1ee3ng cao:<\/strong> \u0110\u01b0\u1ee3c l\u00e0m t\u1eeb ng\u1ecdc b\u00edch Jadeite t\u1ef1 nhi\u00ean lo\u1ea1i A, n\u1ed5i ti\u1ebfng v\u1ec1 \u0111\u1ed9 b\u1ec1n v\u00e0 v\u1ebb \u0111\u1eb9p.<\/li>\n<li>\n<strong>Gi\u1ea5y ch\u1ee9ng nh\u1eadn bao g\u1ed3m:<\/strong> C\u00f3 k\u00e8m ch\u1ee9ng ch\u1ec9 \u0111\u1ea3m b\u1ea3o t\u00ednh x\u00e1c th\u1ef1c v\u00e0 ch\u1ea5t l\u01b0\u1ee3ng.<\/li>\n<li>\n<strong>Thi\u1ebft k\u1ebf thanh l\u1ecbch:<\/strong> \u0110\u01b0\u1ee3c ch\u1ebf t\u00e1c theo h\u00ecnh con c\u00f3c ba ch\u00e2n, t\u01b0\u1ee3ng tr\u01b0ng cho s\u1ef1 gi\u00e0u c\u00f3 v\u00e0 th\u1ecbnh v\u01b0\u1ee3ng trong v\u0103n h\u00f3a Trung Hoa, l\u00e0 v\u1eadt trang tr\u00ed l\u00fd t\u01b0\u1edfng cho kh\u00f4ng gian ho\u1eb7c \u0111\u1ed3 c\u1ea7m tay c\u1ee7a b\u1ea1n trong qu\u00e1 tr\u00ecnh thi\u1ec1n \u0111\u1ecbnh ho\u1eb7c th\u01b0 gi\u00e3n.<\/li>\n<\/ul>\n<p>S\u1ea3n ph\u1ea9m tinh x\u1ea3o n\u00e0y c\u00f3 ngu\u1ed3n g\u1ed1c t\u1eeb Myanmar, qu\u1ed1c gia xu\u1ea5t x\u1ee9 c\u1ee7a v\u1eadt li\u1ec7u ng\u1ecdc b\u00edch ch\u1ea5t l\u01b0\u1ee3ng cao c\u1ee7a s\u1ea3n ph\u1ea9m n\u00e0y. \u0110\u00e2y l\u00e0 lo\u1ea1i trang tr\u00ed ho\u00e0n h\u1ea3o s\u1ebd t\u0103ng th\u00eam s\u1ef1 thanh l\u1ecbch cho b\u1ea5t k\u1ef3 khu v\u1ef1c tr\u01b0ng b\u00e0y n\u00e0o trong ng\u00f4i nh\u00e0 c\u1ee7a b\u1ea1n m\u00e0 kh\u00f4ng c\u00f3 b\u1ea5t k\u1ef3 lo\u1ea1i b\u1ea3o h\u00e0nh n\u00e0o \u0111\u01b0\u1ee3c quy cho n\u00f3. T\u00f3m l\u1ea1i, n\u1ebfu b\u1ea1n \u0111ang t\u00ecm ki\u1ebfm m\u1ed9t n\u00e9t thanh l\u1ecbch t\u01b0\u1ee3ng tr\u01b0ng cho s\u1ef1 gi\u00e0u c\u00f3 \u0111\u1ed3ng th\u1eddi th\u00fac \u0111\u1ea9y c\u00e1c ho\u1ea1t \u0111\u1ed9ng th\u01b0 gi\u00e3n b\u00ean trong b\u1ea1n; th\u00ec h\u00e3y t\u00ecm \u0111\u1ebfn Jadeite lo\u1ea1i A t\u1ef1 nhi\u00ean ch\u1ea5t l\u01b0\u1ee3ng c\u1ee7a ch\u00fang t\u00f4i \u0111\u01b0\u1ee3c ch\u1ebf t\u00e1c th\u00e0nh Three Legs Toad!<\/p>\n<p>\u00a0<\/p>\n<p><strong>Jadeite t\u1ef1 nhi\u00ean kh\u00f4ng ho\u00e0n h\u1ea3o, ch\u1ec9 l\u00e0 m\u1ed9t l\u1eddi nh\u1eafc nh\u1edf nh\u1eb9 nh\u00e0ng, Jadeite t\u1ef1 nhi\u00ean c\u1ee7a ch\u00fang t\u00f4i, gi\u1ed1ng nh\u01b0 t\u1ea5t c\u1ea3 nh\u1eefng th\u1ee9 \u0111\u1eb9p \u0111\u1ebd trong t\u1ef1 nhi\u00ean, c\u00f3 nh\u1eefng \u0111\u1eb7c \u0111i\u1ec3m v\u00e0 bi\u1ebfn th\u1ec3 \u0111\u1ed9c \u0111\u00e1o. Ch\u00fang t\u00f4i m\u1eddi nh\u1eefng kh\u00e1ch h\u00e0ng c\u00f3 gi\u00e1 tr\u1ecb c\u1ee7a m\u00ecnh \u0111\u00f3n nh\u1eadn nh\u1eefng bi\u1ebfn th\u1ec3 t\u1ef1 nhi\u00ean n\u00e0y. Ch\u00fac b\u1ea1n mua s\u1eafm vui v\u1ebb!<\/strong><\/p>\n<p>\u00a0<\/p>\n<p><strong><u>Kh\u00f4ng c\u00f3 h\u00ecnh \u1ea3nh v\u00e0 c\u1ea3nh quay video n\u00e0o \u0111\u01b0\u1ee3c l\u1ecdc. Ch\u00fang t\u00f4i khuy\u1ebfn kh\u00edch kh\u00e1ch h\u00e0ng c\u1ee7a m\u00ecnh c\u0169ng xem c\u00e1c video \u0111i k\u00e8m \u0111\u1ec3 c\u00f3 c\u00e1i nh\u00ecn to\u00e0n di\u1ec7n h\u01a1n v\u1ec1 s\u1ea3n ph\u1ea9m c\u1ee7a ch\u00fang t\u00f4i<\/u><\/strong><\/p>","protected":false},"excerpt":{"rendered":"<p>Bring a touch of elegance to your space with this exquisite Natural Type A Jadeite Jade crafted as Three Legs Toad. With a weight of 84.27 grams and measuring 61.6 * 48.3 * 26 mm (hand4), this piece can be used as a display or hand-held decoration. \u00a0 can display anywhere at home, office to [&hellip;]<\/p>","protected":false},"featured_media":7678,"comment_status":"open","ping_status":"closed","template":"","meta":[],"product_brand":[],"product_cat":[194],"product_tag":[],"class_list":{"0":"post-1755","1":"product","2":"type-product","3":"status-publish","4":"has-post-thumbnail","6":"product_cat-value-picks","8":"first","9":"instock","10":"sale","11":"shipping-taxable","12":"purchasable","13":"product-type-simple"},"_links":{"self":[{"href":"https:\/\/shop.yipinqian.com\/vi\/wp-json\/wp\/v2\/product\/1755","targetHints":{"allow":["GET"]}}],"collection":[{"href":"https:\/\/shop.yipinqian.com\/vi\/wp-json\/wp\/v2\/product"}],"about":[{"href":"https:\/\/shop.yipinqian.com\/vi\/wp-json\/wp\/v2\/types\/product"}],"replies":[{"embeddable":true,"href":"https:\/\/shop.yipinqian.com\/vi\/wp-json\/wp\/v2\/comments?post=1755"}],"version-history":[{"count":0,"href":"https:\/\/shop.yipinqian.com\/vi\/wp-json\/wp\/v2\/product\/1755\/revisions"}],"wp:featuredmedia":[{"embeddable":true,"href":"https:\/\/shop.yipinqian.com\/vi\/wp-json\/wp\/v2\/media\/7678"}],"wp:attachment":[{"href":"https:\/\/shop.yipinqian.com\/vi\/wp-json\/wp\/v2\/media?parent=1755"}],"wp:term":[{"taxonomy":"product_brand","embeddable":true,"href":"https:\/\/shop.yipinqian.com\/vi\/wp-json\/wp\/v2\/product_brand?post=1755"},{"taxonomy":"product_cat","embeddable":true,"href":"https:\/\/shop.yipinqian.com\/vi\/wp-json\/wp\/v2\/product_cat?post=1755"},{"taxonomy":"product_tag","embeddable":true,"href":"https:\/\/shop.yipinqian.com\/vi\/wp-json\/wp\/v2\/product_tag?post=1755"}],"curies":[{"name":"wp","href":"https:\/\/api.w.org\/{rel}","templated":true}]}}